{"id":4330,"date":"2024-07-05T10:24:33","date_gmt":"2024-07-05T10:24:33","guid":{"rendered":"https:\/\/wmdcompany.eu\/?post_type=product&#038;p=4330"},"modified":"2026-01-16T13:45:25","modified_gmt":"2026-01-16T13:45:25","slug":"weston-climate-evo-seeria-450-550m3-soojustagastusega-ventilatsiooniseade","status":"publish","type":"product","link":"https:\/\/westonclimate.com\/pt_pt\/tooted\/unidade-de-ventilacao-com-recuperacao-de-calor-weston-climate-evo-series-450-550m3\/","title":{"rendered":"Unidade de ventila\u00e7\u00e3o com recupera\u00e7\u00e3o de calor Weston Climate Evo s\u00e9rie 450-550m3"},"content":{"rendered":"<p><strong>Carater\u00edsticas:<\/strong><\/p>\n<ul>\n<li>Design compacto, adequado para instala\u00e7\u00e3o no teto\/parede<\/li>\n<li>Na semana passada, do permutador de calor<\/li>\n<li>Alta press\u00e3o est\u00e1tica, motor EC (BLDC) comutado eletronicamente economizador de energia.<\/li>\n<li>Efici\u00eancia energ\u00e9tica at\u00e9 96%<\/li>\n<li>Integra\u00e7\u00e3o standard do bypass de ver\u00e3o<\/li>\n<li>Desempenho superlativo<\/li>\n<li>Mugav alumine hoolduspaneel &#8211; lihtne filtrihooldus<\/li>\n<li>Sensores de temperatura interior\/ humidade relativa<\/li>\n<li>Conformidade: EU1253\/2014 ErP EcoDesign<\/li>\n<li>Madal energiatarve &#8211; A+ energiam\u00e4rgis<\/li>\n<\/ul>\n<p><strong>Fun\u00e7\u00f5es de controlo:<\/strong><\/p>\n<ul>\n<li>Sistema de gest\u00e3o integrado<\/li>\n<li>Ecr\u00e3 t\u00e1til a cores HD de 7 polegadas com visualiza\u00e7\u00e3o da qualidade do ar interior em tempo real<\/li>\n<li>Gest\u00e3o da procura local com velocidade vari\u00e1vel<\/li>\n<li>Liga\u00e7\u00e3o Modbus RS485 para casa inteligente<\/li>\n<li>Sensores IAQ (Qualidade do ar interior) CO2\/PM2.5\/vOCs\/TEMP\/RH<\/li>\n<li>Opera\u00e7\u00e3o semanal proposta<\/li>\n<li>Controlo separado opcional do ventilador<\/li>\n<li>Liga\u00e7\u00e3o de v\u00e1rios sensores externos de CO2\/RH\/TEMP<\/li>\n<li>Liga\u00e7\u00e3o de v\u00e1rios interruptores de impulso externos<\/li>\n<li>Automatiza\u00e7\u00e3o da entrada\/fus\u00e3o\/IAQ<\/li>\n<li>Dispon\u00edvel com controlo remoto<\/li>\n<li>Notifica\u00e7\u00e3o de leitura\/substitui\u00e7\u00e3o do filtro invertido<\/li>\n<li>Defini\u00e7\u00f5es completas do painel de controlo<\/li>\n<\/ul>\n<p><strong>Informa\u00e7\u00f5es t\u00e9cnicas:<\/strong><\/p>\n<ul>\n<li>Tipo de motor de ventila\u00e7\u00e3o: EC<\/li>\n<li>Fluxo de ar m\u00e1ximo (m3\/h):\u00a0<strong><em>450@100Pa \/ 500@100Pa \/ 550@100Pa<\/em><\/strong><\/li>\n<li>Pot\u00eancia nominal m\u00e1xima:\u00a0<strong><em>230V-50Hz; 235W; 1,6A \/ 230V-50Hz; 310W; 2A \/ 230V-50Hz; 370W; 2,4A<\/em><\/strong><\/li>\n<li>Gama de entrada de alimenta\u00e7\u00e3o: 200-240 V; 50\/60Hz<\/li>\n<li>Peso (kg): 77<\/li>\n<li>Filtro: G4<\/li>\n<li>Filtro da fonte de alimenta\u00e7\u00e3o: G4, F8 (opcional)<\/li>\n<li>Press\u00e3o est\u00e1tica m\u00e1xima (Pa):\u00a0<strong><em>570 \/ 570 \/ 570<\/em><\/strong><\/li>\n<li>Tipo de permutador de calor: Contrafluxo<\/li>\n<li>Efici\u00eancia energ\u00e9tica (%):\u00a0<strong><em>87-96 \/ 84-96 \/ 80-96<\/em><\/strong><\/li>\n<li>Material de isolamento interno: espuma de polietileno<\/li>\n<li>Material do corpo: chapa de a\u00e7o revestida<\/li>\n<li>Temperatura do ar transmitido (C): -25 a +50<\/li>\n<li>Temperatura ambiente de trabalho (C): +5 a +40<\/li>\n<li>Humidade relativa do ambiente de trabalho (%): inferior a 80<\/li>\n<li>Abertura da conduta de ar ligada (mm): 200<\/li>\n<\/ul>","protected":false},"excerpt":{"rendered":"<p><strong>Weston Climate<\/strong><strong> Unidade de ventila\u00e7\u00e3o com recupera\u00e7\u00e3o de calor da s\u00e9rie CS Evo 450-550m3 <\/strong>t\u00eam um design compacto e foram concebidos para instala\u00e7\u00e3o embutida\/encastrada. Adequado para utiliza\u00e7\u00e3o em casas particulares de pequena e m\u00e9dia dimens\u00e3o, escrit\u00f3rios, salas de estar, gin\u00e1sios, instala\u00e7\u00f5es m\u00e9dicas, lojas, hot\u00e9is, institui\u00e7\u00f5es de ensino, instala\u00e7\u00f5es de restaura\u00e7\u00e3o, etc. <strong>Unidade de ventila\u00e7\u00e3o com recupera\u00e7\u00e3o de calor da s\u00e9rie Evo 450-550m3<\/strong> foram encomendados e adaptados para cumprir os requisitos europeus e escandinavos. S\u00e3o utilizados materiais de alta qualidade na constru\u00e7\u00e3o da unidade para garantir que a S\u00e9rie CS \u00e9 impec\u00e1vel e extremamente silenciosa. A tecnologia moderna garante a fiabilidade e a longa vida \u00fatil da unidade. A instala\u00e7\u00e3o da S\u00e9rie CS \u00e9 muito f\u00e1cil e est\u00e1 ao alcance de qualquer homem ou mulher de fam\u00edlia empreendedor.<\/p>\n<table style=\"border-collapse: collapse; width: 96pt;\" border=\"0\" width=\"128\" cellspacing=\"0\" cellpadding=\"0\">\n<tbody>\n<tr style=\"height: 15.0pt;\">\n<td style=\"height: 15.0pt; width: 48pt;\" width=\"64\" height=\"20\"><a href=\"https:\/\/westonclimate.com\/wp-content\/uploads\/2026\/01\/CE-Certificate-CS-SERIES-1.pdf\" target=\"_blank\" rel=\"noopener\"><img fetchpriority=\"high\" decoding=\"async\" class=\"alignnone size-medium wp-image-10923\" src=\"https:\/\/westonclimate.com\/wp-content\/uploads\/2024\/06\/CS-sert-213x300.png\" alt=\"\" width=\"213\" height=\"300\" srcset=\"https:\/\/westonclimate.com\/wp-content\/uploads\/2024\/06\/CS-sert-213x300.png 213w, https:\/\/westonclimate.com\/wp-content\/uploads\/2024\/06\/CS-sert-727x1024.png 727w, https:\/\/westonclimate.com\/wp-content\/uploads\/2024\/06\/CS-sert-768x1082.png 768w, https:\/\/westonclimate.com\/wp-content\/uploads\/2024\/06\/CS-sert-9x12.png 9w, https:\/\/westonclimate.com\/wp-content\/uploads\/2024\/06\/CS-sert-600x846.png 600w, https:\/\/westonclimate.com\/wp-content\/uploads\/2024\/06\/CS-sert.png 894w\" sizes=\"(max-width: 213px) 100vw, 213px\" \/><\/a><\/td>\n<td style=\"width: 48pt;\" width=\"64\"><a href=\"https:\/\/westonclimate.com\/wp-content\/uploads\/2024\/07\/CE-Certificate-CS-SERIES-2.pdf\" target=\"_blank\" rel=\"noopener\"><img decoding=\"async\" class=\"alignnone size-medium wp-image-10956\" src=\"https:\/\/westonclimate.com\/wp-content\/uploads\/2024\/07\/CS-sert_2-207x300.png\" alt=\"\" width=\"207\" height=\"300\" srcset=\"https:\/\/westonclimate.com\/wp-content\/uploads\/2024\/07\/CS-sert_2-207x300.png 207w, https:\/\/westonclimate.com\/wp-content\/uploads\/2024\/07\/CS-sert_2-707x1024.png 707w, https:\/\/westonclimate.com\/wp-content\/uploads\/2024\/07\/CS-sert_2-768x1112.png 768w, https:\/\/westonclimate.com\/wp-content\/uploads\/2024\/07\/CS-sert_2-8x12.png 8w, https:\/\/westonclimate.com\/wp-content\/uploads\/2024\/07\/CS-sert_2-600x869.png 600w, https:\/\/westonclimate.com\/wp-content\/uploads\/2024\/07\/CS-sert_2.png 862w\" sizes=\"(max-width: 207px) 100vw, 207px\" \/><\/a><\/td>\n<\/tr>\n<\/tbody>\n<\/table>\n<p><strong>Prazo de entrega at\u00e9 45 dias \u00fateis.<\/strong><\/p>","protected":false},"featured_media":5163,"template":"","meta":[],"product_brand":[],"product_cat":[121,35],"product_tag":[],"class_list":{"0":"post-4330","1":"product","2":"type-product","3":"status-publish","4":"has-post-thumbnail","6":"product_cat-laeventilatsioon","7":"product_cat-ventilatsiooniseadmed","9":"first","10":"instock","11":"taxable","12":"shipping-taxable","13":"purchasable","14":"product-type-variable"},"_links":{"self":[{"href":"https:\/\/westonclimate.com\/pt_pt\/wp-json\/wp\/v2\/product\/4330","targetHints":{"allow":["GET"]}}],"collection":[{"href":"https:\/\/westonclimate.com\/pt_pt\/wp-json\/wp\/v2\/product"}],"about":[{"href":"https:\/\/westonclimate.com\/pt_pt\/wp-json\/wp\/v2\/types\/product"}],"version-history":[{"count":9,"href":"https:\/\/westonclimate.com\/pt_pt\/wp-json\/wp\/v2\/product\/4330\/revisions"}],"predecessor-version":[{"id":10958,"href":"https:\/\/westonclimate.com\/pt_pt\/wp-json\/wp\/v2\/product\/4330\/revisions\/10958"}],"wp:featuredmedia":[{"embeddable":true,"href":"https:\/\/westonclimate.com\/pt_pt\/wp-json\/wp\/v2\/media\/5163"}],"wp:attachment":[{"href":"https:\/\/westonclimate.com\/pt_pt\/wp-json\/wp\/v2\/media?parent=4330"}],"wp:term":[{"taxonomy":"product_brand","embeddable":true,"href":"https:\/\/westonclimate.com\/pt_pt\/wp-json\/wp\/v2\/product_brand?post=4330"},{"taxonomy":"product_cat","embeddable":true,"href":"https:\/\/westonclimate.com\/pt_pt\/wp-json\/wp\/v2\/product_cat?post=4330"},{"taxonomy":"product_tag","embeddable":true,"href":"https:\/\/westonclimate.com\/pt_pt\/wp-json\/wp\/v2\/product_tag?post=4330"}],"curies":[{"name":"wp","href":"https:\/\/api.w.org\/{rel}","templated":true}]}}