{"id":4359,"date":"2024-07-05T11:03:06","date_gmt":"2024-07-05T11:03:06","guid":{"rendered":"https:\/\/wmdcompany.eu\/?post_type=product&#038;p=4359"},"modified":"2025-12-14T14:51:59","modified_gmt":"2025-12-14T14:51:59","slug":"weston-climate-juhtpaneel-vk2-35-wifi-rakendus","status":"publish","type":"product","link":"https:\/\/westonclimate.com\/pt_pt\/tooted\/painel-de-controlo-da-climatizacao-weston-vk2-35-aplicacao-wifi\/","title":{"rendered":"Painel de controlo da climatiza\u00e7\u00e3o Weston VK2-3,5\" (Wifi + aplica\u00e7\u00e3o)"},"content":{"rendered":"<ul>\n<li>Ecr\u00e3 de 3,5 polegadas<\/li>\n<li>Gest\u00e3o por Wi-Fi + baseada em aplica\u00e7\u00f5es<\/li>\n<li>Controlo independente do ventilador<\/li>\n<li>Gest\u00e3o de filtros com temporizador e notifica\u00e7\u00e3o<\/li>\n<li>Trabalho semanal de acordo com o calend\u00e1rio<\/li>\n<li>Fun\u00e7\u00e3o de ganho de ventila\u00e7\u00e3o<\/li>\n<\/ul>","protected":false},"excerpt":{"rendered":"<p>Clima de Weston 3,5 tolline <strong>painel de controlo VK2<\/strong> (Wifi + aplica\u00e7\u00e3o). Um sistema de controlo muito simples, compacto e leve, f\u00e1cil de dominar por qualquer pessoa.<span lang=\"ET\">.\u00a0<\/span><\/p>\n<p><strong>Prazo de entrega at\u00e9 45 dias \u00fateis.<\/strong><\/p>","protected":false},"featured_media":4364,"template":"","meta":[],"product_brand":[],"product_cat":[35],"product_tag":[],"class_list":{"0":"post-4359","1":"product","2":"type-product","3":"status-publish","4":"has-post-thumbnail","6":"product_cat-ventilatsiooniseadmed","8":"first","9":"instock","10":"taxable","11":"shipping-taxable","12":"purchasable","13":"product-type-simple"},"_links":{"self":[{"href":"https:\/\/westonclimate.com\/pt_pt\/wp-json\/wp\/v2\/product\/4359","targetHints":{"allow":["GET"]}}],"collection":[{"href":"https:\/\/westonclimate.com\/pt_pt\/wp-json\/wp\/v2\/product"}],"about":[{"href":"https:\/\/westonclimate.com\/pt_pt\/wp-json\/wp\/v2\/types\/product"}],"version-history":[{"count":6,"href":"https:\/\/westonclimate.com\/pt_pt\/wp-json\/wp\/v2\/product\/4359\/revisions"}],"predecessor-version":[{"id":9325,"href":"https:\/\/westonclimate.com\/pt_pt\/wp-json\/wp\/v2\/product\/4359\/revisions\/9325"}],"wp:featuredmedia":[{"embeddable":true,"href":"https:\/\/westonclimate.com\/pt_pt\/wp-json\/wp\/v2\/media\/4364"}],"wp:attachment":[{"href":"https:\/\/westonclimate.com\/pt_pt\/wp-json\/wp\/v2\/media?parent=4359"}],"wp:term":[{"taxonomy":"product_brand","embeddable":true,"href":"https:\/\/westonclimate.com\/pt_pt\/wp-json\/wp\/v2\/product_brand?post=4359"},{"taxonomy":"product_cat","embeddable":true,"href":"https:\/\/westonclimate.com\/pt_pt\/wp-json\/wp\/v2\/product_cat?post=4359"},{"taxonomy":"product_tag","embeddable":true,"href":"https:\/\/westonclimate.com\/pt_pt\/wp-json\/wp\/v2\/product_tag?post=4359"}],"curies":[{"name":"wp","href":"https:\/\/api.w.org\/{rel}","templated":true}]}}