{"id":4368,"date":"2024-07-05T11:09:12","date_gmt":"2024-07-05T11:09:12","guid":{"rendered":"https:\/\/wmdcompany.eu\/?post_type=product&#038;p=4368"},"modified":"2025-12-13T18:17:49","modified_gmt":"2025-12-13T18:17:49","slug":"weston-climate-juhtpaneel-vk8-7-wifi-rakendus","status":"publish","type":"product","link":"https:\/\/westonclimate.com\/pt_pt\/tooted\/painel-de-controlo-da-climatizacao-weston-vk8-7-aplicacao-wifi\/","title":{"rendered":"Painel de controlo da climatiza\u00e7\u00e3o Weston VK8-7\u2033 (Wifi + aplica\u00e7\u00e3o)"},"content":{"rendered":"<ul>\n<li>Ecr\u00e3 t\u00e1til a cores HD de 7 polegadas<\/li>\n<li>Visualiza\u00e7\u00e3o da qualidade do ar interior em tempo real<\/li>\n<li>Sistema de gest\u00e3o integrado<\/li>\n<li>Controlo de velocidade vari\u00e1vel conforme necess\u00e1rio<\/li>\n<li>Liga\u00e7\u00e3o Modbus RS485 Smart Home<\/li>\n<li>Sensores de ar interior: Co2, PM2.5, VOC, Temp, RH<\/li>\n<li>Trabalho semanal programado<\/li>\n<li>Controlo separado opcional do ventilador<\/li>\n<li>Possibilidade de ligar sensores externos: Co2, RH, Temp<\/li>\n<li>Fluxo de medi\u00e7\u00e3o, fus\u00e3o, automatiza\u00e7\u00e3o da QAI<\/li>\n<li>Controlo via Wifi + aplica\u00e7\u00e3o<\/li>\n<li>Aviso de substitui\u00e7\u00e3o do filtro<\/li>\n<li>Controlo total atrav\u00e9s do painel de controlo<\/li>\n<\/ul>","protected":false},"excerpt":{"rendered":"<p><strong>Weston Climate<\/strong> Painel de controlo VK8 de 7 polegadas (Wifi + aplica\u00e7\u00e3o). O sistema de controlo mais avan\u00e7ado e completo para tornar a climatiza\u00e7\u00e3o da sua casa exatamente como deseja. O ecr\u00e3 HD de 7 polegadas torna-o particularmente f\u00e1cil de utilizar e acess\u00edvel a todos. <strong>O painel de controlo est\u00e1 inclu\u00eddo em todas as unidades Weston Climate.<\/strong><\/p>\n<p><strong>Prazo de entrega at\u00e9 45 dias \u00fateis.<\/strong><\/p>","protected":false},"featured_media":5164,"template":"","meta":[],"product_brand":[],"product_cat":[35],"product_tag":[],"class_list":{"0":"post-4368","1":"product","2":"type-product","3":"status-publish","4":"has-post-thumbnail","6":"product_cat-ventilatsiooniseadmed","8":"first","9":"instock","10":"taxable","11":"shipping-taxable","12":"purchasable","13":"product-type-simple"},"_links":{"self":[{"href":"https:\/\/westonclimate.com\/pt_pt\/wp-json\/wp\/v2\/product\/4368","targetHints":{"allow":["GET"]}}],"collection":[{"href":"https:\/\/westonclimate.com\/pt_pt\/wp-json\/wp\/v2\/product"}],"about":[{"href":"https:\/\/westonclimate.com\/pt_pt\/wp-json\/wp\/v2\/types\/product"}],"version-history":[{"count":9,"href":"https:\/\/westonclimate.com\/pt_pt\/wp-json\/wp\/v2\/product\/4368\/revisions"}],"predecessor-version":[{"id":9326,"href":"https:\/\/westonclimate.com\/pt_pt\/wp-json\/wp\/v2\/product\/4368\/revisions\/9326"}],"wp:featuredmedia":[{"embeddable":true,"href":"https:\/\/westonclimate.com\/pt_pt\/wp-json\/wp\/v2\/media\/5164"}],"wp:attachment":[{"href":"https:\/\/westonclimate.com\/pt_pt\/wp-json\/wp\/v2\/media?parent=4368"}],"wp:term":[{"taxonomy":"product_brand","embeddable":true,"href":"https:\/\/westonclimate.com\/pt_pt\/wp-json\/wp\/v2\/product_brand?post=4368"},{"taxonomy":"product_cat","embeddable":true,"href":"https:\/\/westonclimate.com\/pt_pt\/wp-json\/wp\/v2\/product_cat?post=4368"},{"taxonomy":"product_tag","embeddable":true,"href":"https:\/\/westonclimate.com\/pt_pt\/wp-json\/wp\/v2\/product_tag?post=4368"}],"curies":[{"name":"wp","href":"https:\/\/api.w.org\/{rel}","templated":true}]}}