{"id":4761,"date":"2024-08-02T21:05:27","date_gmt":"2024-08-02T21:05:27","guid":{"rendered":"https:\/\/wmdcompany.eu\/?post_type=product&#038;p=4761"},"modified":"2025-11-16T00:01:16","modified_gmt":"2025-11-16T00:01:16","slug":"bomba-de-calor-de-agua-akl-monobloco-com-inversor-ohk-180kw","status":"publish","type":"product","link":"https:\/\/westonclimate.com\/pt_pt\/tooted\/akl-monoblock-inverter-ohk-vesi-soojuspump-180kw\/","title":{"rendered":"Bomba de calor ar-\u00e1gua Weston Climate monobloco com inversor 180kW"},"content":{"rendered":"<ul>\n<li>Tens\u00e3o de alimenta\u00e7\u00e3o:\u00a0<strong>380-415\/50 V\/Hz<\/strong><\/li>\n<li>Classe energ\u00e9tica:\u00a0<strong>A++<\/strong><\/li>\n<li>Capacidade nominal de aquecimento:\u00a0<strong>180kW<\/strong><\/li>\n<li>Gama de capacidades de aquecimento:<strong>\u00a0125kW-180kW<\/strong><\/li>\n<li>Capacidade de entrada de aquecimento:\u00a0<strong>50,81kW-57,91kW<\/strong><\/li>\n<li>Gama COP:\u00a0<strong>3,48-2,46<\/strong><\/li>\n<li>Capacidade de arrefecimento:\u00a0<strong>145kW<\/strong><\/li>\n<li>Pot\u00eancia de entrada de arrefecimento:\u00a0<strong>51,79kW<\/strong><\/li>\n<li>EER:<strong>\u00a02,80<\/strong><\/li>\n<li>Caudal de \u00e1gua:\u00a0<strong>25,1m3\/h<\/strong><\/li>\n<li>Tipo de l\u00edquido de refrigera\u00e7\u00e3o:\u00a0<strong>R410a<\/strong><\/li>\n<li>Tipo de compressor:<strong>\u00a0DC\/4 conjuntos<\/strong><\/li>\n<li>Tipo de motor do ventilador:\u00a0<strong>Conjuntos AC\/2<\/strong><\/li>\n<li>Temperatura do ar exterior:\u00a0<strong>-35 a 40\u00b0C<\/strong><\/li>\n<li>Gama de temperaturas do modo de aquecimento:\u00a0<strong>30 a 60\u00b0C<\/strong><\/li>\n<li>Liga\u00e7\u00e3o de \u00e1gua:\u00a0<strong>DN65<\/strong><\/li>\n<li>N\u00edvel de ru\u00eddo:\u00a0<strong>at\u00e9\u00a0<\/strong><strong>71 dB(A)<\/strong><\/li>\n<li>Peso:\u00a0<strong>1152kg<\/strong><\/li>\n<li>Dimens\u00f5es (comprimento, largura, altura):<strong>\u00a01410x2250x2328mm<\/strong><\/li>\n<\/ul>","protected":false},"excerpt":{"rendered":"<p><strong>Bomba de calor ar-\u00e1gua Weston Climate MONOBLOCK inverter 180kW. <\/strong>Fun\u00e7\u00f5es: modo de aquecimento, modo de \u00e1gua quente, modo de arrefecimento, modos de aquecimento e de \u00e1gua quente, modos de arrefecimento e de \u00e1gua quente.<\/p>\n<p>Superf\u00edcie recomendada (para um bom isolamento): at\u00e9 3500 m2<\/p>\n<p><strong>Prazo de entrega at\u00e9 45 dias \u00fateis.<\/strong><\/p>","protected":false},"featured_media":10400,"template":"","meta":[],"product_brand":[],"product_cat":[63,89],"product_tag":[],"class_list":{"0":"post-4761","1":"product","2":"type-product","3":"status-publish","4":"has-post-thumbnail","6":"product_cat-soojuspumbad","7":"product_cat-toostuslik-monobloc","9":"first","10":"instock","11":"taxable","12":"shipping-taxable","13":"purchasable","14":"product-type-simple"},"_links":{"self":[{"href":"https:\/\/westonclimate.com\/pt_pt\/wp-json\/wp\/v2\/product\/4761","targetHints":{"allow":["GET"]}}],"collection":[{"href":"https:\/\/westonclimate.com\/pt_pt\/wp-json\/wp\/v2\/product"}],"about":[{"href":"https:\/\/westonclimate.com\/pt_pt\/wp-json\/wp\/v2\/types\/product"}],"version-history":[{"count":6,"href":"https:\/\/westonclimate.com\/pt_pt\/wp-json\/wp\/v2\/product\/4761\/revisions"}],"predecessor-version":[{"id":10401,"href":"https:\/\/westonclimate.com\/pt_pt\/wp-json\/wp\/v2\/product\/4761\/revisions\/10401"}],"wp:featuredmedia":[{"embeddable":true,"href":"https:\/\/westonclimate.com\/pt_pt\/wp-json\/wp\/v2\/media\/10400"}],"wp:attachment":[{"href":"https:\/\/westonclimate.com\/pt_pt\/wp-json\/wp\/v2\/media?parent=4761"}],"wp:term":[{"taxonomy":"product_brand","embeddable":true,"href":"https:\/\/westonclimate.com\/pt_pt\/wp-json\/wp\/v2\/product_brand?post=4761"},{"taxonomy":"product_cat","embeddable":true,"href":"https:\/\/westonclimate.com\/pt_pt\/wp-json\/wp\/v2\/product_cat?post=4761"},{"taxonomy":"product_tag","embeddable":true,"href":"https:\/\/westonclimate.com\/pt_pt\/wp-json\/wp\/v2\/product_tag?post=4761"}],"curies":[{"name":"wp","href":"https:\/\/api.w.org\/{rel}","templated":true}]}}