{"id":4989,"date":"2024-10-30T07:55:22","date_gmt":"2024-10-30T07:55:22","guid":{"rendered":"https:\/\/wmdcompany.eu\/?post_type=product&#038;p=4989"},"modified":"2025-12-01T08:47:30","modified_gmt":"2025-12-01T08:47:30","slug":"weston-climate-r32-monobloco-evi-inversor-ohk-bomba-de-calor-de-agua-380v-15kw","status":"publish","type":"product","link":"https:\/\/westonclimate.com\/pt_pt\/tooted\/weston-climate-r32-monoblock-evi-inverter-ohk-vesi-soojuspump-380v-15kw\/","title":{"rendered":"WESTON CLIMATE R32 MONOBLOCK EVI Bomba de calor ar-\u00e1gua com inversor 380V 15kW"},"content":{"rendered":"<ul>\n<li>Tens\u00e3o de alimenta\u00e7\u00e3o: <strong>380 - 400 V<\/strong><\/li>\n<li>Classe energ\u00e9tica: <strong>A+++<\/strong><\/li>\n<li>Capacidade nominal de aquecimento: <strong>15 kW<\/strong><\/li>\n<li>Gama de capacidades de aquecimento:<strong> 3,5 &#8211; 15 kW<\/strong><\/li>\n<li>Capacidade de entrada de aquecimento: <strong>3,53 - 4,87 k<strong>W<\/strong><\/strong><\/li>\n<li>COP: <strong>at\u00e9 4,31 W\/W<\/strong><\/li>\n<li>Capacidade de arrefecimento: <strong>13,3 kW<\/strong><\/li>\n<li>Pot\u00eancia de entrada de arrefecimento: <strong>3,73<\/strong> <strong>kW<\/strong><\/li>\n<li>EER:<strong> at\u00e9 3,57 W\/W<\/strong><\/li>\n<li style=\"font-weight: 400;\">Caudal de \u00e1gua: <strong>2,6 m3\/h<\/strong><\/li>\n<li>Tipo de l\u00edquido de refrigera\u00e7\u00e3o: <strong>R32<\/strong><\/li>\n<li style=\"font-weight: 400;\">Temperatura do ar exterior: <strong>-35 a 43\u00b0C<\/strong><\/li>\n<li>Peso da bomba: <strong>103 kg<\/strong><\/li>\n<li>Dimens\u00f5es da bomba (comprimento, largura, altura):<strong> 1127 \/ 475 \/ 960 mm<\/strong><\/li>\n<li>Peso da embalagem: <strong>120 kg<\/strong><\/li>\n<li>Dimens\u00f5es da bomba (comprimento, largura, altura):<strong> 1195 \/ 535 \/ 1110 mm<\/strong><\/li>\n<\/ul>","protected":false},"excerpt":{"rendered":"<p><strong>Bomba de calor ar-\u00e1gua Weston Climate R32 EVI Full DC Inverter 380V 15kW.<\/strong> Carater\u00edsticas: modo de aquecimento, modo de arrefecimento, modo de \u00e1gua quente, controlo WiFi, controlo por telefone, prepara\u00e7\u00e3o para SG, suporte para painel solar (sistema PV), compressor Panasonic.<\/p>\n<p><strong>Bomba de calor ar-\u00e1gua com inversor 380V 15kW <\/strong>utiliza o fluido frigorig\u00e9neo R32, amigo do ambiente, e a partir de -8\u00b0C, a tecnologia EVI entra em a\u00e7\u00e3o, reduzindo significativamente o consumo de energia a temperaturas negativas, tanto para a produ\u00e7\u00e3o de \u00e1gua quente como para o aquecimento. A unidade tamb\u00e9m funciona de forma econ\u00f3mica a uma temperatura ambiente de -35\u00b0C e utiliza tecnologia de inversor DC para garantir um funcionamento suave e consistente.<\/p>\n<p>Superf\u00edcie recomendada (para um bom isolamento): at\u00e9 280 m2<\/p>","protected":false},"featured_media":10423,"template":"","meta":[],"product_brand":[],"product_cat":[118,116,63,114,65],"product_tag":[],"class_list":{"0":"post-4989","1":"product","2":"type-product","3":"status-publish","4":"has-post-thumbnail","6":"product_cat-monobloc-weston-r32-380","7":"product_cat-monobloc-weston-r32","8":"product_cat-soojuspumbad","9":"product_cat-monobloc-weston-climate","10":"product_cat-soojuspump-monobloc","12":"first","13":"onbackorder","14":"taxable","15":"shipping-taxable","16":"purchasable","17":"product-type-simple"},"_links":{"self":[{"href":"https:\/\/westonclimate.com\/pt_pt\/wp-json\/wp\/v2\/product\/4989","targetHints":{"allow":["GET"]}}],"collection":[{"href":"https:\/\/westonclimate.com\/pt_pt\/wp-json\/wp\/v2\/product"}],"about":[{"href":"https:\/\/westonclimate.com\/pt_pt\/wp-json\/wp\/v2\/types\/product"}],"version-history":[{"count":7,"href":"https:\/\/westonclimate.com\/pt_pt\/wp-json\/wp\/v2\/product\/4989\/revisions"}],"predecessor-version":[{"id":10424,"href":"https:\/\/westonclimate.com\/pt_pt\/wp-json\/wp\/v2\/product\/4989\/revisions\/10424"}],"wp:featuredmedia":[{"embeddable":true,"href":"https:\/\/westonclimate.com\/pt_pt\/wp-json\/wp\/v2\/media\/10423"}],"wp:attachment":[{"href":"https:\/\/westonclimate.com\/pt_pt\/wp-json\/wp\/v2\/media?parent=4989"}],"wp:term":[{"taxonomy":"product_brand","embeddable":true,"href":"https:\/\/westonclimate.com\/pt_pt\/wp-json\/wp\/v2\/product_brand?post=4989"},{"taxonomy":"product_cat","embeddable":true,"href":"https:\/\/westonclimate.com\/pt_pt\/wp-json\/wp\/v2\/product_cat?post=4989"},{"taxonomy":"product_tag","embeddable":true,"href":"https:\/\/westonclimate.com\/pt_pt\/wp-json\/wp\/v2\/product_tag?post=4989"}],"curies":[{"name":"wp","href":"https:\/\/api.w.org\/{rel}","templated":true}]}}