{"id":4993,"date":"2024-10-30T07:55:31","date_gmt":"2024-10-30T07:55:31","guid":{"rendered":"https:\/\/wmdcompany.eu\/?post_type=product&#038;p=4993"},"modified":"2025-11-16T00:01:15","modified_gmt":"2025-11-16T00:01:15","slug":"weston-climate-r32-monobloco-evi-inversor-ohc-bomba-de-calor-de-agua-380v-32kw","status":"publish","type":"product","link":"https:\/\/westonclimate.com\/pt_pt\/tooted\/weston-climate-r32-monoblock-evi-inverter-ohk-vesi-soojuspump-380v-32kw\/","title":{"rendered":"WESTON CLIMATE R32 MONOBLOCK EVI Bomba de calor ar-\u00e1gua com inversor 380V 32kW"},"content":{"rendered":"<ul>\n<li>Tens\u00e3o de alimenta\u00e7\u00e3o:\u00a0<strong>380V &#8211; 400V<\/strong><\/li>\n<li>Classe energ\u00e9tica:\u00a0<strong>A+++<\/strong><\/li>\n<li>Capacidade nominal de aquecimento:\u00a0<strong>32 kW<\/strong><\/li>\n<li>Gama de capacidades de aquecimento:<strong>\u00a016,6 &#8211; 32 kW<\/strong><\/li>\n<li>Capacidade de entrada de aquecimento:\u00a0<strong>7,69 &#8211; 10,10 kW<\/strong><\/li>\n<li>COP:\u00a0<strong>at\u00e9 4,16 W\/W<\/strong><\/li>\n<li>Capacidade de arrefecimento:\u00a0<strong>24,1 kW<\/strong><\/li>\n<li>Pot\u00eancia de entrada de arrefecimento:\u00a0<strong>7,13<\/strong>\u00a0<strong>kW<\/strong><\/li>\n<li>EER:<strong>\u00a0at\u00e9 3,38 W\/W<\/strong><\/li>\n<li>Caudal de \u00e1gua:\u00a0<strong>5,5 m3\/h<\/strong><\/li>\n<li>Tipo de l\u00edquido de refrigera\u00e7\u00e3o:\u00a0<strong>R32<\/strong><\/li>\n<li>Temperatura do ar exterior:\u00a0<strong>-35 a 43\u00b0C<\/strong><\/li>\n<li>Peso da bomba:\u00a0<strong>160 kg<\/strong><\/li>\n<li>Dimens\u00f5es da bomba (comprimento, largura, altura):<strong>\u00a01127 \/ 475 \/ 1360 mm<\/strong><\/li>\n<li>Peso da embalagem:\u00a0<strong>190 kg<\/strong><\/li>\n<li>Dimens\u00f5es da bomba (comprimento, largura, altura):<strong>\u00a01195 \/ 535 \/ 1710 mm<\/strong><\/li>\n<\/ul>","protected":false},"excerpt":{"rendered":"<p><strong>Weston Climate R32 EVI Full DC Inverter bomba de calor ar-\u00e1gua 380V 32kW.<\/strong> Carater\u00edsticas: modo de aquecimento, modo de arrefecimento, modo de \u00e1gua quente, controlo WiFi, controlo por telefone, prepara\u00e7\u00e3o para SG, suporte para painel solar (sistema PV), compressor Panasonic.<\/p>\n<p><strong>Bomba de calor ar-\u00e1gua com inversor 380V 32kW<\/strong> utiliza o fluido frigorig\u00e9neo R32, amigo do ambiente, e a partir de -8\u00b0C, a tecnologia EVI entra em a\u00e7\u00e3o, reduzindo significativamente o consumo de energia a temperaturas negativas, tanto para a produ\u00e7\u00e3o de \u00e1gua quente como para o aquecimento. A unidade tamb\u00e9m funciona de forma econ\u00f3mica a uma temperatura ambiente de -35\u00b0C e utiliza tecnologia de inversor DC para garantir um funcionamento suave e consistente.<\/p>\n<p>Superf\u00edcie recomendada (para um bom isolamento): at\u00e9 600 m2<\/p>\n<p>Prazo de entrega at\u00e9 45 dias \u00fateis<\/p>","protected":false},"featured_media":10430,"template":"","meta":[],"product_brand":[],"product_cat":[118,116,63,114,65],"product_tag":[],"class_list":{"0":"post-4993","1":"product","2":"type-product","3":"status-publish","4":"has-post-thumbnail","6":"product_cat-monobloc-weston-r32-380","7":"product_cat-monobloc-weston-r32","8":"product_cat-soojuspumbad","9":"product_cat-monobloc-weston-climate","10":"product_cat-soojuspump-monobloc","12":"first","13":"onbackorder","14":"taxable","15":"shipping-taxable","16":"purchasable","17":"product-type-simple"},"_links":{"self":[{"href":"https:\/\/westonclimate.com\/pt_pt\/wp-json\/wp\/v2\/product\/4993","targetHints":{"allow":["GET"]}}],"collection":[{"href":"https:\/\/westonclimate.com\/pt_pt\/wp-json\/wp\/v2\/product"}],"about":[{"href":"https:\/\/westonclimate.com\/pt_pt\/wp-json\/wp\/v2\/types\/product"}],"version-history":[{"count":8,"href":"https:\/\/westonclimate.com\/pt_pt\/wp-json\/wp\/v2\/product\/4993\/revisions"}],"predecessor-version":[{"id":10431,"href":"https:\/\/westonclimate.com\/pt_pt\/wp-json\/wp\/v2\/product\/4993\/revisions\/10431"}],"wp:featuredmedia":[{"embeddable":true,"href":"https:\/\/westonclimate.com\/pt_pt\/wp-json\/wp\/v2\/media\/10430"}],"wp:attachment":[{"href":"https:\/\/westonclimate.com\/pt_pt\/wp-json\/wp\/v2\/media?parent=4993"}],"wp:term":[{"taxonomy":"product_brand","embeddable":true,"href":"https:\/\/westonclimate.com\/pt_pt\/wp-json\/wp\/v2\/product_brand?post=4993"},{"taxonomy":"product_cat","embeddable":true,"href":"https:\/\/westonclimate.com\/pt_pt\/wp-json\/wp\/v2\/product_cat?post=4993"},{"taxonomy":"product_tag","embeddable":true,"href":"https:\/\/westonclimate.com\/pt_pt\/wp-json\/wp\/v2\/product_tag?post=4993"}],"curies":[{"name":"wp","href":"https:\/\/api.w.org\/{rel}","templated":true}]}}