{"id":4994,"date":"2024-10-30T07:55:22","date_gmt":"2024-10-30T07:55:22","guid":{"rendered":"https:\/\/wmdcompany.eu\/?post_type=product&#038;p=4994"},"modified":"2026-02-17T20:25:25","modified_gmt":"2026-02-17T20:25:25","slug":"weston-climate-r290-monobloco-evi-inversor-ohc-bomba-de-calor-de-agua-230v-7kw","status":"publish","type":"product","link":"https:\/\/westonclimate.com\/pt_pt\/tooted\/weston-climate-r290-monoblock-evi-inverter-ohk-vesi-soojuspump-230v-7kw\/","title":{"rendered":"WESTON CLIMATE R290 MONOBLOCK EVI Bomba de calor ar-\u00e1gua com inversor 230V 7kW"},"content":{"rendered":"<ul>\n<li>Tens\u00e3o de alimenta\u00e7\u00e3o:<strong>\u00a0220 &#8211; 240V<\/strong><\/li>\n<li>Classe energ\u00e9tica<strong>: A+++<\/strong><\/li>\n<li>Capacidade nominal de aquecimento:<strong> 7 kW<\/strong><\/li>\n<li>Gama de capacidades de aquecimento:<strong> 1,9 &#8211; 7 kW<\/strong><\/li>\n<li>Capacidade de entrada de aquecimento:<strong>\u00a01,48 &#8211; 1,68 kW<\/strong><\/li>\n<li>COP:\u00a0<strong>at\u00e9 4,8 W\/W<\/strong><\/li>\n<li>Capacidade de arrefecimento:<strong>\u00a04,52 kW<\/strong><\/li>\n<li>Pot\u00eancia de entrada de arrefecimento:<strong>\u00a01,71 kW<\/strong><\/li>\n<li>EER:\u00a0<strong>at\u00e9 2,64 W\/W<\/strong><\/li>\n<li>Tipo de l\u00edquido de refrigera\u00e7\u00e3o:<strong>\u00a0R290<\/strong><\/li>\n<li>Temperatura do ar exterior:<strong>\u00a0-35 a 43\u00b0C<\/strong><\/li>\n<li>Temperatura da \u00e1gua a montante at\u00e9:<strong>\u00a075\u00b0C<\/strong><\/li>\n<li>Peso da bomba:\u00a0<strong>85 kg<\/strong><\/li>\n<li>Dimens\u00f5es da bomba (comprimento, largura, altura):<strong>\u00a01110 \/ 470 \/ 660 mm<\/strong><\/li>\n<li>Peso da embalagem:\u00a0<strong>91 kg<\/strong><\/li>\n<li>Dimens\u00f5es da embalagem (comprimento, largura, altura):<strong>\u00a01160 \/ 555 \/ 810 mm<\/strong><\/li>\n<\/ul>","protected":false},"excerpt":{"rendered":"<p><strong>WESTON CLIMATE R290 MONOBLOCK EVI Full DC Inverter bomba de calor ar-\u00e1gua 230V 7kW.<\/strong> Carater\u00edsticas: modo de aquecimento, modo de arrefecimento, modo de \u00e1gua quente, controlo WiFi, controlo por telefone, prepara\u00e7\u00e3o para SG, suporte para painel solar (sistema PV), compressor GMCC, baixo ru\u00eddo.<\/p>\n<p>A utiliza\u00e7\u00e3o do l\u00edquido de arrefecimento R290 permite a produ\u00e7\u00e3o de \u00e1gua a alta temperatura (at\u00e9 75\u00b0C) e a partir de -8\u00b0C \u00e9 activada a tecnologia EVI, que reduz significativamente o consumo de energia a temperaturas negativas, tanto para a produ\u00e7\u00e3o de \u00e1gua quente como para o aquecimento. A unidade tamb\u00e9m funciona de forma econ\u00f3mica a uma temperatura ambiente de -35\u00b0C e utiliza a tecnologia de inversor DC para garantir um funcionamento suave e consistente.<\/p>\n<p>Superf\u00edcie recomendada (para um bom isolamento): at\u00e9 150 m2.<\/p>\n<table style=\"border-collapse: collapse; width: 144pt;\" border=\"0\" width=\"192\" cellspacing=\"0\" cellpadding=\"0\">\n<tbody>\n<tr style=\"height: 14.4pt;\">\n<td style=\"height: 14.4pt; width: 48pt;\" width=\"64\" height=\"19\"><a href=\"https:\/\/westonclimate.com\/wp-content\/uploads\/2026\/02\/CE-EMC.pdf\" target=\"_blank\" rel=\"noopener\"><img fetchpriority=\"high\" decoding=\"async\" class=\"alignnone size-medium wp-image-11120\" src=\"https:\/\/westonclimate.com\/wp-content\/uploads\/2024\/10\/Cert_290_3-210x300.png\" alt=\"\" width=\"210\" height=\"300\" srcset=\"https:\/\/westonclimate.com\/wp-content\/uploads\/2024\/10\/Cert_290_3-210x300.png 210w, https:\/\/westonclimate.com\/wp-content\/uploads\/2024\/10\/Cert_290_3-716x1024.png 716w, https:\/\/westonclimate.com\/wp-content\/uploads\/2024\/10\/Cert_290_3-768x1098.png 768w, https:\/\/westonclimate.com\/wp-content\/uploads\/2024\/10\/Cert_290_3-8x12.png 8w, https:\/\/westonclimate.com\/wp-content\/uploads\/2024\/10\/Cert_290_3-600x858.png 600w, https:\/\/westonclimate.com\/wp-content\/uploads\/2024\/10\/Cert_290_3.png 801w\" sizes=\"(max-width: 210px) 100vw, 210px\" \/><\/a><\/td>\n<td style=\"width: 48pt;\" width=\"64\"><a href=\"https:\/\/westonclimate.com\/wp-content\/uploads\/2026\/02\/The-CE-LVD-of-single-phase-R290-side-blow-heating-coolingdhw-heat-pump-newest-57kw.pdf\" target=\"_blank\" rel=\"noopener\"><img decoding=\"async\" class=\"alignnone size-medium wp-image-11122\" src=\"https:\/\/westonclimate.com\/wp-content\/uploads\/2024\/10\/Cert_290_5-211x300.png\" alt=\"\" width=\"211\" height=\"300\" srcset=\"https:\/\/westonclimate.com\/wp-content\/uploads\/2024\/10\/Cert_290_5-211x300.png 211w, https:\/\/westonclimate.com\/wp-content\/uploads\/2024\/10\/Cert_290_5-720x1024.png 720w, https:\/\/westonclimate.com\/wp-content\/uploads\/2024\/10\/Cert_290_5-768x1093.png 768w, https:\/\/westonclimate.com\/wp-content\/uploads\/2024\/10\/Cert_290_5-8x12.png 8w, https:\/\/westonclimate.com\/wp-content\/uploads\/2024\/10\/Cert_290_5-600x854.png 600w, https:\/\/westonclimate.com\/wp-content\/uploads\/2024\/10\/Cert_290_5.png 820w\" sizes=\"(max-width: 211px) 100vw, 211px\" \/><\/a><\/td>\n<td style=\"width: 48pt;\" width=\"64\"><a href=\"https:\/\/westonclimate.com\/wp-content\/uploads\/2026\/02\/curve_R290_70.pdf\" target=\"_blank\" rel=\"noopener\"><img decoding=\"async\" class=\"alignnone size-medium wp-image-11206\" src=\"https:\/\/westonclimate.com\/wp-content\/uploads\/2026\/02\/curv_R290_70-216x300.png\" alt=\"\" width=\"216\" height=\"300\" srcset=\"https:\/\/westonclimate.com\/wp-content\/uploads\/2026\/02\/curv_R290_70-216x300.png 216w, https:\/\/westonclimate.com\/wp-content\/uploads\/2026\/02\/curv_R290_70-738x1024.png 738w, https:\/\/westonclimate.com\/wp-content\/uploads\/2026\/02\/curv_R290_70-768x1066.png 768w, https:\/\/westonclimate.com\/wp-content\/uploads\/2026\/02\/curv_R290_70-9x12.png 9w, https:\/\/westonclimate.com\/wp-content\/uploads\/2026\/02\/curv_R290_70-600x833.png 600w, https:\/\/westonclimate.com\/wp-content\/uploads\/2026\/02\/curv_R290_70.png 814w\" sizes=\"(max-width: 216px) 100vw, 216px\" \/><\/a><\/td>\n<\/tr>\n<tr style=\"height: 14.4pt;\">\n<td style=\"height: 14.4pt;\" height=\"19\"><\/td>\n<td><\/td>\n<td><\/td>\n<\/tr>\n<\/tbody>\n<\/table>","protected":false},"featured_media":10406,"template":"","meta":[],"product_brand":[],"product_cat":[119,115,63,114,65],"product_tag":[],"class_list":{"0":"post-4994","1":"product","2":"type-product","3":"status-publish","4":"has-post-thumbnail","6":"product_cat-monobloc-weston-r290-230","7":"product_cat-monobloc-weston-r290","8":"product_cat-soojuspumbad","9":"product_cat-monobloc-weston-climate","10":"product_cat-soojuspump-monobloc","12":"first","13":"instock","14":"taxable","15":"shipping-taxable","16":"purchasable","17":"product-type-simple"},"_links":{"self":[{"href":"https:\/\/westonclimate.com\/pt_pt\/wp-json\/wp\/v2\/product\/4994","targetHints":{"allow":["GET"]}}],"collection":[{"href":"https:\/\/westonclimate.com\/pt_pt\/wp-json\/wp\/v2\/product"}],"about":[{"href":"https:\/\/westonclimate.com\/pt_pt\/wp-json\/wp\/v2\/types\/product"}],"version-history":[{"count":7,"href":"https:\/\/westonclimate.com\/pt_pt\/wp-json\/wp\/v2\/product\/4994\/revisions"}],"predecessor-version":[{"id":11222,"href":"https:\/\/westonclimate.com\/pt_pt\/wp-json\/wp\/v2\/product\/4994\/revisions\/11222"}],"wp:featuredmedia":[{"embeddable":true,"href":"https:\/\/westonclimate.com\/pt_pt\/wp-json\/wp\/v2\/media\/10406"}],"wp:attachment":[{"href":"https:\/\/westonclimate.com\/pt_pt\/wp-json\/wp\/v2\/media?parent=4994"}],"wp:term":[{"taxonomy":"product_brand","embeddable":true,"href":"https:\/\/westonclimate.com\/pt_pt\/wp-json\/wp\/v2\/product_brand?post=4994"},{"taxonomy":"product_cat","embeddable":true,"href":"https:\/\/westonclimate.com\/pt_pt\/wp-json\/wp\/v2\/product_cat?post=4994"},{"taxonomy":"product_tag","embeddable":true,"href":"https:\/\/westonclimate.com\/pt_pt\/wp-json\/wp\/v2\/product_tag?post=4994"}],"curies":[{"name":"wp","href":"https:\/\/api.w.org\/{rel}","templated":true}]}}