{"id":5001,"date":"2024-10-30T07:55:22","date_gmt":"2024-10-30T07:55:22","guid":{"rendered":"https:\/\/wmdcompany.eu\/?post_type=product&#038;p=5001"},"modified":"2026-02-28T14:54:05","modified_gmt":"2026-02-28T14:54:05","slug":"weston-climate-r290-monobloco-evi-inversor-ohk-bomba-de-calor-de-agua-380v-12kw","status":"publish","type":"product","link":"https:\/\/westonclimate.com\/pt_pt\/tooted\/weston-climate-r290-monoblock-evi-inverter-ohk-vesi-soojuspump-380v-12kw\/","title":{"rendered":"WESTON CLIMATE R290 MONOBLOCK EVI Bomba de calor ar-\u00e1gua com inversor 380V 12kW"},"content":{"rendered":"<ul>\n<li>Tens\u00e3o de alimenta\u00e7\u00e3o:<strong>\u00a0380 &#8211; 415V<\/strong><\/li>\n<li>Classe energ\u00e9tica:<strong>\u00a0A+++<\/strong><\/li>\n<li>Capacidade nominal de aquecimento:\u00a0<strong>12 kW<\/strong><\/li>\n<li>Gama de capacidades de aquecimento:\u00a0<strong>2,8 &#8211; 12 kW<\/strong><\/li>\n<li>Capacidade de entrada de aquecimento:<strong>\u00a02,6 &#8211; 2,68 kW<\/strong><\/li>\n<li>COP:\u00a0<strong>at\u00e9 4,31 W\/W<\/strong><\/li>\n<li>N\u00edvel de ru\u00eddo:\u00a0<strong>at\u00e9 48<\/strong><strong>\u00a0dB(A)<\/strong><\/li>\n<li>Capacidade de arrefecimento:<strong>\u00a08,89 kW<\/strong><\/li>\n<li>Pot\u00eancia de entrada de arrefecimento:<strong>\u00a03,34 kW<\/strong><\/li>\n<li>EER:\u00a0<strong>at\u00e9 2,66 W\/W<\/strong><\/li>\n<li>Tipo de l\u00edquido de refrigera\u00e7\u00e3o:\u00a0<strong>R290<\/strong><\/li>\n<li>Temperatura do ar exterior:<strong>\u00a0-35 a 43\u00b0C<\/strong><\/li>\n<li>Temperatura da \u00e1gua a montante at\u00e9:<strong>\u00a075\u00b0C<\/strong><\/li>\n<li>Peso da bomba:\u00a0<strong>104 kg<\/strong><\/li>\n<li>Dimens\u00f5es da bomba (comprimento, largura, altura):\u00a0<strong>1205 \/ 475 \/ 815 mm<\/strong><\/li>\n<li>Peso da embalagem:\u00a0<strong>119 kg<\/strong><\/li>\n<li>Dimens\u00f5es da embalagem (comprimento, largura, altura):\u00a0<strong>1270 \/ 560 \/ 960 mm<\/strong><\/li>\n<\/ul>","protected":false},"excerpt":{"rendered":"<p><strong>EPREL: <\/strong><a href=\"https:\/\/eprel.ec.europa.eu\/screen\/product\/spaceheaters\/2418268\" target=\"_blank\" rel=\"noopener\">WDCE120HCR 3F<\/a><\/p>\n<p><strong>Weston Climate R290 MONOBLOCK EVI Full DC Inverter bomba de calor ar-\u00e1gua 380V 12kW.<\/strong> Carater\u00edsticas: modo de aquecimento, modo de arrefecimento, modo de \u00e1gua quente, controlo WiFi, controlo por telefone, prepara\u00e7\u00e3o para SG, suporte para painel solar (sistema PV), compressor GMCC, baixo ru\u00eddo.<\/p>\n<p>A utiliza\u00e7\u00e3o do l\u00edquido de arrefecimento R290 permite a produ\u00e7\u00e3o de \u00e1gua a alta temperatura (at\u00e9 75\u00b0C) e a partir de -8\u00b0C \u00e9 activada a tecnologia EVI, que reduz significativamente o consumo de energia a temperaturas negativas, tanto para a produ\u00e7\u00e3o de \u00e1gua quente como para o aquecimento. A unidade tamb\u00e9m funciona de forma econ\u00f3mica a uma temperatura ambiente de -35\u00b0C e utiliza a tecnologia de inversor DC para garantir um funcionamento suave e consistente.<\/p>\n<p>Superf\u00edcie recomendada (para um bom isolamento): at\u00e9 230 m2.<\/p>\n<table style=\"border-collapse: collapse; width: 144pt;\" border=\"0\" width=\"192\" cellspacing=\"0\" cellpadding=\"0\">\n<tbody>\n<tr style=\"height: 14.4pt;\">\n<td style=\"height: 14.4pt; width: 48pt;\" width=\"64\" height=\"19\"><a href=\"https:\/\/westonclimate.com\/wp-content\/uploads\/2026\/02\/CB-certification-3-phase-R290-heating-coolingdomestic-hot-water-heat-pump.pdf\" target=\"_blank\" rel=\"noopener\"><img fetchpriority=\"high\" decoding=\"async\" class=\"alignnone size-medium wp-image-11119\" src=\"https:\/\/westonclimate.com\/wp-content\/uploads\/2024\/10\/Cert_290_2-207x300.png\" alt=\"\" width=\"207\" height=\"300\" srcset=\"https:\/\/westonclimate.com\/wp-content\/uploads\/2024\/10\/Cert_290_2-207x300.png 207w, https:\/\/westonclimate.com\/wp-content\/uploads\/2024\/10\/Cert_290_2-707x1024.png 707w, https:\/\/westonclimate.com\/wp-content\/uploads\/2024\/10\/Cert_290_2-8x12.png 8w, https:\/\/westonclimate.com\/wp-content\/uploads\/2024\/10\/Cert_290_2-600x870.png 600w, https:\/\/westonclimate.com\/wp-content\/uploads\/2024\/10\/Cert_290_2.png 768w\" sizes=\"(max-width: 207px) 100vw, 207px\" \/><\/a><\/td>\n<td style=\"width: 48pt;\" width=\"64\"><a href=\"https:\/\/westonclimate.com\/wp-content\/uploads\/2026\/02\/ROHS-test-report-R290-heatingcooling-heat-pump.pdf\" target=\"_blank\" rel=\"noopener\"><img decoding=\"async\" class=\"alignnone size-medium wp-image-11121\" src=\"https:\/\/westonclimate.com\/wp-content\/uploads\/2024\/10\/Cert_290_4-221x300.png\" alt=\"\" width=\"221\" height=\"300\" srcset=\"https:\/\/westonclimate.com\/wp-content\/uploads\/2024\/10\/Cert_290_4-221x300.png 221w, https:\/\/westonclimate.com\/wp-content\/uploads\/2024\/10\/Cert_290_4-754x1024.png 754w, https:\/\/westonclimate.com\/wp-content\/uploads\/2024\/10\/Cert_290_4-768x1043.png 768w, https:\/\/westonclimate.com\/wp-content\/uploads\/2024\/10\/Cert_290_4-9x12.png 9w, https:\/\/westonclimate.com\/wp-content\/uploads\/2024\/10\/Cert_290_4-600x815.png 600w, https:\/\/westonclimate.com\/wp-content\/uploads\/2024\/10\/Cert_290_4.png 896w\" sizes=\"(max-width: 221px) 100vw, 221px\" \/><\/a><\/td>\n<td style=\"width: 48pt;\" width=\"64\"><a href=\"https:\/\/westonclimate.com\/wp-content\/uploads\/2026\/02\/The-CE-LVD-of-three-phase-R290-side-blow-heating-coolingdhw-heat-pump.pdf\" target=\"_blank\" rel=\"noopener\"><img decoding=\"async\" class=\"alignnone size-medium wp-image-11124\" src=\"https:\/\/westonclimate.com\/wp-content\/uploads\/2024\/10\/Cert_290_7-207x300.png\" alt=\"\" width=\"207\" height=\"300\" srcset=\"https:\/\/westonclimate.com\/wp-content\/uploads\/2024\/10\/Cert_290_7-207x300.png 207w, https:\/\/westonclimate.com\/wp-content\/uploads\/2024\/10\/Cert_290_7-708x1024.png 708w, https:\/\/westonclimate.com\/wp-content\/uploads\/2024\/10\/Cert_290_7-768x1111.png 768w, https:\/\/westonclimate.com\/wp-content\/uploads\/2024\/10\/Cert_290_7-8x12.png 8w, https:\/\/westonclimate.com\/wp-content\/uploads\/2024\/10\/Cert_290_7-600x868.png 600w, https:\/\/westonclimate.com\/wp-content\/uploads\/2024\/10\/Cert_290_7.png 811w\" sizes=\"(max-width: 207px) 100vw, 207px\" \/><\/a><\/td>\n<\/tr>\n<tr style=\"height: 14.4pt;\">\n<td style=\"height: 14.4pt;\" height=\"19\"><a href=\"https:\/\/westonclimate.com\/wp-content\/uploads\/2026\/02\/curve_R290_1203N.pdf\" target=\"_blank\" rel=\"noopener\"><img loading=\"lazy\" decoding=\"async\" class=\"alignnone size-medium wp-image-11467\" src=\"https:\/\/westonclimate.com\/wp-content\/uploads\/2024\/10\/curv_R290_1203N-239x300.png\" alt=\"\" width=\"239\" height=\"300\" srcset=\"https:\/\/westonclimate.com\/wp-content\/uploads\/2024\/10\/curv_R290_1203N-239x300.png 239w, https:\/\/westonclimate.com\/wp-content\/uploads\/2024\/10\/curv_R290_1203N-816x1024.png 816w, https:\/\/westonclimate.com\/wp-content\/uploads\/2024\/10\/curv_R290_1203N-768x964.png 768w, https:\/\/westonclimate.com\/wp-content\/uploads\/2024\/10\/curv_R290_1203N-10x12.png 10w, https:\/\/westonclimate.com\/wp-content\/uploads\/2024\/10\/curv_R290_1203N-600x753.png 600w, https:\/\/westonclimate.com\/wp-content\/uploads\/2024\/10\/curv_R290_1203N.png 964w\" sizes=\"(max-width: 239px) 100vw, 239px\" \/><\/a><\/td>\n<td><a href=\"https:\/\/westonclimate.com\/wp-content\/uploads\/2026\/02\/ERP-R290heating-coolingdomestic-hot-water-heat-pump.pdf\" target=\"_blank\" rel=\"noopener\"><img loading=\"lazy\" decoding=\"async\" class=\"alignnone size-medium wp-image-11126\" src=\"https:\/\/westonclimate.com\/wp-content\/uploads\/2024\/10\/Cert_290_9-206x300.png\" alt=\"\" width=\"206\" height=\"300\" srcset=\"https:\/\/westonclimate.com\/wp-content\/uploads\/2024\/10\/Cert_290_9-206x300.png 206w, https:\/\/westonclimate.com\/wp-content\/uploads\/2024\/10\/Cert_290_9-702x1024.png 702w, https:\/\/westonclimate.com\/wp-content\/uploads\/2024\/10\/Cert_290_9-768x1120.png 768w, https:\/\/westonclimate.com\/wp-content\/uploads\/2024\/10\/Cert_290_9-8x12.png 8w, https:\/\/westonclimate.com\/wp-content\/uploads\/2024\/10\/Cert_290_9-600x875.png 600w, https:\/\/westonclimate.com\/wp-content\/uploads\/2024\/10\/Cert_290_9.png 803w\" sizes=\"(max-width: 206px) 100vw, 206px\" \/><\/a><\/td>\n<td><\/td>\n<\/tr>\n<\/tbody>\n<\/table>","protected":false},"featured_media":10414,"template":"","meta":[],"product_brand":[],"product_cat":[120,115,63,114,65],"product_tag":[],"class_list":{"0":"post-5001","1":"product","2":"type-product","3":"status-publish","4":"has-post-thumbnail","6":"product_cat-monobloc-weston-r290-380","7":"product_cat-monobloc-weston-r290","8":"product_cat-soojuspumbad","9":"product_cat-monobloc-weston-climate","10":"product_cat-soojuspump-monobloc","12":"first","13":"onbackorder","14":"taxable","15":"shipping-taxable","16":"purchasable","17":"product-type-simple"},"_links":{"self":[{"href":"https:\/\/westonclimate.com\/pt_pt\/wp-json\/wp\/v2\/product\/5001","targetHints":{"allow":["GET"]}}],"collection":[{"href":"https:\/\/westonclimate.com\/pt_pt\/wp-json\/wp\/v2\/product"}],"about":[{"href":"https:\/\/westonclimate.com\/pt_pt\/wp-json\/wp\/v2\/types\/product"}],"version-history":[{"count":19,"href":"https:\/\/westonclimate.com\/pt_pt\/wp-json\/wp\/v2\/product\/5001\/revisions"}],"predecessor-version":[{"id":11471,"href":"https:\/\/westonclimate.com\/pt_pt\/wp-json\/wp\/v2\/product\/5001\/revisions\/11471"}],"wp:featuredmedia":[{"embeddable":true,"href":"https:\/\/westonclimate.com\/pt_pt\/wp-json\/wp\/v2\/media\/10414"}],"wp:attachment":[{"href":"https:\/\/westonclimate.com\/pt_pt\/wp-json\/wp\/v2\/media?parent=5001"}],"wp:term":[{"taxonomy":"product_brand","embeddable":true,"href":"https:\/\/westonclimate.com\/pt_pt\/wp-json\/wp\/v2\/product_brand?post=5001"},{"taxonomy":"product_cat","embeddable":true,"href":"https:\/\/westonclimate.com\/pt_pt\/wp-json\/wp\/v2\/product_cat?post=5001"},{"taxonomy":"product_tag","embeddable":true,"href":"https:\/\/westonclimate.com\/pt_pt\/wp-json\/wp\/v2\/product_tag?post=5001"}],"curies":[{"name":"wp","href":"https:\/\/api.w.org\/{rel}","templated":true}]}}