{"id":5206,"date":"2025-01-28T19:10:36","date_gmt":"2025-01-28T19:10:36","guid":{"rendered":"https:\/\/wmdcompany.eu\/?post_type=product&#038;p=5206"},"modified":"2026-04-29T15:52:22","modified_gmt":"2026-04-29T15:52:22","slug":"krf-jahutus-ja-kute-2-6-kw","status":"publish","type":"product","link":"https:\/\/westonclimate.com\/pt_pt\/tooted\/krf-refrigeracao-e-aquecimento-2-6-kw\/","title":{"rendered":"KRF AQUECIMENTO E ARREFECIMENTO 2,6 kW"},"content":{"rendered":"<ul>\n<li>Capacidade declarada:<strong>\u00a02,6 kW<\/strong><\/li>\n<li>Gama de capacidades de aquecimento:\u00a0<strong>940-3360W<\/strong><\/li>\n<li>Gama de capacidades de refrigera\u00e7\u00e3o:\u00a0<strong>940-3300W<\/strong><\/li>\n<li>SCOP decl..:\u00a0<strong>5,0 W\/W<\/strong><\/li>\n<li>SEER decl..:\u00a0<strong>6,6 W\/W<\/strong><\/li>\n<li>Gest\u00e3o de WiFi<strong>: Inclu\u00eddo<\/strong><\/li>\n<li>Tens\u00e3o de alimenta\u00e7\u00e3o:\u00a0<strong>220-240\/50 V\/Hz<\/strong><\/li>\n<li>Compressor:\u00a0<strong>Inversor de corrente cont\u00ednua<\/strong><\/li>\n<li>Motor do ventilador:\u00a0<strong>Inversor de corrente cont\u00ednua<\/strong><\/li>\n<li>Classe energ\u00e9tica:\u00a0<strong>at\u00e9 A+++<\/strong><\/li>\n<li>Temperatura\/arrefecimento do ar exterior:\u00a0<strong>-15 a 53\u00b0C<\/strong><\/li>\n<li>Temperatura\/calor do ar exterior:\u00a0<strong>-30 a 53\u00b0C<\/strong><\/li>\n<li>Temperatura\/arrefecimento do ar interior:\u00a0<strong>17-32\u2070C<\/strong><\/li>\n<li>Temperatura\/calor do ar interior:\u00a0<strong>0-30\u2070C<\/strong><\/li>\n<li>N\u00edvel de ru\u00eddo:\u00a0<strong>at\u00e9 45 dB(A)<\/strong><\/li>\n<li>Peso do interior:\u00a0<strong>8,5 kg<\/strong><\/li>\n<li>Peso da parte externa:\u00a0<strong>25 kg<\/strong><\/li>\n<li>Dimens\u00f5es\/interior (comprimento, largura, altura):\u00a0<strong>698x255x190 mm<\/strong><\/li>\n<li>Dimens\u00f5es\/exterior (comprimento, largura, altura):\u00a0<strong>712x276x459 mm<\/strong><\/li>\n<li>Dimens\u00f5es\/internas da embalagem (comprimento, largura, altura)::\u00a0<strong>764x325x257mm<\/strong><\/li>\n<li>Dimens\u00f5es\/exterior da embalagem (comprimento, largura, altura)::\u00a0<strong>765x310x481mm<\/strong><\/li>\n<\/ul>","protected":false},"excerpt":{"rendered":"<p data-start=\"0\" data-end=\"46\"><strong data-start=\"36\" data-end=\"80\">Aparelho de ar condicionado Weston Climate KRF HEATING AND COOLING 2,6 kW<\/strong> \u00e9 um aparelho energeticamente eficiente (at\u00e9 A+++), controlado por WiFi, que proporciona arrefecimento e aquecimento. Funciona silenciosamente (at\u00e9 45 dB) numa vasta gama de temperaturas (-30 a +53 \u00b0C) e garante um clima interior agrad\u00e1vel durante todo o ano. <strong data-start=\"329\" data-end=\"371\" data-is-last-node=\"\">Adequado para quartos at\u00e9 35 m\u00b2.<\/strong><\/p>","protected":false},"featured_media":7530,"template":"","meta":[],"product_brand":[],"product_cat":[126],"product_tag":[],"class_list":{"0":"post-5206","1":"product","2":"type-product","3":"status-publish","4":"has-post-thumbnail","6":"product_cat-konditsioneerid","8":"first","9":"instock","10":"taxable","11":"shipping-taxable","12":"purchasable","13":"product-type-simple"},"_links":{"self":[{"href":"https:\/\/westonclimate.com\/pt_pt\/wp-json\/wp\/v2\/product\/5206","targetHints":{"allow":["GET"]}}],"collection":[{"href":"https:\/\/westonclimate.com\/pt_pt\/wp-json\/wp\/v2\/product"}],"about":[{"href":"https:\/\/westonclimate.com\/pt_pt\/wp-json\/wp\/v2\/types\/product"}],"version-history":[{"count":5,"href":"https:\/\/westonclimate.com\/pt_pt\/wp-json\/wp\/v2\/product\/5206\/revisions"}],"predecessor-version":[{"id":9385,"href":"https:\/\/westonclimate.com\/pt_pt\/wp-json\/wp\/v2\/product\/5206\/revisions\/9385"}],"wp:featuredmedia":[{"embeddable":true,"href":"https:\/\/westonclimate.com\/pt_pt\/wp-json\/wp\/v2\/media\/7530"}],"wp:attachment":[{"href":"https:\/\/westonclimate.com\/pt_pt\/wp-json\/wp\/v2\/media?parent=5206"}],"wp:term":[{"taxonomy":"product_brand","embeddable":true,"href":"https:\/\/westonclimate.com\/pt_pt\/wp-json\/wp\/v2\/product_brand?post=5206"},{"taxonomy":"product_cat","embeddable":true,"href":"https:\/\/westonclimate.com\/pt_pt\/wp-json\/wp\/v2\/product_cat?post=5206"},{"taxonomy":"product_tag","embeddable":true,"href":"https:\/\/westonclimate.com\/pt_pt\/wp-json\/wp\/v2\/product_tag?post=5206"}],"curies":[{"name":"wp","href":"https:\/\/api.w.org\/{rel}","templated":true}]}}