{"id":5217,"date":"2025-01-29T17:54:01","date_gmt":"2025-01-29T17:54:01","guid":{"rendered":"https:\/\/wmdcompany.eu\/?post_type=product&#038;p=5217"},"modified":"2026-04-29T15:53:00","modified_gmt":"2026-04-29T15:53:00","slug":"krf-jahutus-ja-kute-5-1-kw","status":"publish","type":"product","link":"https:\/\/westonclimate.com\/pt_pt\/tooted\/krf-refrigeracao-e-aquecimento-5-1-kw\/","title":{"rendered":"KRF AQUECIMENTO E ARREFECIMENTO 5,1 kW"},"content":{"rendered":"<ul>\n<li>Capacidade declarada:<strong> 5,1 kW<\/strong><\/li>\n<li>Gama de capacidades de aquecimento: <strong>1250-6070W<\/strong><\/li>\n<li>Gama de capacidades de refrigera\u00e7\u00e3o: <strong>1000-5910W<\/strong><\/li>\n<li>SCOP decl..: <strong>5,0 W\/W<\/strong><\/li>\n<li>SEER decl..: <strong>6,3 W\/W<\/strong><\/li>\n<li>Gest\u00e3o de WiFi<strong>: Inclu\u00eddo<\/strong><\/li>\n<li>Tens\u00e3o de alimenta\u00e7\u00e3o: <strong>220-240\/50 V\/Hz<\/strong><\/li>\n<li>Compressor: <strong>Inversor de corrente cont\u00ednua<\/strong><\/li>\n<li>Motor do ventilador: <strong>Inversor de corrente cont\u00ednua<\/strong><\/li>\n<li>Classe energ\u00e9tica: <strong>at\u00e9 A+++<\/strong><\/li>\n<li>Temperatura\/arrefecimento do ar exterior: <strong>-15 a 53\u00b0C<\/strong><\/li>\n<li>Temperatura\/calor do ar exterior: <strong>-30 a 53\u00b0C<\/strong><\/li>\n<li>Temperatura\/arrefecimento do ar interior: <strong>17-32\u2070C<\/strong><\/li>\n<li>Temperatura\/calor do ar interior: <strong>0-30\u2070C<\/strong><\/li>\n<li>N\u00edvel de ru\u00eddo: <strong>at\u00e9 45 dB(A)<\/strong><\/li>\n<li>Peso do interior:\u00a0<strong>13 kg<\/strong><\/li>\n<li>Peso da parte externa:\u00a0<strong>39 kg<\/strong><\/li>\n<li>Dimens\u00f5es\/interior (comprimento, largura, altura): <strong>910x294x206 mm<\/strong><\/li>\n<li>Dimens\u00f5es\/exterior (comprimento, largura, altura): <strong>853x602x349 mm<\/strong><\/li>\n<li>Dimens\u00f5es\/internas da embalagem (comprimento, largura, altura): <strong>979x372x277mm<\/strong><\/li>\n<li>Dimens\u00f5es\/exterior da embalagem (comprimento, largura, altura): <strong>890x628x385mm<\/strong><\/li>\n<\/ul>","protected":false},"excerpt":{"rendered":"<p><strong data-start=\"0\" data-end=\"59\" data-is-only-node=\"\">Aparelho de ar condicionado Weston Climate KRF HEAT AND COOL 5,1 kW<\/strong> \u00e9 um aparelho energeticamente eficiente (at\u00e9 A+++), controlado por WiFi, que proporciona arrefecimento e aquecimento. A gama de pot\u00eancia de aquecimento \u00e9 de 1250-6070 W e a gama de pot\u00eancia de arrefecimento \u00e9 de 1000-5910 W. Funciona silenciosamente (at\u00e9 45 dB) e garante um clima interior agrad\u00e1vel durante todo o ano. <strong data-start=\"309\" data-end=\"351\" data-is-last-node=\"\">Adequado para quartos at\u00e9 65 m\u00b2.<\/strong><\/p>\n<p>Prazo de entrega at\u00e9 7 dias \u00fateis.<\/p>","protected":false},"featured_media":7530,"template":"","meta":[],"product_brand":[],"product_cat":[126],"product_tag":[],"class_list":{"0":"post-5217","1":"product","2":"type-product","3":"status-publish","4":"has-post-thumbnail","6":"product_cat-konditsioneerid","8":"first","9":"instock","10":"taxable","11":"shipping-taxable","12":"purchasable","13":"product-type-simple"},"_links":{"self":[{"href":"https:\/\/westonclimate.com\/pt_pt\/wp-json\/wp\/v2\/product\/5217","targetHints":{"allow":["GET"]}}],"collection":[{"href":"https:\/\/westonclimate.com\/pt_pt\/wp-json\/wp\/v2\/product"}],"about":[{"href":"https:\/\/westonclimate.com\/pt_pt\/wp-json\/wp\/v2\/types\/product"}],"version-history":[{"count":4,"href":"https:\/\/westonclimate.com\/pt_pt\/wp-json\/wp\/v2\/product\/5217\/revisions"}],"predecessor-version":[{"id":9387,"href":"https:\/\/westonclimate.com\/pt_pt\/wp-json\/wp\/v2\/product\/5217\/revisions\/9387"}],"wp:featuredmedia":[{"embeddable":true,"href":"https:\/\/westonclimate.com\/pt_pt\/wp-json\/wp\/v2\/media\/7530"}],"wp:attachment":[{"href":"https:\/\/westonclimate.com\/pt_pt\/wp-json\/wp\/v2\/media?parent=5217"}],"wp:term":[{"taxonomy":"product_brand","embeddable":true,"href":"https:\/\/westonclimate.com\/pt_pt\/wp-json\/wp\/v2\/product_brand?post=5217"},{"taxonomy":"product_cat","embeddable":true,"href":"https:\/\/westonclimate.com\/pt_pt\/wp-json\/wp\/v2\/product_cat?post=5217"},{"taxonomy":"product_tag","embeddable":true,"href":"https:\/\/westonclimate.com\/pt_pt\/wp-json\/wp\/v2\/product_tag?post=5217"}],"curies":[{"name":"wp","href":"https:\/\/api.w.org\/{rel}","templated":true}]}}