{"id":5218,"date":"2025-01-29T17:59:47","date_gmt":"2025-01-29T17:59:47","guid":{"rendered":"https:\/\/wmdcompany.eu\/?post_type=product&#038;p=5218"},"modified":"2025-10-01T09:22:02","modified_gmt":"2025-10-01T09:22:02","slug":"krf-refrigeracao-e-aquecimento-6-8-kw","status":"publish","type":"product","link":"https:\/\/westonclimate.com\/pt_pt\/tooted\/krf-jahutus-ja-kute-6-8-kw\/","title":{"rendered":"KRF AQUECIMENTO E REFRIGERA\u00c7\u00c3O 6,8 kW"},"content":{"rendered":"<ul>\n<li>Capacidade declarada:<strong> 6,8 kW<\/strong><\/li>\n<li>Gama de capacidades de aquecimento: <strong>1850-7900W<\/strong><\/li>\n<li>Gama de capacidades de refrigera\u00e7\u00e3o: <strong>1830-7800W<\/strong><\/li>\n<li>SCOP decl..: <strong>5,0 W\/W<\/strong><\/li>\n<li>SEER decl..: <strong>6,5 W\/W<\/strong><\/li>\n<li>Gest\u00e3o de WiFi<strong>: Inclu\u00eddo<\/strong><\/li>\n<li>Tens\u00e3o de alimenta\u00e7\u00e3o: <strong>220-240\/50 V\/Hz<\/strong><\/li>\n<li>Compressor: <strong>Inversor de corrente cont\u00ednua<\/strong><\/li>\n<li>Motor do ventilador: <strong>Inversor de corrente cont\u00ednua<\/strong><\/li>\n<li>Classe energ\u00e9tica: <strong>at\u00e9 A+++<\/strong><\/li>\n<li>Temperatura\/arrefecimento do ar exterior: <strong>-15 a 53\u00b0C<\/strong><\/li>\n<li>Temperatura\/calor do ar exterior: <strong>-30 a 53\u00b0C<\/strong><\/li>\n<li>Temperatura\/arrefecimento do ar interior: <strong>17-32\u2070C<\/strong><\/li>\n<li>Temperatura\/calor do ar interior: <strong>0-30\u2070C<\/strong><\/li>\n<li>N\u00edvel de ru\u00eddo: <strong>at\u00e9 45 dB(A)<\/strong><\/li>\n<li>Peso do interior:\u00a0<strong>16 kg<\/strong><\/li>\n<li>Peso da parte externa:\u00a0<strong>46 kg<\/strong><\/li>\n<li>Dimens\u00f5es\/interior (comprimento, largura, altura): <strong>1010x315x220 mm<\/strong><\/li>\n<li>Dimens\u00f5es\/exterior (comprimento, largura, altura): <strong>920x699x380 mm<\/strong><\/li>\n<li>Dimens\u00f5es\/internas da embalagem (comprimento, largura, altura): <strong>1096x390x297mm<\/strong><\/li>\n<li>Dimens\u00f5es\/exterior da embalagem (comprimento, largura, altura): <strong>960x732x430mm<\/strong><\/li>\n<\/ul>","protected":false},"excerpt":{"rendered":"<p><strong data-start=\"0\" data-end=\"59\" data-is-only-node=\"\">Aparelho de ar condicionado Weston Climate KRF HEATING AND COOLING 6,8 kW<\/strong> \u00e9 um aparelho energeticamente eficiente (at\u00e9 A+++), controlado por WiFi, que proporciona arrefecimento e aquecimento. A gama de pot\u00eancia de aquecimento \u00e9 de 1850-7900 W e a gama de pot\u00eancia de arrefecimento \u00e9 de 1830-7800 W. Funciona de forma silenciosa (at\u00e9 45 dB) e garante um clima interior agrad\u00e1vel durante todo o ano. <strong data-start=\"309\" data-end=\"351\" data-is-last-node=\"\">Adequado para quartos at\u00e9 85 m\u00b2.<\/strong><\/p>\n<p>Prazo de entrega at\u00e9 7 dias \u00fateis.<\/p>","protected":false},"featured_media":7530,"template":"","meta":[],"product_brand":[],"product_cat":[126],"product_tag":[],"class_list":{"0":"post-5218","1":"product","2":"type-product","3":"status-publish","4":"has-post-thumbnail","6":"product_cat-konditsioneerid","8":"first","9":"instock","10":"taxable","11":"shipping-taxable","12":"purchasable","13":"product-type-simple"},"_links":{"self":[{"href":"https:\/\/westonclimate.com\/pt_pt\/wp-json\/wp\/v2\/product\/5218","targetHints":{"allow":["GET"]}}],"collection":[{"href":"https:\/\/westonclimate.com\/pt_pt\/wp-json\/wp\/v2\/product"}],"about":[{"href":"https:\/\/westonclimate.com\/pt_pt\/wp-json\/wp\/v2\/types\/product"}],"version-history":[{"count":5,"href":"https:\/\/westonclimate.com\/pt_pt\/wp-json\/wp\/v2\/product\/5218\/revisions"}],"predecessor-version":[{"id":9389,"href":"https:\/\/westonclimate.com\/pt_pt\/wp-json\/wp\/v2\/product\/5218\/revisions\/9389"}],"wp:featuredmedia":[{"embeddable":true,"href":"https:\/\/westonclimate.com\/pt_pt\/wp-json\/wp\/v2\/media\/7530"}],"wp:attachment":[{"href":"https:\/\/westonclimate.com\/pt_pt\/wp-json\/wp\/v2\/media?parent=5218"}],"wp:term":[{"taxonomy":"product_brand","embeddable":true,"href":"https:\/\/westonclimate.com\/pt_pt\/wp-json\/wp\/v2\/product_brand?post=5218"},{"taxonomy":"product_cat","embeddable":true,"href":"https:\/\/westonclimate.com\/pt_pt\/wp-json\/wp\/v2\/product_cat?post=5218"},{"taxonomy":"product_tag","embeddable":true,"href":"https:\/\/westonclimate.com\/pt_pt\/wp-json\/wp\/v2\/product_tag?post=5218"}],"curies":[{"name":"wp","href":"https:\/\/api.w.org\/{rel}","templated":true}]}}