{"id":6879,"date":"2025-04-11T18:28:44","date_gmt":"2025-04-11T18:28:44","guid":{"rendered":"https:\/\/wmdcompany.eu\/?post_type=product&#038;p=6879"},"modified":"2025-10-02T09:03:42","modified_gmt":"2025-10-02T09:03:42","slug":"amber-jahutus-ja-kute-9-5-kw","status":"publish","type":"product","link":"https:\/\/westonclimate.com\/pt_pt\/tooted\/refrigeracao-ambar-e-calha-9-5-kw\/","title":{"rendered":"AQUECIMENTO E REFRIGERA\u00c7\u00c3O AMBER 9,5 kW"},"content":{"rendered":"<ul>\n<li><strong>O equipamento n\u00f3rdico inclui<\/strong>\n<ul>\n<li>um cabo de aquecimento externo do fundo, controlado por microprocessador, que permite a sa\u00edda r\u00e1pida da \u00e1gua de fus\u00e3o, mesmo com tempo muito frio;<\/li>\n<li>um cabo de arrefecimento do \u00f3leo do c\u00e1rter, que evita que o compressor funcione a frio, mantendo o compressor quente e prolongando a sua vida \u00fatil.<\/li>\n<\/ul>\n<\/li>\n<li><strong>Principais carater\u00edsticas da bomba de calor com fonte de ar da s\u00e9rie Amber:<\/strong>\n<ul>\n<li>classe energ\u00e9tica A++;<\/li>\n<li>Coeficiente de desempenho sazonal (SCOP) 4.1;<\/li>\n<li>Gama de temperaturas do ar exterior para aquecimento -30 a +24\u00b0C;<\/li>\n<li>Gama de temperaturas do ar ambiente para arrefecimento -20 a +43\u00b0C;<\/li>\n<li>uma pe\u00e7a interna com sete velocidades;<\/li>\n<li>um super-regime interno;<\/li>\n<li>dist\u00e2ncia de sopro extra longa;<\/li>\n<li>descongelamento inteligente.<\/li>\n<\/ul>\n<\/li>\n<li><strong>Equipamento b\u00e1sico:<\/strong>\n<ul>\n<li>rein\u00edcio autom\u00e1tico em caso de falha de energia;<\/li>\n<li>filtros de p\u00f3 lav\u00e1veis;<\/li>\n<li>fun\u00e7\u00e3o turbo;<\/li>\n<li>pr\u00e9-aquecimento inteligente;<\/li>\n<li>verificar a temperatura desejada no controlo remoto, ou seja, no local onde se encontram as pessoas;<\/li>\n<li>temporizador;<\/li>\n<li>deve;<\/li>\n<li>arranque a baixa tens\u00e3o;<\/li>\n<li>bloqueio para crian\u00e7as.<\/li>\n<\/ul>\n<\/li>\n<li><strong>Acess\u00f3rios inclu\u00eddos no pre\u00e7o:<\/strong>\n<ul>\n<li>a possibilidade de controlo a partir de um dispositivo inteligente;<\/li>\n<li>ionizador de plasma;<\/li>\n<li>equipamento nordicu;<\/li>\n<li>Fun\u00e7\u00e3o de reten\u00e7\u00e3o +8\u00b0C;<\/li>\n<li>Orienta\u00e7\u00e3o do ar 4D a partir do controlo remoto;<\/li>\n<li>modo de poupan\u00e7a de energia;<\/li>\n<li>modos de suspens\u00e3o;<\/li>\n<li>controlo da porta.<\/li>\n<\/ul>\n<\/li>\n<\/ul>","protected":false},"excerpt":{"rendered":"<p><strong>Weston Climate AMBER-Series nova gera\u00e7\u00e3o de ar condicionado com bomba de calor de fonte de ar (HEAT AND COOL 9,5 kW)<\/strong> s\u00e3o concebidos para as duras condi\u00e7\u00f5es n\u00f3rdicas. Oferece uma elevada capacidade de aquecimento a baixas temperaturas e uma efici\u00eancia superior. Isto \u00e9 assegurado pela tecnologia de ponta e pelo fluido frigorig\u00e9neo ecol\u00f3gico R32. A unidade pode ser controlada atrav\u00e9s de dispositivos inteligentes iOS e Android. A unidade inclui equipamento de inverno n\u00f3rdico instalado de f\u00e1brica, que garante fiabilidade nos climas n\u00f3rdicos, tanto para aquecimento como para arrefecimento. <strong>A unidade \u00e9 adequada para aquecer uma \u00e1rea de 33-190 m\u00b2 e arrefecer uma \u00e1rea de 20-110 m\u00b2.<\/strong><\/p>","protected":false},"featured_media":7527,"template":"","meta":[],"product_brand":[],"product_cat":[126],"product_tag":[],"class_list":{"0":"post-6879","1":"product","2":"type-product","3":"status-publish","4":"has-post-thumbnail","6":"product_cat-konditsioneerid","8":"first","9":"instock","10":"taxable","11":"shipping-taxable","12":"purchasable","13":"product-type-simple"},"_links":{"self":[{"href":"https:\/\/westonclimate.com\/pt_pt\/wp-json\/wp\/v2\/product\/6879","targetHints":{"allow":["GET"]}}],"collection":[{"href":"https:\/\/westonclimate.com\/pt_pt\/wp-json\/wp\/v2\/product"}],"about":[{"href":"https:\/\/westonclimate.com\/pt_pt\/wp-json\/wp\/v2\/types\/product"}],"version-history":[{"count":5,"href":"https:\/\/westonclimate.com\/pt_pt\/wp-json\/wp\/v2\/product\/6879\/revisions"}],"predecessor-version":[{"id":9399,"href":"https:\/\/westonclimate.com\/pt_pt\/wp-json\/wp\/v2\/product\/6879\/revisions\/9399"}],"wp:featuredmedia":[{"embeddable":true,"href":"https:\/\/westonclimate.com\/pt_pt\/wp-json\/wp\/v2\/media\/7527"}],"wp:attachment":[{"href":"https:\/\/westonclimate.com\/pt_pt\/wp-json\/wp\/v2\/media?parent=6879"}],"wp:term":[{"taxonomy":"product_brand","embeddable":true,"href":"https:\/\/westonclimate.com\/pt_pt\/wp-json\/wp\/v2\/product_brand?post=6879"},{"taxonomy":"product_cat","embeddable":true,"href":"https:\/\/westonclimate.com\/pt_pt\/wp-json\/wp\/v2\/product_cat?post=6879"},{"taxonomy":"product_tag","embeddable":true,"href":"https:\/\/westonclimate.com\/pt_pt\/wp-json\/wp\/v2\/product_tag?post=6879"}],"curies":[{"name":"wp","href":"https:\/\/api.w.org\/{rel}","templated":true}]}}