{"id":6881,"date":"2025-04-12T08:40:36","date_gmt":"2025-04-12T08:40:36","guid":{"rendered":"https:\/\/wmdcompany.eu\/?post_type=product&#038;p=6881"},"modified":"2026-04-29T13:20:44","modified_gmt":"2026-04-29T13:20:44","slug":"fairy-jahutus-ja-kute-4-7-kw","status":"publish","type":"product","link":"https:\/\/westonclimate.com\/pt_pt\/tooted\/arrefecimento-de-fadas-e-chiller-4-7-kw\/","title":{"rendered":"ARREFECIMENTO E AQUECIMENTO FAIRY 4,7 kW"},"content":{"rendered":"<ul>\n<li><strong>PRINCIPAIS CARACTER\u00cdSTICAS DA BOMBA DE CALOR AEROT\u00c9RMICA DA S\u00c9RIE NF<\/strong>\n<ul>\n<li>classe energ\u00e9tica A+;<\/li>\n<li>Coeficiente de desempenho sazonal (SCOP) 4.1;<\/li>\n<li>compressor potente;<\/li>\n<li>Gama de temperaturas do ar exterior para aquecimento -25 a +30\u00b0C;<\/li>\n<li>Gama de temperaturas do ar ambiente para arrefecimento -15 a +50\u00b0C;<\/li>\n<li>descongelamento inteligente.<\/li>\n<\/ul>\n<\/li>\n<li><strong>EQUIPAMENTO PRINCIPAL:<\/strong>\n<ul>\n<li>sete velocidades de componentes internos;<\/li>\n<li>rein\u00edcio autom\u00e1tico em caso de falha de energia;<\/li>\n<li>filtros de p\u00f3 lav\u00e1veis;<\/li>\n<li>fun\u00e7\u00e3o turbo;<\/li>\n<li>pr\u00e9-aquecimento inteligente do compressor;<\/li>\n<li>verificar a temperatura desejada no controlo remoto, ou seja, no local onde se encontram as pessoas;<\/li>\n<li>temporizador;<\/li>\n<li>deve;<\/li>\n<li>arranque a baixa tens\u00e3o;<\/li>\n<li>bloqueio para crian\u00e7as.<\/li>\n<\/ul>\n<\/li>\n<li><strong>EQUIPAMENTO ADICIONAL INCLU\u00cdDO NO PRE\u00c7O:<\/strong>\n<ul>\n<li>a possibilidade de controlo a partir de um dispositivo inteligente;<\/li>\n<li>ionizador de plasma;<\/li>\n<li>equipamento nordicu,<\/li>\n<li>Fun\u00e7\u00e3o de reten\u00e7\u00e3o +8\u00b0C;<\/li>\n<li>modo de poupan\u00e7a de energia;<\/li>\n<li>modo de suspens\u00e3o.<\/li>\n<\/ul>\n<\/li>\n<\/ul>\n<p><strong>M\u00f5\u00f5dud (laius\/s\u00fcgavus\/k\u00f5rgus)mm, kaal (kg)<\/strong><\/p>\n<ul>\n<li>siseosa: 889xx212x294mm, kaal 11kg<\/li>\n<li>v\u00e4lisosa: 732x330x555, kaal 25kg<\/li>\n<\/ul>","protected":false},"excerpt":{"rendered":"<p><strong>Sistema de ar condicionado de bomba de calor com fonte de ar da s\u00e9rie Nordic da Weston Climate Fairy (HEAT AND COOL 4,7 kW)<\/strong> s\u00e3o concebidos para as duras condi\u00e7\u00f5es n\u00f3rdicas. A unidade inclui equipamento de inverno n\u00f3rdico instalado de f\u00e1brica para garantir fiabilidade nos climas n\u00f3rdicos, tanto para aquecimento como para arrefecimento. Op\u00e7\u00e3o de controlo por dispositivo inteligente. <strong>A unidade \u00e9 adequada para \u00e1reas de aquecimento de 24 a 100 m\u00b2 e \u00e1reas de arrefecimento de 14 a 57 m\u00b2.<\/strong><br \/>\nCoeficiente de desempenho sazonal (SCOP) 4.1.<\/p>","protected":false},"featured_media":7527,"template":"","meta":[],"product_brand":[],"product_cat":[126],"product_tag":[],"class_list":{"0":"post-6881","1":"product","2":"type-product","3":"status-publish","4":"has-post-thumbnail","6":"product_cat-konditsioneerid","8":"first","9":"instock","10":"taxable","11":"shipping-taxable","12":"purchasable","13":"product-type-simple"},"_links":{"self":[{"href":"https:\/\/westonclimate.com\/pt_pt\/wp-json\/wp\/v2\/product\/6881","targetHints":{"allow":["GET"]}}],"collection":[{"href":"https:\/\/westonclimate.com\/pt_pt\/wp-json\/wp\/v2\/product"}],"about":[{"href":"https:\/\/westonclimate.com\/pt_pt\/wp-json\/wp\/v2\/types\/product"}],"version-history":[{"count":8,"href":"https:\/\/westonclimate.com\/pt_pt\/wp-json\/wp\/v2\/product\/6881\/revisions"}],"predecessor-version":[{"id":11612,"href":"https:\/\/westonclimate.com\/pt_pt\/wp-json\/wp\/v2\/product\/6881\/revisions\/11612"}],"wp:featuredmedia":[{"embeddable":true,"href":"https:\/\/westonclimate.com\/pt_pt\/wp-json\/wp\/v2\/media\/7527"}],"wp:attachment":[{"href":"https:\/\/westonclimate.com\/pt_pt\/wp-json\/wp\/v2\/media?parent=6881"}],"wp:term":[{"taxonomy":"product_brand","embeddable":true,"href":"https:\/\/westonclimate.com\/pt_pt\/wp-json\/wp\/v2\/product_brand?post=6881"},{"taxonomy":"product_cat","embeddable":true,"href":"https:\/\/westonclimate.com\/pt_pt\/wp-json\/wp\/v2\/product_cat?post=6881"},{"taxonomy":"product_tag","embeddable":true,"href":"https:\/\/westonclimate.com\/pt_pt\/wp-json\/wp\/v2\/product_tag?post=6881"}],"curies":[{"name":"wp","href":"https:\/\/api.w.org\/{rel}","templated":true}]}}