{"id":6921,"date":"2025-04-28T16:28:46","date_gmt":"2025-04-28T16:28:46","guid":{"rendered":"https:\/\/wmdcompany.eu\/?post_type=product&#038;p=6921"},"modified":"2025-10-07T06:41:01","modified_gmt":"2025-10-07T06:41:01","slug":"mobiilne-jahutusseade-3-5kw","status":"publish","type":"product","link":"https:\/\/westonclimate.com\/pt_pt\/tooted\/unidade-movel-de-refrigeracao-3-5kw\/","title":{"rendered":"UNIDADE M\u00d3VEL DE REFRIGERA\u00c7\u00c3O - 3,5KW"},"content":{"rendered":"<ul>\n<li>Design compacto e elegante<\/li>\n<li>Capacidade de arrefecimento r\u00e1pido at\u00e9 16 C<\/li>\n<li>Controlo remoto o C<\/li>\n<li>3 em 1: arrefecimento, secagem, ventoinha<\/li>\n<li>Controlo eletr\u00f3nico<\/li>\n<li>Temporizador de 24 horas<\/li>\n<li>Modo de suspens\u00e3o<\/li>\n<li>Rein\u00edcio autom\u00e1tico<\/li>\n<li>Consumo de energia em standby de 1W<\/li>\n<li>Auto-diagn\u00f3stico<\/li>\n<li>Rodas<\/li>\n<li>Acess\u00f3rios Art. NSP1912A3<\/li>\n<li>Capacidade de arrefecimento<\/li>\n<li>Fluxo de ar<\/li>\n<li>N\u00edvel de ru\u00eddo<\/li>\n<li>Capacidade de secagem<\/li>\n<li>Dimens\u00f5es (mm) 3,5 kw 360\/330\/300 49\/51\/53 1,8 L\/h, m\u00b3\/h, dB, 390x820x405 mm.<\/li>\n<\/ul>","protected":false},"excerpt":{"rendered":"<p>A geleira m\u00f3vel Weston Climate utiliza o refrigerante amigo do ambiente R290 (C3H8). A vantagem do g\u00e1s R290 em rela\u00e7\u00e3o aos refrigerantes existentes utilizados nos aparelhos de ar condicionado \u00e9 um baixo ODP (Potencial de Destrui\u00e7\u00e3o do Ozono) de zero e um GWP=3 (Potencial de Aquecimento Global) muito baixo. Em compara\u00e7\u00e3o com os dois coeficientes dos gases utilizados at\u00e9 \u00e0 data, o impacto ambiental do g\u00e1s R290 \u00e9 baixo.<\/p>","protected":false},"featured_media":7613,"template":"","meta":[],"product_brand":[],"product_cat":[126],"product_tag":[],"class_list":{"0":"post-6921","1":"product","2":"type-product","3":"status-publish","4":"has-post-thumbnail","6":"product_cat-konditsioneerid","8":"first","9":"instock","10":"taxable","11":"shipping-taxable","12":"purchasable","13":"product-type-simple"},"_links":{"self":[{"href":"https:\/\/westonclimate.com\/pt_pt\/wp-json\/wp\/v2\/product\/6921","targetHints":{"allow":["GET"]}}],"collection":[{"href":"https:\/\/westonclimate.com\/pt_pt\/wp-json\/wp\/v2\/product"}],"about":[{"href":"https:\/\/westonclimate.com\/pt_pt\/wp-json\/wp\/v2\/types\/product"}],"version-history":[{"count":9,"href":"https:\/\/westonclimate.com\/pt_pt\/wp-json\/wp\/v2\/product\/6921\/revisions"}],"predecessor-version":[{"id":9433,"href":"https:\/\/westonclimate.com\/pt_pt\/wp-json\/wp\/v2\/product\/6921\/revisions\/9433"}],"wp:featuredmedia":[{"embeddable":true,"href":"https:\/\/westonclimate.com\/pt_pt\/wp-json\/wp\/v2\/media\/7613"}],"wp:attachment":[{"href":"https:\/\/westonclimate.com\/pt_pt\/wp-json\/wp\/v2\/media?parent=6921"}],"wp:term":[{"taxonomy":"product_brand","embeddable":true,"href":"https:\/\/westonclimate.com\/pt_pt\/wp-json\/wp\/v2\/product_brand?post=6921"},{"taxonomy":"product_cat","embeddable":true,"href":"https:\/\/westonclimate.com\/pt_pt\/wp-json\/wp\/v2\/product_cat?post=6921"},{"taxonomy":"product_tag","embeddable":true,"href":"https:\/\/westonclimate.com\/pt_pt\/wp-json\/wp\/v2\/product_tag?post=6921"}],"curies":[{"name":"wp","href":"https:\/\/api.w.org\/{rel}","templated":true}]}}