{"id":8751,"date":"2025-09-09T17:52:07","date_gmt":"2025-09-09T17:52:07","guid":{"rendered":"https:\/\/staging.westonclimate.ee\/?post_type=product&#038;p=8751"},"modified":"2026-04-29T11:53:23","modified_gmt":"2026-04-29T11:53:23","slug":"r290-monoblock-top-blow-soojuspump","status":"publish","type":"product","link":"https:\/\/westonclimate.com\/pt_pt\/tooted\/bomba-de-calor-monobloco-top-blow-r290\/","title":{"rendered":"Bomba de calor monobloco Top-Blow R290 Inverter (com som e fluxo de ar a partir de cima)"},"content":{"rendered":"<ul>\n<li>Capacidade nominal de aquecimento:<strong> 5kW, 7kW, 9kW, 12kW, 15kW, 20kW<\/strong><\/li>\n<li>Gama COP:<strong> at\u00e9 4,9 w\/w<\/strong><\/li>\n<li><strong>Prontid\u00e3o do sistema de monitoriza\u00e7\u00e3o dos pre\u00e7os da eletricidade da Bolsa (SG)<\/strong><\/li>\n<li><strong>Compatibilidade dos sistemas solares (PV)<\/strong><\/li>\n<li><strong>Gest\u00e3o de WiFi<\/strong><\/li>\n<li><strong>Bloco de controlo LED<\/strong><\/li>\n<li>Tens\u00e3o de alimenta\u00e7\u00e3o:\u00a0<strong>230V (1F) ou<\/strong>\u00a0<strong>380V (3F)\u00a0<\/strong><\/li>\n<li>Compressor:\u00a0<strong>Inversor total DC + EVI<\/strong><\/li>\n<li>Motor do ventilador:\u00a0<strong>Inversor de corrente cont\u00ednua<\/strong><\/li>\n<li>Bomba de \u00e1gua:\u00a0<strong>Inversor de corrente cont\u00ednua<\/strong><\/li>\n<li>Refrigerante: R290<\/li>\n<li>Classe energ\u00e9tica (35\u2103):\u00a0<strong>A+++<\/strong><\/li>\n<li>Classe energ\u00e9tica (55\u2103):\u00a0<strong>A++<\/strong><\/li>\n<li>Gama de funcionamento:\u00a0<strong>-35 a 43\u00b0C<\/strong><\/li>\n<li>Caudal de \u00e1gua:\u00a0<strong>1,03 a 2,06 m\u00b3\/h<\/strong><\/li>\n<li>Redu\u00e7\u00e3o da press\u00e3o da \u00e1gua:\u00a0<strong>12 a 15 kPa<\/strong><\/li>\n<li>Press\u00e3o m\u00ednima e m\u00e1xima da \u00e1gua:\u00a0<strong>2,0 \/ 10,0 bar<\/strong><\/li>\n<li>Temperatura da \u00e1gua de sa\u00edda:\u00a0<strong>at\u00e9 75\u00b0C<\/strong><\/li>\n<li>N\u00edvel de ru\u00eddo:\u00a0<strong>at\u00e9 48<\/strong><strong>\u00a0dB(A)<\/strong><\/li>\n<li>Op\u00e7\u00e3o para uma unidade adicional: liga a unidade exterior ao sistema de aquecimento do edif\u00edcio e controla o fluxo total de calor na casa. A unidade compacta e eficiente incorpora todos os componentes principais - permutador de calor, bomba de circula\u00e7\u00e3o, tanque de expans\u00e3o, v\u00e1lvula de seguran\u00e7a e bloco de controlo - garantindo a fiabilidade e a elevada efici\u00eancia energ\u00e9tica do sistema de aquecimento. Ler mais<span style=\"text-decoration: underline;\"> <a href=\"https:\/\/westonclimate.com\/pt_pt\/tooted\/unidade-de-arrefecimento-interno-cassete-da-bobina-do-ventilador\/\" target=\"_blank\" rel=\"noopener\">AQUI.<\/a><\/span><\/li>\n<\/ul>\n<p>&nbsp;<\/p>\n<p><strong>M\u00f5\u00f5dud (pikkus\/laius\/k\u00f5rgus) (kg):<\/strong><\/p>\n<ul>\n<li><strong>5kW: <\/strong>neto 700*685*908mm, kaal 106,5kg, pakendiga 791*757*1061, kaal 138kg<\/li>\n<li><strong>7kW: <\/strong>neto 700*685*908mm, kaal 113kg, pakendiga 791*757*1061, kaal 144kg<\/li>\n<li><strong>9 kW:<\/strong> neto 700*685*908mm, kaal 116kg; pakendiga 791*757*1061, kaal 147kg<\/li>\n<li><strong>12kW: <\/strong>neto 1130*630*935mm, kaal 142,5; pakendiga 1220*730*1095, kaal 211kg<\/li>\n<li><strong>15kW:<\/strong> neto 1130*630*935mm, kaal 166; pakendiga 1220*730*1095, kaal 211kg<\/li>\n<li><strong>20kW:<\/strong> 1300*710*935mm, kaal 195kg, pakendiga 1390*770*1095, kaal 245kg<\/li>\n<\/ul>\n<p>&nbsp;<\/p>\n<p><strong>H\u00fcdroboksi <\/strong>m\u00f5\u00f5dud: 710\u00d7 410\u00d71005mm ja kaal 47kg<\/p>","protected":false},"excerpt":{"rendered":"<p>Registo EPREL:<br \/>\n<a href=\"https:\/\/eprel.ec.europa.eu\/screen\/product\/spaceheaters\/2466941\" target=\"_blank\" rel=\"noopener\">WC-JMU50HC<\/a><a href=\"https:\/\/eprel.ec.europa.eu\/screen\/product\/spaceheaters\/2466941\" target=\"_blank\" rel=\"noopener\"> | <\/a><a href=\"https:\/\/eprel.ec.europa.eu\/screen\/product\/spaceheaters\/2466945\" target=\"_blank\" rel=\"noopener\">WC-JMU50HC 3F<\/a><a href=\"https:\/\/eprel.ec.europa.eu\/screen\/product\/spaceheaters\/2466941\" target=\"_blank\" rel=\"noopener\"> | <\/a><a href=\"https:\/\/eprel.ec.europa.eu\/screen\/product\/spaceheaters\/2466946\" target=\"_blank\" rel=\"noopener\">WC-JMU70HC<\/a><a href=\"https:\/\/eprel.ec.europa.eu\/screen\/product\/spaceheaters\/2466941\" target=\"_blank\" rel=\"noopener\"> | <\/a><a href=\"https:\/\/eprel.ec.europa.eu\/screen\/product\/spaceheaters\/2466949\" target=\"_blank\" rel=\"noopener\">WC-JMU70HC 3F<\/a><a href=\"https:\/\/eprel.ec.europa.eu\/screen\/product\/spaceheaters\/2466941\" target=\"_blank\" rel=\"noopener\"> | <\/a><a href=\"https:\/\/eprel.ec.europa.eu\/screen\/product\/spaceheaters\/2466950\" target=\"_blank\" rel=\"noopener\">WC-JMU90HC<\/a><a href=\"https:\/\/eprel.ec.europa.eu\/screen\/product\/spaceheaters\/2466941\" target=\"_blank\" rel=\"noopener\"> | <\/a><a href=\"https:\/\/eprel.ec.europa.eu\/screen\/product\/spaceheaters\/2466951\" target=\"_blank\" rel=\"noopener\">WC-JMU90CH 3F<\/a><a href=\"https:\/\/eprel.ec.europa.eu\/screen\/product\/spaceheaters\/2466941\" target=\"_blank\" rel=\"noopener\"> | <\/a><a href=\"https:\/\/eprel.ec.europa.eu\/screen\/product\/spaceheaters\/2466952\" target=\"_blank\" rel=\"noopener\">WC-JMU120HC<\/a><a href=\"https:\/\/eprel.ec.europa.eu\/screen\/product\/spaceheaters\/2466941\" target=\"_blank\" rel=\"noopener\"> | <\/a><a href=\"https:\/\/eprel.ec.europa.eu\/screen\/product\/spaceheaters\/2466953\" target=\"_blank\" rel=\"noopener\">WC-JMU120HC 3F<\/a><a href=\"https:\/\/eprel.ec.europa.eu\/screen\/product\/spaceheaters\/2466941\" target=\"_blank\" rel=\"noopener\"> | <\/a><a href=\"https:\/\/eprel.ec.europa.eu\/screen\/product\/spaceheaters\/2466941\" target=\"_blank\" rel=\"noopener\">WC-JMU50HC<\/a><a href=\"https:\/\/eprel.ec.europa.eu\/screen\/product\/spaceheaters\/2466941\" target=\"_blank\" rel=\"noopener\"> | <\/a><a href=\"https:\/\/eprel.ec.europa.eu\/screen\/product\/spaceheaters\/2466945\" target=\"_blank\" rel=\"noopener\">WC-JMU150HC 3F<\/a><\/p>\n<p><b>Um novo produto na Europa - a bomba de calor Top-Blow - a melhor solu\u00e7\u00e3o para aquecimento, arrefecimento e \u00e1gua quente.<\/b><\/p>\n<ul>\n<li><strong>Especialmente silencioso:<\/strong>\u00a048dB<\/li>\n<li><strong>Muito eficaz:<\/strong>\u00a0A+++<\/li>\n<li><strong>Poupan\u00e7a de espa\u00e7o:\u00a0<\/strong>Por exemplo, uma bomba de calor de 5 kW pode ser instalada numa \u00e1rea de apenas 0,5 m2.<\/li>\n<li><strong>Amigo da vizinhan\u00e7a:\u00a0<\/strong>o fluxo de ar da bomba de calor \u00e9 direcionado para cima e tamb\u00e9m o som.<\/li>\n<\/ul>\n<p>&nbsp;<\/p>\n<p>Com uma vasta gama de possibilidades:\u00a0<strong>liga\u00e7\u00e3o a sistemas de aquecimento por piso radiante, ventiloconvectores e \u00e1gua quente sanit\u00e1ria, m\u00f3dulo de controlo central<\/strong>\u00a0garante uma temperatura uniforme e efici\u00eancia energ\u00e9tica em todo o edif\u00edcio.<\/p>\n<ul>\n<li><b>Som e fluxo de ar a partir do topo (Top-Blow):<\/b>\u00a0uma solu\u00e7\u00e3o \u00fanica na Europa. Uma solu\u00e7\u00e3o silenciosa, inteligente e amiga do ambiente para todas as esta\u00e7\u00f5es.<\/li>\n<li><strong>Capacidades de aquecimento:<\/strong> 5kW, 7kW, 9kW, 12kW, 15kW, 20kW<\/li>\n<li><strong>Tens\u00e3o de funcionamento:<\/strong>\u00a0230V (1F) ou 380V (3F)<\/li>\n<li><b>Trabalho silencioso:\u00a0<\/b>apenas 48 dB<\/li>\n<li><strong>Temperaturas\u00a0<\/strong><strong>gama de funcionamento:\u00a0<\/strong>-35\u00b0C a +43\u00b0C (cada unidade testada a -42\u00b0C durante 64h)<\/li>\n<li><b>Refrigerante natural R290:\u00a0<\/b>baixo impacto ambiental e efici\u00eancia energ\u00e9tica A+++<\/li>\n<li><b>Design patenteado:\u00a0<\/b>com isolamento ac\u00fastico eficiente, motor do ventilador \u00e0 prova de chuva e compressor com amortecimento de ru\u00eddo.<\/li>\n<li><b>Lideran\u00e7a inteligente:\u00a0<\/b>Controlo WiFi, conetividade Smart House (liga\u00e7\u00e3o IOS), interface RS485 e ecr\u00e3 t\u00e1til a cores.<\/li>\n<li><b>Compatibilidade com SMART GRID (SG) e pain\u00e9is solares (PV):<\/b> Compat\u00edvel com pain\u00e9is solares e com a rede inteligente; prepara\u00e7\u00e3o para o sistema de monitoriza\u00e7\u00e3o do pre\u00e7o da eletricidade da bolsa (SG).<\/li>\n<\/ul>\n<table style=\"border-collapse: collapse; width: 144pt;\" border=\"0\" width=\"192\" cellspacing=\"0\" cellpadding=\"0\">\n<tbody>\n<tr style=\"height: 15.0pt;\">\n<td style=\"height: 15.0pt; width: 48pt;\" width=\"64\" height=\"20\"><a href=\"https:\/\/westonclimate.pl\/wp-content\/uploads\/2025\/09\/Sert_R290-Inverter-Monoblock-Top-Blow_JMU50HC.png\" target=\"_blank\" rel=\"noopener\"><img decoding=\"async\" class=\"alignnone wp-image-10014 alignleft\" src=\"https:\/\/westonclimate.pl\/wp-content\/uploads\/2025\/09\/Sert_R290-Inverter-Monoblock-Top-Blow_JMU50HC-210x300.png\" alt=\"\" width=\"66\" height=\"95\" \/><\/a><\/td>\n<td style=\"width: 48pt;\" width=\"64\"><a href=\"https:\/\/westonclimate.pl\/wp-content\/uploads\/2025\/09\/Sert_R290-Inverter-Monoblock-Top-Blow_JMU70HC.png\" target=\"_blank\" rel=\"noopener\"><img decoding=\"async\" class=\"alignnone wp-image-10015\" src=\"https:\/\/westonclimate.pl\/wp-content\/uploads\/2025\/09\/Sert_R290-Inverter-Monoblock-Top-Blow_JMU70HC-212x300.png\" alt=\"\" width=\"67\" height=\"95\" \/><\/a><\/td>\n<td style=\"width: 48pt;\" width=\"64\"><a href=\"https:\/\/westonclimate.pl\/wp-content\/uploads\/2025\/09\/Sert_R290-Inverter-Monoblock-Top-Blow_JMU90HC.png\" target=\"_blank\" rel=\"noopener\"><img decoding=\"async\" class=\"alignnone wp-image-10016\" src=\"https:\/\/westonclimate.pl\/wp-content\/uploads\/2025\/09\/Sert_R290-Inverter-Monoblock-Top-Blow_JMU90HC-213x300.png\" alt=\"\" width=\"68\" height=\"96\" \/><\/a><\/td>\n<\/tr>\n<tr style=\"height: 15.0pt;\">\n<td style=\"height: 15.0pt;\" height=\"20\"><a href=\"https:\/\/westonclimate.pl\/wp-content\/uploads\/2025\/09\/Sert_R290-Inverter-Monoblock-Top-Blow_JMU120HC.png\" target=\"_blank\" rel=\"noopener\"><img loading=\"lazy\" decoding=\"async\" class=\"alignnone wp-image-10017\" src=\"https:\/\/westonclimate.pl\/wp-content\/uploads\/2025\/09\/Sert_R290-Inverter-Monoblock-Top-Blow_JMU120HC-212x300.png\" alt=\"\" width=\"66\" height=\"93\" \/><\/a><\/td>\n<td><a href=\"https:\/\/westonclimate.pl\/wp-content\/uploads\/2025\/09\/Sert_R290-Inverter-Monoblock-Top-Blow_JMU150HCJMU150HC3N.png\" target=\"_blank\" rel=\"noopener\"><img loading=\"lazy\" decoding=\"async\" class=\"alignnone wp-image-10018\" src=\"https:\/\/westonclimate.pl\/wp-content\/uploads\/2025\/09\/Sert_R290-Inverter-Monoblock-Top-Blow_JMU150HCJMU150HC3N-210x300.png\" alt=\"\" width=\"72\" height=\"103\" \/><\/a><\/td>\n<td><\/td>\n<\/tr>\n<tr style=\"height: 15.0pt;\">\n<td style=\"height: 15.0pt;\" height=\"20\"><a href=\"https:\/\/westonclimate.com\/wp-content\/uploads\/2026\/02\/ERP-report-of-sky-heat-pump-5kw-JMU50HC.pdf\" target=\"_blank\" rel=\"noopener\"><img loading=\"lazy\" decoding=\"async\" class=\"alignnone size-medium wp-image-11195\" src=\"https:\/\/westonclimate.com\/wp-content\/uploads\/2026\/02\/ERP_Sky_1-205x300.png\" alt=\"\" width=\"205\" height=\"300\" srcset=\"https:\/\/westonclimate.com\/wp-content\/uploads\/2026\/02\/ERP_Sky_1-205x300.png 205w, https:\/\/westonclimate.com\/wp-content\/uploads\/2026\/02\/ERP_Sky_1-8x12.png 8w, https:\/\/westonclimate.com\/wp-content\/uploads\/2026\/02\/ERP_Sky_1-600x876.png 600w, https:\/\/westonclimate.com\/wp-content\/uploads\/2026\/02\/ERP_Sky_1.png 660w\" sizes=\"(max-width: 205px) 100vw, 205px\" \/><\/a><\/td>\n<td><a href=\"https:\/\/westonclimate.com\/wp-content\/uploads\/2026\/02\/ERP-report-of-sky-heat-pump-7kw-JMU70HC.pdf\" target=\"_blank\" rel=\"noopener\"><img loading=\"lazy\" decoding=\"async\" class=\"alignnone size-medium wp-image-11196\" src=\"https:\/\/westonclimate.com\/wp-content\/uploads\/2026\/02\/ERP_Sky_2-210x300.png\" alt=\"\" width=\"210\" height=\"300\" srcset=\"https:\/\/westonclimate.com\/wp-content\/uploads\/2026\/02\/ERP_Sky_2-210x300.png 210w, https:\/\/westonclimate.com\/wp-content\/uploads\/2026\/02\/ERP_Sky_2-716x1024.png 716w, https:\/\/westonclimate.com\/wp-content\/uploads\/2026\/02\/ERP_Sky_2-768x1098.png 768w, https:\/\/westonclimate.com\/wp-content\/uploads\/2026\/02\/ERP_Sky_2-8x12.png 8w, https:\/\/westonclimate.com\/wp-content\/uploads\/2026\/02\/ERP_Sky_2-600x858.png 600w, https:\/\/westonclimate.com\/wp-content\/uploads\/2026\/02\/ERP_Sky_2.png 827w\" sizes=\"(max-width: 210px) 100vw, 210px\" \/><\/a><\/td>\n<td><a href=\"https:\/\/westonclimate.com\/wp-content\/uploads\/2026\/02\/ERP-report-of-sky-heat-pump-9kw-JMU90HC.pdf\" target=\"_blank\" rel=\"noopener\"><img loading=\"lazy\" decoding=\"async\" class=\"alignnone size-medium wp-image-11197\" src=\"https:\/\/westonclimate.com\/wp-content\/uploads\/2026\/02\/ERP_Sky_3-208x300.png\" alt=\"\" width=\"208\" height=\"300\" srcset=\"https:\/\/westonclimate.com\/wp-content\/uploads\/2026\/02\/ERP_Sky_3-208x300.png 208w, https:\/\/westonclimate.com\/wp-content\/uploads\/2026\/02\/ERP_Sky_3-710x1024.png 710w, https:\/\/westonclimate.com\/wp-content\/uploads\/2026\/02\/ERP_Sky_3-768x1108.png 768w, https:\/\/westonclimate.com\/wp-content\/uploads\/2026\/02\/ERP_Sky_3-8x12.png 8w, https:\/\/westonclimate.com\/wp-content\/uploads\/2026\/02\/ERP_Sky_3-600x866.png 600w, https:\/\/westonclimate.com\/wp-content\/uploads\/2026\/02\/ERP_Sky_3.png 818w\" sizes=\"(max-width: 208px) 100vw, 208px\" \/><\/a><\/td>\n<\/tr>\n<tr style=\"height: 15.0pt;\">\n<td style=\"height: 15.0pt;\" height=\"20\"><a href=\"https:\/\/westonclimate.com\/wp-content\/uploads\/2026\/02\/ERP-report-of-sky-heat-pump-12kw-JMU120HC.pdf\" target=\"_blank\" rel=\"noopener\"><img loading=\"lazy\" decoding=\"async\" class=\"alignnone size-medium wp-image-11198\" src=\"https:\/\/westonclimate.com\/wp-content\/uploads\/2026\/02\/ERP_Sky_4-210x300.png\" alt=\"\" width=\"210\" height=\"300\" srcset=\"https:\/\/westonclimate.com\/wp-content\/uploads\/2026\/02\/ERP_Sky_4-210x300.png 210w, https:\/\/westonclimate.com\/wp-content\/uploads\/2026\/02\/ERP_Sky_4-716x1024.png 716w, https:\/\/westonclimate.com\/wp-content\/uploads\/2026\/02\/ERP_Sky_4-768x1098.png 768w, https:\/\/westonclimate.com\/wp-content\/uploads\/2026\/02\/ERP_Sky_4-8x12.png 8w, https:\/\/westonclimate.com\/wp-content\/uploads\/2026\/02\/ERP_Sky_4-600x858.png 600w, https:\/\/westonclimate.com\/wp-content\/uploads\/2026\/02\/ERP_Sky_4.png 825w\" sizes=\"(max-width: 210px) 100vw, 210px\" \/><\/a><\/td>\n<td><a href=\"https:\/\/westonclimate.com\/wp-content\/uploads\/2026\/02\/ERP-report-of-sky-heat-pump-15kw-JMU150HC.pdf\" target=\"_blank\" rel=\"noopener\"><img loading=\"lazy\" decoding=\"async\" class=\"alignnone size-medium wp-image-11199\" src=\"https:\/\/westonclimate.com\/wp-content\/uploads\/2026\/02\/ERP_Sky_5-211x300.png\" alt=\"\" width=\"211\" height=\"300\" srcset=\"https:\/\/westonclimate.com\/wp-content\/uploads\/2026\/02\/ERP_Sky_5-211x300.png 211w, https:\/\/westonclimate.com\/wp-content\/uploads\/2026\/02\/ERP_Sky_5-720x1024.png 720w, https:\/\/westonclimate.com\/wp-content\/uploads\/2026\/02\/ERP_Sky_5-768x1092.png 768w, https:\/\/westonclimate.com\/wp-content\/uploads\/2026\/02\/ERP_Sky_5-8x12.png 8w, https:\/\/westonclimate.com\/wp-content\/uploads\/2026\/02\/ERP_Sky_5-600x853.png 600w, https:\/\/westonclimate.com\/wp-content\/uploads\/2026\/02\/ERP_Sky_5.png 835w\" sizes=\"(max-width: 211px) 100vw, 211px\" \/><\/a><\/td>\n<td><\/td>\n<\/tr>\n<\/tbody>\n<\/table>\n<p>&nbsp;<\/p>","protected":false},"featured_media":8764,"template":"","meta":[],"product_brand":[],"product_cat":[115,63,65,88],"product_tag":[],"class_list":{"0":"post-8751","1":"product","2":"type-product","3":"status-publish","4":"has-post-thumbnail","6":"product_cat-monobloc-weston-r290","7":"product_cat-soojuspumbad","8":"product_cat-soojuspump-monobloc","9":"product_cat-allahindlus","11":"first","12":"instock","13":"taxable","14":"shipping-taxable","15":"purchasable","16":"product-type-variable","17":"has-default-attributes"},"_links":{"self":[{"href":"https:\/\/westonclimate.com\/pt_pt\/wp-json\/wp\/v2\/product\/8751","targetHints":{"allow":["GET"]}}],"collection":[{"href":"https:\/\/westonclimate.com\/pt_pt\/wp-json\/wp\/v2\/product"}],"about":[{"href":"https:\/\/westonclimate.com\/pt_pt\/wp-json\/wp\/v2\/types\/product"}],"version-history":[{"count":29,"href":"https:\/\/westonclimate.com\/pt_pt\/wp-json\/wp\/v2\/product\/8751\/revisions"}],"predecessor-version":[{"id":11605,"href":"https:\/\/westonclimate.com\/pt_pt\/wp-json\/wp\/v2\/product\/8751\/revisions\/11605"}],"wp:featuredmedia":[{"embeddable":true,"href":"https:\/\/westonclimate.com\/pt_pt\/wp-json\/wp\/v2\/media\/8764"}],"wp:attachment":[{"href":"https:\/\/westonclimate.com\/pt_pt\/wp-json\/wp\/v2\/media?parent=8751"}],"wp:term":[{"taxonomy":"product_brand","embeddable":true,"href":"https:\/\/westonclimate.com\/pt_pt\/wp-json\/wp\/v2\/product_brand?post=8751"},{"taxonomy":"product_cat","embeddable":true,"href":"https:\/\/westonclimate.com\/pt_pt\/wp-json\/wp\/v2\/product_cat?post=8751"},{"taxonomy":"product_tag","embeddable":true,"href":"https:\/\/westonclimate.com\/pt_pt\/wp-json\/wp\/v2\/product_tag?post=8751"}],"curies":[{"name":"wp","href":"https:\/\/api.w.org\/{rel}","templated":true}]}}