{"id":8785,"date":"2025-09-09T18:49:43","date_gmt":"2025-09-09T18:49:43","guid":{"rendered":"https:\/\/staging.westonclimate.ee\/?post_type=product&#038;p=8785"},"modified":"2026-02-21T10:12:35","modified_gmt":"2026-02-21T10:12:35","slug":"bomba-de-calor-tudo-em-um-weston-climate-r290-para-producao-economica-de-agua-quente","status":"publish","type":"product","link":"https:\/\/westonclimate.com\/pt_pt\/tooted\/weston-climate-r290-koik-uhes-ohksoojuspump-okonoomseks-sooja-vee-tootmiseks\/","title":{"rendered":"Bomba de calor com fonte de ar Weston Climate R290 tudo-em-um para uma produ\u00e7\u00e3o econ\u00f3mica de \u00e1gua quente"},"content":{"rendered":"<ul>\n<li>Capacidade nominal de aquecimento:<strong>\u00a02,25 kW<\/strong><\/li>\n<li>COP:\u00a0<strong>3,88 w\/w\u00a0<\/strong><\/li>\n<li><strong>Painel LED<\/strong><\/li>\n<li><strong>WiFi incorporado + gest\u00e3o inteligente OTA<\/strong><\/li>\n<li>Tens\u00e3o de alimenta\u00e7\u00e3o:\u00a0<strong>230V (1F)<\/strong><\/li>\n<li>Gama de funcionamento:\u00a0<strong>5 a 45\u00b0C<\/strong><\/li>\n<li>Classe energ\u00e9tica:\u00a0<strong>A+<\/strong><\/li>\n<li>Temperatura da \u00e1gua de sa\u00edda:\u00a0<strong>at\u00e9 70\u00b0C<\/strong><\/li>\n<li>N\u00edvel de ru\u00eddo:<strong>\u00a0at\u00e9 48 dB<\/strong><\/li>\n<li><strong>180 L<\/strong>\u00a0um reservat\u00f3rio de \u00e1gua quente sanit\u00e1ria, e\u00a0<strong>65 L<\/strong>\u00a0amortecedores<\/li>\n<li>Fluxo de ar:\u00a0<strong>250 m\u00b3\/h<\/strong><\/li>\n<\/ul>","protected":false},"excerpt":{"rendered":"<p><a href=\"https:\/\/eprel.ec.europa.eu\/screen\/product\/spaceheaters\/2408008\" target=\"_blank\" rel=\"noopener\">Registo EPREL<\/a><\/p>\n<p>Uma excelente solu\u00e7\u00e3o\u00a0<strong>pequeno, modular, jardim e<\/strong><strong>\u00a0casas de sauna, casas de campo.<\/strong><\/p>\n<p>Preferido por\u00a0<strong>para a produ\u00e7\u00e3o de \u00e1gua quente! <\/strong>O dep\u00f3sito de \u00e1gua \u00e9 de a\u00e7o inoxid\u00e1vel!<\/p>\n<p>Bomba de calor aerot\u00e9rmica tudo-em-um R290\u00a0<strong>fornece a \u00e1gua quente e o aquecimento necess\u00e1rios a um pequeno edif\u00edcio<\/strong>combinando design moderno, fiabilidade e poupan\u00e7a de energia.<\/p>\n<p>&nbsp;<\/p>\n<ul>\n<li><b>Dois tanques de \u00e1gua:<\/b>\u00a0Dep\u00f3sito de \u00e1gua dom\u00e9stica de 180L e dep\u00f3sito tamp\u00e3o de 65L para uma utiliza\u00e7\u00e3o c\u00f3moda e est\u00e1vel da \u00e1gua.<\/li>\n<li><b>Refrigerante natural R290:<\/b>\u00a0uma solu\u00e7\u00e3o ecol\u00f3gica e eficiente para a produ\u00e7\u00e3o de \u00e1gua quente.<\/li>\n<li><b>Capacidade de aquecimento:<\/b>\u00a02,25 kW, tens\u00e3o de funcionamento 230V.<\/li>\n<li><b>Dep\u00f3sito de \u00e1gua em a\u00e7o inoxid\u00e1vel SS316:<\/b>\u00a0uma solu\u00e7\u00e3o duradoura e higi\u00e9nica.<\/li>\n<li><b>Aquecedores auxiliares el\u00e9ctricos (opcional):\u00a0<\/b>1,5kW\/ 3kW para \u00e1gua quente sanit\u00e1ria e 3kW\/ 5kW\/ 8kW para aquecimento ambiente.<\/li>\n<li><b>Lideran\u00e7a inteligente:<\/b>\u00a0Controlo WiFi, actualiza\u00e7\u00f5es OTA, suporte Smart House para casas inteligentes (RS485, Modbus).<\/li>\n<li><b>Alta efici\u00eancia:<\/b>\u00a0COP 3,88, efici\u00eancia energ\u00e9tica A7\/W55 A+, com poupan\u00e7as de energia significativas,\u00a0<strong>a produ\u00e7\u00e3o de \u00e1gua quente com este dispositivo \u00e9 cerca de 4x mais barata do que com uma caldeira el\u00e9ctrica.<\/strong><\/li>\n<li><b>Compressor GMCC:<\/b>\u00a0\u00e9 muito silencioso, garante fiabilidade e uma longa vida \u00fatil.<\/li>\n<li><b>Temperatura elevada da \u00e1gua de sa\u00edda:<\/b>\u00a0at\u00e9 75\u00b0C.<\/li>\n<li><b>Design compacto:<\/b>\u00a0ideal para casas onde o espa\u00e7o de instala\u00e7\u00e3o \u00e9 limitado ou onde se pretende uma solu\u00e7\u00e3o que economize espa\u00e7o.<\/li>\n<li><b>F\u00e1cil instala\u00e7\u00e3o e manuten\u00e7\u00e3o:<\/b>\u00a0um reservat\u00f3rio-tamp\u00e3o integrado e um reservat\u00f3rio de \u00e1gua para uso dom\u00e9stico permitem-lhe poupar espa\u00e7o e custos de instala\u00e7\u00e3o.<\/li>\n<\/ul>\n<p>&nbsp;<\/p>\n<table style=\"border-collapse: collapse; width: 96pt;\" border=\"0\" width=\"128\" cellspacing=\"0\" cellpadding=\"0\">\n<tbody>\n<tr style=\"height: 15.0pt;\">\n<td style=\"height: 15.0pt; width: 48pt;\" width=\"64\" height=\"20\"><a href=\"https:\/\/westonclimate.com\/wp-content\/uploads\/2025\/09\/Sert_Weston-Climate-R290-all-in-one-J12HWH.png\" target=\"_blank\" rel=\"noopener\"><img decoding=\"async\" class=\"alignnone wp-image-10789\" src=\"https:\/\/westonclimate.com\/wp-content\/uploads\/2025\/09\/Sert_Weston-Climate-R290-all-in-one-J12HWH-211x300.png\" alt=\"\" width=\"132\" height=\"187\" srcset=\"https:\/\/westonclimate.com\/wp-content\/uploads\/2025\/09\/Sert_Weston-Climate-R290-all-in-one-J12HWH-211x300.png 211w, https:\/\/westonclimate.com\/wp-content\/uploads\/2025\/09\/Sert_Weston-Climate-R290-all-in-one-J12HWH-719x1024.png 719w, https:\/\/westonclimate.com\/wp-content\/uploads\/2025\/09\/Sert_Weston-Climate-R290-all-in-one-J12HWH-768x1094.png 768w, https:\/\/westonclimate.com\/wp-content\/uploads\/2025\/09\/Sert_Weston-Climate-R290-all-in-one-J12HWH-8x12.png 8w, https:\/\/westonclimate.com\/wp-content\/uploads\/2025\/09\/Sert_Weston-Climate-R290-all-in-one-J12HWH-600x855.png 600w, https:\/\/westonclimate.com\/wp-content\/uploads\/2025\/09\/Sert_Weston-Climate-R290-all-in-one-J12HWH.png 902w\" sizes=\"(max-width: 132px) 100vw, 132px\" \/><\/a><\/td>\n<td style=\"width: 48pt;\" width=\"64\"><a href=\"https:\/\/westonclimate.com\/wp-content\/uploads\/2026\/02\/ERP-J12HWH.pdf\" target=\"_blank\" rel=\"noopener\"><img fetchpriority=\"high\" decoding=\"async\" class=\"alignnone size-medium wp-image-11263\" src=\"https:\/\/westonclimate.com\/wp-content\/uploads\/2026\/02\/ERP_J12HWH-213x300.png\" alt=\"\" width=\"213\" height=\"300\" srcset=\"https:\/\/westonclimate.com\/wp-content\/uploads\/2026\/02\/ERP_J12HWH-213x300.png 213w, https:\/\/westonclimate.com\/wp-content\/uploads\/2026\/02\/ERP_J12HWH-726x1024.png 726w, https:\/\/westonclimate.com\/wp-content\/uploads\/2026\/02\/ERP_J12HWH-768x1083.png 768w, https:\/\/westonclimate.com\/wp-content\/uploads\/2026\/02\/ERP_J12HWH-9x12.png 9w, https:\/\/westonclimate.com\/wp-content\/uploads\/2026\/02\/ERP_J12HWH-600x846.png 600w, https:\/\/westonclimate.com\/wp-content\/uploads\/2026\/02\/ERP_J12HWH.png 840w\" sizes=\"(max-width: 213px) 100vw, 213px\" \/><\/a><\/td>\n<\/tr>\n<\/tbody>\n<\/table>\n<p>&nbsp;<\/p>","protected":false},"featured_media":8794,"template":"","meta":[],"product_brand":[],"product_cat":[261,63,260,88],"product_tag":[],"class_list":{"0":"post-8785","1":"product","2":"type-product","3":"status-publish","4":"has-post-thumbnail","6":"product_cat-r290-2","7":"product_cat-soojuspumbad","8":"product_cat-soojuspump-boiler","9":"product_cat-allahindlus","11":"first","12":"instock","13":"taxable","14":"shipping-taxable","15":"purchasable","16":"product-type-variable"},"_links":{"self":[{"href":"https:\/\/westonclimate.com\/pt_pt\/wp-json\/wp\/v2\/product\/8785","targetHints":{"allow":["GET"]}}],"collection":[{"href":"https:\/\/westonclimate.com\/pt_pt\/wp-json\/wp\/v2\/product"}],"about":[{"href":"https:\/\/westonclimate.com\/pt_pt\/wp-json\/wp\/v2\/types\/product"}],"version-history":[{"count":12,"href":"https:\/\/westonclimate.com\/pt_pt\/wp-json\/wp\/v2\/product\/8785\/revisions"}],"predecessor-version":[{"id":11265,"href":"https:\/\/westonclimate.com\/pt_pt\/wp-json\/wp\/v2\/product\/8785\/revisions\/11265"}],"wp:featuredmedia":[{"embeddable":true,"href":"https:\/\/westonclimate.com\/pt_pt\/wp-json\/wp\/v2\/media\/8794"}],"wp:attachment":[{"href":"https:\/\/westonclimate.com\/pt_pt\/wp-json\/wp\/v2\/media?parent=8785"}],"wp:term":[{"taxonomy":"product_brand","embeddable":true,"href":"https:\/\/westonclimate.com\/pt_pt\/wp-json\/wp\/v2\/product_brand?post=8785"},{"taxonomy":"product_cat","embeddable":true,"href":"https:\/\/westonclimate.com\/pt_pt\/wp-json\/wp\/v2\/product_cat?post=8785"},{"taxonomy":"product_tag","embeddable":true,"href":"https:\/\/westonclimate.com\/pt_pt\/wp-json\/wp\/v2\/product_tag?post=8785"}],"curies":[{"name":"wp","href":"https:\/\/api.w.org\/{rel}","templated":true}]}}