{"id":8804,"date":"2025-09-10T06:22:29","date_gmt":"2025-09-10T06:22:29","guid":{"rendered":"https:\/\/staging.westonclimate.ee\/?post_type=product&#038;p=8804"},"modified":"2025-10-29T10:46:11","modified_gmt":"2025-10-29T10:46:11","slug":"sistema-de-ventilacao-com-recuperacao-de-calor-montado-na-parede-weston-climate","status":"publish","type":"product","link":"https:\/\/westonclimate.com\/pt_pt\/tooted\/weston-climate-seinale-kinnitatav-soojustagastusega-ventilatsioonisusteem\/","title":{"rendered":"Sistema de ventila\u00e7\u00e3o com recupera\u00e7\u00e3o de calor montado na parede Weston Climate"},"content":{"rendered":"<p><strong>Carater\u00edsticas:<\/strong><\/p>\n<ul>\n<li><strong>Automa\u00e7\u00e3o do ciclo de ar CO2 \/ PM2.5 \/ COV<\/strong><\/li>\n<li><strong>Fluxo de ar:<\/strong> at\u00e9 150 m\u00b3\/h, efici\u00eancia energ\u00e9tica e funcionamento silencioso<\/li>\n<li><strong>Aquecedor incorporado:<\/strong>\u00a0200W (opcional)<\/li>\n<li><strong>Lideran\u00e7a inteligente:<\/strong>\u00a0fun\u00e7\u00e3o de temporizador<\/li>\n<li><strong>CO2\/PM2.5\/Humidade\/Temperatura\/VOCs<\/strong>\u00a0dados do sensor\u00a0<strong>visualiza\u00e7\u00e3o no ecr\u00e3<\/strong><\/li>\n<li><strong>CO2 \/ PM2.5 \/ VOC<\/strong>\u00a0par\u00e2metros\u00a0<strong>op\u00e7\u00e3o de configura\u00e7\u00e3o<\/strong><\/li>\n<li><strong>Liga\u00e7\u00e3o WiFi e controlo remoto<\/strong>\u00a0por API<\/li>\n<li>Diversos<strong>\u00a0taxas de ventila\u00e7\u00e3o<\/strong><\/li>\n<li><strong>Modos de controlo autom\u00e1tico e manual<\/strong><\/li>\n<li><strong>Monitoriza\u00e7\u00e3o da vida \u00fatil do filtro e notifica\u00e7\u00f5es de limpeza e substitui\u00e7\u00e3o<\/strong><\/li>\n<li><strong>Gama de funcionamento em termos de temperatura<\/strong>: -35 a +50\u00b0C<\/li>\n<li><strong>Temperatura do ar de sa\u00edda<\/strong>: +5 a +40\u00b0C<\/li>\n<li><strong>Di\u00e2metro do tubo de ventila\u00e7\u00e3o<\/strong>: 110mm<\/li>\n<\/ul>","protected":false},"excerpt":{"rendered":"<p><b>Um sistema de ventila\u00e7\u00e3o simples, r\u00e1pido e f\u00e1cil de instalar<\/b>que garantir\u00e1 um ar fresco e limpo nas suas instala\u00e7\u00f5es todos os dias!<\/p>\n<p><strong>Aparelho muito silencioso!<\/strong><\/p>\n<ul>\n<li><strong>Adequado tanto para espa\u00e7os residenciais como para espa\u00e7os industriais mais pequenos.<\/strong><\/li>\n<li>Duas s\u00e9ries: BG150N\/BG150N-F (com op\u00e7\u00e3o de aquecimento incorporado), BG150R\/BG150R-F (com ventilador de isolamento).<\/li>\n<li><strong>Fluxo de ar m\u00e1ximo:<\/strong>\u00a0at\u00e9 150 m\u00b3\/h, efici\u00eancia energ\u00e9tica e funcionamento silencioso.<\/li>\n<li><strong>A temperatura do ar exterior mant\u00e9m-se entre +5 \u00b0C e +40 \u00b0C.<\/strong>, dependendo do modo de funcionamento - <strong>aquecimento, arrefecimento ou ventila\u00e7\u00e3o.<\/strong> O dispositivo garante um clima interior confort\u00e1vel tanto em climas frios como quentes e... <strong>ajustar a temperatura do ar conforme necess\u00e1rio.<\/strong><\/li>\n<li><strong>O dispositivo funciona a temperaturas exteriores de -35 \u00b0C a +50 \u00b0C. <\/strong>A temperaturas muito baixas, de -35 \u00b0C a -18 \u00b0C, <strong>\u00e9 necess\u00e1rio um modelo de pr\u00e9-aquecimento<\/strong>. \u00c9 importante saber que o aparelho n\u00e3o substitui o sistema de aquecimento.<\/li>\n<li><strong>Combina\u00e7\u00e3o de filtros<\/strong>: pr\u00e9-filtro + carv\u00e3o vegetal + HEPA:\u00a0<strong>garante um ar limpo e protege a sa\u00fade\u00a0<\/strong>(inclu\u00eddo). Filtro anti-al\u00e9rgico tamb\u00e9m dispon\u00edvel.<\/li>\n<li><strong>F\u00e1cil de instalar<\/strong>\u00a0parede,\u00a0<strong>velocidade de ventila\u00e7\u00e3o ajust\u00e1vel<\/strong>\u00a0e\u00a0<strong>sensores autom\u00e1ticos de qualidade do ar<\/strong>\u00a0(PM2.5, CO\u2082, COV) (inclu\u00eddo).<\/li>\n<li><strong>Lideran\u00e7a inteligente<\/strong>: ecr\u00e3 t\u00e1til a cores, fun\u00e7\u00e3o de temporizador e liga\u00e7\u00e3o Wi-Fi com uma aplica\u00e7\u00e3o inteligente.<\/li>\n<li><strong>Manuten\u00e7\u00e3o f\u00e1cil<\/strong>: limpeza e substitui\u00e7\u00e3o dos filtros, se necess\u00e1rio.<\/li>\n<\/ul>\n<p><b>Traga ar limpo e fresco para as suas instala\u00e7\u00f5es!<\/b><\/p>","protected":false},"featured_media":8908,"template":"","meta":[],"product_brand":[],"product_cat":[124,35],"product_tag":[],"class_list":{"0":"post-8804","1":"product","2":"type-product","3":"status-publish","4":"has-post-thumbnail","6":"product_cat-lokaalsed","7":"product_cat-ventilatsiooniseadmed","9":"first","10":"instock","11":"taxable","12":"shipping-taxable","13":"purchasable","14":"product-type-variable","15":"has-default-attributes"},"_links":{"self":[{"href":"https:\/\/westonclimate.com\/pt_pt\/wp-json\/wp\/v2\/product\/8804","targetHints":{"allow":["GET"]}}],"collection":[{"href":"https:\/\/westonclimate.com\/pt_pt\/wp-json\/wp\/v2\/product"}],"about":[{"href":"https:\/\/westonclimate.com\/pt_pt\/wp-json\/wp\/v2\/types\/product"}],"version-history":[{"count":7,"href":"https:\/\/westonclimate.com\/pt_pt\/wp-json\/wp\/v2\/product\/8804\/revisions"}],"predecessor-version":[{"id":10171,"href":"https:\/\/westonclimate.com\/pt_pt\/wp-json\/wp\/v2\/product\/8804\/revisions\/10171"}],"wp:featuredmedia":[{"embeddable":true,"href":"https:\/\/westonclimate.com\/pt_pt\/wp-json\/wp\/v2\/media\/8908"}],"wp:attachment":[{"href":"https:\/\/westonclimate.com\/pt_pt\/wp-json\/wp\/v2\/media?parent=8804"}],"wp:term":[{"taxonomy":"product_brand","embeddable":true,"href":"https:\/\/westonclimate.com\/pt_pt\/wp-json\/wp\/v2\/product_brand?post=8804"},{"taxonomy":"product_cat","embeddable":true,"href":"https:\/\/westonclimate.com\/pt_pt\/wp-json\/wp\/v2\/product_cat?post=8804"},{"taxonomy":"product_tag","embeddable":true,"href":"https:\/\/westonclimate.com\/pt_pt\/wp-json\/wp\/v2\/product_tag?post=8804"}],"curies":[{"name":"wp","href":"https:\/\/api.w.org\/{rel}","templated":true}]}}