{"id":8974,"date":"2025-09-17T10:44:42","date_gmt":"2025-09-17T10:44:42","guid":{"rendered":"https:\/\/staging.westonclimate.ee\/?post_type=product&#038;p=8974"},"modified":"2026-01-30T17:10:43","modified_gmt":"2026-01-30T17:10:43","slug":"weston-climate-jbt-seeria-80l-akumulatsioonipaak","status":"publish","type":"product","link":"https:\/\/westonclimate.com\/pt_pt\/tooted\/tanque-de-acumulacao-weston-climate-jbt-serie-80l\/","title":{"rendered":"Weston Climate JBT S\u00e9rie 80L-1000L Tanque de acumula\u00e7\u00e3o"},"content":{"rendered":"<ul>\n<li>Capacidade do dep\u00f3sito de \u00e1gua: 80 L<\/li>\n<li>Capacidade efectiva do dep\u00f3sito interior (90%): \u226572 L<\/li>\n<li>Material do dep\u00f3sito interior: SUS 304\/a\u00e7o inoxid\u00e1vel.<\/li>\n<li>Esperan\u00e7a de vida: 55 anos<\/li>\n<li>Temperatura da \u00e1gua: m\u00e1ximo 95 \u00b0C<\/li>\n<li>Di\u00e2metro interior: 370 mm<\/li>\n<li>Di\u00e2metro exterior: 470 mm<\/li>\n<li>Peso l\u00edquido: 24 kg<\/li>\n<li>Peso bruto (G.W): 28 kg<\/li>\n<li>Dimens\u00f5es do produto: 470 \u00d7 850 mm<\/li>\n<li>Dimens\u00f5es da embalagem: 950 \u00d7 550 \u00d7 550 mm<\/li>\n<li>Press\u00e3o de funcionamento: 0,7 MPa<\/li>\n<li>Press\u00e3o de ensaio: 1,25 MPa<\/li>\n<\/ul>","protected":false},"excerpt":{"rendered":"<p><strong>Weston Climate JBT S\u00e9rie 80L-1000L Tanque de acumula\u00e7\u00e3o<\/strong>\u00a0\u00e9 concebido como um amortecedor entre a bomba de calor e o sistema de aquecimento.<\/p>\n<p>O dep\u00f3sito \u00e9 feito de <strong>a\u00e7o inoxid\u00e1vel<\/strong> (SUS 304).<\/p>\n<p><strong>O produto tem uma vida \u00fatil de mais de 55 anos.<\/strong> O produto tem uma garantia de 10 anos.<\/p>\n<p>O reservat\u00f3rio \u00e9 isolado e coberto com chapa de a\u00e7o pintada. O reservat\u00f3rio pode ser montado na parede e foi concebido para uma temperatura m\u00e1xima da \u00e1gua de 95 \u00b0C.<\/p>\n<p><strong data-start=\"653\" data-end=\"700\">80L DE PRODUTO EM STOCK! <\/strong><strong data-start=\"653\" data-end=\"700\">HIND 351\u20ac +km.<\/strong><\/p>\n<p><strong data-start=\"653\" data-end=\"700\"> PE\u00c7A UMA OFERTA PARA OUTROS TAMANHOS!<\/strong><\/p>","protected":false},"featured_media":8976,"template":"","meta":[],"product_brand":[],"product_cat":[258,211],"product_tag":[],"class_list":{"0":"post-8974","1":"product","2":"type-product","3":"status-publish","4":"has-post-thumbnail","6":"product_cat-paagid-ja-boilerid","7":"product_cat-lisaseadmed","9":"first","10":"instock","11":"taxable","12":"shipping-taxable","13":"purchasable","14":"product-type-simple"},"_links":{"self":[{"href":"https:\/\/westonclimate.com\/pt_pt\/wp-json\/wp\/v2\/product\/8974","targetHints":{"allow":["GET"]}}],"collection":[{"href":"https:\/\/westonclimate.com\/pt_pt\/wp-json\/wp\/v2\/product"}],"about":[{"href":"https:\/\/westonclimate.com\/pt_pt\/wp-json\/wp\/v2\/types\/product"}],"version-history":[{"count":6,"href":"https:\/\/westonclimate.com\/pt_pt\/wp-json\/wp\/v2\/product\/8974\/revisions"}],"predecessor-version":[{"id":11015,"href":"https:\/\/westonclimate.com\/pt_pt\/wp-json\/wp\/v2\/product\/8974\/revisions\/11015"}],"wp:featuredmedia":[{"embeddable":true,"href":"https:\/\/westonclimate.com\/pt_pt\/wp-json\/wp\/v2\/media\/8976"}],"wp:attachment":[{"href":"https:\/\/westonclimate.com\/pt_pt\/wp-json\/wp\/v2\/media?parent=8974"}],"wp:term":[{"taxonomy":"product_brand","embeddable":true,"href":"https:\/\/westonclimate.com\/pt_pt\/wp-json\/wp\/v2\/product_brand?post=8974"},{"taxonomy":"product_cat","embeddable":true,"href":"https:\/\/westonclimate.com\/pt_pt\/wp-json\/wp\/v2\/product_cat?post=8974"},{"taxonomy":"product_tag","embeddable":true,"href":"https:\/\/westonclimate.com\/pt_pt\/wp-json\/wp\/v2\/product_tag?post=8974"}],"curies":[{"name":"wp","href":"https:\/\/api.w.org\/{rel}","templated":true}]}}