{"id":8980,"date":"2025-09-17T11:03:54","date_gmt":"2025-09-17T11:03:54","guid":{"rendered":"https:\/\/staging.westonclimate.ee\/?post_type=product&#038;p=8980"},"modified":"2026-01-30T13:28:22","modified_gmt":"2026-01-30T13:28:22","slug":"aquecedor-de-agua-weston-climate-200l","status":"publish","type":"product","link":"https:\/\/westonclimate.com\/pt_pt\/tooted\/weston-climate-200l-soojaveeboiler\/","title":{"rendered":"Aquecedor de \u00e1gua Weston Climate 200L-1000L"},"content":{"rendered":"<ul>\n<li>Capacidade efectiva do dep\u00f3sito interno: 90% \u2265185 L<\/li>\n<li>Espessura do dep\u00f3sito interior: 1,20 mm<\/li>\n<li>M\u00e9todo de instala\u00e7\u00e3o: montagem no ch\u00e3o<\/li>\n<li>Esperan\u00e7a de vida: 55+ anos<\/li>\n<li>Di\u00e2metro interior: 420 mm<\/li>\n<li>Di\u00e2metro exterior: 520 mm<\/li>\n<li>Material da cobertura exterior: a\u00e7o pintado<\/li>\n<li>Espessura da tampa exterior: 0,45 mm<\/li>\n<li>Espessura do isolamento (poliuretano sem CFC): 50 mm<\/li>\n<li>Perda de calor permanente (W): 6\u2103<\/li>\n<li>Material do permutador de calor para tubos: a\u00e7o inoxid\u00e1vel SUS 316.<\/li>\n<li>Soojusvaheti toru m\u00f5\u00f5t: G3\/4&#8243; \u03a625*0,31 mm, \u00fchendus tagak\u00fcljelt<\/li>\n<li>Soojusvaheti toru l\u00e4bim\u00f5\u00f5t: G1&#8243; v\u00e4line keere (toll)<\/li>\n<li>Comprimento do tubo do permutador de calor: 25 m<\/li>\n<li>Superf\u00edcie de transfer\u00eancia de calor: 2,26 m\u00b2<\/li>\n<li>Capacidade do tubo permutador de calor: 1,35 L<\/li>\n<li>Press\u00e3o de funcionamento do permutador de calor: 0,6 MPa<\/li>\n<li>Temperatura m\u00e1xima do permutador de calor (Co): 75 \u2103<\/li>\n<li>Elektriline k\u00fcttekeha (EHE): G1&#8242; sisekeere<\/li>\n<li>Temperatura m\u00e1xima da \u00e1gua: 60 \u2103<\/li>\n<li>Term\u00f3stato mec\u00e2nico: opcional<\/li>\n<li>Di\u00e2metro do sensor de temperatura: 12\/150mm<\/li>\n<li>K\u00fcttekeha \u00e4\u00e4riku l\u00e4bim\u00f5\u00f5t: G1&#8242; sisekeere<\/li>\n<li>Ringluss\u00fcsteemi v\u00e4ljalaskeava: G1&#8242; v\u00e4line keere<\/li>\n<li>Torude l\u00e4bim\u00f5\u00f5t (k\u00fclm\/soe vesi): G1&#8242; v\u00e4line keere<\/li>\n<li>Magneesiumanood: l\u00e4bim\u00f5\u00f5t 18*220 mm, sisseehitatud k\u00fcljele G3\/4&#8243;<\/li>\n<li>Resist\u00eancia \u00e0 \u00e1gua (IP): X4<\/li>\n<li>Classe de seguran\u00e7a el\u00e9ctrica: I (primeira)<\/li>\n<li>Press\u00e3o de funcionamento: 0,7 MPa<\/li>\n<li>Press\u00e3o de ensaio 1,25 MPa<\/li>\n<li>V\u00e1lvula de seguran\u00e7a (0,8 MPa): inclu\u00edda<\/li>\n<li>P\u00e9s de apoio (borracha): inclu\u00eddos<\/li>\n<li>Peso l\u00edquido: 38 kg<\/li>\n<li>Peso bruto: 44 kg<\/li>\n<li>Dimens\u00f5es da embalagem: 1560\u00d7600\u00d7600mm<\/li>\n<\/ul>","protected":false},"excerpt":{"rendered":"<p data-start=\"0\" data-end=\"348\"><strong data-start=\"0\" data-end=\"34\">Caldeira de \u00e1gua quente WESTON CLIMATE 200L<\/strong>\u00a0- caldeira montada no ch\u00e3o com uma capacidade \u00fatil de 185L e um dep\u00f3sito interior feito de a\u00e7o inoxid\u00e1vel dur\u00e1vel (SUS 316). O tanque \u00e9 coberto com um isolamento sem CFC de 50 mm de espessura, que \u00e9\u00a0<strong>reduz a perda de calor e\u00a0<\/strong><strong>mant\u00e9m a \u00e1gua quente durante muito tempo.<\/strong>\u00a0O corpo exterior pintado \u00e9 feito de a\u00e7o resistente e dur\u00e1vel, o dep\u00f3sito interior tem 1,2 mm de espessura.<\/p>\n<p data-start=\"350\" data-end=\"651\">A caldeira tem um \u00e2nodo de magn\u00e9sio incorporado que. <strong>protege o dep\u00f3sito interior contra a corros\u00e3o e a incrusta\u00e7\u00e3o<\/strong>Tanto nas paredes interiores da caldeira como no aquecedor.<\/p>\n<p data-start=\"350\" data-end=\"651\">Al\u00e9m disso, a v\u00e1lvula de seguran\u00e7a e a conce\u00e7\u00e3o robusta garantem a fiabilidade do dispositivo.<\/p>\n<p data-start=\"350\" data-end=\"651\"><strong>Vida \u00fatil do produto 55+ anos! <\/strong>O dep\u00f3sito interior est\u00e1 coberto por uma garantia de 10 anos e a caldeira como um todo por uma garantia de 2 anos.<\/p>\n<p data-start=\"653\" data-end=\"702\"><strong data-start=\"653\" data-end=\"700\">200L DE PRODUTO EM STOCK! <\/strong><strong data-start=\"653\" data-end=\"700\">HIND 998\u20ac +km <\/strong><\/p>\n<div class=\"elementor-element elementor-element-6aa9c580 elementor-widget elementor-widget-woocommerce-product-short-description\" data-id=\"6aa9c580\" data-element_type=\"widget\" data-widget_type=\"woocommerce-product-short-description.default\">\n<div class=\"elementor-widget-container\">\n<div class=\"woocommerce-product-details__short-description\">\n<p><strong data-start=\"653\" data-end=\"700\">PE\u00c7A UMA OFERTA PARA OUTROS TAMANHOS!<\/strong><\/p>\n<\/div>\n<\/div>\n<\/div>","protected":false},"featured_media":8981,"template":"","meta":[],"product_brand":[],"product_cat":[258,211],"product_tag":[],"class_list":{"0":"post-8980","1":"product","2":"type-product","3":"status-publish","4":"has-post-thumbnail","6":"product_cat-paagid-ja-boilerid","7":"product_cat-lisaseadmed","9":"first","10":"instock","11":"taxable","12":"shipping-taxable","13":"purchasable","14":"product-type-simple"},"_links":{"self":[{"href":"https:\/\/westonclimate.com\/pt_pt\/wp-json\/wp\/v2\/product\/8980","targetHints":{"allow":["GET"]}}],"collection":[{"href":"https:\/\/westonclimate.com\/pt_pt\/wp-json\/wp\/v2\/product"}],"about":[{"href":"https:\/\/westonclimate.com\/pt_pt\/wp-json\/wp\/v2\/types\/product"}],"version-history":[{"count":7,"href":"https:\/\/westonclimate.com\/pt_pt\/wp-json\/wp\/v2\/product\/8980\/revisions"}],"predecessor-version":[{"id":11017,"href":"https:\/\/westonclimate.com\/pt_pt\/wp-json\/wp\/v2\/product\/8980\/revisions\/11017"}],"wp:featuredmedia":[{"embeddable":true,"href":"https:\/\/westonclimate.com\/pt_pt\/wp-json\/wp\/v2\/media\/8981"}],"wp:attachment":[{"href":"https:\/\/westonclimate.com\/pt_pt\/wp-json\/wp\/v2\/media?parent=8980"}],"wp:term":[{"taxonomy":"product_brand","embeddable":true,"href":"https:\/\/westonclimate.com\/pt_pt\/wp-json\/wp\/v2\/product_brand?post=8980"},{"taxonomy":"product_cat","embeddable":true,"href":"https:\/\/westonclimate.com\/pt_pt\/wp-json\/wp\/v2\/product_cat?post=8980"},{"taxonomy":"product_tag","embeddable":true,"href":"https:\/\/westonclimate.com\/pt_pt\/wp-json\/wp\/v2\/product_tag?post=8980"}],"curies":[{"name":"wp","href":"https:\/\/api.w.org\/{rel}","templated":true}]}}