{"id":3532,"date":"2024-06-18T14:27:19","date_gmt":"2024-06-18T14:27:19","guid":{"rendered":"https:\/\/wmdcompany.eu\/?page_id=3532"},"modified":"2025-09-24T07:01:31","modified_gmt":"2025-09-24T07:01:31","slug":"muugitingimused","status":"publish","type":"page","link":"https:\/\/westonclimate.com\/sv\/villkor-och-anvisningar\/","title":{"rendered":"Villkor f\u00f6r f\u00f6rs\u00e4ljning"},"content":{"rendered":"<div data-elementor-type=\"wp-page\" data-elementor-id=\"3532\" class=\"elementor elementor-3532\" data-elementor-post-type=\"page\">\n\t\t\t\t<div class=\"elementor-element elementor-element-273dbb49 e-flex e-con-boxed wpr-particle-no wpr-jarallax-no wpr-parallax-no wpr-sticky-section-no wpr-equal-height-no e-con e-parent\" data-id=\"273dbb49\" data-element_type=\"container\" data-e-type=\"container\">\n\t\t\t\t\t<div class=\"e-con-inner\">\n\t\t\t\t<div class=\"elementor-element elementor-element-6e2af5c0 elementor-widget elementor-widget-text-editor\" data-id=\"6e2af5c0\" data-element_type=\"widget\" data-e-type=\"widget\" data-widget_type=\"text-editor.default\">\n\t\t\t\t<div class=\"elementor-widget-container\">\n\t\t\t\t\t\t\t\t\t<h1 id=\"veebipoe-m\u00fc\u00fcgitingimused\">Villkor och anvisningar f\u00f6r f\u00f6rs\u00e4ljning<\/h1><p>Onlinebutik <a href=\"https:\/\/westonclimate.com\/sv\/\" target=\"_blank\" rel=\"noopener\">www.westonclimate.com<\/a>\u00a0(nedan kallad webbutiken) \u00e4gs av O\u00dc WMD Company (registreringsnummer 16170164), med s\u00e4te p\u00e5 Vabadust pst 174b, Tallinn, 10917 Harjumaa, Estland.<\/p><p><strong><br \/>Giltigheten av k\u00f6peavtalet, kommersiell information och prisinformation<\/strong><\/p><p>F\u00f6rs\u00e4ljningsvillkoren g\u00e4ller f\u00f6r k\u00f6p av varor fr\u00e5n Online Shop.<\/p><p>Priserna p\u00e5 de produkter som s\u00e4ljs i webbutiken anges tillsammans med produkterna. Priset \u00e4r f\u00f6rem\u00e5l f\u00f6r en leveransavgift. Alla priser p\u00e5 varor som s\u00e4ljs i onlinebutiken anges i euro.<\/p><p>Leveransavgiften beror p\u00e5 var k\u00f6paren befinner sig och vilken leveransmetod som anv\u00e4nds. Leveranskostnaden visas f\u00f6r k\u00f6paren n\u00e4r best\u00e4llningen g\u00f6rs.<\/p><p>Information om varorna finns i Online Shop i direkt anslutning till varorna.<\/p><p><strong><br \/>L\u00e4gga en order<\/strong><\/p><p>F\u00f6r att best\u00e4lla m\u00e5ste du l\u00e4gga de produkter du vill ha i din kundvagn. F\u00f6r att kunna g\u00f6ra en best\u00e4llning m\u00e5ste du fylla i de obligatoriska f\u00e4lten och v\u00e4lja l\u00e4mplig leveransmetod. Avgiftsbeloppet kommer sedan att visas p\u00e5 sk\u00e4rmen, som kan betalas s\u00e4kert genom f\u00f6ljande betalningsmetoder:<\/p><ul><li><a href=\"https:\/\/maksekeskus.ee\/service\/kaardimaksed\/\" target=\"_blank\" rel=\"noopener\">Betalningar med Visa\/Mastercard-kort<\/a><\/li><li>Estniska bankbetalningar: Swedbank, SEB, Luminor, LHV, Coop Pank, Citadele, Revolut, N26.<\/li><li>Estniskt presentkort: Kniks<\/li><li><a href=\"https:\/\/maksekeskus.ee\/service\/maksa-hiljem-lahendused\/\" target=\"_blank\" rel=\"noopener\">Estland betala senare l\u00f6sningar<\/a>: Esto avbetalning, Esto 3, Inbank avbetalning<\/li><li>Lettiska bankbetalningar: Swedbank, SEB, Citadele, Luminor, Revolut, N26.<\/li><li>Lettiskt presentkort: Kniks<\/li><li><a href=\"https:\/\/maksekeskus.ee\/service\/maksa-hiljem-lahendused\/\" target=\"_blank\" rel=\"noopener\">Lettland f\u00e5r betala f\u00f6r senare l\u00f6sningar<\/a>: Avbetalning i bank<\/li><li>Bankbetalningar i Litauen: Swedbank, SEB, Urbo, LKU, Citadele, \u0160iauliu, Luminor, Revolut, N26.<\/li><li>Litauiskt presentkort: Kniks<\/li><li><a href=\"https:\/\/maksekeskus.ee\/service\/maksa-hiljem-lahendused\/\" target=\"_blank\" rel=\"noopener\">Litauen f\u00e5r betala f\u00f6r senare l\u00f6sningar<\/a>: Avbetalning i bank<\/li><li>Bankbetalningar i Finland: Nordea, Nordea Business, Danske Bank, OP Pohjola, Alandsbanken, Handelsbanken, S-Pankki, Oma S\u00e4\u00e4st\u00f6pankki, S\u00e4\u00e4st\u00f6pankki, POP Pankki, Revolut, N26.<\/li><li>Finskt presentkort: Kniks<\/li><li>Apple Pay<\/li><\/ul><p>OBS: N\u00e4r du betalar med bank\u00f6verf\u00f6ring, se till att klicka p\u00e5 knappen \"Tillbaka till handlaren\" p\u00e5 banksidan.<\/p><p>Betalningar f\u00f6rmedlade av <a href=\"http:\/\/www.maksekeskus.ee\/\" target=\"_blank\" rel=\"noopener noreferrer\">Betalningscenter AS<\/a>. Betalning sker utanf\u00f6r webbutiken i en s\u00e4ker milj\u00f6 - vid betalning via bank\u00f6verf\u00f6ring i den s\u00e4kra milj\u00f6n hos respektive bank och vid betalning med kreditkort i den s\u00e4kra milj\u00f6n hos Maksekeskus AS. S\u00e4ljaren har inte tillg\u00e5ng till kundens bank- och kreditkortsuppgifter. Avtalet tr\u00e4der i kraft fr\u00e5n och med dagen f\u00f6r mottagandet av det belopp som ska betalas p\u00e5 Online Shopens l\u00f6pande konto.<\/p><p>\u00c4garen till webbutiken \u00e4r personuppgiftsansvarig och vidarebefordrar de personuppgifter som \u00e4r n\u00f6dv\u00e4ndiga f\u00f6r att genomf\u00f6ra betalningar till personuppgiftsbitr\u00e4det Maksekeskus AS.<\/p><p>Om de best\u00e4llda varorna inte kan levereras p\u00e5 grund av att leveransperioden har l\u00f6pt ut eller av n\u00e5gon annan anledning, kommer k\u00f6paren att informeras s\u00e5 snart som m\u00f6jligt och de betalda pengarna (inklusive leveranskostnader) kommer att \u00e5terbetalas omedelbart, men inte senare \u00e4n 14 dagar efter meddelandet.<\/p><p><strong><br \/>Leverans till<\/strong><\/p><p>Varorna skickas till Estland, Lettland och Litauen.<\/p><p>F\u00f6r att h\u00e4mta varorna har k\u00f6paren f\u00f6ljande alternativ: Venipak-kurir, paketautomater (Itella Smartpost, Omniva, DPD), m\u00f6jlighet att h\u00e4mta varorna sj\u00e4lva.<\/p><p>Fraktkostnaderna b\u00e4rs av k\u00f6paren och motsvarande prisinformation visas med fraktmetoden.<\/p><p>F\u00f6rs\u00e4ndelser inom Estland anl\u00e4nder normalt till den av k\u00f6paren angivna destinationen inom 10 arbetsdagar fr\u00e5n det att k\u00f6peavtalet tr\u00e4tt i kraft. Utanf\u00f6r Estland sker leveransen inom 10 arbetsdagar.<\/p><p>I undantagsfall har du r\u00e4tt att f\u00e5 varan levererad inom upp till 45 kalenderdagar.<\/p><p><strong><br \/>\u00c5ngerr\u00e4tt<\/strong><\/p><p>Efter mottagandet av best\u00e4llningen har k\u00f6paren r\u00e4tt att fr\u00e5ntr\u00e4da e-avtalet inom 14 dagar.<\/p><p>\u00c5ngerr\u00e4tten g\u00e4ller inte om k\u00f6paren \u00e4r en juridisk person.<\/p><p>F\u00f6r att kunna utnyttja den 14-dagars \u00e5ngerr\u00e4tten f\u00e5r de best\u00e4llda varorna inte anv\u00e4ndas p\u00e5 annat s\u00e4tt \u00e4n vad som \u00e4r n\u00f6dv\u00e4ndigt f\u00f6r att fastst\u00e4lla varornas art, egenskaper och funktion, p\u00e5 samma s\u00e4tt som \u00e4r till\u00e5tet f\u00f6r att testa varorna i en fysisk butik.<\/p><p>Om varorna har anv\u00e4nts f\u00f6r andra \u00e4ndam\u00e5l \u00e4n vad som \u00e4r n\u00f6dv\u00e4ndigt f\u00f6r att fastst\u00e4lla varornas art, egenskaper och funktion, eller om varorna visar tecken p\u00e5 anv\u00e4ndning eller slitage, har Onlinebutiken r\u00e4tt att minska den \u00e5terbetalningsbara avgiften i enlighet med minskningen av varornas v\u00e4rde.<\/p><p>F\u00f6r att kunna returnera varor m\u00e5ste du skicka in en \u00e5ngerblankett som du hittar h\u00e4r: <a href=\"https:\/\/westonclimate.com\/sv\/5564-2\/\" target=\"_blank\" rel=\"noopener\"><em>Meddelande om \u00e5terkallelse<\/em>\u00a0<\/a>och skicka den till sales@westonclimate.com inom 14 dagar efter mottagandet av varorna.<\/p><p>Kostnaden f\u00f6r att returnera varorna b\u00e4rs av k\u00f6paren, s\u00e5vida inte sk\u00e4let till returen \u00e4r att den produkt som ska returneras inte motsvarar vad som best\u00e4llts (t.ex. felaktig eller defekt produkt).<\/p><p>K\u00f6paren ska \u00e5terl\u00e4mna varan inom 14 dagar fr\u00e5n dagen f\u00f6r ans\u00f6kan eller visa att han har \u00f6verl\u00e4mnat varan till transport\u00f6ren inom denna tid.<\/p><p>Vid mottagandet av de returnerade varorna kommer onlinebutiken omedelbart, men inte senare \u00e4n 14 dagar fr\u00e5n dagen f\u00f6r mottagandet av \u00e5terkallelsen, att returnera till k\u00f6paren alla betalningar som mottagits fr\u00e5n k\u00f6paren enligt avtalet.<\/p><p>N\u00e4tbutiken f\u00e5r v\u00e4gra att g\u00f6ra en \u00e5terbetalning tills den har mottagit de varor som omfattas av avtalet eller tills k\u00f6paren har l\u00e4mnat bevis p\u00e5 att han har returnerat varorna, beroende p\u00e5 vilket som intr\u00e4ffar f\u00f6rst.<\/p><p>Om k\u00f6paren uttryckligen har valt en annan leveransmetod \u00e4n den billigaste leveransmetoden som erbjuds av Online Shop, \u00e4r Online Shop inte skyldig att ers\u00e4tta konsumenten f\u00f6r den kostnad som \u00f6verstiger kostnaden f\u00f6r den vanliga leveransmetoden.<\/p><p>N\u00e4tbutiken har r\u00e4tt att fr\u00e5ntr\u00e4da k\u00f6pet och kr\u00e4va att k\u00f6paren \u00e5terl\u00e4mnar varan om priset p\u00e5 varan i n\u00e4tbutiken p\u00e5 grund av ett misstag \u00e4r betydligt l\u00e4gre \u00e4n varans marknadspris.<\/p><p><strong><br \/>R\u00e4tt att l\u00e4mna in klagom\u00e5l<\/strong><\/p><p>Onlinebutiken ansvarar f\u00f6r bristande \u00f6verensst\u00e4mmelse eller fel i de varor som s\u00e5lts till k\u00f6paren, som redan fanns vid leveranstillf\u00e4llet och som kommer att framg\u00e5 inom h\u00f6gst tv\u00e5 \u00e5r fr\u00e5n det att varorna levererades till k\u00f6paren.\u00a0<b data-stringify-type=\"bold\">D\u00e4refter, under 1 \u00e5r fr\u00e5n det att varan levererats till k\u00f6paren, f\u00f6ruts\u00e4tts felet ha funnits vid leveranstillf\u00e4llet. Det \u00e5ligger n\u00e4tbutiken att motbevisa denna presumtion.<\/b><\/p><p>Vid fel har k\u00f6paren r\u00e4tt att senast inom tv\u00e5 m\u00e5nader kontakta webbutiken genom att skicka ett e-postmeddelande till sales@westonclimate.com eller ringa +372 5568 9584.<\/p><p>N\u00e4tbutiken ansvarar inte f\u00f6r fel som uppst\u00e5r efter det att varan har levererats till k\u00f6paren.<\/p><p>Om de varor som k\u00f6pts fr\u00e5n webbutiken har defekter som webbutiken \u00e4r ansvarig f\u00f6r, kommer webbutiken att reparera eller ers\u00e4tta de defekta varorna. Om det inte \u00e4r m\u00f6jligt att reparera eller byta ut varorna kommer n\u00e4tbutiken att \u00e5terbetala k\u00f6paren alla avgifter f\u00f6r f\u00f6rs\u00e4ljningsavtalet.<\/p><p>N\u00e4tbutiken ska besvara konsumentens klagom\u00e5l skriftligen eller i ett format som kan \u00e5terges skriftligen inom 15 dagar.<\/p><p><strong><br \/>Direktmarknadsf\u00f6ring och behandling av personuppgifter<\/strong><\/p><p>Webbutiken anv\u00e4nder de personuppgifter som k\u00f6paren l\u00e4mnar endast f\u00f6r att behandla best\u00e4llningen och skicka varorna till k\u00f6paren. Webbutiken vidarebefordrar personuppgifter till f\u00f6retag som tillhandah\u00e5ller transporttj\u00e4nster f\u00f6r att kunna leverera varorna.<\/p><p>Webbutiken skickar nyhetsbrev och erbjudanden till k\u00f6parens e-postadress endast om k\u00f6paren har uttryckt sin \u00f6nskan om att f\u00e5 dem genom att ange sin e-postadress p\u00e5 webbplatsen och har angett sin \u00f6nskan om att f\u00e5 direktmeddelanden.<\/p><p>K\u00f6paren kan n\u00e4r som helst avst\u00e5 fr\u00e5n att ta emot erbjudanden och nyhetsbrev via e-post genom att meddela oss via e-post eller genom att f\u00f6lja instruktionerna i e-postmeddelandet som inneh\u00e5ller erbjudandena.<\/p><p><strong><br \/>Tvistl\u00f6sning<\/strong><\/p><p>Om k\u00f6paren har n\u00e5gra klagom\u00e5l ang\u00e5ende Online Shop, ska de skickas via e-post till sales@westonclimate.com eller via telefon +372 5568 9584.<\/p><p>Om k\u00f6paren och webbutiken inte kan l\u00f6sa tvisten genom ett avtal kan k\u00f6paren v\u00e4nda sig till konsumenttvisten\u00e4mnden. Du kan l\u00e4sa villkoren f\u00f6r f\u00f6rfarandet och skicka in en ans\u00f6kan till <a href=\"https:\/\/komisjon.ee\/et\/avalduse-esitamine\" target=\"_blank\" rel=\"noopener noreferrer\">h\u00e4r<\/a>. Konsumenttvistkommitt\u00e9n \u00e4r beh\u00f6rig att l\u00f6sa tvister som uppst\u00e5r till f\u00f6ljd av ett avtal som ing\u00e5tts mellan k\u00f6paren och onlinebutiken. Kommissionens granskning av k\u00f6parens klagom\u00e5l \u00e4r kostnadsfri.<\/p><p>K\u00f6paren kan v\u00e4nda sig till Europeiska unionens plattform f\u00f6r l\u00f6sning av konsumenttvister <a href=\"https:\/\/ec.europa.eu\/consumers\/odr\/main\/index.cfm?event=main.home2.show&amp;lng=ET\" target=\"_blank\" rel=\"noopener noreferrer\">mot<\/a>.<\/p>\t\t\t\t\t\t\t\t<\/div>\n\t\t\t\t<\/div>\n\t\t\t\t\t<\/div>\n\t\t\t\t<\/div>\n\t\t<div class=\"elementor-element elementor-element-02a245f e-flex e-con-boxed wpr-particle-no wpr-jarallax-no wpr-parallax-no wpr-sticky-section-no wpr-equal-height-no e-con e-parent\" data-id=\"02a245f\" data-element_type=\"container\" data-e-type=\"container\">\n\t\t\t\t\t<div class=\"e-con-inner\">\n\t\t\t\t<div class=\"elementor-element elementor-element-464fb6f elementor-widget elementor-widget-spacer\" data-id=\"464fb6f\" data-element_type=\"widget\" data-e-type=\"widget\" data-widget_type=\"spacer.default\">\n\t\t\t\t<div class=\"elementor-widget-container\">\n\t\t\t\t\t\t\t<div class=\"elementor-spacer\">\n\t\t\t<div class=\"elementor-spacer-inner\"><\/div>\n\t\t<\/div>\n\t\t\t\t\t\t<\/div>\n\t\t\t\t<\/div>\n\t\t\t\t\t<\/div>\n\t\t\t\t<\/div>\n\t\t\t\t<\/div>","protected":false},"excerpt":{"rendered":"<p>Veebipoe m\u00fc\u00fcgitingimused Veebipoe www.westonclimate.com\u00a0(edaspidi Veebipood) omanik on O\u00dc WMD Company (registrikood 16170164), asukohaga Vabadust pst 174b, Tallinn, 10917 Harjumaa, Eesti. M\u00fc\u00fcgilepingu kehtivus, kauba- ja hinnainfo M\u00fc\u00fcgitingimused kehtivad Veebipoest kaupade ostmisel. Veebipoes m\u00fc\u00fcdavate toodete hinnad on m\u00e4rgitud toodete juurde. Hinnale lisandub tasu kauba k\u00e4ttetoimetamise eest. K\u00f5ik veebipoes m\u00fc\u00fcdavate kaupade hinnad on eurodes. Kauba k\u00e4ttetoimetamise tasu s\u00f5ltub ostja asukohast ning k\u00e4ttetoimetamise viisist. K\u00e4ttetoimetamise tasu kuvatakse ostjale tellimuse vormistamisel. Teave kauba kohta on esitatud Veebipoes vahetult kauba juures. Tellimuse vormistamine Kauba tellimiseks tuleb lisada soovitud tooted ostukorvi. Tellimuse vormistamiseks tuleb t\u00e4ita n\u00f5utud andmev\u00e4ljad ning valida sobiv toodete kohaletoimetamise viis. Seej\u00e4rel kuvatakse ekraanile tasu suurus, mille saab tasuda turvaliselt l\u00e4bi j\u00e4rgnevate makseviiside: Visa\/Mastercard kaardimaksed Eesti pangamaksed: Swedbank, SEB, Luminor, LHV, Coop Pank, Citadele, Revolut, N26 Eesti kinkekaart: Kniks Eesti maksa hiljem lahendused: Esto j\u00e4relmaks, Esto 3, Inbank j\u00e4relmaks L\u00e4ti pangamaksed: Swedbank, SEB, Citadele, Luminor, Revolut, N26 L\u00e4ti kinkekaart: Kniks L\u00e4ti maksa hiljem lahendused: Inbank j\u00e4relmaks Leedu pangamaksed: Swedbank, SEB, Urbo, LKU, Citadele, \u0160iauliu, Luminor, Revolut, N26 Leedu kinkekaart: Kniks Leedu maksa hiljem lahendused: Inbank j\u00e4relmaks Soome pangamaksed: Nordea, Nordea Business, Danske Bank, OP Pohjola, Alandsbanken, Handelsbanken, S-Pankki, Oma S\u00e4\u00e4st\u00f6pankki, S\u00e4\u00e4st\u00f6pankki, POP Pankki, Revolut, N26 Soome kinkekaart: Kniks Apple Pay NB! Pangalingiga tasumisel vajutada kindlasti panga lehel nupule \u201eTagasi kaupmehe juurde\u201c. Makseid vahendab Maksekeskus AS. Tasumine toimub v\u00e4ljaspool Veebipoodi turvalises keskkonnas \u2013 pangalingiga tasumisel vastava panga turvalises keskkonnas ja krediitkaardiga tasumisel Maksekeskus AS turvalises keskkonnas. M\u00fc\u00fcjal puudub ligip\u00e4\u00e4s kliendi panga ja krediitkaardi andmetele. Leping j\u00f5ustub alates tasumisele kuuluva summa laekumisest Veebipoe arvelduskontole. Veebipoe omanik on isikuandmete vastutav t\u00f6\u00f6tleja ning edastab maksete teostamiseks vajalikud isikuandmed volitatud t\u00f6\u00f6tleja Maksekeskus AS-le. Kui tellitud kaupa ei ole v\u00f5imalik tarnida seoses kauba l\u00f5ppemisega v\u00f5i muul p\u00f5hjusel, teavitatakse sellest ostjat esimesel v\u00f5imalusel ning tagastatakse tasutud raha (sh kauba k\u00e4ttetoimetamise kulud) viivitamata, kuid mitte hiljem kui 14 p\u00e4eva jooksul teate saatmisest. Kohaletoimetamine Kaupu saadetakse j\u00e4rgmistesse riikidesse: Eesti, L\u00e4ti, Leedu. Kauba k\u00e4ttesaamiseks on ostjal j\u00e4rgnevad valikud: Venipak kuller, pakiautomaadid (Itella Smartpost, Omniva, DPD), ise kaubale j\u00e4rele tulemuse v\u00f5imalus. Kauba saatmiskulud kannab ostja ning vastav hinnainfo on kuvatud saatmisviisi juures. Eestisisesed saadetised j\u00f5uavad \u00fcldjuhul ostja m\u00e4\u00e4ratud sihtpunkti 10 t\u00f6\u00f6p\u00e4eva jooksul alates m\u00fc\u00fcgilepingu j\u00f5ustumisest. V\u00e4ljaspool Eestit toimub kohaletoimetamine 10 t\u00f6\u00f6p\u00e4eva jooksul. Erandlikel juhtumitel on \u00f5igus kaup kohale toimetada kuni 45 kalendrip\u00e4eva jooksul. Taganemis\u00f5igus P\u00e4rast tellimuse k\u00e4ttesaamist on ostjal \u00f5igus e-poes s\u00f5lmitud lepingust taganeda 14 p\u00e4eva jooksul. Taganemis\u00f5igus ei kohaldu, kui ostjaks on juriidiline isik. 14-p\u00e4evase tagastamis\u00f5iguse kasutamiseks ei tohi tellitud kaupa kasutada muul viisil kui on vajalik kauba olemuses, omadustes ja toimimises veendumiseks viisil nagu see on lubatud kauba testimiseks f\u00fc\u00fcsilises poes. Kui kaupa on kasutatud muuks otstarbeks kui on vajalik kauba olemuses, omadustes ja toimimises veendumiseks v\u00f5i sellel on kasutamise v\u00f5i kulumise m\u00e4rke, on Veebipoel \u00f5igus alandada tagastatavat tasu vastavalt kauba v\u00e4\u00e4rtuse v\u00e4henemisele. Kauba tagastamiseks tuleb esitada kauba ostmisest taganemise avaldus, mille vormi leiab siit: taganemisavaldus\u00a0ning saata see e-posti aadressile sales@westonclimate.com hiljemalt 14 p\u00e4eva jooksul kauba k\u00e4ttesaamisest. Kauba tagastamise kulud kannab ostja, v\u00e4lja arvatud juhul, kui tagastamise p\u00f5hjus seisneb asjaolus, et tagastamisele kuuluv toode ei vasta tellitule (nt vale v\u00f5i defektiga toode). Ostja peab kauba tagastama avalduse esitamisele j\u00e4rgneva 14 p\u00e4eva jooksul v\u00f5i esitama t\u00f5endi, et ta on eelnimetatud perioodi jooksul kauba \u00fcle andnud kauba vedajale. Veebipood tagastab tagastatava kauba k\u00e4ttesaamisel ostjale viivitamata, kuid mitte hiljem kui 14 p\u00e4eva m\u00f6\u00f6dumisel arvates taganemisavalduse saamisest, k\u00f5ik ostjalt lepingu alusel saadud tasud. Veebipood v\u00f5ib keelduda tagasimaksete tegemisest seni, kuni on lepingu esemeks oleva asja tagasi saanud v\u00f5i kuni ostja on esitanud t\u00f5endid, et on asja tagasi saatnud, s\u00f5ltuvalt sellest, kumb toimub varem. Kui ostja on s\u00f5naselgelt valinud Veebipoe pakutud k\u00f5ige odavamast tavap\u00e4rasest asja k\u00e4ttetoimetamise viisist erineva k\u00e4ttetoimetamise viisi, ei pea Veebipood tarbijale tagastama kulu, mis \u00fcletab tavap\u00e4rase k\u00e4ttetoimetamise viisiga seotud kulu. Veebipoel on \u00f5igus taganeda m\u00fc\u00fcgitehingust ning n\u00f5uda ostjalt tagasi kaup, kui kauba hind veebipoes on eksituse t\u00f5ttu m\u00e4rgitud oluliselt alla kauba turuhinna. Pretensiooni esitamise \u00f5igus Veebipood vastutab ostjale m\u00fc\u00fcdud kauba lepingutingimustele mittevastavuse v\u00f5i puuduse eest, mis oli olemas juba asja \u00fcleandmise hetkel ning mis ilmneb kuni kahe aasta jooksul, alates kauba \u00fcleandmisest ostjale.\u00a0Sellest 1 aasta jooksul alates asja \u00fcleandmisest ostjale eeldatakse, et puudus oli olemas juba asja \u00fcleandmise ajal. Vastava eelduse \u00fcmberl\u00fckkamine on Veebipoe kohustus. Ostjal on \u00f5igus puuduse ilmnemisel p\u00f6\u00f6rduda hiljemalt kahe kuu jooksul veebipoe poole, saates e-kirja aadressile sales@westonclimate.com v\u00f5i helistada telefonil: +372 5568 9584. Veebipood ei vastuta puuduste eest, mis on tekkinud p\u00e4rast kauba \u00fcleandmist ostjale. Kui Veebipoest ostetud kaubal on puudused, mille eest Veebipood vastutab, parandab v\u00f5i asendab Veebipood puudusega kauba. Kui kaupa ei ole v\u00f5imalik parandada ega asendada, tagastab Veebipood ostjale k\u00f5ik m\u00fc\u00fcgilepinguga kaasnenud tasud. Veebipood vastab tarbija esitatud kaebusele kirjalikult v\u00f5i kirjalikku taasesitamist v\u00f5imaldavas vormis 15 p\u00e4eva jooksul. Otseturustus ja isikuandmete t\u00f6\u00f6tlemine Veebipood kasutab ostja poolt sisestatud isikuandmeid ainult tellimuse t\u00f6\u00f6tlemiseks ning kauba ostjale saatmiseks. Veebipood edastab isikuandmeid veoteenust pakkuvale ettev\u00f5tetele selleks, et kohale toimetada kaupa. Veebipood saadab ostjale uudiskirju ning pakkumisi ostja e-maili aadressile ainult juhul, kui ostja on selleks avaldanud soovi sisestades veebilehel e-kirja aadressi ning andnud teada oma soovist otsepostituse teadete saamiseks. Ostjal on igal ajal v\u00f5imalik loobuda e-postile saadetavatest pakkumistest ja uudiskirjadest andes sellest meile teada e-kirja teel v\u00f5i j\u00e4rgides pakkumisi sisaldava e-kirjas toodud juhiseid. Vaidluste lahendamine Kui ostjal on Veebipoe osas pretensioone, tuleb need saata e-kirja aadressile sales@westonclimate.com v\u00f5i helistada telefonil: +372 5568 9584. Kui ostja ja Veebipood ei suuda lahendada vaidlust kokkuleppe teel, siis on ostjal v\u00f5imalik p\u00f6\u00f6rduda Tarbijavaidluste komisjoni poole. Menetlustingimustega saab tutvuda ning avaldust esitada siin. Tarbijavaidluste komisjoni p\u00e4devuses on lahendada ostja ja Veebipoe vahel s\u00f5lmitud lepingust tulenevaid vaidlusi. Ostja kaebuse l\u00e4bivaatamine komisjonis on tasuta. Ostja v\u00f5ib p\u00f6\u00f6rduda Euroopa Liidu tarbijavaidlusi lahendava platvormi poole.<\/p>","protected":false},"author":8,"featured_media":0,"parent":0,"menu_order":0,"comment_status":"closed","ping_status":"closed","template":"","meta":{"footnotes":""},"class_list":["post-3532","page","type-page","status-publish","hentry"],"_links":{"self":[{"href":"https:\/\/westonclimate.com\/sv\/wp-json\/wp\/v2\/pages\/3532","targetHints":{"allow":["GET"]}}],"collection":[{"href":"https:\/\/westonclimate.com\/sv\/wp-json\/wp\/v2\/pages"}],"about":[{"href":"https:\/\/westonclimate.com\/sv\/wp-json\/wp\/v2\/types\/page"}],"author":[{"embeddable":true,"href":"https:\/\/westonclimate.com\/sv\/wp-json\/wp\/v2\/users\/8"}],"replies":[{"embeddable":true,"href":"https:\/\/westonclimate.com\/sv\/wp-json\/wp\/v2\/comments?post=3532"}],"version-history":[{"count":32,"href":"https:\/\/westonclimate.com\/sv\/wp-json\/wp\/v2\/pages\/3532\/revisions"}],"predecessor-version":[{"id":9187,"href":"https:\/\/westonclimate.com\/sv\/wp-json\/wp\/v2\/pages\/3532\/revisions\/9187"}],"wp:attachment":[{"href":"https:\/\/westonclimate.com\/sv\/wp-json\/wp\/v2\/media?parent=3532"}],"curies":[{"name":"wp","href":"https:\/\/api.w.org\/{rel}","templated":true}]}}