{"id":5579,"date":"2025-02-13T12:11:16","date_gmt":"2025-02-13T12:11:16","guid":{"rendered":"https:\/\/staging.wmdcompany.eu\/?page_id=5579"},"modified":"2026-04-26T08:29:51","modified_gmt":"2026-04-26T08:29:51","slug":"meist-wmd-company-ou","status":"publish","type":"page","link":"https:\/\/westonclimate.com\/sv\/mest-wmd-foretag-eller\/","title":{"rendered":"Om oss - WMD Company O\u00dc"},"content":{"rendered":"<div data-elementor-type=\"wp-page\" data-elementor-id=\"5579\" class=\"elementor elementor-5579\" data-elementor-post-type=\"page\">\n\t\t\t\t<div class=\"elementor-element elementor-element-711df678 e-flex e-con-boxed wpr-particle-no wpr-jarallax-no wpr-parallax-no wpr-sticky-section-no wpr-column-slider-no wpr-equal-height-no e-con e-parent\" data-id=\"711df678\" data-element_type=\"container\" data-e-type=\"container\">\n\t\t\t\t\t<div class=\"e-con-inner\">\n\t\t\t\t<div class=\"elementor-element elementor-element-21778d0f elementor-widget elementor-widget-text-editor\" data-id=\"21778d0f\" data-element_type=\"widget\" data-e-type=\"widget\" data-widget_type=\"text-editor.default\">\n\t\t\t\t<div class=\"elementor-widget-container\">\n\t\t\t\t\t\t\t\t\t<h1>Om oss - WMD Company O\u00dc<\/h1><p><strong>WESTON CLIMATE - WMD Company O\u00dc<\/strong> erbjuder h\u00f6gkvalitativ luftkonditionerings- och v\u00e4rmeutrustning, kompressorer och olika tillbeh\u00f6r. Tack vare m\u00e5nga \u00e5rs omfattande samarbete med ledande globala varum\u00e4rken och tillverkare av h\u00f6gkvalitativ utrustning kan WMD Company Ltd. s\u00e4kerst\u00e4lla att alla produkter tillverkas enligt f\u00f6retagets godk\u00e4nda tekniska specifikationer och uppfyller strikta EU-standarder. Weston Climates utrustning k\u00e4nnetecknas av l\u00e5g ljudniv\u00e5, h\u00f6g energieffektivitet, innovation och tillf\u00f6rlitlighet.\u00a0<\/p><p><strong>V\u00e4rmepumpar<\/strong><\/p><p>I luft\/vatten-v\u00e4rmepumparna anv\u00e4nder vi milj\u00f6v\u00e4nliga och effektiva k\u00f6ldmedier R32 och R290. Luft\/vatten-v\u00e4rmepumparna \u00e4r utrustade med SG- och PV-anslutning (solpanel och smart eln\u00e4t) och fungerar effektivt \u00e4ven vid omgivande lufttemperaturer p\u00e5 -35\u00b0C. Alla enheter testas f\u00f6re leverans och genomg\u00e5r en tre dagar l\u00e5ng testcykel vid l\u00e5g temperatur (-42\u2070C) i fabriken. Merparten av utrustningen tillverkas p\u00e5 plats efter kundens \u00f6nskem\u00e5l och behov, som en \"skr\u00e4ddarsydd kostym\", vilket s\u00e4kerst\u00e4ller h\u00f6g effektivitet och problemfri drift under utrustningens hela livsl\u00e4ngd. V\u00e4rmepumparnas kvalitet och effektivitet garanteras av det erk\u00e4nda varum\u00e4rket WESTON CLIMATE.<\/p><p><strong>Ventilationsutrustning<\/strong><\/p><p>Luftbehandlingsaggregaten \u00e4r utrustade med h\u00f6geffektiva patenterade v\u00e4rmev\u00e4xlare med en genomsnittlig v\u00e4rme\u00e5tervinningseffektivitet p\u00e5 97% och en livsl\u00e4ngd p\u00e5 97%. <strong>minst 15 \u00e5r.\u00a0<\/strong>Ventilationsaggregaten HPERV\/Westonclimate har en luftv\u00e4rmepump i miniatyr som kompletterar den h\u00f6geffektiva v\u00e4rmev\u00e4xlaren f\u00f6r att ge \u00e4nnu h\u00f6gre energieffektivitet (COP 6,0) och har flera viktiga funktioner i ett och samma aggregat: <strong>ventilation, f\u00f6rv\u00e4rmning, kylning och torkning.<\/strong><\/p><p><strong>Installation<\/strong><\/p><p>Vi erbjuder ventilations- och luftkonditioneringssystem med installation. Installationen utf\u00f6rs i enlighet med de tekniska kraven i projektet och till\u00e4mpliga standarder, vilket s\u00e4kerst\u00e4ller korrekt drift av systemen och energieffektiv drift under m\u00e5nga \u00e5r fram\u00f6ver.<\/p><p><strong>WESTON CLIMATE varum\u00e4rke<\/strong><\/p><p>De produkter som levereras till den europeiska marknaden samlas under ett enda varum\u00e4rke - WESTON CLIMATE - s\u00e5 att v\u00e5ra nuvarande och framtida kunder b\u00e4ttre kan orientera sig om produkternas kvalitet. All utrustning som erbjuds i Europa tillverkas av WMD Company enligt de tekniska specifikationerna fr\u00e5n de mest kr\u00e4vande kunderna, som strikt respekterar de naturliga f\u00f6rh\u00e5llandena och kraven i de nordiska l\u00e4nderna och d\u00e4rmed garanterar h\u00f6g kvalitet och livsl\u00e4ngd f\u00f6r utrustningen.<\/p><p class=\"whitespace-normal break-words\">Den \u00f6verv\u00e4ldigande majoriteten av enheterna \u00e4r EPREL- och KEYMARK-registrerade.<\/p><p>WESTON CLIMATE-produkter i EPREL-registret, d\u00e4r du hittar en lista \u00f6ver energiutrustning som \u00e4r godk\u00e4nd f\u00f6r EU-marknaden:<\/p><ul><li><a href=\"https:\/\/eprel.ec.europa.eu\/screen\/product\/spaceheaters\" target=\"_blank\" rel=\"noopener nofollow noreferrer\">EPREL v\u00e4rmepumpar<\/a><\/li><li><a href=\"https:\/\/eprel.ec.europa.eu\/screen\/product\/residentialventilationunits\" target=\"_blank\" rel=\"noopener nofollow noreferrer\">EPREL ventilationsutrustning<\/a><\/li><\/ul><p>\u00a0<\/p><p>Kvaliteten p\u00e5 den utrustning som erbjuds av WESTON CLIMATE bekr\u00e4ftas ocks\u00e5 av de f\u00f6rl\u00e4ngda garantiperioderna:<\/p><ul><li>Luftkonditionerings- och ventilationsutrustning: 7 \u00e5r<\/li><li>F\u00f6r cirkulationspumpar: 10 \u00e5r<\/li><li>F\u00f6r kompressorer: 2 \u00e5r<\/li><\/ul><p>\u00a0<\/p><p>P\u00e5 WESTON CLIMATE arbetar ingenj\u00f6rerna st\u00e4ndigt med att utveckla nya produkter och f\u00f6rb\u00e4ttra befintlig utrustning.<\/p><p>Produktkvalitet, snabb leverans, kundn\u00f6jdhet och l\u00e4ngsta m\u00f6jliga drifttid \u00e4r v\u00e5ra h\u00f6gsta prioriteringar. WESTON CLIMATE-utrustning tillverkas p\u00e5 best\u00e4llning, p\u00e5 plats f\u00f6r plats, baserat p\u00e5 kundens behov och specifika krav. Den genomsnittliga leveranstiden f\u00f6r best\u00e4llningar \u00e4r mellan 35 och 65 arbetsdagar, beroende p\u00e5 komplexiteten och kvantiteten av den best\u00e4llda utrustningen. F\u00f6r alla lagerf\u00f6rda produkter (standardprodukter) kan en leveranstid p\u00e5 3 till 10 arbetsdagar erbjudas.<\/p><p>Fr\u00e5ga alltid <a href=\"https:\/\/westonclimate.com\/sv\/smalt-erbjudandet\/\" target=\"_blank\" rel=\"noopener\">personligt erbjudande<\/a>vilket garanterar att \u00e4ven den mest kr\u00e4vande kundens \u00f6nskem\u00e5l uppfylls.<\/p><p><strong>G\u00e5 med i WESTON CLIMATEs n\u00e4tverk av partners<\/strong><\/p><p>Bli en WESTON CLIMATE-\u00e5terf\u00f6rs\u00e4ljare och utveckla din verksamhet - f\u00f6rse dina kunder med energieffektiva och h\u00f6gkvalitativa ventilations- och luftkonditioneringsl\u00f6sningar, st\u00e4rk din verksamhet genom professionell teknisk support och ett stabilt partnerskap. L\u00e4s mer om WESTON CLIMATE <a href=\"https:\/\/westonclimate.com\/sv\/ytterligare-installation\/\" target=\"_blank\" rel=\"noopener\">H\u00c4R<\/a>!<\/p><p><img fetchpriority=\"high\" decoding=\"async\" src=\"https:\/\/westonclimate.com\/wp-content\/uploads\/2026\/04\/WestonClimate_AA_2026-1-1024x256.jpg\" alt=\"\" width=\"800\" height=\"200\" \/><\/p>\t\t\t\t\t\t\t\t<\/div>\n\t\t\t\t<\/div>\n\t\t\t\t\t<\/div>\n\t\t\t\t<\/div>\n\t\t<div class=\"elementor-element elementor-element-a94cd76 e-flex e-con-boxed wpr-particle-no wpr-jarallax-no wpr-parallax-no wpr-sticky-section-no wpr-column-slider-no wpr-equal-height-no e-con e-parent\" data-id=\"a94cd76\" data-element_type=\"container\" data-e-type=\"container\">\n\t\t\t\t\t<div class=\"e-con-inner\">\n\t\t\t\t<div class=\"elementor-element elementor-element-0b7c330 elementor-widget elementor-widget-spacer\" data-id=\"0b7c330\" data-element_type=\"widget\" data-e-type=\"widget\" data-widget_type=\"spacer.default\">\n\t\t\t\t<div class=\"elementor-widget-container\">\n\t\t\t\t\t\t\t<div class=\"elementor-spacer\">\n\t\t\t<div class=\"elementor-spacer-inner\"><\/div>\n\t\t<\/div>\n\t\t\t\t\t\t<\/div>\n\t\t\t\t<\/div>\n\t\t\t\t\t<\/div>\n\t\t\t\t<\/div>\n\t\t\t\t<\/div>","protected":false},"excerpt":{"rendered":"<p>Meist \u2013 WMD Company O\u00dc WESTON CLIMATE &#8211; WMD Company O\u00dc pakub kvaliteetseid kliimaseadmeid ja k\u00fctteseadmeid, kompressoreid ja mitmesuguseid lisatarvikuid. T\u00e4nu aastatepikkusele ulatuslikule koost\u00f6\u00f6le juhtivate globaalsete kaubam\u00e4rkide ja kvaliteetsete seadmete tootjatega tagab WMD Company O\u00dc, et k\u00f5ik tooted on valmistatud vastavalt ettev\u00f5tte kinnitatud tehnilistele spetsifikatsioonidele ja vastavad rangetele EL-i standarditele. Weston Climate&#8217;i seadmeid iseloomustab madal m\u00fcratase, k\u00f5rge energiat\u00f5husus, innovatsioon ja t\u00f6\u00f6kindlus.\u00a0 Soojuspumbad \u00d5hk-vesi soojuspumpades kasutame looduss\u00f5bralikke ja efektiivseid k\u00fclmaaineid R32 ja R290. \u00d5hksoojuspumbad on varustatud SG ja PV (p\u00e4ikesepaneelide ja nutiv\u00f5rgu) \u00fchendusvalmidusega ning need seadmed t\u00f6\u00f6tavad efektiivselt ka -35\u00b0C v\u00e4lis\u00f5hutemperatuuril. K\u00f5ik seadmed on enne tarnet kontrollitud ja l\u00e4bivad tehases madalal temperatuuril (-42\u2070C) kolmep\u00e4evase katsets\u00fckli.\u00a0Valdavalt toodetakse seadmed objektip\u00f5hiselt, koosk\u00f5las tellija soovide ning vajadustega nagu \u201er\u00e4tsepa\u00fclikond\u201d, mis tagab seadmete suure efektiivsuse ning t\u00f5rgeteta t\u00f6\u00f6 kogu seadme kasutusaja jooksul. Soojuspumpade kvaliteedi ja efektiivsuse tagab tunnustatud kaubam\u00e4rk WESTON CLIMATE. Ventilatsiooniseadmed Ventilatsiooniseadmed on varustatud k\u00f5rge efektiivsusega patenteeritud soojusvahetitega, mille soojustagastuse kasutegur on keskmiselt 97% ja eluiga v\u00e4hemalt 15 aastat.\u00a0Ventilatsiooniseadmetel koondnimetusega HPERV\/Westonclimate on \u00fcliefektiivsele soojusvahetile lisatud miniatuurne \u00f5hksoojuspump, mis tagab veelgi k\u00f5rgema\u00a0 energiaefektiivsuse (COP 6,0) ning need ventilatsiooniseadmed omavad mitut olulist funktsiooni \u00fches seadmes: ventilatsioon, eelk\u00fcte, jahutus ja kuivatus. Paigaldus Ventilatsiooni- ja kliimaseadmeid pakume koos paigaldusega. Paigaldus toimub vastavalt projekti tehnilistele n\u00f5uetele ja kehtivatele standarditele, tagades s\u00fcsteemide korrektse toimimise ja energiat\u00f5husa t\u00f6\u00f6 aastateks. WESTON CLIMATE kaubam\u00e4rk Euroopa turule tarnitavad tooted on koondatud \u00fchtse kaubam\u00e4rgi alla \u2013 WESTON CLIMATE, et meie praegustel ja tulevastel klientidel oleks v\u00f5imalik paremini orienteeruda toodete kvaliteedis. K\u00f5ik Euroopas pakutavad seadmed on toodetud WMD Company poolt esitatud n\u00f5udlikele klientidele sobivate tehniliste n\u00f5udmiste alusel, mis j\u00e4rgivad rangelt p\u00f5hjamaade looduslikke tingimusi ning sellest tulenevaid n\u00f5udeid ning tagavad seadmetele k\u00f5rge kvaliteedi ja l\u00e4bi selle ka pikaealisuse. Valdav enamus seadmetel on EPREL-i ja KEYMARK-i registreeringud. WESTON CLIMATE tooted EPREL registris, kust leiate EU turule lubatud energeetika seadmete loetelu: EPREL soojuspumbad EPREL ventilatsiooniseadmed \u00a0 WESTON CLIMATE pakutavate seadmete kvaliteeti kinnitavad ka pikendatud garantiiajad: Kliima- ja ventilatsiooniseadmetele: 7 aastat Tsirkulatsioonipumpadele: 10 aastat Kompressoritele: 2 aastat \u00a0 WESTON CLIMATE tootmistes tegelevad insenerid pidevalt uute toodete v\u00e4ljat\u00f6\u00f6tamise ning olemasolevate seadmete t\u00e4iustamisega. Meile on esmat\u00e4htis toote kvaliteet, kiire tarne, kliendi rahulolu ja seadmete v\u00f5imalikult pikk t\u00f5rgeteta kasutusaeg. WESTON CLIMATE seadmed toodetakse tellimuste alusel, objekti p\u00f5hiselt ja v\u00f5ttes aluseks kliendi vajadused ning erisoovid. Tellimuste keskmine tarneaeg on 35 kuni 65 t\u00f6\u00f6p\u00e4eva, mis s\u00f5ltub tellitud seadmete keerukusest ja kogusest. K\u00f5ikidele laokaupale (standard tooted) on v\u00f5imalik pakkuda tarneaega 3 kuni 10 t\u00f6\u00f6p\u00e4eva. K\u00fcsi alati personaalset pakkumist, mis garanteerib ka k\u00f5ige n\u00f5udlikuma kliendi soovide t\u00e4itumise. Liitu WESTON CLIMATE partnerite v\u00f5rgustikuga Tule WESTON CLIMATE edasim\u00fc\u00fcjaks ja kasvata oma \u00e4ri \u2013 paku oma klientidele energiat\u00f5husaid ja kvaliteetseid ventilatsiooni- ja kliimalahendusi, tugevda oma \u00e4ri l\u00e4bi professionaalse tehnilise toe ja kindla partnerluse. Loe t\u00e4iendavalt SIIT!<\/p>","protected":false},"author":8,"featured_media":0,"parent":0,"menu_order":0,"comment_status":"closed","ping_status":"closed","template":"","meta":{"footnotes":""},"class_list":["post-5579","page","type-page","status-publish","hentry"],"_links":{"self":[{"href":"https:\/\/westonclimate.com\/sv\/wp-json\/wp\/v2\/pages\/5579","targetHints":{"allow":["GET"]}}],"collection":[{"href":"https:\/\/westonclimate.com\/sv\/wp-json\/wp\/v2\/pages"}],"about":[{"href":"https:\/\/westonclimate.com\/sv\/wp-json\/wp\/v2\/types\/page"}],"author":[{"embeddable":true,"href":"https:\/\/westonclimate.com\/sv\/wp-json\/wp\/v2\/users\/8"}],"replies":[{"embeddable":true,"href":"https:\/\/westonclimate.com\/sv\/wp-json\/wp\/v2\/comments?post=5579"}],"version-history":[{"count":92,"href":"https:\/\/westonclimate.com\/sv\/wp-json\/wp\/v2\/pages\/5579\/revisions"}],"predecessor-version":[{"id":11585,"href":"https:\/\/westonclimate.com\/sv\/wp-json\/wp\/v2\/pages\/5579\/revisions\/11585"}],"wp:attachment":[{"href":"https:\/\/westonclimate.com\/sv\/wp-json\/wp\/v2\/media?parent=5579"}],"curies":[{"name":"wp","href":"https:\/\/api.w.org\/{rel}","templated":true}]}}