{"id":5605,"date":"2025-02-13T17:20:54","date_gmt":"2025-02-13T17:20:54","guid":{"rendered":"https:\/\/staging.wmdcompany.eu\/?page_id=5605"},"modified":"2025-07-29T19:38:26","modified_gmt":"2025-07-29T19:38:26","slug":"betalningsmetoder","status":"publish","type":"page","link":"https:\/\/westonclimate.com\/sv\/makseviisid\/","title":{"rendered":"Betalningsmetoder"},"content":{"rendered":"<div data-elementor-type=\"wp-page\" data-elementor-id=\"5605\" class=\"elementor elementor-5605\" data-elementor-post-type=\"page\">\n\t\t\t\t<div class=\"elementor-element elementor-element-ad67b89 e-flex e-con-boxed wpr-particle-no wpr-jarallax-no wpr-parallax-no wpr-sticky-section-no wpr-equal-height-no e-con e-parent\" data-id=\"ad67b89\" data-element_type=\"container\" data-e-type=\"container\">\n\t\t\t\t\t<div class=\"e-con-inner\">\n\t\t\t\t<div class=\"elementor-element elementor-element-7122db7 elementor-widget elementor-widget-text-editor\" data-id=\"7122db7\" data-element_type=\"widget\" data-e-type=\"widget\" data-widget_type=\"text-editor.default\">\n\t\t\t\t<div class=\"elementor-widget-container\">\n\t\t\t\t\t\t\t\t\t<h1>Betalningsmetoder<\/h1><p>Best\u00e4llningar kan betalas s\u00e4kert i Weston Climate e-shop med hj\u00e4lp av en m\u00e4ngd olika bankf\u00f6rbindelser, samt med Inbank- och ESTO-delbetalningar.<\/p><div>Hur k\u00f6per man?<\/div><ul><li>L\u00e4gg till produkter i varukorgen<\/li><li>Registrera dig eller logga in<\/li><li>V\u00e4lj leveransmetod<\/li><li>F\u00f6rbered din best\u00e4llning<\/li><li>G\u00f6r en betalning<\/li><\/ul><p>Betalning sker utanf\u00f6r Weston Climate e-shop-milj\u00f6n. Personuppgifter behandlas av WMD Company O\u00dc, som vidarebefordrar de personuppgifter som kr\u00e4vs f\u00f6r att genomf\u00f6ra betalningar till de auktoriserade processorerna Inbank AS, ESTO AS och Maksekeskus AS. Weston Climate e-shop har inte tillg\u00e5ng till kundens bank- och kreditkortsuppgifter.<\/p><p>N\u00e4r du har betalat f\u00f6r produkten, var noga med att klicka p\u00e5 \"<b>Tillbaka till handlaren<\/b>\".<\/p>\t\t\t\t\t\t\t\t<\/div>\n\t\t\t\t<\/div>\n\t\t\t\t<div class=\"elementor-element elementor-element-b1fdd8b elementor-widget elementor-widget-spacer\" data-id=\"b1fdd8b\" data-element_type=\"widget\" data-e-type=\"widget\" data-widget_type=\"spacer.default\">\n\t\t\t\t<div class=\"elementor-widget-container\">\n\t\t\t\t\t\t\t<div class=\"elementor-spacer\">\n\t\t\t<div class=\"elementor-spacer-inner\"><\/div>\n\t\t<\/div>\n\t\t\t\t\t\t<\/div>\n\t\t\t\t<\/div>\n\t\t\t\t\t<\/div>\n\t\t\t\t<\/div>\n\t\t\t\t<\/div>","protected":false},"excerpt":{"rendered":"<p>Makseviisid Tellimuste eest saab turvaliselt tasuda Weston Climate e-poes erinevate pangalinkide abil ning lisaks saab kasutada makseviisina Inbank ja ESTO j\u00e4relmaksu. Kuidas osta? Lisa tooted ostukorvi Registreeru v\u00f5i logi sisse Vali k\u00e4ttesaamise viis Vormista tellimus Soorita makse Makse tegemine toimub v\u00e4ljaspool Weston Climate e-poe keskkonda. Isikuandmeid t\u00f6\u00f6tleb WMD Company O\u00dc, kes edastab maksete teostamiseks vajalikud isikuandmed volitatud t\u00f6\u00f6tlejatele Inbank AS, ESTO AS ja Maksekeskus AS. Weston Climate e-poel puudub ligip\u00e4\u00e4s kliendi panga- ja krediitkaardiandmetele. P\u00e4rast toote eest tasumist vajutage palun pangas kindlasti nupule \u201eTagasi kaupmehe juurde\u201d.<\/p>","protected":false},"author":8,"featured_media":0,"parent":0,"menu_order":0,"comment_status":"closed","ping_status":"closed","template":"","meta":{"footnotes":""},"class_list":["post-5605","page","type-page","status-publish","hentry"],"_links":{"self":[{"href":"https:\/\/westonclimate.com\/sv\/wp-json\/wp\/v2\/pages\/5605","targetHints":{"allow":["GET"]}}],"collection":[{"href":"https:\/\/westonclimate.com\/sv\/wp-json\/wp\/v2\/pages"}],"about":[{"href":"https:\/\/westonclimate.com\/sv\/wp-json\/wp\/v2\/types\/page"}],"author":[{"embeddable":true,"href":"https:\/\/westonclimate.com\/sv\/wp-json\/wp\/v2\/users\/8"}],"replies":[{"embeddable":true,"href":"https:\/\/westonclimate.com\/sv\/wp-json\/wp\/v2\/comments?post=5605"}],"version-history":[{"count":26,"href":"https:\/\/westonclimate.com\/sv\/wp-json\/wp\/v2\/pages\/5605\/revisions"}],"predecessor-version":[{"id":8158,"href":"https:\/\/westonclimate.com\/sv\/wp-json\/wp\/v2\/pages\/5605\/revisions\/8158"}],"wp:attachment":[{"href":"https:\/\/westonclimate.com\/sv\/wp-json\/wp\/v2\/media?parent=5605"}],"curies":[{"name":"wp","href":"https:\/\/api.w.org\/{rel}","templated":true}]}}