{"id":5616,"date":"2025-02-13T17:38:36","date_gmt":"2025-02-13T17:38:36","guid":{"rendered":"https:\/\/staging.wmdcompany.eu\/?page_id=5616"},"modified":"2025-07-29T19:16:39","modified_gmt":"2025-07-29T19:16:39","slug":"hur-man-koper","status":"publish","type":"page","link":"https:\/\/westonclimate.com\/sv\/kuidas-osta\/","title":{"rendered":"Hur man k\u00f6per"},"content":{"rendered":"<div data-elementor-type=\"wp-page\" data-elementor-id=\"5616\" class=\"elementor elementor-5616\" data-elementor-post-type=\"page\">\n\t\t\t\t<div class=\"elementor-element elementor-element-63f31ea7 e-flex e-con-boxed wpr-particle-no wpr-jarallax-no wpr-parallax-no wpr-sticky-section-no wpr-equal-height-no e-con e-parent\" data-id=\"63f31ea7\" data-element_type=\"container\" data-e-type=\"container\">\n\t\t\t\t\t<div class=\"e-con-inner\">\n\t\t\t\t<div class=\"elementor-element elementor-element-5c5a7cea elementor-widget__width-initial elementor-widget elementor-widget-text-editor\" data-id=\"5c5a7cea\" data-element_type=\"widget\" data-e-type=\"widget\" data-widget_type=\"text-editor.default\">\n\t\t\t\t<div class=\"elementor-widget-container\">\n\t\t\t\t\t\t\t\t\t<h1>Hur man k\u00f6per<\/h1><p style=\"text-align: left;\">V\u00e4lj produkt och tryck p\u00e5 knappen \"<b>L\u00e4gg till i varukorgen<\/b>\" Om produkten har ytterligare alternativ m\u00e5ste dessa ocks\u00e5 anges. Du kan sedan forts\u00e4tta handla eller g\u00e5 till kundvagnen genom att klicka p\u00e5 det bl\u00e5 f\u00e4ltet ovanf\u00f6r produkten.\"<strong>Visa varukorg\"<\/strong>. Dessutom kan du alltid se inneh\u00e5llet i din kundvagn genom att klicka p\u00e5 kundvagnsikonen i huvudmenyn.<\/p><p style=\"text-align: left;\">I kundvagnen kan du justera m\u00e4ngden varor som k\u00f6ps och de produkter som v\u00e4ljs. N\u00e4r du g\u00f6r \u00e4ndringar, inklusive att ange en kampanjkod, m\u00e5ste du klicka p\u00e5 knappen \"<strong>Uppdatera kundvagnen\"<\/strong>f\u00f6r att \u00e4ndringarna ska tr\u00e4da i kraft. N\u00e4r du \u00e4r n\u00f6jd med inneh\u00e5llet i din kundvagn klickar du p\u00e5 knappen \"<strong>G\u00e5 till l\u00f6n<\/strong>\u201c.<\/p><p style=\"text-align: left;\">F\u00f6r att g\u00f6ra en best\u00e4llning m\u00e5ste du fylla i kontaktformul\u00e4ret och v\u00e4lja betalningsmetod. F\u00f6r att bekr\u00e4fta betalningen, v\u00e4nligen se till att klicka p\u00e5 knappen \"<b>Tillbaka till handlaren<\/b>\"Efter en lyckad betalning skickar e-butiken en bekr\u00e4ftelse p\u00e5 k\u00f6pet till kunden via e-post.<\/p><p style=\"text-align: left;\">Vid best\u00e4llning \u00e5tar sig kunden att l\u00e4mna korrekt information som \u00e4r n\u00f6dv\u00e4ndig f\u00f6r att fullg\u00f6ra best\u00e4llningen. S\u00e4ljaren ansvarar inte f\u00f6r om best\u00e4llningen inte kan fullf\u00f6ljas p\u00e5 grund av att kunden l\u00e4mnat felaktig information eller f\u00f6r eventuella f\u00f6ljder d\u00e4rav.<\/p><p style=\"text-align: left;\">S\u00e4ljaren har r\u00e4tt att fr\u00e5ntr\u00e4da ordern om det r\u00e5der tvivel om riktigheten i den information som l\u00e4mnats till s\u00e4ljaren och om god sed inte f\u00f6ljs.<\/p>\t\t\t\t\t\t\t\t<\/div>\n\t\t\t\t<\/div>\n\t\t\t\t\t<\/div>\n\t\t\t\t<\/div>\n\t\t<div class=\"elementor-element elementor-element-22890e6 e-flex e-con-boxed wpr-particle-no wpr-jarallax-no wpr-parallax-no wpr-sticky-section-no wpr-equal-height-no e-con e-parent\" data-id=\"22890e6\" data-element_type=\"container\" data-e-type=\"container\">\n\t\t\t\t\t<div class=\"e-con-inner\">\n\t\t\t\t<div class=\"elementor-element elementor-element-830158e elementor-widget elementor-widget-spacer\" data-id=\"830158e\" data-element_type=\"widget\" data-e-type=\"widget\" data-widget_type=\"spacer.default\">\n\t\t\t\t<div class=\"elementor-widget-container\">\n\t\t\t\t\t\t\t<div class=\"elementor-spacer\">\n\t\t\t<div class=\"elementor-spacer-inner\"><\/div>\n\t\t<\/div>\n\t\t\t\t\t\t<\/div>\n\t\t\t\t<\/div>\n\t\t\t\t\t<\/div>\n\t\t\t\t<\/div>\n\t\t\t\t<\/div>","protected":false},"excerpt":{"rendered":"<p>Kuidas osta Valige v\u00e4lja toode ning vajutage nuppu &#8220;Lisa korvi&#8221; Kui toote juures on lisavaliku v\u00f5imalused, tuleb ka need m\u00e4\u00e4rata. Seej\u00e4rel saate ostlemist j\u00e4tkata v\u00f5i suunuda ostukorvi klikkides toote kohale ilmunud sinisel ribal oleval nupul &#8220;Vaata ostukorvi&#8221;. Lisaks saab ostukorvi sisu vaadata ka alati lehe peamen\u00fc\u00fcs oleval ostukorvi ikoonil kl\u00f5psates. Ostukorvis saate korrigeerida ostetud kaupade koguseid ning valitud tooteid. Muudatusi tehes, s.h ka sooduskoodi sisestades tuleb vajutada nupul &#8220;Uuenda ostukorvi&#8221;, et muutused j\u00f5ustuks. Kui olete ostukorvi sisuga rahul, vajutage nupul &#8220;Mine maksma&#8220;. Tellimuse vormistamiseks tuleb t\u00e4ita kontaktivorm ning valida makseviis. Makse kinnitamiseks tuleb p\u00e4rast makse sooritamist kindlasti vajutada nupul &#8220;Tagasi kaupmehe juurde&#8221; P\u00e4rast edukat makse sooritamist saadab e-pood kliendi e-mailile ostu kinnituse. Klient kohustub tellimuse vormistamisel esitama tellimuse t\u00e4itmiseks vajalikud, t\u00f5esed andmed. M\u00fc\u00fcja ei vastuta tellimuse t\u00e4itmisel kliendi poolt esitatud ebakorrektsetest andmetest tingitud t\u00e4itmise v\u00f5imatuse v\u00f5i mistahes sellest tulenevate tagaj\u00e4rgede eest. M\u00fc\u00fcjal on \u00f5igus loobuda tellimuse t\u00e4itmisest kui tekib kahtlus M\u00fc\u00fcjale esitatud andmete \u00f5igsuses ja headele tavadele mittevastava k\u00e4itumise puhul.<\/p>","protected":false},"author":8,"featured_media":0,"parent":0,"menu_order":0,"comment_status":"closed","ping_status":"closed","template":"","meta":{"footnotes":""},"class_list":["post-5616","page","type-page","status-publish","hentry"],"_links":{"self":[{"href":"https:\/\/westonclimate.com\/sv\/wp-json\/wp\/v2\/pages\/5616","targetHints":{"allow":["GET"]}}],"collection":[{"href":"https:\/\/westonclimate.com\/sv\/wp-json\/wp\/v2\/pages"}],"about":[{"href":"https:\/\/westonclimate.com\/sv\/wp-json\/wp\/v2\/types\/page"}],"author":[{"embeddable":true,"href":"https:\/\/westonclimate.com\/sv\/wp-json\/wp\/v2\/users\/8"}],"replies":[{"embeddable":true,"href":"https:\/\/westonclimate.com\/sv\/wp-json\/wp\/v2\/comments?post=5616"}],"version-history":[{"count":41,"href":"https:\/\/westonclimate.com\/sv\/wp-json\/wp\/v2\/pages\/5616\/revisions"}],"predecessor-version":[{"id":8136,"href":"https:\/\/westonclimate.com\/sv\/wp-json\/wp\/v2\/pages\/5616\/revisions\/8136"}],"wp:attachment":[{"href":"https:\/\/westonclimate.com\/sv\/wp-json\/wp\/v2\/media?parent=5616"}],"curies":[{"name":"wp","href":"https:\/\/api.w.org\/{rel}","templated":true}]}}