{"id":3192,"date":"2024-05-04T19:47:44","date_gmt":"2024-05-04T19:47:44","guid":{"rendered":"https:\/\/wmdcompany.eu\/?post_type=product&#038;p=3192"},"modified":"2025-09-29T06:48:44","modified_gmt":"2025-09-29T06:48:44","slug":"paagile-monteeritav-kuivati-ja-filtriga-kruvikompressor","status":"publish","type":"product","link":"https:\/\/westonclimate.com\/sv\/tooted\/tankmonterbar-tork-och-filterskruvkompressor\/","title":{"rendered":"Tankmonterbar tork- och filterskruvkompressor"},"content":{"rendered":"","protected":false},"excerpt":{"rendered":"<p style=\"font-weight: 400;\"><strong>AIRHORSE tankmonterad tork- och filterskruvkompressor.\u00a0<\/strong><\/p>\n<ul>\n<li>Komponenter med h\u00f6g verkningsgrad.<\/li>\n<li>Total Air System inneh\u00e5ller endast komponenter av h\u00f6gsta kvalitet f\u00f6r att s\u00e4kerst\u00e4lla att b\u00e5de systemets effektivitet och produktivitet maximeras - ett h\u00f6geffektivt kompressorrum utan det kr\u00e5ngel, den komplexitet och de kostnader som ett traditionellt kompressorrum medf\u00f6r.<\/li>\n<li>Total Air System-paketen \u00e4r fullt utrustade:\n<ul>\n<li>H\u00f6geffektiv luftkompressor med roterande skruv.<\/li>\n<li>Energieffektiv lufttork med k\u00f6ldmedium.<\/li>\n<li>H\u00f6geffektivt koalescensfilter.<\/li>\n<li>H\u00f6geffektivt partikelfilter.<\/li>\n<li>Integrerad luftbeh\u00e5llare.<\/li>\n<li>Integrerad styrning av kompressor och torktumlare.<\/li>\n<li>R\u00f6rledningar med l\u00e5gt tryck.<\/li>\n<\/ul>\n<\/li>\n<\/ul>","protected":false},"featured_media":3193,"template":"","meta":[],"product_brand":[],"product_cat":[66],"product_tag":[],"class_list":{"0":"post-3192","1":"product","2":"type-product","3":"status-publish","4":"has-post-thumbnail","6":"product_cat-kompressorid","8":"first","9":"instock","10":"taxable","11":"shipping-taxable","12":"product-type-simple"},"_links":{"self":[{"href":"https:\/\/westonclimate.com\/sv\/wp-json\/wp\/v2\/product\/3192","targetHints":{"allow":["GET"]}}],"collection":[{"href":"https:\/\/westonclimate.com\/sv\/wp-json\/wp\/v2\/product"}],"about":[{"href":"https:\/\/westonclimate.com\/sv\/wp-json\/wp\/v2\/types\/product"}],"version-history":[{"count":1,"href":"https:\/\/westonclimate.com\/sv\/wp-json\/wp\/v2\/product\/3192\/revisions"}],"predecessor-version":[{"id":9292,"href":"https:\/\/westonclimate.com\/sv\/wp-json\/wp\/v2\/product\/3192\/revisions\/9292"}],"wp:featuredmedia":[{"embeddable":true,"href":"https:\/\/westonclimate.com\/sv\/wp-json\/wp\/v2\/media\/3193"}],"wp:attachment":[{"href":"https:\/\/westonclimate.com\/sv\/wp-json\/wp\/v2\/media?parent=3192"}],"wp:term":[{"taxonomy":"product_brand","embeddable":true,"href":"https:\/\/westonclimate.com\/sv\/wp-json\/wp\/v2\/product_brand?post=3192"},{"taxonomy":"product_cat","embeddable":true,"href":"https:\/\/westonclimate.com\/sv\/wp-json\/wp\/v2\/product_cat?post=3192"},{"taxonomy":"product_tag","embeddable":true,"href":"https:\/\/westonclimate.com\/sv\/wp-json\/wp\/v2\/product_tag?post=3192"}],"curies":[{"name":"wp","href":"https:\/\/api.w.org\/{rel}","templated":true}]}}