{"id":3798,"date":"2024-06-26T21:20:48","date_gmt":"2024-06-26T21:20:48","guid":{"rendered":"https:\/\/wmdcompany.eu\/?post_type=product&#038;p=3798"},"modified":"2026-01-22T13:30:53","modified_gmt":"2026-01-22T13:30:53","slug":"weston-climate-monoblock-inverter-ohk-vesi-soojuspump-18kw","status":"publish","type":"product","link":"https:\/\/westonclimate.com\/sv\/tooted\/weston-climate-monoblock-inverter-ohk-vatten-varmepump-18kw\/","title":{"rendered":"Weston Climate monoblock inverter luft\/vatten v\u00e4rmepump 18kW"},"content":{"rendered":"<ul>\n<li>Nominell v\u00e4rmekapacitet:<strong>\u00a018 kW<\/strong><\/li>\n<li>Omr\u00e5de f\u00f6r v\u00e4rmekapacitet:\u00a0<strong>5,56-23,2 kW<\/strong><\/li>\n<li>COP-omr\u00e5de:\u00a0<strong>5,08-2,54 w\/w<\/strong><\/li>\n<li><strong>B\u00f6rsens system f\u00f6r \u00f6vervakning av elpriser \u00e4r redo (SG)<\/strong><\/li>\n<li><strong>WiFi<\/strong><\/li>\n<li>Str\u00f6mf\u00f6rs\u00f6rjningssp\u00e4nning:\u00a0<strong>380-415\/50 V\/Hz<\/strong><\/li>\n<li>Kompressor:\u00a0<strong>DC-inverterare + EVI<\/strong><\/li>\n<li>Fl\u00e4ktmotor:\u00a0<strong>DC-omvandlare<\/strong><\/li>\n<li>Vattenpump:\u00a0<strong>DC-omvandlare<\/strong><\/li>\n<li>Energiklass:\u00a0<strong>A+++<\/strong><\/li>\n<li>Temperatur p\u00e5 utomhusluften:\u00a0<strong>-35 till 40\u00b0C<\/strong><\/li>\n<li>Temperaturomr\u00e5de f\u00f6r uppv\u00e4rmningsl\u00e4get:\u00a0<strong>30 till 60\u00b0C<\/strong><\/li>\n<li>Bullerniv\u00e5:\u00a0<strong>upp till 58<\/strong><strong>\u00a0dB(A)<\/strong><\/li>\n<li>Vikt:\u00a0<strong>123 kg<\/strong><\/li>\n<li>M\u00e5tt (l\u00e4ngd, bredd, h\u00f6jd):\u00a0<strong>1000x390x1380 mm<\/strong><\/li>\n<\/ul>","protected":false},"excerpt":{"rendered":"<p><strong>Weston Climate MONOBLOCK inverter luft\/vatten v\u00e4rmepump 18kW. <\/strong>Funktioner: uppv\u00e4rmningsl\u00e4ge, varmvattenl\u00e4ge, kylningsl\u00e4ge, uppv\u00e4rmnings- och varmvattenl\u00e4ge, kylnings- och varmvattenl\u00e4ge.<\/p>\n<p>Rekommenderad yta (f\u00f6r god isolering): upp till 325 m2<\/p>\n<p>Produkterna finns i lager.\u00a0<strong>Snabb leverans, endast upp till 5-7 arbetsdagar.<\/strong><\/p>\n<p><strong>Produkten \u00e4r fabriksinstallerad, be om ett pris!<\/strong><\/p>","protected":false},"featured_media":10981,"template":"","meta":[],"product_brand":[],"product_cat":[116,63,65],"product_tag":[],"class_list":{"0":"post-3798","1":"product","2":"type-product","3":"status-publish","4":"has-post-thumbnail","6":"product_cat-monobloc-weston-r32","7":"product_cat-soojuspumbad","8":"product_cat-soojuspump-monobloc","10":"first","11":"instock","12":"taxable","13":"shipping-taxable","14":"purchasable","15":"product-type-simple"},"_links":{"self":[{"href":"https:\/\/westonclimate.com\/sv\/wp-json\/wp\/v2\/product\/3798","targetHints":{"allow":["GET"]}}],"collection":[{"href":"https:\/\/westonclimate.com\/sv\/wp-json\/wp\/v2\/product"}],"about":[{"href":"https:\/\/westonclimate.com\/sv\/wp-json\/wp\/v2\/types\/product"}],"version-history":[{"count":8,"href":"https:\/\/westonclimate.com\/sv\/wp-json\/wp\/v2\/product\/3798\/revisions"}],"predecessor-version":[{"id":10783,"href":"https:\/\/westonclimate.com\/sv\/wp-json\/wp\/v2\/product\/3798\/revisions\/10783"}],"wp:featuredmedia":[{"embeddable":true,"href":"https:\/\/westonclimate.com\/sv\/wp-json\/wp\/v2\/media\/10981"}],"wp:attachment":[{"href":"https:\/\/westonclimate.com\/sv\/wp-json\/wp\/v2\/media?parent=3798"}],"wp:term":[{"taxonomy":"product_brand","embeddable":true,"href":"https:\/\/westonclimate.com\/sv\/wp-json\/wp\/v2\/product_brand?post=3798"},{"taxonomy":"product_cat","embeddable":true,"href":"https:\/\/westonclimate.com\/sv\/wp-json\/wp\/v2\/product_cat?post=3798"},{"taxonomy":"product_tag","embeddable":true,"href":"https:\/\/westonclimate.com\/sv\/wp-json\/wp\/v2\/product_tag?post=3798"}],"curies":[{"name":"wp","href":"https:\/\/api.w.org\/{rel}","templated":true}]}}