{"id":4352,"date":"2024-07-05T10:40:24","date_gmt":"2024-07-05T10:40:24","guid":{"rendered":"https:\/\/wmdcompany.eu\/?post_type=product&#038;p=4352"},"modified":"2026-01-16T14:21:26","modified_gmt":"2026-01-16T14:21:26","slug":"weston-climate-plus-seeria-900-1200m3-soojustagastusega-ventilatsiooniseade","status":"publish","type":"product","link":"https:\/\/westonclimate.com\/sv\/tooted\/weston-climate-plus-serie-900-1200m3-ventilationsaggregat-med-varmeatervinning\/","title":{"rendered":"Weston Climate Plus serie 900-1200m3 ventilationsaggregat med v\u00e4rme\u00e5tervinning"},"content":{"rendered":"<p><strong>Funktioner:<\/strong><\/p>\n<ul>\n<li>Kompakt design, l\u00e4mplig f\u00f6r installation i tak\/p\u00e5 v\u00e4gg<\/li>\n<li>F\u00f6rra veckan fr\u00e5n v\u00e4rmev\u00e4xlaren<\/li>\n<li>H\u00f6gt statiskt tryck, energibesparande elektroniskt kommuterad EC-motor (BLDC).<\/li>\n<li>Energieffektivitet upp till 96%<\/li>\n<li>Standard sommarbypassintegration<\/li>\n<li>\u00d6verl\u00e4gsen prestanda<\/li>\n<li>Mugav alumine hoolduspaneel &#8211; lihtne filtrihooldus<\/li>\n<li>Givare f\u00f6r inomhustemperatur\/relativ luftfuktighet<\/li>\n<li>\u00d6verensst\u00e4mmelse: EU1253\/2014 ErP EcoDesign<\/li>\n<li>Madal energiatarve &#8211; A+ energiam\u00e4rgis<\/li>\n<\/ul>\n<p><strong>Kontrollfunktioner:<\/strong><\/p>\n<ul>\n<li>Integrerat ledningssystem<\/li>\n<li>HD 7-tums peksk\u00e4rm i f\u00e4rg med realtidsvisning av luftkvaliteten inomhus<\/li>\n<li>Lokal efterfr\u00e5gestyrning med variabel hastighet<\/li>\n<li>Modbus RS485 anslutning f\u00f6r smarta hus<\/li>\n<li>IAQ (inomhusluftkvalitet) sensorer CO2\/PM2.5\/vOCs\/TEMP\/RH<\/li>\n<li>F\u00f6reslagen veckovis drift<\/li>\n<li>Separat fl\u00e4ktstyrning som tillval<\/li>\n<li>Anslutning av flera externa CO2\/RH\/TEMP-sensorer<\/li>\n<li>Anslutning av flera externa boost-switchar<\/li>\n<li>Inlet\/Fusion\/IAQ-automatisering<\/li>\n<li>Tillg\u00e4nglig med fj\u00e4rrkontroll<\/li>\n<li>Meddelande om avl\u00e4sning\/byte av omv\u00e4nt filter<\/li>\n<li>Fullst\u00e4ndiga inst\u00e4llningar p\u00e5 kontrollpanelen<\/li>\n<\/ul>\n<p><strong>Teknisk information:<\/strong><\/p>\n<ul>\n<li>Typ av ventilationsmotor: EC<\/li>\n<li>Max luftfl\u00f6de (m3\/h):\u00a0<strong><em>900@100Pa \/ 1000@100Pa \/ 1200@100Pa<\/em><\/strong><\/li>\n<li>Max nominell effekt:\u00a0<strong><em>230V-50Hz; 395W; 2,5A \/ 230V-50Hz; 455W; 2,9A \/ 230V-50Hz; 535W; 3,3A<\/em><\/strong><\/li>\n<li>Ing\u00e5ngseffekt: 200-240 V; 50\/60Hz<\/li>\n<li>Vikt (kg): 149,2<\/li>\n<li>Filter: G4<\/li>\n<li>Filter f\u00f6r str\u00f6mf\u00f6rs\u00f6rjning: G4, F8 (tillval)<\/li>\n<li>Max statiskt tryck (Pa):\u00a0<strong><em>358 \/ 388 \/ 492<\/em><\/strong><\/li>\n<li>Typ av v\u00e4rmev\u00e4xlare: Motfl\u00f6de<\/li>\n<li>Energieffektivitet (%):\u00a0<strong><em>80-92 \/ 79-92 \/ 75-92<\/em><\/strong><\/li>\n<li>Inv\u00e4ndigt isoleringsmaterial: skumpolyeten<\/li>\n<li>Material: belagd st\u00e5lpl\u00e5t<\/li>\n<li>Temperatur p\u00e5 den \u00f6verf\u00f6rda luften (C): -25 till +50<\/li>\n<li>Temperatur i arbetsmilj\u00f6n (C): +5 till +40<\/li>\n<li>Relativ luftfuktighet i arbetsmilj\u00f6n (%): under 80<\/li>\n<li>Diameter p\u00e5 ansluten luftkanal (mm): 315<\/li>\n<\/ul>","protected":false},"excerpt":{"rendered":"<p><strong>Weston Climate Plus serie 900-1200m3 ventilationsaggregat med v\u00e4rme\u00e5tervinning <\/strong>har en kompakt design och \u00e4r avsedda f\u00f6r inf\u00e4lld\/f\u00f6rs\u00e4nkt installation. L\u00e4mplig f\u00f6r anv\u00e4ndning i sm\u00e5 och medelstora privata hem, kontor, vardagsrum, gym, v\u00e5rdinr\u00e4ttningar, butiker, hotell, utbildningsinstitutioner, stork\u00f6k etc. <strong>Plus-serien 900-1200m3 ventilationsaggregat med v\u00e4rme\u00e5tervinning<\/strong> har best\u00e4llts och anpassats f\u00f6r att uppfylla europeiska och skandinaviska krav. Apparatens konstruktion \u00e4r gjord av h\u00f6gkvalitativa material, vilket garanterar att Plus-serien fungerar felfritt och extremt tyst. Modern teknik s\u00e4kerst\u00e4ller enhetens tillf\u00f6rlitlighet och l\u00e5nga livsl\u00e4ngd. Plus-serien \u00e4r konstruerad f\u00f6r att vara mycket enkel att installera och \u00e4r inom r\u00e4ckh\u00e5ll f\u00f6r alla intresserade familjef\u00e4der.<\/p>\n<table style=\"border-collapse: collapse; width: 48pt;\" border=\"0\" width=\"64\" cellspacing=\"0\" cellpadding=\"0\">\n<tbody>\n<tr style=\"height: 15.0pt;\">\n<td style=\"height: 15.0pt; width: 48pt;\" width=\"64\" height=\"20\"><a href=\"https:\/\/westonclimate.com\/wp-content\/uploads\/2024\/07\/CE-Certificate-CS-SERIES-2.pdf\" target=\"_blank\" rel=\"noopener\"><img fetchpriority=\"high\" decoding=\"async\" class=\"alignnone size-medium wp-image-10956\" src=\"https:\/\/westonclimate.com\/wp-content\/uploads\/2024\/07\/CS-sert_2-207x300.png\" alt=\"\" width=\"207\" height=\"300\" srcset=\"https:\/\/westonclimate.com\/wp-content\/uploads\/2024\/07\/CS-sert_2-207x300.png 207w, https:\/\/westonclimate.com\/wp-content\/uploads\/2024\/07\/CS-sert_2-707x1024.png 707w, https:\/\/westonclimate.com\/wp-content\/uploads\/2024\/07\/CS-sert_2-768x1112.png 768w, https:\/\/westonclimate.com\/wp-content\/uploads\/2024\/07\/CS-sert_2-8x12.png 8w, https:\/\/westonclimate.com\/wp-content\/uploads\/2024\/07\/CS-sert_2-600x869.png 600w, https:\/\/westonclimate.com\/wp-content\/uploads\/2024\/07\/CS-sert_2.png 862w\" sizes=\"(max-width: 207px) 100vw, 207px\" \/><\/a><\/td>\n<\/tr>\n<\/tbody>\n<\/table>\n<p><strong>Leveranstid upp till 45 arbetsdagar.<\/strong><\/p>","protected":false},"featured_media":7585,"template":"","meta":[],"product_brand":[],"product_cat":[121,35],"product_tag":[],"class_list":{"0":"post-4352","1":"product","2":"type-product","3":"status-publish","4":"has-post-thumbnail","6":"product_cat-laeventilatsioon","7":"product_cat-ventilatsiooniseadmed","9":"first","10":"instock","11":"taxable","12":"shipping-taxable","13":"purchasable","14":"product-type-variable"},"_links":{"self":[{"href":"https:\/\/westonclimate.com\/sv\/wp-json\/wp\/v2\/product\/4352","targetHints":{"allow":["GET"]}}],"collection":[{"href":"https:\/\/westonclimate.com\/sv\/wp-json\/wp\/v2\/product"}],"about":[{"href":"https:\/\/westonclimate.com\/sv\/wp-json\/wp\/v2\/types\/product"}],"version-history":[{"count":10,"href":"https:\/\/westonclimate.com\/sv\/wp-json\/wp\/v2\/product\/4352\/revisions"}],"predecessor-version":[{"id":10961,"href":"https:\/\/westonclimate.com\/sv\/wp-json\/wp\/v2\/product\/4352\/revisions\/10961"}],"wp:featuredmedia":[{"embeddable":true,"href":"https:\/\/westonclimate.com\/sv\/wp-json\/wp\/v2\/media\/7585"}],"wp:attachment":[{"href":"https:\/\/westonclimate.com\/sv\/wp-json\/wp\/v2\/media?parent=4352"}],"wp:term":[{"taxonomy":"product_brand","embeddable":true,"href":"https:\/\/westonclimate.com\/sv\/wp-json\/wp\/v2\/product_brand?post=4352"},{"taxonomy":"product_cat","embeddable":true,"href":"https:\/\/westonclimate.com\/sv\/wp-json\/wp\/v2\/product_cat?post=4352"},{"taxonomy":"product_tag","embeddable":true,"href":"https:\/\/westonclimate.com\/sv\/wp-json\/wp\/v2\/product_tag?post=4352"}],"curies":[{"name":"wp","href":"https:\/\/api.w.org\/{rel}","templated":true}]}}