{"id":4368,"date":"2024-07-05T11:09:12","date_gmt":"2024-07-05T11:09:12","guid":{"rendered":"https:\/\/wmdcompany.eu\/?post_type=product&#038;p=4368"},"modified":"2025-12-13T18:17:49","modified_gmt":"2025-12-13T18:17:49","slug":"weston-climate-juhtpaneel-vk8-7-wifi-rakendus","status":"publish","type":"product","link":"https:\/\/westonclimate.com\/sv\/tooted\/weston-klimatkontrollpanel-vk8-7-wifi-applikation\/","title":{"rendered":"Weston klimatkontrollpanel VK8-7\u2033 (Wifi + app)"},"content":{"rendered":"<ul>\n<li>HD 7-tums peksk\u00e4rm i f\u00e4rg<\/li>\n<li>Visning av inomhusluftkvalitet i realtid<\/li>\n<li>Integrerat ledningssystem<\/li>\n<li>Variabel hastighetskontroll efter behov<\/li>\n<li>Modbus RS485 Smart Home-anslutning<\/li>\n<li>Sensorer f\u00f6r inomhusluft: Co2, PM2.5, VOC, temp, RH<\/li>\n<li>Veckovis schemalagt arbete<\/li>\n<li>Separat fl\u00e4ktstyrning som tillval<\/li>\n<li>M\u00f6jlighet att ansluta externa sensorer: Co2, RH, Temp<\/li>\n<li>M\u00e4tfl\u00f6de, sm\u00e4ltning, IAQ-automatisering<\/li>\n<li>Styrning via Wifi + app<\/li>\n<li>Meddelande om filterbyte<\/li>\n<li>Full kontroll via kontrollpanelen<\/li>\n<\/ul>","protected":false},"excerpt":{"rendered":"<p><strong>Weston Climate<\/strong> 7-tums VK8-kontrollpanel (Wifi + app). Det mest avancerade, kompletta styrsystemet f\u00f6r att g\u00f6ra ditt hemklimat precis som du vill ha det. HD-sk\u00e4rmen p\u00e5 7 tum g\u00f6r den s\u00e4rskilt l\u00e4ttanv\u00e4nd och tillg\u00e4nglig f\u00f6r alla. <strong>Kontrollpanelen ing\u00e5r i alla Weston Climate-enheter.<\/strong><\/p>\n<p><strong>Leveranstid upp till 45 arbetsdagar.<\/strong><\/p>","protected":false},"featured_media":5164,"template":"","meta":[],"product_brand":[],"product_cat":[35],"product_tag":[],"class_list":{"0":"post-4368","1":"product","2":"type-product","3":"status-publish","4":"has-post-thumbnail","6":"product_cat-ventilatsiooniseadmed","8":"first","9":"instock","10":"taxable","11":"shipping-taxable","12":"purchasable","13":"product-type-simple"},"_links":{"self":[{"href":"https:\/\/westonclimate.com\/sv\/wp-json\/wp\/v2\/product\/4368","targetHints":{"allow":["GET"]}}],"collection":[{"href":"https:\/\/westonclimate.com\/sv\/wp-json\/wp\/v2\/product"}],"about":[{"href":"https:\/\/westonclimate.com\/sv\/wp-json\/wp\/v2\/types\/product"}],"version-history":[{"count":9,"href":"https:\/\/westonclimate.com\/sv\/wp-json\/wp\/v2\/product\/4368\/revisions"}],"predecessor-version":[{"id":9326,"href":"https:\/\/westonclimate.com\/sv\/wp-json\/wp\/v2\/product\/4368\/revisions\/9326"}],"wp:featuredmedia":[{"embeddable":true,"href":"https:\/\/westonclimate.com\/sv\/wp-json\/wp\/v2\/media\/5164"}],"wp:attachment":[{"href":"https:\/\/westonclimate.com\/sv\/wp-json\/wp\/v2\/media?parent=4368"}],"wp:term":[{"taxonomy":"product_brand","embeddable":true,"href":"https:\/\/westonclimate.com\/sv\/wp-json\/wp\/v2\/product_brand?post=4368"},{"taxonomy":"product_cat","embeddable":true,"href":"https:\/\/westonclimate.com\/sv\/wp-json\/wp\/v2\/product_cat?post=4368"},{"taxonomy":"product_tag","embeddable":true,"href":"https:\/\/westonclimate.com\/sv\/wp-json\/wp\/v2\/product_tag?post=4368"}],"curies":[{"name":"wp","href":"https:\/\/api.w.org\/{rel}","templated":true}]}}