{"id":6878,"date":"2025-04-11T18:18:20","date_gmt":"2025-04-11T18:18:20","guid":{"rendered":"https:\/\/wmdcompany.eu\/?post_type=product&#038;p=6878"},"modified":"2025-10-02T09:02:38","modified_gmt":"2025-10-02T09:02:38","slug":"amber-jahutus-ja-kute-9-2-kw","status":"publish","type":"product","link":"https:\/\/westonclimate.com\/sv\/tooted\/barnsten-kyla-och-varme-9-2-kw\/","title":{"rendered":"AMBER V\u00e4rme och kyla 9,2 kW"},"content":{"rendered":"<ul>\n<li><strong>Nordisk utrustning omfattar<\/strong>\n<ul>\n<li>en mikroprocessorstyrd extern v\u00e4rmekabel i botten, som g\u00f6r att sm\u00e4ltvattnet snabbt kan rinna ut \u00e4ven vid mycket kallt v\u00e4der;<\/li>\n<li>en kylkabel f\u00f6r vevhusolja, som f\u00f6rhindrar att kompressorn g\u00e5r kall, h\u00e5ller kompressorn varm och f\u00f6rl\u00e4nger dess livsl\u00e4ngd.<\/li>\n<\/ul>\n<\/li>\n<li><strong>Huvudegenskaper hos Amber-seriens luftv\u00e4rmepump:<\/strong>\n<ul>\n<li>energiklass A+++;<\/li>\n<li>S\u00e4songsbaserad prestandakoefficient (SCOP) 4.4;<\/li>\n<li>Temperaturomr\u00e5de f\u00f6r utomhusluft f\u00f6r uppv\u00e4rmning -30 till +24\u00b0C;<\/li>\n<li>omgivande lufttemperaturomr\u00e5de f\u00f6r kylning -20 till +43\u00b0C;<\/li>\n<li>en intern del med sju hastigheter;<\/li>\n<li>en intern superregim;<\/li>\n<li>extra l\u00e5ngt bl\u00e5savst\u00e5nd;<\/li>\n<li>intelligent upptining.<\/li>\n<\/ul>\n<\/li>\n<li><strong>Grundl\u00e4ggande utrustning:<\/strong>\n<ul>\n<li>automatisk omstart vid str\u00f6mavbrott;<\/li>\n<li>tv\u00e4ttbara dammfilter;<\/li>\n<li>turbo-funktion;<\/li>\n<li>smart f\u00f6rv\u00e4rmning;<\/li>\n<li>kontroll av \u00f6nskad temperatur p\u00e5 fj\u00e4rrkontrollen, dvs. p\u00e5 den faktiska platsen d\u00e4r m\u00e4nniskor befinner sig;<\/li>\n<li>timer;<\/li>\n<li>m\u00e5ste;<\/li>\n<li>start med l\u00e5g sp\u00e4nning;<\/li>\n<li>barnl\u00e5s.<\/li>\n<\/ul>\n<\/li>\n<li><strong>Tillbeh\u00f6r ing\u00e5r i priset:<\/strong>\n<ul>\n<li>m\u00f6jlighet att styra fr\u00e5n en smart enhet;<\/li>\n<li>plasmajoniserare;<\/li>\n<li>nordicu utrustning;<\/li>\n<li>+8\u00b0C h\u00e5llfunktion;<\/li>\n<li>4D luftorientering fr\u00e5n fj\u00e4rrkontrollen;<\/li>\n<li>energisparande l\u00e4ge;<\/li>\n<li>vilol\u00e4gen;<\/li>\n<li>d\u00f6rrkontroll.<\/li>\n<\/ul>\n<\/li>\n<\/ul>","protected":false},"excerpt":{"rendered":"<p><strong>Weston Climate AMBER-serien \u00e4r en ny generation luftkonditioneringsanl\u00e4ggningar med luftv\u00e4rmepump (HEAT AND COOL 9,2 kW)<\/strong> \u00e4r konstruerade f\u00f6r de tuffa nordiska f\u00f6rh\u00e5llandena. Den erbjuder h\u00f6g v\u00e4rmekapacitet vid l\u00e5ga temperaturer och \u00f6verl\u00e4gsen effektivitet. Detta s\u00e4kerst\u00e4lls genom toppmodern teknik och det milj\u00f6v\u00e4nliga k\u00f6ldmediet R32. Enheten kan styras med smarta iOS- och Android-enheter. Enheten inkluderar fabriksinstallerad nordisk vinterutrustning, som s\u00e4kerst\u00e4ller tillf\u00f6rlitlighet i nordiska klimat f\u00f6r b\u00e5de uppv\u00e4rmning och kylning. <strong>Enheten \u00e4r l\u00e4mplig f\u00f6r uppv\u00e4rmning av en yta p\u00e5 33-170 m\u00b2 och kylning av en yta p\u00e5 20-90 m\u00b2.<\/strong><\/p>","protected":false},"featured_media":7527,"template":"","meta":[],"product_brand":[],"product_cat":[126],"product_tag":[],"class_list":{"0":"post-6878","1":"product","2":"type-product","3":"status-publish","4":"has-post-thumbnail","6":"product_cat-konditsioneerid","8":"first","9":"instock","10":"taxable","11":"shipping-taxable","12":"purchasable","13":"product-type-simple"},"_links":{"self":[{"href":"https:\/\/westonclimate.com\/sv\/wp-json\/wp\/v2\/product\/6878","targetHints":{"allow":["GET"]}}],"collection":[{"href":"https:\/\/westonclimate.com\/sv\/wp-json\/wp\/v2\/product"}],"about":[{"href":"https:\/\/westonclimate.com\/sv\/wp-json\/wp\/v2\/types\/product"}],"version-history":[{"count":5,"href":"https:\/\/westonclimate.com\/sv\/wp-json\/wp\/v2\/product\/6878\/revisions"}],"predecessor-version":[{"id":9397,"href":"https:\/\/westonclimate.com\/sv\/wp-json\/wp\/v2\/product\/6878\/revisions\/9397"}],"wp:featuredmedia":[{"embeddable":true,"href":"https:\/\/westonclimate.com\/sv\/wp-json\/wp\/v2\/media\/7527"}],"wp:attachment":[{"href":"https:\/\/westonclimate.com\/sv\/wp-json\/wp\/v2\/media?parent=6878"}],"wp:term":[{"taxonomy":"product_brand","embeddable":true,"href":"https:\/\/westonclimate.com\/sv\/wp-json\/wp\/v2\/product_brand?post=6878"},{"taxonomy":"product_cat","embeddable":true,"href":"https:\/\/westonclimate.com\/sv\/wp-json\/wp\/v2\/product_cat?post=6878"},{"taxonomy":"product_tag","embeddable":true,"href":"https:\/\/westonclimate.com\/sv\/wp-json\/wp\/v2\/product_tag?post=6878"}],"curies":[{"name":"wp","href":"https:\/\/api.w.org\/{rel}","templated":true}]}}