{"id":6882,"date":"2025-04-12T08:46:17","date_gmt":"2025-04-12T08:46:17","guid":{"rendered":"https:\/\/wmdcompany.eu\/?post_type=product&#038;p=6882"},"modified":"2026-04-29T13:09:02","modified_gmt":"2026-04-29T13:09:02","slug":"fairy-jahutus-ja-kute-6-6-kw","status":"publish","type":"product","link":"https:\/\/westonclimate.com\/sv\/tooted\/kylning-och-kylaggregat-6-6-kw\/","title":{"rendered":"FAIRY KYLNING OCH V\u00c4RME 6,6 kW"},"content":{"rendered":"<ul>\n<li><strong>HUVUDDRAGEN I NF-SERIENS LUFTV\u00c4RMEPUMP: <\/strong>\n<ul>\n<li>energiklass A+;<\/li>\n<li>S\u00e4songsbaserad prestationskoefficient (SCOP) 4,0;<\/li>\n<li>kraftfull kompressor;<\/li>\n<li>Temperaturomr\u00e5de f\u00f6r utomhusluft f\u00f6r uppv\u00e4rmning -25 till +30\u00b0C;<\/li>\n<li>omgivande lufttemperaturomr\u00e5de f\u00f6r kylning -15 till +50\u00b0C;<\/li>\n<li>intelligent upptining.<\/li>\n<\/ul>\n<\/li>\n<li><strong>HUVUDSAKLIG UTRUSTNING:<\/strong>\n<ul>\n<li>sju interna komponenthastigheter;<\/li>\n<li>automatisk omstart vid str\u00f6mavbrott;<\/li>\n<li>tv\u00e4ttbara dammfilter;<\/li>\n<li>turbo-funktion;<\/li>\n<li>intelligent f\u00f6rv\u00e4rmning av kompressorn;<\/li>\n<li>kontroll av \u00f6nskad temperatur p\u00e5 fj\u00e4rrkontrollen, dvs. p\u00e5 den faktiska platsen d\u00e4r m\u00e4nniskor befinner sig;<\/li>\n<li>timer;<\/li>\n<li>m\u00e5ste;<\/li>\n<li>start med l\u00e5g sp\u00e4nning; barnl\u00e5s.<\/li>\n<\/ul>\n<\/li>\n<li><strong>EXTRA UTRUSTNING ING\u00c5R I PRISET:<\/strong>\n<ul>\n<li>m\u00f6jlighet att styra fr\u00e5n en smart enhet;<\/li>\n<li>plasmajoniserare,<\/li>\n<li>nordicu utrustning;<\/li>\n<li>+8\u00b0C h\u00e5llfunktion;<\/li>\n<li>energisparande l\u00e4ge;<\/li>\n<li>vilol\u00e4ge.<\/li>\n<\/ul>\n<\/li>\n<\/ul>\n<p><strong>M\u00f5\u00f5dud (laius\/s\u00fcgavus\/k\u00f5rgus)mm, kaal (kg)<\/strong><\/p>\n<ul>\n<li>siseosa: 1013xx221x307mm, kaal 14kg<\/li>\n<li>v\u00e4lisosa: 802x350x555, kaal 31kg<\/li>\n<\/ul>","protected":false},"excerpt":{"rendered":"<p><strong>Weston Climate Fairy Nordic-series luftkonditioneringsanl\u00e4ggning med luftv\u00e4rmepump (HEAT AND COOL 6,6 kW)<\/strong> \u00e4r konstruerade f\u00f6r de tuffa nordiska f\u00f6rh\u00e5llandena. Enheten inneh\u00e5ller fabriksinstallerad nordisk vinterutrustning f\u00f6r att s\u00e4kerst\u00e4lla tillf\u00f6rlitlighet i nordiska klimat f\u00f6r b\u00e5de v\u00e4rme och kyla. Alternativ f\u00f6r styrning med smart enhet. <strong>Enheten \u00e4r l\u00e4mplig f\u00f6r uppv\u00e4rmning av 33-140 m\u00b2 och kylning av 33-80 m\u00b2.<\/strong><\/p>","protected":false},"featured_media":7527,"template":"","meta":[],"product_brand":[],"product_cat":[126],"product_tag":[],"class_list":{"0":"post-6882","1":"product","2":"type-product","3":"status-publish","4":"has-post-thumbnail","6":"product_cat-konditsioneerid","8":"first","9":"instock","10":"taxable","11":"shipping-taxable","12":"purchasable","13":"product-type-simple"},"_links":{"self":[{"href":"https:\/\/westonclimate.com\/sv\/wp-json\/wp\/v2\/product\/6882","targetHints":{"allow":["GET"]}}],"collection":[{"href":"https:\/\/westonclimate.com\/sv\/wp-json\/wp\/v2\/product"}],"about":[{"href":"https:\/\/westonclimate.com\/sv\/wp-json\/wp\/v2\/types\/product"}],"version-history":[{"count":8,"href":"https:\/\/westonclimate.com\/sv\/wp-json\/wp\/v2\/product\/6882\/revisions"}],"predecessor-version":[{"id":11610,"href":"https:\/\/westonclimate.com\/sv\/wp-json\/wp\/v2\/product\/6882\/revisions\/11610"}],"wp:featuredmedia":[{"embeddable":true,"href":"https:\/\/westonclimate.com\/sv\/wp-json\/wp\/v2\/media\/7527"}],"wp:attachment":[{"href":"https:\/\/westonclimate.com\/sv\/wp-json\/wp\/v2\/media?parent=6882"}],"wp:term":[{"taxonomy":"product_brand","embeddable":true,"href":"https:\/\/westonclimate.com\/sv\/wp-json\/wp\/v2\/product_brand?post=6882"},{"taxonomy":"product_cat","embeddable":true,"href":"https:\/\/westonclimate.com\/sv\/wp-json\/wp\/v2\/product_cat?post=6882"},{"taxonomy":"product_tag","embeddable":true,"href":"https:\/\/westonclimate.com\/sv\/wp-json\/wp\/v2\/product_tag?post=6882"}],"curies":[{"name":"wp","href":"https:\/\/api.w.org\/{rel}","templated":true}]}}