{"id":5564,"date":"2025-02-12T17:49:33","date_gmt":"2025-02-12T17:49:33","guid":{"rendered":"https:\/\/staging.wmdcompany.eu\/?page_id=5564"},"modified":"2025-07-29T19:29:44","modified_gmt":"2025-07-29T19:29:44","slug":"5564-2","status":"publish","type":"page","link":"https:\/\/westonclimate.com\/uk\/5564-2\/","title":{"rendered":"\u041f\u043e\u0432\u0435\u0440\u043d\u0435\u043d\u043d\u044f \u0442\u0430 \u043e\u0431\u043c\u0456\u043d"},"content":{"rendered":"<div data-elementor-type=\"wp-page\" data-elementor-id=\"5564\" class=\"elementor elementor-5564\" data-elementor-post-type=\"page\">\n\t\t\t\t<div class=\"elementor-element elementor-element-3ab0f04d e-flex e-con-boxed wpr-particle-no wpr-jarallax-no wpr-parallax-no wpr-sticky-section-no wpr-column-slider-no wpr-equal-height-no e-con e-parent\" data-id=\"3ab0f04d\" data-element_type=\"container\" data-e-type=\"container\">\n\t\t\t\t\t<div class=\"e-con-inner\">\n\t\t\t\t<div class=\"elementor-element elementor-element-5755247d elementor-widget elementor-widget-text-editor\" data-id=\"5755247d\" data-element_type=\"widget\" data-e-type=\"widget\" data-widget_type=\"text-editor.default\">\n\t\t\t\t<div class=\"elementor-widget-container\">\n\t\t\t\t\t\t\t\t\t<h1>\u041f\u043e\u0432\u0435\u0440\u043d\u0435\u043d\u043d\u044f \u0442\u0430 \u043e\u0431\u043c\u0456\u043d<\/h1><p><strong><br \/>\u0423\u043c\u043e\u0432\u0438 \u043f\u043e\u0432\u0435\u0440\u043d\u0435\u043d\u043d\u044f WMD Company O\u00dc<br \/><\/strong><br \/>\u041f\u043e\u0432\u0435\u0440\u043d\u0435\u043d\u043d\u044f \u0442\u043e\u0432\u0430\u0440\u0456\u0432 \u0434\u043e \u0434\u0430\u0445\u043e\u0432\u0438\u0445 \u0446\u0435\u043d\u0442\u0440\u0456\u0432 WMD Company O\u00dc \u0437\u0434\u0456\u0439\u0441\u043d\u044e\u0454\u0442\u044c\u0441\u044f \u0432\u0456\u0434\u043f\u043e\u0432\u0456\u0434\u043d\u043e \u0434\u043e \u043d\u0430\u0432\u0435\u0434\u0435\u043d\u0438\u0445 \u043d\u0438\u0436\u0447\u0435 \u043f\u0440\u0430\u0432\u0438\u043b:<\/p><p>1. \u043f\u043e\u043a\u0443\u043f\u0435\u0446\u044c \u043f\u043e\u0432\u0438\u043d\u0435\u043d \u0437\u0430\u0437\u0434\u0430\u043b\u0435\u0433\u0456\u0434\u044c \u043f\u043e\u0432\u0456\u0434\u043e\u043c\u0438\u0442\u0438 \u0430\u0433\u0435\u043d\u0442\u0430\/\u043f\u0440\u043e\u0434\u0430\u0432\u0446\u044f, \u044f\u043a\u0438\u0439 \u043f\u0440\u043e\u0434\u0430\u0432 \u0442\u043e\u0432\u0430\u0440, \u043f\u0440\u043e \u0431\u0430\u0436\u0430\u043d\u043d\u044f \u043f\u043e\u0432\u0435\u0440\u043d\u0443\u0442\u0438 \u0442\u043e\u0432\u0430\u0440*. \u041f\u043e\u0432\u0435\u0440\u043d\u0435\u043d\u043d\u044f \u0442\u043e\u0432\u0430\u0440\u0443 \u0437\u0434\u0456\u0439\u0441\u043d\u044e\u0454\u0442\u044c\u0441\u044f \u0437\u0430 \u043f\u043e\u043f\u0435\u0440\u0435\u0434\u043d\u044c\u043e\u044e \u0437\u0433\u043e\u0434\u043e\u044e \u043f\u0440\u043e\u0434\u0430\u0432\u0446\u044f.<br \/>2. \u0442\u043e\u0432\u0430\u0440, \u0449\u043e \u043f\u0456\u0434\u043b\u044f\u0433\u0430\u0454 \u043f\u043e\u0432\u0435\u0440\u043d\u0435\u043d\u043d\u044e, \u043f\u043e\u0432\u0438\u043d\u0435\u043d \u0441\u0443\u043f\u0440\u043e\u0432\u043e\u0434\u0436\u0443\u0432\u0430\u0442\u0438\u0441\u044f \u043d\u0430\u043b\u0435\u0436\u043d\u0438\u043c \u0447\u0438\u043d\u043e\u043c \u0437\u0430\u043f\u043e\u0432\u043d\u0435\u043d\u043e\u044e \u0444\u043e\u0440\u043c\u043e\u044e \u043f\u043e\u0432\u0435\u0440\u043d\u0435\u043d\u043d\u044f.<br \/>3. \u0442\u043e\u0432\u0430\u0440, \u0449\u043e \u043f\u0456\u0434\u043b\u044f\u0433\u0430\u0454 \u043f\u043e\u0432\u0435\u0440\u043d\u0435\u043d\u043d\u044e, \u043f\u043e\u0432\u0438\u043d\u0435\u043d \u0431\u0443\u0442\u0438 \u0431\u0435\u0437 \u0441\u043b\u0456\u0434\u0456\u0432 \u043c\u043e\u043d\u0442\u0430\u0436\u0443, \u043d\u0435\u0443\u0448\u043a\u043e\u0434\u0436\u0435\u043d\u0438\u043c \u0456 \u0432 \u043e\u0440\u0438\u0433\u0456\u043d\u0430\u043b\u044c\u043d\u0456\u0439 \u0443\u043f\u0430\u043a\u043e\u0432\u0446\u0456 (\u043e\u0431\u043b\u0430\u0434\u043d\u0430\u043d\u043d\u044f, \u0430\u043a\u0441\u0435\u0441\u0443\u0430\u0440\u0438, \u043d\u0430\u043f\u0440\u0438\u043a\u043b\u0430\u0434, \u043a\u043e\u043d\u0442\u0440\u043e\u043b\u0435\u0440\u0438). \u0422\u043e\u0432\u0430\u0440, \u043f\u043e\u0448\u043a\u043e\u0434\u0436\u0435\u043d\u0438\u0439 \u043a\u043b\u0456\u0454\u043d\u0442\u043e\u043c, \u043f\u043e\u0432\u0435\u0440\u043d\u0435\u043d\u043d\u044e \u043d\u0435 \u043f\u0456\u0434\u043b\u044f\u0433\u0430\u0454.<br \/>4. \u043d\u0435 \u043f\u043e\u0432\u0435\u0440\u0442\u0430\u044e\u0442\u044c\u0441\u044f \u0442\u043e\u0432\u0430\u0440\u0438 \u0441\u043f\u0435\u0446\u0456\u0430\u043b\u044c\u043d\u0438\u0445 \u0440\u043e\u0437\u043c\u0456\u0440\u0456\u0432*** \u0442\u0430 \u0442\u043e\u0432\u0430\u0440\u0438, \u0437\u0430\u043c\u043e\u0432\u043b\u0435\u043d\u0456 \u044f\u043a \u0441\u043f\u0435\u0446\u0456\u0430\u043b\u044c\u043d\u0435 \u0437\u0430\u043c\u043e\u0432\u043b\u0435\u043d\u043d\u044f \u0434\u043b\u044f \u043a\u043b\u0456\u0454\u043d\u0442\u0430.<br \/>5. \u0422\u043e\u0432\u0430\u0440\u0438, \u044f\u043a\u0456 \u0431\u0443\u043b\u0438 \u0434\u043e\u0441\u0442\u0430\u0432\u043b\u0435\u043d\u0456 \u043a\u043b\u0456\u0454\u043d\u0442\u0443 \u0447\u0435\u0440\u0435\u0437 3 \u043c\u0456\u0441\u044f\u0446\u0456 \u043f\u0456\u0441\u043b\u044f \u0434\u0430\u0442\u0438 \u0434\u043e\u0441\u0442\u0430\u0432\u043a\u0438, \u043d\u0435 \u0431\u0443\u0434\u0443\u0442\u044c \u043f\u0440\u0438\u0434\u0431\u0430\u043d\u0456.<br \/>6. \u041f\u043e\u0432\u0435\u0440\u043d\u0435\u043d\u043d\u044f \u0442\u043e\u0432\u0430\u0440\u0443 \u0437\u0434\u0456\u0439\u0441\u043d\u044e\u0454\u0442\u044c\u0441\u044f \u043d\u0430 \u0440\u0438\u0437\u0438\u043a \u0456 \u0437\u0430 \u0440\u0430\u0445\u0443\u043d\u043e\u043a \u043f\u043e\u043a\u0443\u043f\u0446\u044f.<\/p><p><strong>\u0423\u043c\u043e\u0432\u0438 \u043f\u043e\u0432\u0435\u0440\u043d\u0435\u043d\u043d\u044f \u0442\u043e\u0432\u0430\u0440\u0443:<\/strong><\/p><p>100% \u0432\u0456\u0434 \u043f\u043e\u043a\u0443\u043f\u043d\u043e\u0457 \u0446\u0456\u043d\u0438 \u0442\u043e\u0432\u0430\u0440\u0443, \u044f\u043a\u0449\u043e \u043f\u0440\u0438\u0447\u0438\u043d\u043e\u044e \u043f\u043e\u0432\u0435\u0440\u043d\u0435\u043d\u043d\u044f \u0454 \u043f\u043e\u043c\u0438\u043b\u043a\u0430 \u0437 \u0431\u043e\u043a\u0443 WMD Company O\u00dc \u0456 \u043d\u0435\u0432\u0456\u0434\u043f\u043e\u0432\u0456\u0434\u043d\u0456\u0441\u0442\u044c \u0442\u043e\u0432\u0430\u0440\u0443 \u0443\u043c\u043e\u0432\u0430\u043c \u0434\u043e\u0433\u043e\u0432\u043e\u0440\u0443, \u043f\u0440\u043e \u0449\u043e \u043f\u043e\u0432\u0456\u0434\u043e\u043c\u043b\u044f\u0454\u0442\u044c\u0441\u044f \u043f\u0440\u043e\u0442\u044f\u0433\u043e\u043c 60 \u0434\u043d\u0456\u0432 \u0437 \u043c\u043e\u043c\u0435\u043d\u0442\u0443 \u0434\u043e\u0441\u0442\u0430\u0432\u043a\u0438 \u0442\u043e\u0432\u0430\u0440\u0443 \u0437\u0430\u043c\u043e\u0432\u043d\u0438\u043a\u0443;<\/p><p>80% \u0432\u0456\u0434 \u0432\u0430\u0440\u0442\u043e\u0441\u0442\u0456 \u0442\u043e\u0432\u0430\u0440\u0443** \u043d\u0430 \u0441\u043a\u043b\u0430\u0434\u0456, \u0437\u0430 \u0432\u0438\u043d\u044f\u0442\u043a\u043e\u043c \u0432\u0438\u043f\u0430\u0434\u043a\u0456\u0432, \u043a\u043e\u043b\u0438 \u0432\u0456\u0434\u0448\u043a\u043e\u0434\u0443\u0432\u0430\u043d\u043d\u044f \u043f\u043e\u0432'\u044f\u0437\u0430\u043d\u0435 \u0437 \u043f\u043e\u043c\u0438\u043b\u043a\u043e\u044e \u0437 \u0431\u043e\u043a\u0443 WMD Company O\u00dc \u0456 \u0432\u0456\u0434\u0448\u043a\u043e\u0434\u0443\u0432\u0430\u043d\u043d\u044f \u0437\u0434\u0456\u0439\u0441\u043d\u044e\u0454\u0442\u044c\u0441\u044f \u043f\u0440\u043e\u0442\u044f\u0433\u043e\u043c 30 \u0434\u043d\u0456\u0432 \u0437 \u043c\u043e\u043c\u0435\u043d\u0442\u0443 \u0434\u043e\u0441\u0442\u0430\u0432\u043a\u0438 \u0442\u043e\u0432\u0430\u0440\u0443 \u043a\u043b\u0456\u0454\u043d\u0442\u0443;<\/p><p>60% \u0432\u0456\u0434 \u0432\u0430\u0440\u0442\u043e\u0441\u0442\u0456 \u0442\u043e\u0432\u0430\u0440\u0443 \u043d\u0430 \u0441\u043a\u043b\u0430\u0434\u0456** \u0437\u0433\u0456\u0434\u043d\u043e \u0437 \u0440\u0430\u0445\u0443\u043d\u043a\u043e\u043c-\u0444\u0430\u043a\u0442\u0443\u0440\u043e\u044e, \u0437\u0430 \u0432\u0438\u043d\u044f\u0442\u043a\u043e\u043c \u0432\u0438\u043f\u0430\u0434\u043a\u0456\u0432, \u043a\u043e\u043b\u0438 \u043f\u043e\u0432\u0435\u0440\u043d\u0435\u043d\u043d\u044f \u043a\u043e\u0448\u0442\u0456\u0432 \u043f\u043e\u0432'\u044f\u0437\u0430\u043d\u0435 \u0437 \u043f\u043e\u043c\u0438\u043b\u043a\u043e\u044e \u0437 \u0431\u043e\u043a\u0443 WMD Company O\u00dc \u0456 \u043f\u043e\u0432\u0435\u0440\u043d\u0435\u043d\u043d\u044f \u0437\u0434\u0456\u0439\u0441\u043d\u044e\u0454\u0442\u044c\u0441\u044f \u043f\u0440\u043e\u0442\u044f\u0433\u043e\u043c 31 \u0434\u043d\u044f - 6 \u043c\u0456\u0441\u044f\u0446\u0456\u0432 \u0437 \u043c\u043e\u043c\u0435\u043d\u0442\u0443 \u0434\u043e\u0441\u0442\u0430\u0432\u043a\u0438 \u0442\u043e\u0432\u0430\u0440\u0443 \u043a\u043b\u0456\u0454\u043d\u0442\u0443.<\/p><p>*\u0422\u043e\u0432\u0430\u0440\u0438 - \u0431\u0443\u0434\u044c-\u044f\u043a\u0456 \u0442\u043e\u0432\u0430\u0440\u0438, \u043f\u0440\u0438\u0434\u0431\u0430\u043d\u0456 \u0443 WMD Company O\u00dc.<br \/>**laokaup - \u0441\u0442\u0430\u043d\u0434\u0430\u0440\u0442\u043d\u0456 \u0442\u043e\u0432\u0430\u0440\u0438, \u043f\u0440\u0438\u0434\u0431\u0430\u043d\u0456 \u0443 WMD Company O\u00dc, \u044f\u043a\u0456 \u043d\u0435 \u0432\u0438\u0433\u043e\u0442\u043e\u0432\u043b\u044f\u044e\u0442\u044c\u0441\u044f \u0456 \u043d\u0435 \u0437\u0430\u043c\u043e\u0432\u043b\u044f\u044e\u0442\u044c\u0441\u044f \u0437\u0430 \u043a\u0440\u0435\u0441\u043b\u0435\u043d\u043d\u044f\u043c\u0438 \u0442\u0430 \u0440\u043e\u0437\u043c\u0456\u0440\u0430\u043c\u0438 \u0437\u0430\u043c\u043e\u0432\u043d\u0438\u043a\u0430 \u0456 \u043c\u043e\u0436\u0443\u0442\u044c \u0431\u0443\u0442\u0438 \u0432\u0438\u043a\u043e\u0440\u0438\u0441\u0442\u0430\u043d\u0456 \u0434\u043b\u044f \u0440\u0456\u0437\u043d\u0438\u0445 \u0431\u0443\u0434\u0456\u0432\u0435\u043b\u044c \u0442\u0430 \u043e\u0431'\u0454\u043a\u0442\u0456\u0432.<br \/>***\u0406\u043d\u0434\u0438\u0432\u0456\u0434\u0443\u0430\u043b\u0456\u0437\u043e\u0432\u0430\u043d\u0456 \u0442\u043e\u0432\u0430\u0440\u0438 - \u0442\u043e\u0432\u0430\u0440\u0438, \u043f\u0440\u0438\u0434\u0431\u0430\u043d\u0456 \u0443 WMD Company O\u00dc, \u044f\u043a\u0456 \u0447\u0456\u0442\u043a\u043e \u043f\u0435\u0440\u0441\u043e\u043d\u0430\u043b\u0456\u0437\u043e\u0432\u0430\u043d\u0456.<br \/>\u043c\u043e\u0436\u0443\u0442\u044c \u0431\u0443\u0442\u0438 \u0432\u0438\u0433\u043e\u0442\u043e\u0432\u043b\u0435\u043d\u0456 \u0430\u0431\u043e \u0437\u0430\u043c\u043e\u0432\u043b\u0435\u043d\u0456 \u0437\u0430 \u0440\u043e\u0437\u043c\u0456\u0440\u0430\u043c\u0438 \u0456 \u043a\u0440\u0435\u0441\u043b\u0435\u043d\u043d\u044f\u043c\u0438 \u0437\u0430\u043c\u043e\u0432\u043d\u0438\u043a\u0430, \u0432\u0438\u043a\u043e\u0440\u0438\u0441\u0442\u0430\u043d\u043d\u044f \u044f\u043a\u0438\u0445 \u0454.<br \/>\u0434\u043b\u044f \u0456\u043d\u0448\u043e\u0457 \u0431\u0443\u0434\u0456\u0432\u043b\u0456 \u0447\u0438 \u0441\u043f\u043e\u0440\u0443\u0434\u0438 \u043d\u0435\u043c\u043e\u0436\u043b\u0438\u0432\u0430 \u0430\u0431\u043e \u043f\u0440\u0438\u0437\u0432\u0435\u0434\u0435 \u0434\u043e \u0434\u043e\u0434\u0430\u0442\u043a\u043e\u0432\u0438\u0445 \u0432\u0438\u0442\u0440\u0430\u0442.<\/p>\t\t\t\t\t\t\t\t<\/div>\n\t\t\t\t<\/div>\n\t\t\t\t\t<\/div>\n\t\t\t\t<\/div>\n\t\t<div class=\"elementor-element elementor-element-3fa745c e-flex e-con-boxed wpr-particle-no wpr-jarallax-no wpr-parallax-no wpr-sticky-section-no wpr-column-slider-no wpr-equal-height-no e-con e-parent\" data-id=\"3fa745c\" data-element_type=\"container\" data-e-type=\"container\">\n\t\t\t\t\t<div class=\"e-con-inner\">\n\t\t\t\t<div class=\"elementor-element elementor-element-a61bf8d elementor-widget elementor-widget-shortcode\" data-id=\"a61bf8d\" data-element_type=\"widget\" data-e-type=\"widget\" data-widget_type=\"shortcode.default\">\n\t\t\t\t<div class=\"elementor-widget-container\">\n\t\t\t\t\t\t\t<div class=\"elementor-shortcode\">\n<div class=\"wpcf7 no-js\" id=\"wpcf7-f6102-o1\" lang=\"et\" dir=\"ltr\" data-wpcf7-id=\"6102\">\n<div class=\"screen-reader-response\"><p role=\"status\" aria-live=\"polite\" aria-atomic=\"true\"><\/p> <ul><\/ul><\/div>\n<form action=\"\/uk\/wp-json\/wp\/v2\/pages\/5564#wpcf7-f6102-o1\" method=\"post\" class=\"wpcf7-form init\" aria-label=\"\u041a\u043e\u043d\u0442\u0430\u043a\u0442\u043d\u0430 \u0444\u043e\u0440\u043c\u0430\" novalidate=\"novalidate\" data-status=\"init\" data-trp-original-action=\"\/uk\/wp-json\/wp\/v2\/pages\/5564#wpcf7-f6102-o1\">\n<fieldset class=\"hidden-fields-container\"><input type=\"hidden\" name=\"_wpcf7\" value=\"6102\" \/><input type=\"hidden\" name=\"_wpcf7_version\" value=\"6.1.5\" \/><input type=\"hidden\" name=\"_wpcf7_locale\" value=\"et\" \/><input type=\"hidden\" name=\"_wpcf7_unit_tag\" value=\"wpcf7-f6102-o1\" \/><input type=\"hidden\" name=\"_wpcf7_container_post\" value=\"0\" \/><input type=\"hidden\" name=\"_wpcf7_posted_data_hash\" value=\"\" \/><input type=\"hidden\" name=\"_wpcf7_recaptcha_response\" value=\"\" \/>\n<\/fieldset>\n<fieldset>\n\t<legend>\u0406\u043d\u0444\u043e\u0440\u043c\u0430\u0446\u0456\u044f \u043f\u0440\u043e \u043a\u043b\u0456\u0454\u043d\u0442\u0430\n\t<\/legend>\n\t<div>\n\t\t<p><label>\u041d\u0430\u0437\u0432\u0430 \u043a\u043e\u043c\u043f\u0430\u043d\u0456\u0457<br \/>\n<span class=\"wpcf7-form-control-wrap\" data-name=\"company-name\"><input size=\"40\" maxlength=\"400\" class=\"wpcf7-form-control wpcf7-text\" aria-invalid=\"false\" value=\"\" type=\"text\" name=\"company-name\" \/><\/span> <\/label><br \/>\n<label>\u0406\u043c'\u044f \u0440\u0435\u043f\u0430\u0442\u0440\u0456\u0430\u043d\u0442\u0430<br \/>\n<span class=\"wpcf7-form-control-wrap\" data-name=\"returnee\"><input size=\"40\" maxlength=\"400\" class=\"wpcf7-form-control wpcf7-text\" aria-invalid=\"false\" value=\"\" type=\"text\" name=\"returnee\" \/><\/span><\/label><br \/>\n<label>\u0422\u0435\u043b\u0435\u0444\u043e\u043d<br \/>\n<span class=\"wpcf7-form-control-wrap\" data-name=\"phone\"><input size=\"40\" maxlength=\"400\" class=\"wpcf7-form-control wpcf7-tel wpcf7-text wpcf7-validates-as-tel\" aria-invalid=\"false\" value=\"\" type=\"tel\" name=\"phone\" \/><\/span><\/label>\n\t\t<\/p>\n\t<\/div>\n<\/fieldset>\n<fieldset>\n\t<legend>\u0414\u0430\u043d\u0456 \u043f\u0440\u043e \u043f\u0440\u043e\u0434\u0443\u043a\u0442\n\t<\/legend>\n\t<div>\n\t\t<p><label>\u041d\u0430\u0437\u0432\u0430 \u043f\u0440\u043e\u0434\u0443\u043a\u0442\u0443<br \/>\n<span class=\"wpcf7-form-control-wrap\" data-name=\"product-name\"><input size=\"40\" maxlength=\"400\" class=\"wpcf7-form-control wpcf7-text\" aria-invalid=\"false\" value=\"\" type=\"text\" name=\"product-name\" \/><\/span><\/label><br \/>\n<label>\u041a\u0456\u043b\u044c\u043a\u0456\u0441\u0442\u044c<br \/>\n<span class=\"wpcf7-form-control-wrap\" data-name=\"amount\"><input class=\"wpcf7-form-control wpcf7-number wpcf7-validates-as-number\" aria-invalid=\"false\" value=\"\" type=\"number\" name=\"amount\" \/><\/span><\/label><br \/>\n<label>\u041d\u043e\u043c\u0435\u0440 \u0440\u0430\u0445\u0443\u043d\u043a\u0443-\u0444\u0430\u043a\u0442\u0443\u0440\u0438\/\u0442\u043e\u0432\u0430\u0440\u043d\u043e-\u0442\u0440\u0430\u043d\u0441\u043f\u043e\u0440\u0442\u043d\u043e\u0457 \u043d\u0430\u043a\u043b\u0430\u0434\u043d\u043e\u0457.<br \/>\n<span class=\"wpcf7-form-control-wrap\" data-name=\"order-info\"><input size=\"40\" maxlength=\"400\" class=\"wpcf7-form-control wpcf7-text\" aria-invalid=\"false\" value=\"\" type=\"text\" name=\"order-info\" \/><\/span><\/label>\n\t\t<\/p>\n\t<\/div>\n<\/fieldset>\n<fieldset>\n\t<legend>\u041f\u0440\u0438\u0447\u0438\u043d\u0430 \u043f\u043e\u0432\u0435\u0440\u043d\u0435\u043d\u043d\u044f\n\t<\/legend>\n\t<p><span class=\"wpcf7-form-control-wrap\" data-name=\"reason\"><span class=\"wpcf7-form-control wpcf7-checkbox\"><span class=\"wpcf7-list-item first\"><label><input type=\"checkbox\" name=\"reason[]\" value=\"Ekslikult tellitud toode\" \/><span class=\"wpcf7-list-item-label\">\u041f\u043e\u043c\u0438\u043b\u043a\u043e\u0432\u043e \u0437\u0430\u043c\u043e\u0432\u043b\u0435\u043d\u043e \u0442\u043e\u0432\u0430\u0440<\/span><\/label><\/span><span class=\"wpcf7-list-item\"><label><input type=\"checkbox\" name=\"reason[]\" value=\"Defektne kaup\" \/><span class=\"wpcf7-list-item-label\">\u0414\u0435\u0444\u0435\u043a\u0442\u043d\u0438\u0439 \u0442\u043e\u0432\u0430\u0440<\/span><\/label><\/span><span class=\"wpcf7-list-item\"><label><input type=\"checkbox\" name=\"reason[]\" value=\"Valesti saadetud\" \/><span class=\"wpcf7-list-item-label\">\u041d\u0435\u043f\u0440\u0430\u0432\u0438\u043b\u044c\u043d\u043e \u043d\u0430\u0434\u0456\u0441\u043b\u0430\u043d\u043e<\/span><\/label><\/span><span class=\"wpcf7-list-item last\"><label><input type=\"checkbox\" name=\"reason[]\" value=\"Muu\" \/><span class=\"wpcf7-list-item-label\">\u0406\u043d\u0448\u0435<\/span><\/label><\/span><\/span><\/span><br \/>\n<span class=\"wpcf7-form-control-wrap\" data-name=\"reason-explain\"><textarea cols=\"40\" rows=\"10\" maxlength=\"2000\" class=\"wpcf7-form-control wpcf7-textarea\" aria-invalid=\"false\" placeholder=\"\u041f\u043e\u044f\u0441\u043d\u0435\u043d\u043d\u044f\" name=\"reason-explain\"><\/textarea><\/span>\n\t<\/p>\n<\/fieldset>\n<fieldset>\n\t<legend>\u0417\u0430\u043f\u0438\u0442 \u043a\u043b\u0456\u0454\u043d\u0442\u0430\n\t<\/legend>\n\t<p><span class=\"wpcf7-form-control-wrap\" data-name=\"customerwants\"><span class=\"wpcf7-form-control wpcf7-radio\"><span class=\"wpcf7-list-item first\"><label><input type=\"radio\" name=\"customerwants\" value=\"Soovime h\u00fcvitusarvet\" \/><span class=\"wpcf7-list-item-label\">\u041c\u0438 \u0445\u043e\u0442\u0456\u043b\u0438 \u0431 \u043e\u0442\u0440\u0438\u043c\u0430\u0442\u0438 \u0440\u0430\u0445\u0443\u043d\u043e\u043a-\u0444\u0430\u043a\u0442\u0443\u0440\u0443 \u043d\u0430 \u043a\u043e\u043c\u043f\u0435\u043d\u0441\u0430\u0446\u0456\u044e<\/span><\/label><\/span><span class=\"wpcf7-list-item last\"><label><input type=\"radio\" name=\"customerwants\" value=\"Soovime uut toodet\" \/><span class=\"wpcf7-list-item-label\">\u041c\u0438 \u0445\u043e\u0447\u0435\u043c\u043e \u043d\u043e\u0432\u0438\u0439 \u043f\u0440\u043e\u0434\u0443\u043a\u0442<\/span><\/label><\/span><\/span><\/span>\n\t<\/p>\n<\/fieldset>\n<p><input class=\"wpcf7-form-control wpcf7-submit has-spinner\" type=\"submit\" value=\"\u041d\u0430\u0434\u0441\u0438\u043b\u0430\u0439\u0442\u0435 \u043d\u0430 \u0430\u0434\u0440\u0435\u0441\u0443\" \/>\n<\/p><div class=\"wpcf7-response-output\" aria-hidden=\"true\"><\/div>\n<input type=\"hidden\" name=\"trp-form-language\" value=\"uk\"\/><\/form>\n<\/div>\n<\/div>\n\t\t\t\t\t\t<\/div>\n\t\t\t\t<\/div>\n\t\t\t\t\t<\/div>\n\t\t\t\t<\/div>\n\t\t\t\t<\/div>","protected":false},"excerpt":{"rendered":"<p>Tagastamine ja vahetus WMD Company O\u00dc tagastustingimusedKauba tagastamine WMD Company O\u00dc katusekeskustesse toimub allolevate reeglite kohaselt: 1. Kauba* tagastamise soovist peab klient eelnevalt teavitama kauba m\u00fc\u00fcnud esindust\/m\u00fc\u00fcjat. Kauba tagastamise eelduseks on m\u00fc\u00fcja eelnev sellekohane\u00a0 n\u00f5usolek.2. Tagastatavale kaubale peab olema lisatud n\u00f5uetekohaselt t\u00e4idetud tagastusleht.3. Tagastatav kaup peab olema paigaldusj\u00e4lgedeta, terve ja\u00a0 originaalpakendis (seadmed, lisatarvikud, nt. kontrollerid). Kliendi poolt rikutud kaup tagastamisele ei kuulu.4. Erim\u00f5\u00f5dulist kaupa*** ja kliendile eritellimusena tellitud kaupa tagasi ei osteta.5. Kaupu, mille \u00fcleandmisest kliendile on m\u00f6\u00f6dunud 3 kuud tagasi ei osteta.6. Kauba tagastamine toimub ostja vastutusel ja kulul. Kauba h\u00fcvitamistingimused: 100% kauba ostuhinnast, kui\u00a0 tagastamise p\u00f5hjuseks on WMD Company O\u00dc poolne eksimus ning kauba lepingutingimustele mittevastavusest teavitatakse 60 p\u00e4eva jooksul alates kauba tarnest kliendile; 80% laokauba** ostuhinnast, kui tagastus ei tulene WMD Company O\u00dc poolsest eksimusest ning tagastus toimub 30 p\u00e4eva jooksul alates kauba tarnest kliendile; 60% laokauba** ostuhinnast vastavalt ostuarvele, kui tagastus ei tulene WMD Company O\u00dc poolsest eksimusest ning tagastus toimub 31 p\u00e4eva \u2013 6 kuu jooksul alates kauba tarnest kliendile. *kaup \u2013 mis iganes WMD Company O\u00dc -st ostetud kaup.**laokaup \u2013 WMD Company O\u00dc -st ostetud standardne kaup, mis ei ole toodetud ega tellitud kliendipoolsete\u00a0 jooniste ja m\u00f5\u00f5tude alusel ning mida on v\u00f5imalik kasutada erinevate hoonete ja objektide tarbeks.***erim\u00f5\u00f5duline kaup \u2013 WMD Company O\u00dc -st ostetud kaup,\u00a0 mis on selgelt personaliseeritudehk valmistatud v\u00f5i tellitud kliendipoolseid m\u00f5\u00f5tmeid ja jooniseid j\u00e4rgides ning mille kasutamineteise hoone v\u00f5i objekti tarbeks ei ole v\u00f5imalik v\u00f5i tekitab lisakulutusi.<\/p>","protected":false},"author":8,"featured_media":0,"parent":0,"menu_order":0,"comment_status":"closed","ping_status":"closed","template":"","meta":{"footnotes":""},"class_list":["post-5564","page","type-page","status-publish","hentry"],"_links":{"self":[{"href":"https:\/\/westonclimate.com\/uk\/wp-json\/wp\/v2\/pages\/5564","targetHints":{"allow":["GET"]}}],"collection":[{"href":"https:\/\/westonclimate.com\/uk\/wp-json\/wp\/v2\/pages"}],"about":[{"href":"https:\/\/westonclimate.com\/uk\/wp-json\/wp\/v2\/types\/page"}],"author":[{"embeddable":true,"href":"https:\/\/westonclimate.com\/uk\/wp-json\/wp\/v2\/users\/8"}],"replies":[{"embeddable":true,"href":"https:\/\/westonclimate.com\/uk\/wp-json\/wp\/v2\/comments?post=5564"}],"version-history":[{"count":33,"href":"https:\/\/westonclimate.com\/uk\/wp-json\/wp\/v2\/pages\/5564\/revisions"}],"predecessor-version":[{"id":8149,"href":"https:\/\/westonclimate.com\/uk\/wp-json\/wp\/v2\/pages\/5564\/revisions\/8149"}],"wp:attachment":[{"href":"https:\/\/westonclimate.com\/uk\/wp-json\/wp\/v2\/media?parent=5564"}],"curies":[{"name":"wp","href":"https:\/\/api.w.org\/{rel}","templated":true}]}}