{"id":5605,"date":"2025-02-13T17:20:54","date_gmt":"2025-02-13T17:20:54","guid":{"rendered":"https:\/\/staging.wmdcompany.eu\/?page_id=5605"},"modified":"2025-07-29T19:38:26","modified_gmt":"2025-07-29T19:38:26","slug":"%d1%81%d0%bf%d0%be%d1%81%d0%be%d0%b1%d0%b8-%d0%be%d0%bf%d0%bb%d0%b0%d1%82%d0%b8","status":"publish","type":"page","link":"https:\/\/westonclimate.com\/uk\/makseviisid\/","title":{"rendered":"\u0421\u043f\u043e\u0441\u043e\u0431\u0438 \u043e\u043f\u043b\u0430\u0442\u0438"},"content":{"rendered":"<div data-elementor-type=\"wp-page\" data-elementor-id=\"5605\" class=\"elementor elementor-5605\" data-elementor-post-type=\"page\">\n\t\t\t\t<div class=\"elementor-element elementor-element-ad67b89 e-flex e-con-boxed wpr-particle-no wpr-jarallax-no wpr-parallax-no wpr-sticky-section-no wpr-equal-height-no e-con e-parent\" data-id=\"ad67b89\" data-element_type=\"container\" data-e-type=\"container\">\n\t\t\t\t\t<div class=\"e-con-inner\">\n\t\t\t\t<div class=\"elementor-element elementor-element-7122db7 elementor-widget elementor-widget-text-editor\" data-id=\"7122db7\" data-element_type=\"widget\" data-e-type=\"widget\" data-widget_type=\"text-editor.default\">\n\t\t\t\t<div class=\"elementor-widget-container\">\n\t\t\t\t\t\t\t\t\t<h1>\u0421\u043f\u043e\u0441\u043e\u0431\u0438 \u043e\u043f\u043b\u0430\u0442\u0438<\/h1><p>\u0417\u0430\u043c\u043e\u0432\u043b\u0435\u043d\u043d\u044f \u043c\u043e\u0436\u043d\u0430 \u0431\u0435\u0437\u043f\u0435\u0447\u043d\u043e \u043e\u043f\u043b\u0430\u0442\u0438\u0442\u0438 \u0432 \u0456\u043d\u0442\u0435\u0440\u043d\u0435\u0442-\u043c\u0430\u0433\u0430\u0437\u0438\u043d\u0456 Weston Climate \u0437\u0430 \u0434\u043e\u043f\u043e\u043c\u043e\u0433\u043e\u044e \u0440\u0456\u0437\u043d\u043e\u043c\u0430\u043d\u0456\u0442\u043d\u0438\u0445 \u0431\u0430\u043d\u043a\u0456\u0432\u0441\u044c\u043a\u0438\u0445 \u0440\u0435\u043a\u0432\u0456\u0437\u0438\u0442\u0456\u0432, \u0430 \u0442\u0430\u043a\u043e\u0436 \u0437\u0430 \u0434\u043e\u043f\u043e\u043c\u043e\u0433\u043e\u044e \u0440\u043e\u0437\u0441\u0442\u0440\u043e\u0447\u043a\u0438 Inbank \u0442\u0430 ESTO.<\/p><div>\u042f\u043a \u043a\u0443\u043f\u0438\u0442\u0438?<\/div><ul><li>\u0414\u043e\u0434\u0430\u0442\u0438 \u0442\u043e\u0432\u0430\u0440\u0438 \u0434\u043e \u043a\u043e\u0448\u0438\u043a\u0430<\/li><li>\u0417\u0430\u0440\u0435\u0454\u0441\u0442\u0440\u0443\u0439\u0442\u0435\u0441\u044f \u0430\u0431\u043e \u0443\u0432\u0456\u0439\u0434\u0456\u0442\u044c<\/li><li>\u041e\u0431\u0435\u0440\u0456\u0442\u044c \u0441\u043f\u043e\u0441\u0456\u0431 \u0434\u043e\u0441\u0442\u0430\u0432\u043a\u0438<\/li><li>\u041f\u0456\u0434\u0433\u043e\u0442\u0443\u0439\u0442\u0435 \u0441\u0432\u043e\u0454 \u0437\u0430\u043c\u043e\u0432\u043b\u0435\u043d\u043d\u044f<\/li><li>\u0417\u0434\u0456\u0439\u0441\u043d\u0438\u0442\u0438 \u043f\u043b\u0430\u0442\u0456\u0436<\/li><\/ul><p>\u041e\u043f\u043b\u0430\u0442\u0430 \u0437\u0434\u0456\u0439\u0441\u043d\u044e\u0454\u0442\u044c\u0441\u044f \u043f\u043e\u0437\u0430 \u043c\u0435\u0436\u0430\u043c\u0438 \u0456\u043d\u0442\u0435\u0440\u043d\u0435\u0442-\u043c\u0430\u0433\u0430\u0437\u0438\u043d\u0443 Weston Climate. \u041f\u0435\u0440\u0441\u043e\u043d\u0430\u043b\u044c\u043d\u0456 \u0434\u0430\u043d\u0456 \u043e\u0431\u0440\u043e\u0431\u043b\u044f\u0454 \u043a\u043e\u043c\u043f\u0430\u043d\u0456\u044f WMD Company O\u00dc, \u044f\u043a\u0430 \u043f\u0435\u0440\u0435\u0434\u0430\u0454 \u043f\u0435\u0440\u0441\u043e\u043d\u0430\u043b\u044c\u043d\u0456 \u0434\u0430\u043d\u0456, \u043d\u0435\u043e\u0431\u0445\u0456\u0434\u043d\u0456 \u0434\u043b\u044f \u0432\u0438\u043a\u043e\u043d\u0430\u043d\u043d\u044f \u043f\u043b\u0430\u0442\u0435\u0436\u0456\u0432, \u0443\u043f\u043e\u0432\u043d\u043e\u0432\u0430\u0436\u0435\u043d\u0438\u043c \u043f\u0440\u043e\u0446\u0435\u0441\u043e\u0440\u0430\u043c Inbank AS, ESTO AS \u0456 Maksekeskus AS. \u0406\u043d\u0442\u0435\u0440\u043d\u0435\u0442-\u043c\u0430\u0433\u0430\u0437\u0438\u043d Weston Climate \u043d\u0435 \u043c\u0430\u0454 \u0434\u043e\u0441\u0442\u0443\u043f\u0443 \u0434\u043e \u0431\u0430\u043d\u043a\u0456\u0432\u0441\u044c\u043a\u0438\u0445 \u0434\u0430\u043d\u0438\u0445 \u0456 \u0434\u0430\u043d\u0438\u0445 \u043a\u0440\u0435\u0434\u0438\u0442\u043d\u043e\u0457 \u043a\u0430\u0440\u0442\u043a\u0438 \u043a\u043b\u0456\u0454\u043d\u0442\u0430.<\/p><p>\u041f\u0456\u0441\u043b\u044f \u0442\u043e\u0433\u043e, \u044f\u043a \u0432\u0438 \u043e\u043f\u043b\u0430\u0442\u0438\u0442\u0435 \u0442\u043e\u0432\u0430\u0440, \u0431\u0443\u0434\u044c \u043b\u0430\u0441\u043a\u0430, \u043d\u0435 \u0437\u0430\u0431\u0443\u0434\u044c\u0442\u0435 \u043d\u0430\u0442\u0438\u0441\u043d\u0443\u0442\u0438 \u043d\u0430 \u043a\u043d\u043e\u043f\u043a\u0443 \"<b>\u041d\u0430\u0437\u0430\u0434 \u0434\u043e \u0442\u0440\u0435\u0439\u0434\u0435\u0440\u0430<\/b>\".<\/p>\t\t\t\t\t\t\t\t<\/div>\n\t\t\t\t<\/div>\n\t\t\t\t<div class=\"elementor-element elementor-element-b1fdd8b elementor-widget elementor-widget-spacer\" data-id=\"b1fdd8b\" data-element_type=\"widget\" data-e-type=\"widget\" data-widget_type=\"spacer.default\">\n\t\t\t\t<div class=\"elementor-widget-container\">\n\t\t\t\t\t\t\t<div class=\"elementor-spacer\">\n\t\t\t<div class=\"elementor-spacer-inner\"><\/div>\n\t\t<\/div>\n\t\t\t\t\t\t<\/div>\n\t\t\t\t<\/div>\n\t\t\t\t\t<\/div>\n\t\t\t\t<\/div>\n\t\t\t\t<\/div>","protected":false},"excerpt":{"rendered":"<p>Makseviisid Tellimuste eest saab turvaliselt tasuda Weston Climate e-poes erinevate pangalinkide abil ning lisaks saab kasutada makseviisina Inbank ja ESTO j\u00e4relmaksu. Kuidas osta? Lisa tooted ostukorvi Registreeru v\u00f5i logi sisse Vali k\u00e4ttesaamise viis Vormista tellimus Soorita makse Makse tegemine toimub v\u00e4ljaspool Weston Climate e-poe keskkonda. Isikuandmeid t\u00f6\u00f6tleb WMD Company O\u00dc, kes edastab maksete teostamiseks vajalikud isikuandmed volitatud t\u00f6\u00f6tlejatele Inbank AS, ESTO AS ja Maksekeskus AS. Weston Climate e-poel puudub ligip\u00e4\u00e4s kliendi panga- ja krediitkaardiandmetele. P\u00e4rast toote eest tasumist vajutage palun pangas kindlasti nupule \u201eTagasi kaupmehe juurde\u201d.<\/p>","protected":false},"author":8,"featured_media":0,"parent":0,"menu_order":0,"comment_status":"closed","ping_status":"closed","template":"","meta":{"footnotes":""},"class_list":["post-5605","page","type-page","status-publish","hentry"],"_links":{"self":[{"href":"https:\/\/westonclimate.com\/uk\/wp-json\/wp\/v2\/pages\/5605","targetHints":{"allow":["GET"]}}],"collection":[{"href":"https:\/\/westonclimate.com\/uk\/wp-json\/wp\/v2\/pages"}],"about":[{"href":"https:\/\/westonclimate.com\/uk\/wp-json\/wp\/v2\/types\/page"}],"author":[{"embeddable":true,"href":"https:\/\/westonclimate.com\/uk\/wp-json\/wp\/v2\/users\/8"}],"replies":[{"embeddable":true,"href":"https:\/\/westonclimate.com\/uk\/wp-json\/wp\/v2\/comments?post=5605"}],"version-history":[{"count":26,"href":"https:\/\/westonclimate.com\/uk\/wp-json\/wp\/v2\/pages\/5605\/revisions"}],"predecessor-version":[{"id":8158,"href":"https:\/\/westonclimate.com\/uk\/wp-json\/wp\/v2\/pages\/5605\/revisions\/8158"}],"wp:attachment":[{"href":"https:\/\/westonclimate.com\/uk\/wp-json\/wp\/v2\/media?parent=5605"}],"curies":[{"name":"wp","href":"https:\/\/api.w.org\/{rel}","templated":true}]}}