{"id":5616,"date":"2025-02-13T17:38:36","date_gmt":"2025-02-13T17:38:36","guid":{"rendered":"https:\/\/staging.wmdcompany.eu\/?page_id=5616"},"modified":"2025-07-29T19:16:39","modified_gmt":"2025-07-29T19:16:39","slug":"kuidas-osta","status":"publish","type":"page","link":"https:\/\/westonclimate.com\/uk\/\u044f\u043a-\u043a\u0443\u043f\u0438\u0442\u0438\/","title":{"rendered":"\u042f\u043a \u043a\u0443\u043f\u0438\u0442\u0438"},"content":{"rendered":"<div data-elementor-type=\"wp-page\" data-elementor-id=\"5616\" class=\"elementor elementor-5616\" data-elementor-post-type=\"page\">\n\t\t\t\t<div class=\"elementor-element elementor-element-63f31ea7 e-flex e-con-boxed wpr-particle-no wpr-jarallax-no wpr-parallax-no wpr-sticky-section-no wpr-column-slider-no wpr-equal-height-no e-con e-parent\" data-id=\"63f31ea7\" data-element_type=\"container\" data-e-type=\"container\">\n\t\t\t\t\t<div class=\"e-con-inner\">\n\t\t\t\t<div class=\"elementor-element elementor-element-5c5a7cea elementor-widget__width-initial elementor-widget elementor-widget-text-editor\" data-id=\"5c5a7cea\" data-element_type=\"widget\" data-e-type=\"widget\" data-widget_type=\"text-editor.default\">\n\t\t\t\t<div class=\"elementor-widget-container\">\n\t\t\t\t\t\t\t\t\t<h1>\u042f\u043a \u043a\u0443\u043f\u0438\u0442\u0438<\/h1><p style=\"text-align: left;\">\u0412\u0438\u0431\u0435\u0440\u0456\u0442\u044c \u0442\u043e\u0432\u0430\u0440 \u0456 \u043d\u0430\u0442\u0438\u0441\u043d\u0456\u0442\u044c \u043a\u043d\u043e\u043f\u043a\u0443 \"<b>\u0414\u043e\u0434\u0430\u0442\u0438 \u0432 \u043a\u043e\u0448\u0438\u043a<\/b>\" \u042f\u043a\u0449\u043e \u0442\u043e\u0432\u0430\u0440 \u043c\u0430\u0454 \u0434\u043e\u0434\u0430\u0442\u043a\u043e\u0432\u0456 \u043e\u043f\u0446\u0456\u0457, \u0457\u0445 \u0442\u0430\u043a\u043e\u0436 \u043f\u043e\u0442\u0440\u0456\u0431\u043d\u043e \u0432\u043a\u0430\u0437\u0430\u0442\u0438. \u041f\u0456\u0441\u043b\u044f \u0446\u044c\u043e\u0433\u043e \u0432\u0438 \u043c\u043e\u0436\u0435\u0442\u0435 \u043f\u0440\u043e\u0434\u043e\u0432\u0436\u0438\u0442\u0438 \u043f\u043e\u043a\u0443\u043f\u043a\u0438 \u0430\u0431\u043e \u043f\u0435\u0440\u0435\u0439\u0442\u0438 \u0434\u043e \u043a\u043e\u0448\u0438\u043a\u0430, \u043d\u0430\u0442\u0438\u0441\u043d\u0443\u0432\u0448\u0438 \u043d\u0430 \u0441\u0438\u043d\u044e \u0441\u043c\u0443\u0436\u043a\u0443 \u043d\u0430\u0434 \u0442\u043e\u0432\u0430\u0440\u043e\u043c\".<strong>\u041f\u0435\u0440\u0435\u0433\u043b\u044f\u043d\u0443\u0442\u0438 \u043a\u043e\u0448\u0438\u043a\"<\/strong>. \u041a\u0440\u0456\u043c \u0442\u043e\u0433\u043e, \u0432\u0438 \u0437\u0430\u0432\u0436\u0434\u0438 \u043c\u043e\u0436\u0435\u0442\u0435 \u043f\u0435\u0440\u0435\u0433\u043b\u044f\u043d\u0443\u0442\u0438 \u0432\u043c\u0456\u0441\u0442 \u0432\u0430\u0448\u043e\u0433\u043e \u043a\u043e\u0448\u0438\u043a\u0430, \u043d\u0430\u0442\u0438\u0441\u043d\u0443\u0432\u0448\u0438 \u043d\u0430 \u0456\u043a\u043e\u043d\u043a\u0443 \u043a\u043e\u0448\u0438\u043a\u0430 \u0432 \u0433\u043e\u043b\u043e\u0432\u043d\u043e\u043c\u0443 \u043c\u0435\u043d\u044e.<\/p><p style=\"text-align: left;\">\u0423 \u043a\u043e\u0448\u0438\u043a\u0443 \u0432\u0438 \u043c\u043e\u0436\u0435\u0442\u0435 \u043a\u043e\u0440\u0438\u0433\u0443\u0432\u0430\u0442\u0438 \u043a\u0456\u043b\u044c\u043a\u0456\u0441\u0442\u044c \u0442\u043e\u0432\u0430\u0440\u0456\u0432, \u0449\u043e \u043a\u0443\u043f\u0443\u044e\u0442\u044c\u0441\u044f, \u0442\u0430 \u043e\u0431\u0440\u0430\u043d\u0456 \u0442\u043e\u0432\u0430\u0440\u0438. \u041f\u0440\u0438 \u0432\u043d\u0435\u0441\u0435\u043d\u043d\u0456 \u0437\u043c\u0456\u043d, \u0432 \u0442\u043e\u043c\u0443 \u0447\u0438\u0441\u043b\u0456 \u043f\u0440\u0438 \u0432\u0432\u0435\u0434\u0435\u043d\u043d\u0456 \u043f\u0440\u043e\u043c\u043e\u043a\u043e\u0434\u0443, \u043d\u0435\u043e\u0431\u0445\u0456\u0434\u043d\u043e \u043d\u0430\u0442\u0438\u0441\u043d\u0443\u0442\u0438 \u043d\u0430 \u043a\u043d\u043e\u043f\u043a\u0443 \"<strong>\u041e\u043d\u043e\u0432\u0438\u0442\u0438 \u043a\u043e\u0448\u0438\u043a\"<\/strong>\u0449\u043e\u0431 \u0437\u043c\u0456\u043d\u0438 \u043d\u0430\u0431\u0443\u043b\u0438 \u0447\u0438\u043d\u043d\u043e\u0441\u0442\u0456. \u041a\u043e\u043b\u0438 \u0432\u0438 \u0431\u0443\u0434\u0435\u0442\u0435 \u0437\u0430\u0434\u043e\u0432\u043e\u043b\u0435\u043d\u0456 \u0432\u043c\u0456\u0441\u0442\u043e\u043c \u0432\u0430\u0448\u043e\u0433\u043e \u043a\u043e\u0448\u0438\u043a\u0430, \u043d\u0430\u0442\u0438\u0441\u043d\u0456\u0442\u044c \u043d\u0430 \u043a\u043d\u043e\u043f\u043a\u0443 \"<strong>\u0406\u0434\u0456\u0442\u044c \u043f\u043b\u0430\u0442\u0438\u0442\u0438.<\/strong>\u201c.<\/p><p style=\"text-align: left;\">\u0414\u043b\u044f \u043e\u0444\u043e\u0440\u043c\u043b\u0435\u043d\u043d\u044f \u0437\u0430\u043c\u043e\u0432\u043b\u0435\u043d\u043d\u044f \u043d\u0435\u043e\u0431\u0445\u0456\u0434\u043d\u043e \u0437\u0430\u043f\u043e\u0432\u043d\u0438\u0442\u0438 \u043a\u043e\u043d\u0442\u0430\u043a\u0442\u043d\u0443 \u0444\u043e\u0440\u043c\u0443 \u0442\u0430 \u043e\u0431\u0440\u0430\u0442\u0438 \u0441\u043f\u043e\u0441\u0456\u0431 \u043e\u043f\u043b\u0430\u0442\u0438. \u0414\u043b\u044f \u043f\u0456\u0434\u0442\u0432\u0435\u0440\u0434\u0436\u0435\u043d\u043d\u044f \u043f\u043b\u0430\u0442\u0435\u0436\u0443, \u0431\u0443\u0434\u044c \u043b\u0430\u0441\u043a\u0430, \u043e\u0431\u043e\u0432'\u044f\u0437\u043a\u043e\u0432\u043e \u043d\u0430\u0442\u0438\u0441\u043d\u0456\u0442\u044c \u043d\u0430 \u043a\u043d\u043e\u043f\u043a\u0443 \"\u041f\u0456\u0434\u0442\u0432\u0435\u0440\u0434\u0436\u0435\u043d\u043d\u044f \u043f\u043b\u0430\u0442\u0435\u0436\u0443\" \u043f\u0456\u0441\u043b\u044f \u0437\u0434\u0456\u0439\u0441\u043d\u0435\u043d\u043d\u044f \u043e\u043f\u043b\u0430\u0442\u0438.<b>\u041d\u0430\u0437\u0430\u0434 \u0434\u043e \u0442\u0440\u0435\u0439\u0434\u0435\u0440\u0430<\/b>\"\u041f\u0456\u0441\u043b\u044f \u0443\u0441\u043f\u0456\u0448\u043d\u043e\u0457 \u043e\u043f\u043b\u0430\u0442\u0438 \u0456\u043d\u0442\u0435\u0440\u043d\u0435\u0442-\u043c\u0430\u0433\u0430\u0437\u0438\u043d \u043d\u0430\u0434\u0456\u0448\u043b\u0435 \u043f\u043e\u043a\u0443\u043f\u0446\u0435\u0432\u0456 \u043d\u0430 \u0435\u043b\u0435\u043a\u0442\u0440\u043e\u043d\u043d\u0443 \u043f\u043e\u0448\u0442\u0443 \u043f\u0456\u0434\u0442\u0432\u0435\u0440\u0434\u0436\u0435\u043d\u043d\u044f \u043f\u043e\u043a\u0443\u043f\u043a\u0438.<\/p><p style=\"text-align: left;\">\u041f\u0440\u0438 \u043e\u0444\u043e\u0440\u043c\u043b\u0435\u043d\u043d\u0456 \u0437\u0430\u043c\u043e\u0432\u043b\u0435\u043d\u043d\u044f \u043a\u043b\u0456\u0454\u043d\u0442 \u0437\u043e\u0431\u043e\u0432'\u044f\u0437\u0443\u0454\u0442\u044c\u0441\u044f \u043d\u0430\u0434\u0430\u0442\u0438 \u0434\u043e\u0441\u0442\u043e\u0432\u0456\u0440\u043d\u0443 \u0456\u043d\u0444\u043e\u0440\u043c\u0430\u0446\u0456\u044e, \u043d\u0435\u043e\u0431\u0445\u0456\u0434\u043d\u0443 \u0434\u043b\u044f \u0432\u0438\u043a\u043e\u043d\u0430\u043d\u043d\u044f \u0437\u0430\u043c\u043e\u0432\u043b\u0435\u043d\u043d\u044f. \u041f\u0440\u043e\u0434\u0430\u0432\u0435\u0446\u044c \u043d\u0435 \u043d\u0435\u0441\u0435 \u0432\u0456\u0434\u043f\u043e\u0432\u0456\u0434\u0430\u043b\u044c\u043d\u043e\u0441\u0442\u0456 \u0437\u0430 \u043d\u0435\u043c\u043e\u0436\u043b\u0438\u0432\u0456\u0441\u0442\u044c \u0432\u0438\u043a\u043e\u043d\u0430\u043d\u043d\u044f \u0437\u0430\u043c\u043e\u0432\u043b\u0435\u043d\u043d\u044f \u0447\u0435\u0440\u0435\u0437 \u043d\u0435\u0432\u0456\u0440\u043d\u0443 \u0456\u043d\u0444\u043e\u0440\u043c\u0430\u0446\u0456\u044e, \u043d\u0430\u0434\u0430\u043d\u0443 \u041a\u043b\u0456\u0454\u043d\u0442\u043e\u043c, \u0430\u0431\u043e \u0437\u0430 \u0431\u0443\u0434\u044c-\u044f\u043a\u0456 \u043d\u0430\u0441\u043b\u0456\u0434\u043a\u0438, \u0449\u043e \u0432\u0438\u043d\u0438\u043a\u043b\u0438 \u0432 \u0440\u0435\u0437\u0443\u043b\u044c\u0442\u0430\u0442\u0456 \u0446\u044c\u043e\u0433\u043e.<\/p><p style=\"text-align: left;\">\u041f\u0440\u043e\u0434\u0430\u0432\u0435\u0446\u044c \u043c\u0430\u0454 \u043f\u0440\u0430\u0432\u043e \u0432\u0456\u0434\u043c\u043e\u0432\u0438\u0442\u0438\u0441\u044f \u0432\u0456\u0434 \u0437\u0430\u043c\u043e\u0432\u043b\u0435\u043d\u043d\u044f, \u044f\u043a\u0449\u043e \u0454 \u0441\u0443\u043c\u043d\u0456\u0432\u0438 \u0449\u043e\u0434\u043e \u0434\u043e\u0441\u0442\u043e\u0432\u0456\u0440\u043d\u043e\u0441\u0442\u0456 \u043d\u0430\u0434\u0430\u043d\u043e\u0457 \u041f\u0440\u043e\u0434\u0430\u0432\u0446\u044e \u0456\u043d\u0444\u043e\u0440\u043c\u0430\u0446\u0456\u0457, \u0430 \u0442\u0430\u043a\u043e\u0436 \u0443 \u0440\u0430\u0437\u0456 \u043d\u0435\u0434\u043e\u0442\u0440\u0438\u043c\u0430\u043d\u043d\u044f \u043d\u0430\u043b\u0435\u0436\u043d\u0438\u0445 \u043f\u0440\u0430\u043a\u0442\u0438\u043a.<\/p>\t\t\t\t\t\t\t\t<\/div>\n\t\t\t\t<\/div>\n\t\t\t\t\t<\/div>\n\t\t\t\t<\/div>\n\t\t<div class=\"elementor-element elementor-element-22890e6 e-flex e-con-boxed wpr-particle-no wpr-jarallax-no wpr-parallax-no wpr-sticky-section-no wpr-column-slider-no wpr-equal-height-no e-con e-parent\" data-id=\"22890e6\" data-element_type=\"container\" data-e-type=\"container\">\n\t\t\t\t\t<div class=\"e-con-inner\">\n\t\t\t\t<div class=\"elementor-element elementor-element-830158e elementor-widget elementor-widget-spacer\" data-id=\"830158e\" data-element_type=\"widget\" data-e-type=\"widget\" data-widget_type=\"spacer.default\">\n\t\t\t\t<div class=\"elementor-widget-container\">\n\t\t\t\t\t\t\t<div class=\"elementor-spacer\">\n\t\t\t<div class=\"elementor-spacer-inner\"><\/div>\n\t\t<\/div>\n\t\t\t\t\t\t<\/div>\n\t\t\t\t<\/div>\n\t\t\t\t\t<\/div>\n\t\t\t\t<\/div>\n\t\t\t\t<\/div>","protected":false},"excerpt":{"rendered":"<p>Kuidas osta Valige v\u00e4lja toode ning vajutage nuppu &#8220;Lisa korvi&#8221; Kui toote juures on lisavaliku v\u00f5imalused, tuleb ka need m\u00e4\u00e4rata. Seej\u00e4rel saate ostlemist j\u00e4tkata v\u00f5i suunuda ostukorvi klikkides toote kohale ilmunud sinisel ribal oleval nupul &#8220;Vaata ostukorvi&#8221;. Lisaks saab ostukorvi sisu vaadata ka alati lehe peamen\u00fc\u00fcs oleval ostukorvi ikoonil kl\u00f5psates. Ostukorvis saate korrigeerida ostetud kaupade koguseid ning valitud tooteid. Muudatusi tehes, s.h ka sooduskoodi sisestades tuleb vajutada nupul &#8220;Uuenda ostukorvi&#8221;, et muutused j\u00f5ustuks. Kui olete ostukorvi sisuga rahul, vajutage nupul &#8220;Mine maksma&#8220;. Tellimuse vormistamiseks tuleb t\u00e4ita kontaktivorm ning valida makseviis. Makse kinnitamiseks tuleb p\u00e4rast makse sooritamist kindlasti vajutada nupul &#8220;Tagasi kaupmehe juurde&#8221; P\u00e4rast edukat makse sooritamist saadab e-pood kliendi e-mailile ostu kinnituse. Klient kohustub tellimuse vormistamisel esitama tellimuse t\u00e4itmiseks vajalikud, t\u00f5esed andmed. M\u00fc\u00fcja ei vastuta tellimuse t\u00e4itmisel kliendi poolt esitatud ebakorrektsetest andmetest tingitud t\u00e4itmise v\u00f5imatuse v\u00f5i mistahes sellest tulenevate tagaj\u00e4rgede eest. M\u00fc\u00fcjal on \u00f5igus loobuda tellimuse t\u00e4itmisest kui tekib kahtlus M\u00fc\u00fcjale esitatud andmete \u00f5igsuses ja headele tavadele mittevastava k\u00e4itumise puhul.<\/p>","protected":false},"author":8,"featured_media":0,"parent":0,"menu_order":0,"comment_status":"closed","ping_status":"closed","template":"","meta":{"footnotes":""},"class_list":["post-5616","page","type-page","status-publish","hentry"],"_links":{"self":[{"href":"https:\/\/westonclimate.com\/uk\/wp-json\/wp\/v2\/pages\/5616","targetHints":{"allow":["GET"]}}],"collection":[{"href":"https:\/\/westonclimate.com\/uk\/wp-json\/wp\/v2\/pages"}],"about":[{"href":"https:\/\/westonclimate.com\/uk\/wp-json\/wp\/v2\/types\/page"}],"author":[{"embeddable":true,"href":"https:\/\/westonclimate.com\/uk\/wp-json\/wp\/v2\/users\/8"}],"replies":[{"embeddable":true,"href":"https:\/\/westonclimate.com\/uk\/wp-json\/wp\/v2\/comments?post=5616"}],"version-history":[{"count":41,"href":"https:\/\/westonclimate.com\/uk\/wp-json\/wp\/v2\/pages\/5616\/revisions"}],"predecessor-version":[{"id":8136,"href":"https:\/\/westonclimate.com\/uk\/wp-json\/wp\/v2\/pages\/5616\/revisions\/8136"}],"wp:attachment":[{"href":"https:\/\/westonclimate.com\/uk\/wp-json\/wp\/v2\/media?parent=5616"}],"curies":[{"name":"wp","href":"https:\/\/api.w.org\/{rel}","templated":true}]}}