{"id":8066,"date":"2025-07-26T07:45:07","date_gmt":"2025-07-26T07:45:07","guid":{"rendered":"https:\/\/staging.westonclimate.ee\/?page_id=8066"},"modified":"2025-07-29T19:25:53","modified_gmt":"2025-07-29T19:25:53","slug":"%d1%81%d0%bf%d0%b5%d1%86%d1%96%d0%b0%d0%bb%d1%8c%d0%bd%d0%b5-%d1%80%d1%96%d1%88%d0%b5%d0%bd%d0%bd%d1%8f-%d0%b4%d0%bb%d1%8f","status":"publish","type":"page","link":"https:\/\/westonclimate.com\/uk\/kusi-erilahendust\/","title":{"rendered":"\u041f\u043e\u043f\u0440\u043e\u0441\u0456\u0442\u044c \u0441\u043f\u0435\u0446\u0456\u0430\u043b\u044c\u043d\u0435 \u0440\u0456\u0448\u0435\u043d\u043d\u044f"},"content":{"rendered":"\t\t<div data-elementor-type=\"wp-page\" data-elementor-id=\"8066\" class=\"elementor elementor-8066\" data-elementor-post-type=\"page\">\n\t\t\t\t<div class=\"elementor-element elementor-element-7e468ac5 e-flex e-con-boxed wpr-particle-no wpr-jarallax-no wpr-parallax-no wpr-sticky-section-no wpr-equal-height-no e-con e-parent\" data-id=\"7e468ac5\" data-element_type=\"container\" data-e-type=\"container\">\n\t\t\t\t\t<div class=\"e-con-inner\">\n\t\t\t\t<div class=\"elementor-element elementor-element-66fbcec5 elementor-widget elementor-widget-text-editor\" data-id=\"66fbcec5\" data-element_type=\"widget\" data-e-type=\"widget\" data-widget_type=\"text-editor.default\">\n\t\t\t\t<div class=\"elementor-widget-container\">\n\t\t\t\t\t\t\t\t\t<h1>K\u00fcsi erilahendust<\/h1><p class=\"text-xl font-bold text-text-100 mt-1 -mb-0.5\"><br \/><strong>Kui standardsed tooted ei sobi?<\/strong><\/p><p class=\"whitespace-normal break-words\">M\u00f5nikord vajavad projektid midagi enamat kui tavalised kataloogist ostetavad seadmed. Olgu tegemist erilise ruumiplaneeringuga, spetsiifiliste n\u00f5uetega v\u00f5i lihtsalt sooviga saada parim v\u00f5imalik tulemus.<\/p><p class=\"text-xl font-bold text-text-100 mt-1 -mb-0.5\"><strong>Mida me pakume?<\/strong><\/p><p class=\"whitespace-normal break-words\"><strong>Kohandatud lahendused<\/strong> &#8211; v\u00f5tame arvesse sinu konkreetset vajadust ja leiame sellele sobiva lahenduse. Ei ole t\u00e4htis, kas tegemist on v\u00e4ikese korteri v\u00f5i suure t\u00f6\u00f6stushoone projektiga.<\/p><p class=\"whitespace-normal break-words\"><strong>N\u00f5ustamine<\/strong> &#8211; meie tiim hindab sinu olukorda ja pakub v\u00e4lja parima v\u00f5imaliku variandi.\u00a0<\/p><p class=\"whitespace-normal break-words\"><strong>T\u00e4ielik teenus<\/strong> &#8211; alates planeerimisest kuni valmis tulemuseni. Sul ei tule muretseda tehniliste detailide p\u00e4rast.<\/p><p class=\"text-xl font-bold text-text-100 mt-1 -mb-0.5\"><strong>Millal meie poole p\u00f6\u00f6rduda?<\/strong><\/p><ul class=\"[&amp;:not(:last-child)_ul]:pb-1 [&amp;:not(:last-child)_ol]:pb-1 list-disc space-y-1.5 pl-7\"><li class=\"whitespace-normal break-words\">Kui ei leia sobivat toodet meie standardsest valikust<\/li><li class=\"whitespace-normal break-words\">Kui projekt n\u00f5uab eritingimusi v\u00f5i -n\u00f5udeid<\/li><li class=\"whitespace-normal break-words\">Kui tahad maksimaalset energiat\u00f5husust<\/li><li class=\"whitespace-normal break-words\">Kui vajad n\u00f5ustamist \u00f5ige lahenduse leidmisel<\/li><li class=\"whitespace-normal break-words\">Kui tahad lihtsalt teada, mis v\u00f5imalused on<\/li><\/ul><p class=\"whitespace-normal break-words\">T\u00e4ida kontaktivorm v\u00f5i helista meile. Kirjelda l\u00fchidalt oma vajadust &#8211; me v\u00f5tame \u00fchendust ja r\u00e4\u00e4gime l\u00e4bi v\u00f5imalused.\u00a0<\/p><p class=\"whitespace-normal break-words\">\u00c4ra muretse, kui ei oska t\u00e4pselt seletada, mida vajad. Meie t\u00f6\u00f6 ongi aidata leida \u00f5ige lahendus.<\/p><p>\u00a0<\/p><p style=\"text-align: left;\"><span style=\"font-family: -apple-system, BlinkMacSystemFont, 'Segoe UI', Roboto, 'Helvetica Neue', Arial, 'Noto Sans', sans-serif, 'Apple Color Emoji', 'Segoe UI Emoji', 'Segoe UI Symbol', 'Noto Color Emoji';\">\n<div class=\"wpcf7 no-js\" id=\"wpcf7-f6095-o1\" lang=\"et\" dir=\"ltr\" data-wpcf7-id=\"6095\">\n<div class=\"screen-reader-response\"><p role=\"status\" aria-live=\"polite\" aria-atomic=\"true\"><\/p> <ul><\/ul><\/div>\n<form action=\"\/uk\/wp-json\/wp\/v2\/pages\/8066#wpcf7-f6095-o1\" method=\"post\" class=\"wpcf7-form init\" aria-label=\"Contact form\" enctype=\"multipart\/form-data\" novalidate=\"novalidate\" data-status=\"init\">\n<fieldset class=\"hidden-fields-container\"><input type=\"hidden\" name=\"_wpcf7\" value=\"6095\" \/><input type=\"hidden\" name=\"_wpcf7_version\" value=\"6.1.5\" \/><input type=\"hidden\" name=\"_wpcf7_locale\" value=\"et\" \/><input type=\"hidden\" name=\"_wpcf7_unit_tag\" value=\"wpcf7-f6095-o1\" \/><input type=\"hidden\" name=\"_wpcf7_container_post\" value=\"0\" \/><input type=\"hidden\" name=\"_wpcf7_posted_data_hash\" value=\"\" \/><input type=\"hidden\" name=\"_wpcf7_recaptcha_response\" value=\"\" \/>\n<\/fieldset>\n<fieldset>\n\t<legend>Kontaktandmed\n\t<\/legend>\n\t<div>\n\t\t<p><label>Ees- ja Perekonnanimi<span class=\"wpcf7-form-control-wrap\" data-name=\"contact-name\"><input size=\"40\" maxlength=\"400\" class=\"wpcf7-form-control wpcf7-text wpcf7-validates-as-required\" aria-required=\"true\" aria-invalid=\"false\" value=\"\" type=\"text\" name=\"contact-name\" \/><\/span><\/label>\n\t\t<\/p>\n\t<\/div>\n\t<div>\n\t\t<p><label>E-post<span class=\"wpcf7-form-control-wrap\" data-name=\"contact-e-mail\"><input size=\"40\" maxlength=\"400\" class=\"wpcf7-form-control wpcf7-email wpcf7-validates-as-required wpcf7-text wpcf7-validates-as-email\" aria-required=\"true\" aria-invalid=\"false\" value=\"\" type=\"email\" name=\"contact-e-mail\" \/><\/span><\/label>\n\t\t<\/p>\n\t<\/div>\n\t<div>\n\t\t<p><label>Telefon<span class=\"wpcf7-form-control-wrap\" data-name=\"contact-phone\"><input size=\"40\" maxlength=\"400\" class=\"wpcf7-form-control wpcf7-tel wpcf7-validates-as-required wpcf7-text wpcf7-validates-as-tel\" aria-required=\"true\" aria-invalid=\"false\" value=\"\" type=\"tel\" name=\"contact-phone\" \/><\/span><\/label>\n\t\t<\/p>\n\t\t<div>\n\t\t<\/div>\n\t<\/div>\n<\/fieldset>\n<fieldset>\n\t<legend>Milline tehnoloogia huvi pakub?\n\t<\/legend>\n\t<div>\n\t\t<p><span class=\"wpcf7-form-control-wrap\" data-name=\"what-tech\"><span class=\"wpcf7-form-control wpcf7-radio\"><span class=\"wpcf7-list-item first\"><label><input type=\"radio\" name=\"what-tech\" value=\"Ventilatsioon\" \/><span class=\"wpcf7-list-item-label\">Ventilatsioon<\/span><\/label><\/span><span class=\"wpcf7-list-item\"><label><input type=\"radio\" name=\"what-tech\" value=\"T\u00f6\u00f6stuslik ventilatsioon\" \/><span class=\"wpcf7-list-item-label\">T\u00f6\u00f6stuslik ventilatsioon<\/span><\/label><\/span><span class=\"wpcf7-list-item\"><label><input type=\"radio\" name=\"what-tech\" value=\"\u00d5hk-vesi soojuspump\" \/><span class=\"wpcf7-list-item-label\">\u00d5hk-vesi soojuspump<\/span><\/label><\/span><span class=\"wpcf7-list-item\"><label><input type=\"radio\" name=\"what-tech\" value=\"Konditsioneer\" \/><span class=\"wpcf7-list-item-label\">Konditsioneer<\/span><\/label><\/span><span class=\"wpcf7-list-item\"><label><input type=\"radio\" name=\"what-tech\" value=\"Tsirkulatsioonipump\" \/><span class=\"wpcf7-list-item-label\">Tsirkulatsioonipump<\/span><\/label><\/span><span class=\"wpcf7-list-item last\"><label><input type=\"radio\" name=\"what-tech\" value=\"Kompressor\" \/><span class=\"wpcf7-list-item-label\">Kompressor<\/span><\/label><\/span><\/span><\/span>\n\t\t<\/p>\n\t<\/div>\n<\/fieldset>\n<fieldset>\n\t<legend>T\u00e4iendav info\n\t<\/legend>\n\t<div>\n\t\t<p><label>Ruumi pindala(m2)<span class=\"wpcf7-form-control-wrap\" data-name=\"room-area\"><input class=\"wpcf7-form-control wpcf7-number wpcf7-validates-as-number\" aria-invalid=\"false\" value=\"\" type=\"number\" name=\"room-area\" \/><\/span><\/label>\n\t\t<\/p>\n\t<\/div>\n\t<div>\n\t\t<p><label>Ruumi k\u00f5rgus (cm)<span class=\"wpcf7-form-control-wrap\" data-name=\"room-height\"><input class=\"wpcf7-form-control wpcf7-number wpcf7-validates-as-number\" aria-invalid=\"false\" value=\"\" type=\"number\" name=\"room-height\" \/><\/span><\/label>\n\t\t<\/p>\n\t<\/div>\n\t<p><label>T\u00e4psustav info v\u00f5i k\u00fcsimused<br \/>\n<span class=\"wpcf7-form-control-wrap\" data-name=\"additional-info\"><textarea cols=\"40\" rows=\"10\" maxlength=\"2000\" class=\"wpcf7-form-control wpcf7-textarea\" aria-invalid=\"false\" name=\"additional-info\"><\/textarea><\/span><\/label><br \/>\n<label>Soovi korral saate lisada ka pildi<br \/>\n<span class=\"wpcf7-form-control-wrap\" data-name=\"additional-image\"><input size=\"40\" class=\"wpcf7-form-control wpcf7-file\" accept=\"image\/*,application\/pdf\" aria-invalid=\"false\" type=\"file\" name=\"additional-image\" \/><\/span><\/label>\n\t<\/p>\n<\/fieldset>\n\n<p><input class=\"wpcf7-form-control wpcf7-submit has-spinner\" type=\"submit\" value=\"Saada\" \/>\n<\/p><div class=\"wpcf7-response-output\" aria-hidden=\"true\"><\/div>\n<\/form>\n<\/div>\n<\/span><\/p>\t\t\t\t\t\t\t\t<\/div>\n\t\t\t\t<\/div>\n\t\t\t\t\t<\/div>\n\t\t\t\t<\/div>\n\t\t<div class=\"elementor-element elementor-element-726f9a4 e-flex e-con-boxed wpr-particle-no wpr-jarallax-no wpr-parallax-no wpr-sticky-section-no wpr-equal-height-no e-con e-parent\" data-id=\"726f9a4\" data-element_type=\"container\" data-e-type=\"container\">\n\t\t\t\t\t<div class=\"e-con-inner\">\n\t\t\t\t<div class=\"elementor-element elementor-element-0494a05 elementor-widget elementor-widget-spacer\" data-id=\"0494a05\" data-element_type=\"widget\" data-e-type=\"widget\" data-widget_type=\"spacer.default\">\n\t\t\t\t<div class=\"elementor-widget-container\">\n\t\t\t\t\t\t\t<div class=\"elementor-spacer\">\n\t\t\t<div class=\"elementor-spacer-inner\"><\/div>\n\t\t<\/div>\n\t\t\t\t\t\t<\/div>\n\t\t\t\t<\/div>\n\t\t\t\t\t<\/div>\n\t\t\t\t<\/div>\n\t\t\t\t<\/div>\n\t\t","protected":false},"excerpt":{"rendered":"<p>K\u00fcsi erilahendust Kui standardsed tooted ei sobi? M\u00f5nikord vajavad projektid midagi enamat kui tavalised kataloogist ostetavad seadmed. Olgu tegemist erilise ruumiplaneeringuga, spetsiifiliste n\u00f5uetega v\u00f5i lihtsalt sooviga saada parim v\u00f5imalik tulemus. Mida me pakume? Kohandatud lahendused &#8211; v\u00f5tame arvesse sinu konkreetset vajadust ja leiame sellele sobiva lahenduse. Ei ole t\u00e4htis, kas tegemist on v\u00e4ikese korteri v\u00f5i suure t\u00f6\u00f6stushoone projektiga. N\u00f5ustamine &#8211; meie tiim hindab sinu olukorda ja pakub v\u00e4lja parima v\u00f5imaliku variandi.\u00a0 T\u00e4ielik teenus &#8211; alates planeerimisest kuni valmis tulemuseni. Sul ei tule muretseda tehniliste detailide p\u00e4rast. Millal meie poole p\u00f6\u00f6rduda? Kui ei leia sobivat toodet meie standardsest valikust Kui projekt n\u00f5uab eritingimusi v\u00f5i -n\u00f5udeid Kui tahad maksimaalset energiat\u00f5husust Kui vajad n\u00f5ustamist \u00f5ige lahenduse leidmisel Kui tahad lihtsalt teada, mis v\u00f5imalused on T\u00e4ida kontaktivorm v\u00f5i helista meile. Kirjelda l\u00fchidalt oma vajadust &#8211; me v\u00f5tame \u00fchendust ja r\u00e4\u00e4gime l\u00e4bi v\u00f5imalused.\u00a0 \u00c4ra muretse, kui ei oska t\u00e4pselt seletada, mida vajad. Meie t\u00f6\u00f6 ongi aidata leida \u00f5ige lahendus. \u00a0<\/p>","protected":false},"author":19,"featured_media":0,"parent":0,"menu_order":0,"comment_status":"closed","ping_status":"closed","template":"","meta":{"footnotes":""},"class_list":["post-8066","page","type-page","status-publish","hentry"],"_links":{"self":[{"href":"https:\/\/westonclimate.com\/uk\/wp-json\/wp\/v2\/pages\/8066","targetHints":{"allow":["GET"]}}],"collection":[{"href":"https:\/\/westonclimate.com\/uk\/wp-json\/wp\/v2\/pages"}],"about":[{"href":"https:\/\/westonclimate.com\/uk\/wp-json\/wp\/v2\/types\/page"}],"author":[{"embeddable":true,"href":"https:\/\/westonclimate.com\/uk\/wp-json\/wp\/v2\/users\/19"}],"replies":[{"embeddable":true,"href":"https:\/\/westonclimate.com\/uk\/wp-json\/wp\/v2\/comments?post=8066"}],"version-history":[{"count":16,"href":"https:\/\/westonclimate.com\/uk\/wp-json\/wp\/v2\/pages\/8066\/revisions"}],"predecessor-version":[{"id":8143,"href":"https:\/\/westonclimate.com\/uk\/wp-json\/wp\/v2\/pages\/8066\/revisions\/8143"}],"wp:attachment":[{"href":"https:\/\/westonclimate.com\/uk\/wp-json\/wp\/v2\/media?parent=8066"}],"curies":[{"name":"wp","href":"https:\/\/api.w.org\/{rel}","templated":true}]}}