{"id":11044,"date":"2026-02-04T11:17:43","date_gmt":"2026-02-04T11:17:43","guid":{"rendered":"https:\/\/westonclimate.com\/?post_type=product&#038;p=11044"},"modified":"2026-02-16T18:22:36","modified_gmt":"2026-02-16T18:22:36","slug":"%d0%be%d1%81%d1%83%d1%88%d1%83%d0%b2%d0%b0%d1%87-%d0%bf%d0%be%d0%b2%d1%96%d1%82%d1%80%d1%8f-weston-climate-%d1%82%d0%b0-%d0%b2%d0%b5%d0%bd%d1%82%d0%b8%d0%bb%d1%8f%d1%86%d1%96%d0%b9%d0%bd%d0%b0-%d1%83","status":"publish","type":"product","link":"https:\/\/westonclimate.com\/uk\/tooted\/weston-climate-ohukuivati-ja-soojustagastusega-ventilatsiooniseade-350m3-h-ja-500m3-h\/","title":{"rendered":"\u041e\u0441\u0443\u0448\u0443\u0432\u0430\u0447 \u043f\u043e\u0432\u0456\u0442\u0440\u044f \u0442\u0430 \u0432\u0435\u043d\u0442\u0438\u043b\u044f\u0446\u0456\u0439\u043d\u0430 \u0443\u0441\u0442\u0430\u043d\u043e\u0432\u043a\u0430 \u0437 \u0440\u0435\u043a\u0443\u043f\u0435\u0440\u0430\u0446\u0456\u0454\u044e \u0442\u0435\u043f\u043b\u0430 WESTON CLIMATE 350 \u043c3\/\u0433\u043e\u0434 \u0442\u0430 500 \u043c3\/\u0433\u043e\u0434"},"content":{"rendered":"<p><strong>\u041e\u0441\u043e\u0431\u043b\u0438\u0432\u043e\u0441\u0442\u0456:<\/strong><\/p>\n<ul>\n<li>\u041d\u0430\u043f\u0440\u0443\u0433\u0430 \u0436\u0438\u0432\u043b\u0435\u043d\u043d\u044f: 220 \u0412<\/li>\n<li>\u041f\u043e\u0442\u0443\u0436\u043d\u0456\u0441\u0442\u044c: 380 \u0412\u0442<\/li>\n<li>\u041f\u043e\u0432\u0456\u0442\u0440\u044f\u043d\u0438\u0439 \u043f\u043e\u0442\u0456\u043a: 350 \u043c\u00b3\/\u0433\u043e\u0434 \u0456 500 \u043c\u00b3\/\u0433\u043e\u0434<\/li>\n<li>\u041a\u043e\u043c\u043f\u0440\u0435\u0441\u043e\u0440: Panasonic<\/li>\n<li>\u0422\u0438\u0441\u043a: 255 \u041f\u0430 \u0456 265 \u041f\u0430<\/li>\n<li>\u041f\u043e\u0432\u0456\u0442\u0440\u044f\u043d\u0435 \u0441\u0443\u0448\u0456\u043d\u043d\u044f: 33 \u043b\/24 \u0433\u043e\u0434 \u0456 58 \u043b\/24 \u0433\u043e\u0434<\/li>\n<li>\u0415\u0444\u0435\u043a\u0442\u0438\u0432\u043d\u0456\u0441\u0442\u044c \u0440\u0435\u043a\u0443\u043f\u0435\u0440\u0430\u0446\u0456\u0457 \u0442\u0435\u043f\u043b\u0430: 68-73% \u0442\u0430 66-71%<\/li>\n<li>\u0420\u0456\u0432\u0435\u043d\u044c \u0448\u0443\u043c\u0443: 43-49 \u0434\u0411(\u0410) \u0456 45-53 \u0434\u0411(\u0410).<\/li>\n<li>\u0424\u0456\u043b\u044c\u0442\u0440\u0438: \u043f\u043e\u043f\u0435\u0440\u0435\u0434\u043d\u0456\u0439 \u0444\u0456\u043b\u044c\u0442\u0440 + \u0444\u0456\u043b\u044c\u0442\u0440 \u0437 \u0430\u043a\u0442\u0438\u0432\u043e\u0432\u0430\u043d\u0438\u043c \u0432\u0443\u0433\u0456\u043b\u043b\u044f\u043c, HEPA H13 (\u043e\u043f\u0446\u0456\u044f)<\/li>\n<li>\u0410\u0432\u0442\u043e\u043c\u0430\u0442\u0438\u0447\u043d\u0435 \u0432\u0456\u0434\u0432\u0435\u0434\u0435\u043d\u043d\u044f \u043a\u043e\u043d\u0434\u0435\u043d\u0441\u0430\u0442\u0443: \u0442\u0430\u043a (\u0432\u0431\u0443\u0434\u043e\u0432\u0430\u043d\u0438\u0439 \u0432\u043e\u0434\u044f\u043d\u0438\u0439 \u043d\u0430\u0441\u043e\u0441)<\/li>\n<li>M\u00f5\u00f5dud: 0,7&#215;0,396\u00d70,888m; 0,7&#215;0,562\u00d70,888m<\/li>\n<li>\u0412\u0430\u0433\u0430: 59 \u043a\u0433, 79 \u043a\u0433<\/li>\n<\/ul>\n<p>&nbsp;<\/p>\n<ul>\n<li><b>\u041e\u043f\u0438\u0441 \u0444\u0443\u043d\u043a\u0446\u0456\u0439<\/b><\/li>\n<\/ul>\n<p data-start=\"0\" data-end=\"681\">- \u0412\u0431\u0443\u0434\u043e\u0432\u0430\u043d\u0438\u0439 \u0430\u0432\u0442\u043e\u043c\u0430\u0442\u0438\u0447\u043d\u0438\u0439 \u043a\u043e\u043d\u0434\u0435\u043d\u0441\u0430\u0442\u043d\u0438\u0439 \u043d\u0430\u0441\u043e\u0441 \u0437 \u043b\u0430\u0437\u0435\u0440\u043d\u0438\u043c \u0434\u0430\u0442\u0447\u0438\u043a\u043e\u043c \u0440\u0456\u0432\u043d\u044f \u0434\u043b\u044f \u0430\u0432\u0442\u043e\u043c\u0430\u0442\u0438\u0447\u043d\u043e\u0433\u043e \u0432\u0456\u0434\u0432\u0435\u0434\u0435\u043d\u043d\u044f \u043a\u043e\u043d\u0434\u0435\u043d\u0441\u0430\u0442\u0443.<br data-start=\"140\" data-end=\"143\" \/>- \u0414\u0432\u0430 \u0440\u0435\u0436\u0438\u043c\u0438 \u0440\u043e\u0431\u043e\u0442\u0438: \u0440\u0435\u0436\u0438\u043c \u0437 \u0440\u0435\u0433\u0443\u043b\u044e\u0432\u0430\u043d\u043d\u044f\u043c \u0442\u0435\u043c\u043f\u0435\u0440\u0430\u0442\u0443\u0440\u0438 \u0442\u0430 \u0440\u0435\u0436\u0438\u043c \u043e\u0441\u0443\u0448\u0435\u043d\u043d\u044f<br data-start=\"209\" data-end=\"212\" \/>- \u0421\u0438\u0441\u0442\u0435\u043c\u0430 \u0430\u0432\u0442\u043e\u043c\u0430\u0442\u0438\u0447\u043d\u043e \u043f\u0435\u0440\u0435\u043c\u0438\u043a\u0430\u0454\u0442\u044c\u0441\u044f \u043c\u0456\u0436 \u0440\u0435\u0436\u0438\u043c\u0430\u043c\u0438 \u0432\u0456\u0434\u043f\u043e\u0432\u0456\u0434\u043d\u043e \u0434\u043e \u0432\u0441\u0442\u0430\u043d\u043e\u0432\u043b\u0435\u043d\u043e\u0433\u043e \u0440\u0456\u0432\u043d\u044f \u0432\u043e\u043b\u043e\u0433\u043e\u0441\u0442\u0456.<br data-start=\"301\" data-end=\"304\" \/>- \u041a\u043e\u043c\u043f\u0430\u043a\u0442\u043d\u0438\u0439 \u0434\u0438\u0437\u0430\u0439\u043d, \u043f\u0456\u0434\u0445\u043e\u0434\u0438\u0442\u044c \u0434\u043b\u044f \u0441\u0442\u0435\u043b\u044c\u043e\u0432\u043e\u0433\u043e \u0430\u0431\u043e \u0432\u0431\u0443\u0434\u043e\u0432\u0430\u043d\u043e\u0433\u043e \u043c\u043e\u043d\u0442\u0430\u0436\u0443<br data-start=\"376\" data-end=\"379\" \/>- \u0412\u0438\u0441\u043e\u043a\u043e\u0435\u0444\u0435\u043a\u0442\u0438\u0432\u043d\u0438\u0439 \u0442\u0435\u043f\u043b\u043e\u043e\u0431\u043c\u0456\u043d\u043d\u0438\u043a \u0437 \u0440\u0435\u043a\u0443\u043f\u0435\u0440\u0430\u0446\u0456\u0454\u044e \u0442\u0435\u043f\u043b\u0430 \u0434\u043b\u044f \u0435\u043d\u0435\u0440\u0433\u043e\u0435\u0444\u0435\u043a\u0442\u0438\u0432\u043d\u043e\u0457 \u0432\u0435\u043d\u0442\u0438\u043b\u044f\u0446\u0456\u0457<br data-start=\"466\" data-end=\"469\" \/>- \u0411\u0435\u0437\u0448\u0443\u043c\u043d\u0430 \u0440\u043e\u0431\u043e\u0442\u0430, \u043f\u0456\u0434\u0445\u043e\u0434\u0438\u0442\u044c \u0434\u043b\u044f \u0436\u0438\u0442\u043b\u043e\u0432\u0438\u0445 \u043f\u0440\u0438\u043c\u0456\u0449\u0435\u043d\u044c<br data-start=\"513\" data-end=\"516\" \/>- \u041f\u0440\u0438\u0437\u043d\u0430\u0447\u0435\u043d\u0438\u0439 \u0434\u043b\u044f \u0431\u0435\u0437\u043f\u0435\u0440\u0435\u0440\u0432\u043d\u043e\u0457 \u0440\u043e\u0431\u043e\u0442\u0438 \u0437\u0456 \u0441\u0442\u0430\u0431\u0456\u043b\u044c\u043d\u043e\u044e \u043f\u0440\u043e\u0434\u0443\u043a\u0442\u0438\u0432\u043d\u0456\u0441\u0442\u044e<br data-start=\"561\" data-end=\"564\" \/>- \u041b\u044e\u043a \u0434\u043b\u044f \u0442\u0435\u0445\u043d\u0456\u0447\u043d\u043e\u0433\u043e \u043e\u0431\u0441\u043b\u0443\u0433\u043e\u0432\u0443\u0432\u0430\u043d\u043d\u044f \u0434\u043b\u044f \u043b\u0435\u0433\u043a\u043e\u0433\u043e \u043e\u0431\u0441\u043b\u0443\u0433\u043e\u0432\u0443\u0432\u0430\u043d\u043d\u044f \u0442\u0430 \u0437\u0430\u043c\u0456\u043d\u0438 \u0444\u0456\u043b\u044c\u0442\u0440\u0456\u0432<br data-start=\"618\" data-end=\"621\" \/>- \u0412\u0456\u0434\u043f\u043e\u0432\u0456\u0434\u043d\u0456\u0441\u0442\u044c \u0414\u0438\u0440\u0435\u043a\u0442\u0438\u0432\u0456 \u0404\u0421 1253\/2014 ErP \u0437 \u0435\u043a\u043e\u0434\u0438\u0437\u0430\u0439\u043d\u0443.<\/p>\n<p data-start=\"683\" data-end=\"1793\" data-is-last-node=\"\" data-is-only-node=\"\"><strong data-start=\"683\" data-end=\"707\">\u0424\u0443\u043d\u043a\u0446\u0456\u0457 \u0443\u043f\u0440\u0430\u0432\u043b\u0456\u043d\u043d\u044f<\/strong><br data-start=\"707\" data-end=\"710\" \/>- \u0406\u043d\u0442\u0435\u0433\u0440\u043e\u0432\u0430\u043d\u0430 \u0441\u0438\u0441\u0442\u0435\u043c\u0430 \u0443\u043f\u0440\u0430\u0432\u043b\u0456\u043d\u043d\u044f \u0437 \u0420\u041a-\u0434\u0438\u0441\u043f\u043b\u0435\u0454\u043c, \u0449\u043e \u0432\u0456\u0434\u043e\u0431\u0440\u0430\u0436\u0430\u0454 \u0432\u043c\u0456\u0441\u0442 PM2,5, \u041b\u041e\u0421, \u0442\u0435\u043c\u043f\u0435\u0440\u0430\u0442\u0443\u0440\u0443, \u0432\u043e\u043b\u043e\u0433\u0456\u0441\u0442\u044c \u0442\u0430 \u0456\u043d\u0448\u0456 \u043f\u043e\u043a\u0430\u0437\u043d\u0438\u043a\u0438 \u044f\u043a\u043e\u0441\u0442\u0456 \u043f\u043e\u0432\u0456\u0442\u0440\u044f \u0432 \u043f\u0440\u0438\u043c\u0456\u0449\u0435\u043d\u043d\u0456 (IAQ) \u0432 \u0440\u0435\u0436\u0438\u043c\u0456 \u0440\u0435\u0430\u043b\u044c\u043d\u043e\u0433\u043e \u0447\u0430\u0441\u0443.<br data-start=\"856\" data-end=\"859\" \/>- \u041b\u043e\u043a\u0430\u043b\u044c\u043d\u0435 \u0442\u0430 \u0434\u0438\u0441\u0442\u0430\u043d\u0446\u0456\u0439\u043d\u0435 \u043a\u0435\u0440\u0443\u0432\u0430\u043d\u043d\u044f: \u043f\u0456\u0434\u0442\u0440\u0438\u043c\u0443\u0454 \u0440\u0443\u0447\u043d\u0438\u0439, \u0430\u0432\u0442\u043e\u043c\u0430\u0442\u0438\u0447\u043d\u0438\u0439, \u0442\u0430\u0439\u043c\u0435\u0440 \u0442\u0430 \u0440\u0435\u0436\u0438\u043c\u0438 \u043e\u0441\u0443\u0448\u0435\u043d\u043d\u044f; \u0430\u0432\u0442\u043e\u043c\u0430\u0442\u0438\u0447\u043d\u0438\u0439 \u0440\u0435\u0436\u0438\u043c \u0440\u0435\u0433\u0443\u043b\u044e\u0454 \u0448\u0432\u0438\u0434\u043a\u0456\u0441\u0442\u044c \u0432\u0435\u043d\u0442\u0438\u043b\u044f\u0442\u043e\u0440\u0430 \u0432\u0456\u0434\u043f\u043e\u0432\u0456\u0434\u043d\u043e \u0434\u043e \u0440\u0456\u0432\u043d\u044f PM2.5.<br data-start=\"1025\" data-end=\"1028\" \/>- \u0417'\u0454\u0434\u043d\u0430\u043d\u043d\u044f Modbus RS485, \u0441\u0443\u043c\u0456\u0441\u043d\u0435 \u0437 \u0441\u0438\u0441\u0442\u0435\u043c\u0430\u043c\u0438 \u0440\u043e\u0437\u0443\u043c\u043d\u043e\u0433\u043e \u0431\u0443\u0434\u0438\u043d\u043a\u0443; \u0430\u0434\u0440\u0435\u0441\u0443 \u043f\u0440\u0438\u0441\u0442\u0440\u043e\u044e \u043c\u043e\u0436\u043d\u0430 \u0432\u0441\u0442\u0430\u043d\u043e\u0432\u0438\u0442\u0438 \u0432 \u0434\u0456\u0430\u043f\u0430\u0437\u043e\u043d\u0456 1-254.<br data-start=\"1130\" data-end=\"1133\" \/>- \u0412\u0431\u0443\u0434\u043e\u0432\u0430\u043d\u0456 \u0434\u0430\u0442\u0447\u0438\u043a\u0438 IAQ (PM2.5, \u041b\u041e\u0421, \u0442\u0435\u043c\u043f\u0435\u0440\u0430\u0442\u0443\u0440\u0430, \u0432\u043e\u043b\u043e\u0433\u0456\u0441\u0442\u044c), \u0434\u0430\u0442\u0447\u0438\u043a CO\u2082 \u044f\u043a \u043e\u043f\u0446\u0456\u044f<br data-start=\"1225\" data-end=\"1228\" \/>- \u0422\u0438\u0436\u043d\u0435\u0432\u0435 \u043f\u043b\u0430\u043d\u0443\u0432\u0430\u043d\u043d\u044f \u0437 \u043c\u043e\u0436\u043b\u0438\u0432\u0456\u0441\u0442\u044e \u043d\u0430\u043b\u0430\u0448\u0442\u0443\u0432\u0430\u043d\u043d\u044f \u0434\u043e 28 \u0447\u0430\u0441\u043e\u0432\u0438\u0445 \u043f\u0435\u0440\u0456\u043e\u0434\u0456\u0432 \u0434\u043b\u044f \u0432\u0441\u0442\u0430\u043d\u043e\u0432\u043b\u0435\u043d\u043d\u044f \u0448\u0432\u0438\u0434\u043a\u043e\u0441\u0442\u0456 \u0442\u0430 \u0440\u0435\u0436\u0438\u043c\u0456\u0432 \u0440\u043e\u0431\u043e\u0442\u0438 \u0432\u0435\u043d\u0442\u0438\u043b\u044f\u0442\u043e\u0440\u0456\u0432<br data-start=\"1337\" data-end=\"1340\" \/>- \u041e\u043a\u0440\u0435\u043c\u0435 \u043a\u0435\u0440\u0443\u0432\u0430\u043d\u043d\u044f \u043f\u043e\u0434\u0430\u0447\u0435\u044e \u0441\u0432\u0456\u0436\u043e\u0433\u043e \u043f\u043e\u0432\u0456\u0442\u0440\u044f \u0442\u0430 \u043e\u0441\u0443\u0448\u0435\u043d\u043d\u044f\u043c \u0437 \u0456\u043d\u0442\u0435\u043b\u0435\u043a\u0442\u0443\u0430\u043b\u044c\u043d\u0438\u043c \u043a\u0435\u0440\u0443\u0432\u0430\u043d\u043d\u044f\u043c \u043a\u043e\u043c\u043f\u0440\u0435\u0441\u043e\u0440\u043e\u043c (\u0444\u0443\u043d\u043a\u0446\u0456\u044f \u0437\u0430\u0445\u0438\u0441\u0442\u0443 \u0432\u0456\u0434 \u0437\u0430\u043c\u0435\u0440\u0437\u0430\u043d\u043d\u044f \u0442\u0430 \u0437\u0430\u0445\u0438\u0441\u0442 \u0432\u0456\u0434 \u0432\u0438\u0441\u043e\u043a\u043e\u0433\u043e \u0442\u0430 \u043d\u0438\u0437\u044c\u043a\u043e\u0433\u043e \u0442\u0438\u0441\u043a\u0443).<br data-start=\"1483\" data-end=\"1486\" \/>- \u041c\u043e\u0436\u043b\u0438\u0432\u0456\u0441\u0442\u044c \u043f\u0456\u0434\u043a\u043b\u044e\u0447\u0435\u043d\u043d\u044f \u0437\u043e\u0432\u043d\u0456\u0448\u043d\u0456\u0445 \u0434\u0430\u0442\u0447\u0438\u043a\u0456\u0432 \u0442\u0430 \u0430\u043a\u0441\u0435\u0441\u0443\u0430\u0440\u0456\u0432 (\u043a\u043b\u0430\u043f\u0430\u043d\u0438, ESP, \u0433\u0435\u043d\u0435\u0440\u0430\u0442\u043e\u0440\u0438 \u043d\u0435\u0433\u0430\u0442\u0438\u0432\u043d\u0438\u0445 \u0456\u043e\u043d\u0456\u0432 \u0442\u043e\u0449\u043e)<br data-start=\"1591\" data-end=\"1594\" \/>- \u0414\u0438\u0441\u0442\u0430\u043d\u0446\u0456\u0439\u043d\u0435 \u043a\u0435\u0440\u0443\u0432\u0430\u043d\u043d\u044f \u0447\u0435\u0440\u0435\u0437 \u0434\u043e\u0434\u0430\u0442\u043e\u043a Tuya Smart, \u0430 \u0442\u0430\u043a\u043e\u0436 \u043b\u043e\u043a\u0430\u043b\u044c\u043d\u0456 \u043a\u043d\u043e\u043f\u043a\u0438 \u0442\u0430 \u0444\u0443\u043d\u043a\u0446\u0456\u044f \u0431\u0430\u0442\u044c\u043a\u0456\u0432\u0441\u044c\u043a\u043e\u0433\u043e \u043a\u043e\u043d\u0442\u0440\u043e\u043b\u044e<br data-start=\"1684\" data-end=\"1687\" \/>- \u041c\u043e\u043d\u0456\u0442\u043e\u0440\u0438\u043d\u0433 \u0442\u0435\u0440\u043c\u0456\u043d\u0443 \u0441\u043b\u0443\u0436\u0431\u0438 \u0444\u0456\u043b\u044c\u0442\u0440\u0430 \u0437 \u043d\u0430\u0433\u0430\u0434\u0443\u0432\u0430\u043d\u043d\u044f\u043c \u043f\u0440\u043e \u0437\u0430\u043c\u0456\u043d\u0443 \u0442\u0430 \u043c\u043e\u0436\u043b\u0438\u0432\u0456\u0441\u0442\u044e \u043d\u0430\u043b\u0430\u0448\u0442\u0443\u0432\u0430\u043d\u043d\u044f \u0456\u043d\u0442\u0435\u0440\u0432\u0430\u043b\u0456\u0432 \u0442\u0435\u0445\u043d\u0456\u0447\u043d\u043e\u0433\u043e \u043e\u0431\u0441\u043b\u0443\u0433\u043e\u0432\u0443\u0432\u0430\u043d\u043d\u044f<\/p>","protected":false},"excerpt":{"rendered":"<p data-start=\"279\" data-end=\"618\">\u0415\u0444\u0435\u043a\u0442\u0438\u0432\u043d\u0438\u0439 \u0442\u0430 \u043d\u0430\u0434\u0456\u0439\u043d\u0438\u0439 <strong>\u043e\u0441\u0443\u0448\u0443\u0432\u0430\u0447 \u043f\u043e\u0432\u0456\u0442\u0440\u044f \u0442\u0430 \u0432\u0435\u043d\u0442\u0438\u043b\u044f\u0446\u0456\u044f \u0437 \u0440\u0435\u043a\u0443\u043f\u0435\u0440\u0430\u0446\u0456\u0454\u044e \u0442\u0435\u043f\u043b\u0430 350 \u0442\u0430 500 \u043c3\/\u0433\u043e\u0434 \u0432\u0456\u0434\u043f\u043e\u0432\u0456\u0434\u043d\u043e<\/strong>, \u0433\u0430\u0440\u0430\u043d\u0442\u0443\u0454, \u0449\u043e \u0432\u0430\u0448\u0456 \u043f\u0440\u0438\u043c\u0456\u0449\u0435\u043d\u043d\u044f <strong data-start=\"361\" data-end=\"424\">\u0441\u0432\u0456\u0436\u0435 \u043f\u043e\u0432\u0456\u0442\u0440\u044f, \u043e\u043f\u0442\u0438\u043c\u0430\u043b\u044c\u043d\u0438\u0439 \u0440\u0456\u0432\u0435\u043d\u044c \u0432\u043e\u043b\u043e\u0433\u043e\u0441\u0442\u0456 \u0442\u0430 \u043f\u0440\u0438\u0454\u043c\u043d\u0438\u0439 \u043c\u0456\u043a\u0440\u043e\u043a\u043b\u0456\u043c\u0430\u0442 \u0443 \u043f\u0440\u0438\u043c\u0456\u0449\u0435\u043d\u043d\u0456.<\/strong>.<\/p>\n<p data-start=\"279\" data-end=\"618\"><strong>\u041f\u0440\u0438\u0441\u0442\u0440\u0456\u0439 \u0432\u0441\u0442\u0430\u043d\u043e\u0432\u043b\u044e\u0454\u0442\u044c\u0441\u044f \u0432\u0435\u0440\u0442\u0438\u043a\u0430\u043b\u044c\u043d\u043e<\/strong>, \u043f\u0456\u0434\u0445\u043e\u0434\u0438\u0442\u044c \u0434\u043b\u044f \u0436\u0438\u0442\u043b\u043e\u0432\u0438\u0445 \u043f\u0440\u0438\u043c\u0456\u0449\u0435\u043d\u044c, \u043e\u0444\u0456\u0441\u0456\u0432 \u0456 \u043d\u0435\u0432\u0435\u043b\u0438\u043a\u0438\u0445 \u043a\u043e\u043c\u0435\u0440\u0446\u0456\u0439\u043d\u0438\u0445 \u043f\u0440\u0438\u043c\u0456\u0449\u0435\u043d\u044c, \u0434\u0435 \u0432\u0430\u0436\u043b\u0438\u0432\u0430 \u0435\u043d\u0435\u0440\u0433\u043e\u0435\u0444\u0435\u043a\u0442\u0438\u0432\u043d\u0456\u0441\u0442\u044c \u0456 \u0442\u0438\u0445\u0430 \u0440\u043e\u0431\u043e\u0442\u0430.<\/p>\n<p data-start=\"620\" data-end=\"844\">\u041f\u0440\u0438\u0441\u0442\u0440\u0456\u0439 \u043f\u0456\u0434\u043a\u043b\u044e\u0447\u0430\u0454\u0442\u044c\u0441\u044f \u0434\u043e <strong data-start=\"634\" data-end=\"686\">\u0432\u0435\u043d\u0442\u0438\u043b\u044f\u0446\u0456\u044f \u0437 \u0440\u0435\u043a\u0443\u043f\u0435\u0440\u0430\u0446\u0456\u0454\u044e \u0442\u0435\u043f\u043b\u0430 \u0442\u0430 \u043e\u0441\u0443\u0448\u0435\u043d\u043d\u044f\u043c \u043f\u043e\u0432\u0456\u0442\u0440\u044f<\/strong>, \u0434\u043e\u043f\u043e\u043c\u0430\u0433\u0430\u0454 \u0437\u0430\u043f\u043e\u0431\u0456\u0433\u0442\u0438 \u043f\u043e\u0448\u043a\u043e\u0434\u0436\u0435\u043d\u043d\u044e \u0432\u043e\u043b\u043e\u0433\u043e\u044e, \u043f\u043e\u044f\u0432\u0456 \u043f\u043b\u0456\u0441\u043d\u044f\u0432\u0438 \u0442\u0430 \u0446\u0432\u0456\u043b\u0456. \u041f\u0440\u0438 \u043d\u0435\u043e\u0431\u0445\u0456\u0434\u043d\u043e\u0441\u0442\u0456 \u0439\u043e\u0433\u043e \u043c\u043e\u0436\u043d\u0430 \u0432\u0438\u043a\u043e\u0440\u0438\u0441\u0442\u043e\u0432\u0443\u0432\u0430\u0442\u0438 <strong data-start=\"772\" data-end=\"801\">\u0442\u0456\u043b\u044c\u043a\u0438 \u0440\u0435\u0436\u0438\u043c \u043e\u0441\u0443\u0448\u0435\u043d\u043d\u044f<\/strong>, \u0434\u043b\u044f \u0448\u0432\u0438\u0434\u043a\u043e\u0433\u043e \u0432\u0438\u0434\u0430\u043b\u0435\u043d\u043d\u044f \u0437\u0430\u0439\u0432\u043e\u0457 \u0432\u043e\u043b\u043e\u0433\u0438.<\/p>\n<p data-start=\"846\" data-end=\"1076\">\u0411\u0430\u0433\u0430\u0442\u043e\u0441\u0442\u0443\u043f\u0435\u043d\u0435\u0432\u0430 \u0444\u0456\u043b\u044c\u0442\u0440\u0430\u0446\u0456\u044f \u0437 <strong data-start=\"880\" data-end=\"931\">\u0437 \u0444\u0456\u043b\u044c\u0442\u0440\u043e\u043c \u0437 \u0430\u043a\u0442\u0438\u0432\u043e\u0432\u0430\u043d\u0438\u043c \u0432\u0443\u0433\u0456\u043b\u043b\u044f\u043c \u0442\u0430 \u0434\u043e\u0434\u0430\u0442\u043a\u043e\u0432\u0438\u043c \u0444\u0456\u043b\u044c\u0442\u0440\u043e\u043c HEPA H13<\/strong> \u0437\u0430\u0431\u0435\u0437\u043f\u0435\u0447\u0443\u0454 \u0447\u0438\u0441\u0442\u0435 \u0442\u0430 \u0437\u0434\u043e\u0440\u043e\u0432\u0435 \u043f\u043e\u0432\u0456\u0442\u0440\u044f \u0432 \u043f\u0440\u0438\u043c\u0456\u0449\u0435\u043d\u043d\u0456. \u0412\u0431\u0443\u0434\u043e\u0432\u0430\u043d\u0438\u0439 <strong data-start=\"981\" data-end=\"1015\">\u0430\u0432\u0442\u043e\u043c\u0430\u0442\u0438\u0447\u043d\u0435 \u0432\u0456\u0434\u0432\u0435\u0434\u0435\u043d\u043d\u044f \u043a\u043e\u043d\u0434\u0435\u043d\u0441\u0430\u0442\u0443<\/strong> \u0440\u043e\u0431\u0438\u0442\u044c \u0439\u043e\u0433\u043e \u0437\u0440\u0443\u0447\u043d\u0438\u043c \u0443 \u0432\u0438\u043a\u043e\u0440\u0438\u0441\u0442\u0430\u043d\u043d\u0456 \u0442\u0430 \u043c\u0456\u043d\u0456\u043c\u0456\u0437\u0443\u0454 \u043e\u0431\u0441\u043b\u0443\u0433\u043e\u0432\u0443\u0432\u0430\u043d\u043d\u044f.<\/p>\n<p data-start=\"1078\" data-end=\"1223\">\u041a\u0435\u0440\u0443\u0432\u0430\u043d\u043d\u044f \u043d\u0430 \u043e\u0441\u043d\u043e\u0432\u0456 \u043f\u0440\u0438\u0441\u0442\u0440\u043e\u044e <strong data-start=\"1103\" data-end=\"1146\">\u0432\u043d\u0443\u0442\u0440\u0456\u0448\u043d\u044f \u0430\u0432\u0442\u043e\u043c\u0430\u0442\u0438\u0437\u0430\u0446\u0456\u044f \u0442\u0430 \u0440\u0435\u0436\u0438\u043c\u0438 \u0440\u043e\u0431\u043e\u0442\u0438<\/strong>, \u0437\u0430\u0431\u0435\u0437\u043f\u0435\u0447\u0443\u044e\u0447\u0438 <strong data-start=\"1156\" data-end=\"1190\">\u0441\u0442\u0430\u0431\u0456\u043b\u044c\u043d\u0430 \u0442\u0430 \u043d\u0430\u0434\u0456\u0439\u043d\u0430 \u0440\u043e\u0431\u043e\u0442\u0430<\/strong>.<\/p>\n<table style=\"border-collapse: collapse; width: 48pt;\" border=\"0\" width=\"64\" cellspacing=\"0\" cellpadding=\"0\">\n<tbody>\n<tr style=\"height: 14.4pt;\">\n<td style=\"height: 14.4pt; width: 48pt;\" width=\"64\" height=\"19\"><a href=\"https:\/\/westonclimate.com\/wp-content\/uploads\/2026\/02\/emc-certificate.pdf\" target=\"_blank\" rel=\"noopener\"><img fetchpriority=\"high\" decoding=\"async\" class=\"alignnone size-medium wp-image-11099\" src=\"https:\/\/westonclimate.com\/wp-content\/uploads\/2026\/02\/Cert_2.0-210x300.png\" alt=\"\" width=\"210\" height=\"300\" srcset=\"https:\/\/westonclimate.com\/wp-content\/uploads\/2026\/02\/Cert_2.0-210x300.png 210w, https:\/\/westonclimate.com\/wp-content\/uploads\/2026\/02\/Cert_2.0-717x1024.png 717w, https:\/\/westonclimate.com\/wp-content\/uploads\/2026\/02\/Cert_2.0-768x1097.png 768w, https:\/\/westonclimate.com\/wp-content\/uploads\/2026\/02\/Cert_2.0-8x12.png 8w, https:\/\/westonclimate.com\/wp-content\/uploads\/2026\/02\/Cert_2.0-600x857.png 600w, https:\/\/westonclimate.com\/wp-content\/uploads\/2026\/02\/Cert_2.0.png 812w\" sizes=\"(max-width: 210px) 100vw, 210px\" \/><\/a><\/td>\n<\/tr>\n<\/tbody>\n<\/table>","protected":false},"featured_media":11035,"template":"","meta":[],"product_brand":[],"product_cat":[122,35],"product_tag":[],"class_list":{"0":"post-11044","1":"product","2":"type-product","3":"status-publish","4":"has-post-thumbnail","6":"product_cat-vertikaalsed","7":"product_cat-ventilatsiooniseadmed","9":"first","10":"instock","11":"taxable","12":"shipping-taxable","13":"purchasable","14":"product-type-variable"},"_links":{"self":[{"href":"https:\/\/westonclimate.com\/uk\/wp-json\/wp\/v2\/product\/11044","targetHints":{"allow":["GET"]}}],"collection":[{"href":"https:\/\/westonclimate.com\/uk\/wp-json\/wp\/v2\/product"}],"about":[{"href":"https:\/\/westonclimate.com\/uk\/wp-json\/wp\/v2\/types\/product"}],"version-history":[{"count":10,"href":"https:\/\/westonclimate.com\/uk\/wp-json\/wp\/v2\/product\/11044\/revisions"}],"predecessor-version":[{"id":11100,"href":"https:\/\/westonclimate.com\/uk\/wp-json\/wp\/v2\/product\/11044\/revisions\/11100"}],"wp:featuredmedia":[{"embeddable":true,"href":"https:\/\/westonclimate.com\/uk\/wp-json\/wp\/v2\/media\/11035"}],"wp:attachment":[{"href":"https:\/\/westonclimate.com\/uk\/wp-json\/wp\/v2\/media?parent=11044"}],"wp:term":[{"taxonomy":"product_brand","embeddable":true,"href":"https:\/\/westonclimate.com\/uk\/wp-json\/wp\/v2\/product_brand?post=11044"},{"taxonomy":"product_cat","embeddable":true,"href":"https:\/\/westonclimate.com\/uk\/wp-json\/wp\/v2\/product_cat?post=11044"},{"taxonomy":"product_tag","embeddable":true,"href":"https:\/\/westonclimate.com\/uk\/wp-json\/wp\/v2\/product_tag?post=11044"}],"curies":[{"name":"wp","href":"https:\/\/api.w.org\/{rel}","templated":true}]}}