{"id":11278,"date":"2026-02-24T16:45:32","date_gmt":"2026-02-24T16:45:32","guid":{"rendered":"https:\/\/westonclimate.com\/?post_type=product&#038;p=11278"},"modified":"2026-02-25T08:13:45","modified_gmt":"2026-02-25T08:13:45","slug":"weston-climate-180mm-4m-%d1%86%d0%b8%d1%80%d0%ba%d1%83%d0%bb%d1%8f%d1%86%d1%96%d0%b9%d0%bd%d0%b8%d0%b9-%d0%bd%d0%b0%d1%81%d0%be%d1%81-%d0%b4%d0%bb%d1%8f-%d0%b3%d0%b0%d1%80%d1%8f%d1%87%d0%be%d1%97-3","status":"publish","type":"product","link":"https:\/\/westonclimate.com\/uk\/tooted\/weston-climate-180mm-4m-kuuma-vee-tsirkulatsioonipump-3fix-auto-pwm-25w-g1-5-%e2%86%92-g1\/","title":{"rendered":"\u0426\u0438\u0440\u043a\u0443\u043b\u044f\u0446\u0456\u0439\u043d\u0438\u0439 \u043d\u0430\u0441\u043e\u0441 \u0434\u043b\u044f \u0433\u0430\u0440\u044f\u0447\u043e\u0457 \u0432\u043e\u0434\u0438 Weston Climate 180\u043c\u043c 4\u043c 3fix\/Auto\/PWM 25W G1.5\u2019\u2019 \u2192 G1\u2019\u2019"},"content":{"rendered":"<ul>\n<li data-start=\"1028\" data-end=\"1051\">\u0412\u0438\u0441\u043e\u0442\u0430 \u043f\u0456\u0434\u0439\u043e\u043c\u0443: \u0434\u043e 4 \u043c<\/li>\n<li data-start=\"1054\" data-end=\"1092\">\u0428\u0432\u0438\u0434\u043a\u0456\u0441\u0442\u044c \u043f\u043e\u0442\u043e\u043a\u0443 (\u043b\/\u0445\u0432): \u0434\u043e 40 \u043b\/\u0445\u0432<\/li>\n<li>T\u00f6\u00f6re\u017eiimid: 3 fikseeritud kiirust + automaatre\u017eiim + PWM<\/li>\n<li data-start=\"1095\" data-end=\"1109\">\u041f\u043e\u0442\u0443\u0436\u043d\u0456\u0441\u0442\u044c: 25 \u0412\u0442<\/li>\n<li data-start=\"1112\" data-end=\"1131\">\u041c\u043e\u043d\u0442\u0430\u0436\u043d\u0430 \u0434\u043e\u0432\u0436\u0438\u043d\u0430: 180 \u043c\u043c<\/li>\n<li data-start=\"1134\" data-end=\"1166\">Voltage\/frequency: 220-250V\/50-60Hz<\/li>\n<li data-start=\"1169\" data-end=\"1212\">\u041a\u043b\u0430\u0441 \u0437\u0430\u0445\u0438\u0441\u0442\u0443: IP44<\/li>\n<li data-start=\"1237\" data-end=\"1252\">\u041a\u043b\u0438\u043d: G1.5\u2019\u2019<\/li>\n<li data-start=\"1255\" data-end=\"1280\">\u041f\u0435\u0440\u0435\u0445\u0456\u0434: G1.5\u2019\u2019 \u2192 G1\u2019\u2019<\/li>\n<\/ul>","protected":false},"excerpt":{"rendered":"<p data-start=\"109\" data-end=\"387\">Weston Climate 180 mm tsirkulatsioonipump on t\u00f6\u00f6kindel ja energias\u00e4\u00e4stlik lahendus k\u00fcttes\u00fcsteemi v\u00f5i tarbevee ringluse tagamiseks. Seade sobib kasutamiseks eramutes, korterelamutes ja v\u00e4iksemates k\u00fcttes\u00fcsteemides, kus on vaja stabiilset veevoolu ja kuni 4-meetrist t\u00f5stek\u00f5rgust.<\/p>\n<p data-start=\"389\" data-end=\"722\">Weston Climate <strong>180mm 4m kuuma vee tsirkulatsioonipump 3fix\/Auto\/PWM 25W G1.5\u2019\u2019 \u2192 G1\u2019\u2019<\/strong> on varustatud <strong data-start=\"408\" data-end=\"473\">kolme fikseeritud kiiruse, automaatre\u017eiimi ja PWM-juhtimisega<\/strong>. Auto-re\u017eiim kohandab t\u00f6\u00f6 automaatselt vastavalt s\u00fcsteemi vajadusele, aidates v\u00e4hendada energiatarvet ja pikendada seadme eluiga. PWM-funktsioon v\u00f5imaldab pumba t\u00f6\u00f6d t\u00e4psemalt juhtida ja integreerida see kaasaegsete k\u00fcttes\u00fcsteemide automaatikaga.<\/p>\n<p data-start=\"724\" data-end=\"920\"><strong data-start=\"724\" data-end=\"750\">180 mm paigalduspikkus<\/strong> vastab levinud standardile, mist\u00f5ttu sobib pump nii uutele kui ka olemasolevatele s\u00fcsteemidele. IP44 kaitseklass tagab turvalise t\u00f6\u00f6 tavap\u00e4rastes katlaruumi tingimustes.<\/p>\n<p data-start=\"922\" data-end=\"1037\">T\u00e4nu <strong data-start=\"927\" data-end=\"948\">G1.5\u2019\u2019 \u00fchendusele<\/strong> ja komplektis olevale <strong data-start=\"971\" data-end=\"1000\">\u00fcleminekule G1.5\u2019\u2019 \u2192 G1\u2019\u2019<\/strong> on paigaldus lihtne ja universaalne.<\/p>","protected":false},"featured_media":11279,"template":"","meta":[],"product_brand":[],"product_cat":[67,294],"product_tag":[],"class_list":{"0":"post-11278","1":"product","2":"type-product","3":"status-publish","4":"has-post-thumbnail","6":"product_cat-tsirkulatsioonipumbad","7":"product_cat-weston-climate","9":"first","10":"instock","11":"taxable","12":"shipping-taxable","13":"purchasable","14":"product-type-simple"},"_links":{"self":[{"href":"https:\/\/westonclimate.com\/uk\/wp-json\/wp\/v2\/product\/11278","targetHints":{"allow":["GET"]}}],"collection":[{"href":"https:\/\/westonclimate.com\/uk\/wp-json\/wp\/v2\/product"}],"about":[{"href":"https:\/\/westonclimate.com\/uk\/wp-json\/wp\/v2\/types\/product"}],"version-history":[{"count":2,"href":"https:\/\/westonclimate.com\/uk\/wp-json\/wp\/v2\/product\/11278\/revisions"}],"predecessor-version":[{"id":11281,"href":"https:\/\/westonclimate.com\/uk\/wp-json\/wp\/v2\/product\/11278\/revisions\/11281"}],"wp:featuredmedia":[{"embeddable":true,"href":"https:\/\/westonclimate.com\/uk\/wp-json\/wp\/v2\/media\/11279"}],"wp:attachment":[{"href":"https:\/\/westonclimate.com\/uk\/wp-json\/wp\/v2\/media?parent=11278"}],"wp:term":[{"taxonomy":"product_brand","embeddable":true,"href":"https:\/\/westonclimate.com\/uk\/wp-json\/wp\/v2\/product_brand?post=11278"},{"taxonomy":"product_cat","embeddable":true,"href":"https:\/\/westonclimate.com\/uk\/wp-json\/wp\/v2\/product_cat?post=11278"},{"taxonomy":"product_tag","embeddable":true,"href":"https:\/\/westonclimate.com\/uk\/wp-json\/wp\/v2\/product_tag?post=11278"}],"curies":[{"name":"wp","href":"https:\/\/api.w.org\/{rel}","templated":true}]}}