{"id":3610,"date":"2024-06-20T14:48:20","date_gmt":"2024-06-20T14:48:20","guid":{"rendered":"https:\/\/wmdcompany.eu\/?post_type=product&#038;p=3610"},"modified":"2025-12-23T15:05:22","modified_gmt":"2025-12-23T15:05:22","slug":"weston-climate-soojustagastusega-ventilatsiooniseade-vch-cvh-250-500m3-h","status":"publish","type":"product","link":"https:\/\/westonclimate.com\/uk\/tooted\/\u0432\u0435\u043d\u0442\u0438\u043b\u044f\u0446\u0456\u0439\u043d\u0430-\u0443\u0441\u0442\u0430\u043d\u043e\u0432\u043a\u0430-weston-climate-\u0437-\u0440\u0435\u043a\u0443\u043f\u0435\u0440\u0430\/","title":{"rendered":"\u0412\u0435\u043d\u0442\u0438\u043b\u044f\u0446\u0456\u0439\u043d\u0430 \u0443\u0441\u0442\u0430\u043d\u043e\u0432\u043a\u0430 Weston Climate \u0437 \u0440\u0435\u043a\u0443\u043f\u0435\u0440\u0430\u0446\u0456\u0454\u044e \u0442\u0435\u043f\u043b\u0430 VCH-CVH 250-500 \u043c3\/\u0433\u043e\u0434"},"content":{"rendered":"<p><strong>\u041e\u0441\u043e\u0431\u043b\u0438\u0432\u043e\u0441\u0442\u0456:<\/strong><\/p>\n<ul>\n<li>\u0415\u043d\u0435\u0440\u0433\u043e\u0435\u0444\u0435\u043a\u0442\u0438\u0432\u043d\u0456\u0441\u0442\u044c \u0434\u043e 95%.<\/li>\n<li>\u041d\u0438\u0437\u044c\u043a\u0435 \u0435\u043d\u0435\u0440\u0433\u043e\u0441\u043f\u043e\u0436\u0438\u0432\u0430\u043d\u043d\u044f EC-\u0432\u0435\u043d\u0442\u0438\u043b\u044f\u0442\u043e\u0440\u0438 \u0437 \u0431\u0435\u0437\u043f\u0435\u0440\u0435\u0440\u0432\u043d\u0438\u043c \u043f\u043e\u0442\u043e\u043a\u043e\u043c \u043f\u043e\u0432\u0456\u0442\u0440\u044f, 4 \u0448\u0432\u0438\u0434\u043a\u043e\u0441\u0442\u0456.<\/li>\n<li>\u041c\u0430\u043a\u0441\u0438\u043c\u0430\u043b\u044c\u043d\u0430 \u0435\u0444\u0435\u043a\u0442\u0438\u0432\u043d\u0456\u0441\u0442\u044c \u0437\u0430 \u0431\u0443\u0434\u044c-\u044f\u043a\u0438\u0445 \u0443\u043c\u043e\u0432 \u0437\u0430\u0432\u0434\u044f\u043a\u0438 \u0431\u0435\u0437\u043f\u0435\u0440\u0435\u0440\u0432\u043d\u043e\u043c\u0443 \u0440\u0435\u0433\u0443\u043b\u044e\u0432\u0430\u043d\u043d\u044e \u043f\u043e\u0442\u043e\u043a\u0443.<\/li>\n<li>\u041e\u0447\u0438\u0449\u0435\u043d\u043d\u044f \u043f\u0440\u0438\u043f\u043b\u0438\u0432\u043d\u043e\u0433\u043e \u043f\u043e\u0432\u0456\u0442\u0440\u044f \u0437\u0430 \u0434\u043e\u043f\u043e\u043c\u043e\u0433\u043e\u044e \u043e\u0441\u043d\u043e\u0432\u043d\u043e\u0433\u043e \u0444\u0456\u043b\u044c\u0442\u0440\u0430 (G4) \u0442\u0430 \u0441\u0435\u0440\u0435\u0434\u043d\u044c\u043e\u0433\u043e \u0444\u0456\u043b\u044c\u0442\u0440\u0430 (F7) \u0454 \u0434\u043e\u0434\u0430\u0442\u043a\u043e\u0432\u043e\u044e \u043e\u043f\u0446\u0456\u0454\u044e.<\/li>\n<li>\u0421\u0442\u0430\u043d\u0434\u0430\u0440\u0442\u043d\u0438\u0439 \u0431\u0430\u0439\u043f\u0430\u0441 100%.<\/li>\n<li>\u0417\u043d\u0430\u043a \u0435\u043a\u043e\u0434\u0438\u0437\u0430\u0439\u043d\u0443 \u0410 \u0430\u0431\u043e \u0410+.<\/li>\n<li>\u0414\u043b\u044f \u043a\u0440\u0430\u0449\u043e\u0433\u043e \u0431\u0430\u043b\u0430\u043d\u0441\u0443 \u0432\u043e\u043b\u043e\u0433\u043e\u0441\u0442\u0456 \u0432 \u043f\u0440\u0438\u043c\u0456\u0449\u0435\u043d\u043d\u0456 \u0432 \u0437\u0438\u043c\u043e\u0432\u0438\u0439 \u043f\u0435\u0440\u0456\u043e\u0434 \u043c\u043e\u0436\u043d\u0430 \u0432\u0441\u0442\u0430\u043d\u043e\u0432\u0438\u0442\u0438 \u0435\u043d\u0442\u0430\u043b\u044c\u043f\u0456\u0439\u043d\u0438\u0439 \u0442\u0435\u043f\u043b\u043e\u043e\u0431\u043c\u0456\u043d\u043d\u0438\u043a.<\/li>\n<li>\u041d\u0430\u0439\u043d\u0438\u0436\u0447\u0438\u0439 \u0440\u0456\u0432\u0435\u043d\u044c \u0448\u0443\u043c\u0443 \u043f\u0456\u0434 \u0447\u0430\u0441 \u0440\u043e\u0431\u043e\u0442\u0438 - 31 \u0434\u0411(\u0410).<\/li>\n<li>\u0414\u0432\u0430 \u0432\u0430\u0440\u0456\u0430\u043d\u0442\u0438 \u0443\u0441\u0442\u0430\u043d\u043e\u0432\u043a\u0438.<\/li>\n<li>\u0423\u043f\u0440\u0430\u0432\u043b\u0456\u043d\u043d\u044f \u0441\u043c\u0430\u0440\u0442\u0444\u043e\u043d\u043e\u043c: Android\/IOS.<\/li>\n<li>\u0423\u043f\u0440\u0430\u0432\u043b\u0456\u043d\u043d\u044f \u0433\u0440\u0443\u043f\u043e\u044e.<\/li>\n<\/ul>\n<p>&nbsp;<\/p>\n<p><strong>\u0422\u0456\u043b\u043e:<\/strong><\/p>\n<ul>\n<li>\u0412\u043d\u0443\u0442\u0440\u0456\u0448\u043d\u044f \u043a\u043e\u043d\u0441\u0442\u0440\u0443\u043a\u0446\u0456\u044f \u0432\u0438\u0433\u043e\u0442\u043e\u0432\u043b\u0435\u043d\u0430 \u0437 \u043c\u0430\u0442\u0435\u0440\u0456\u0430\u043b\u0443 EPP, \u044f\u043a\u0438\u0439 \u0454 \u043b\u0435\u0433\u043a\u0438\u043c, \u0442\u0435\u043f\u043b\u043e\u0437\u0431\u0435\u0440\u0456\u0433\u0430\u044e\u0447\u0438\u043c, \u0442\u0438\u0445\u0438\u043c, \u0435\u043a\u043e\u043b\u043e\u0433\u0456\u0447\u043d\u043e \u0447\u0438\u0441\u0442\u0438\u043c, \u0431\u0435\u0437 \u0437\u0430\u043f\u0430\u0445\u0443 \u0442\u043e\u0449\u043e. \u0412\u0456\u043d \u043c\u0430\u0454 \u0445\u043e\u0440\u043e\u0448\u0443 \u043f\u043e\u0432\u0456\u0442\u0440\u043e\u043d\u0435\u043f\u0440\u043e\u043d\u0438\u043a\u043d\u0456\u0441\u0442\u044c \u0456 \u0442\u0435\u043f\u043b\u043e\u0456\u0437\u043e\u043b\u044f\u0446\u0456\u0439\u043d\u0456 \u0432\u043b\u0430\u0441\u0442\u0438\u0432\u043e\u0441\u0442\u0456.<\/li>\n<\/ul>\n<p>&nbsp;<\/p>\n<p><strong>\u0424\u0456\u043b\u044c\u0442\u0440\u0430\u0446\u0456\u044f \u043f\u043e\u0432\u0456\u0442\u0440\u044f:<\/strong><\/p>\n<ul>\n<li>\u041f\u0440\u0438\u043f\u043b\u0438\u0432\u043d\u0430 \u0432\u0435\u043d\u0442\u0438\u043b\u044f\u0446\u0456\u0439\u043d\u0430 \u0443\u0441\u0442\u0430\u043d\u043e\u0432\u043a\u0430 Airwood\/Holtop \u0437 \u0440\u0435\u043a\u0443\u043f\u0435\u0440\u0430\u0446\u0456\u0454\u044e \u0442\u0435\u043f\u043b\u0430 \u043c\u0430\u0454 \u0434\u0432\u0430 \u0444\u0456\u043b\u044c\u0442\u0440\u0438. \u0426\u0456 \u0444\u0456\u043b\u044c\u0442\u0440\u0438 \u0432\u0438\u0434\u0430\u043b\u044f\u044e\u0442\u044c \u043f\u0438\u043b \u0437 \u043f\u043e\u0432\u0456\u0442\u0440\u044f 95%. \u0412\u0438\u0441\u043e\u043a\u043e\u0435\u0444\u0435\u043a\u0442\u0438\u0432\u043d\u0438\u0439 \u0444\u0456\u043b\u044c\u0442\u0440 \u0434\u0440\u0456\u0431\u043d\u043e\u0433\u043e \u043f\u0438\u043b\u0443 (F7) \u0434\u043e\u0441\u0442\u0443\u043f\u043d\u0438\u0439 \u044f\u043a \u043e\u043f\u0446\u0456\u044f, \u0456\u0434\u0435\u0430\u043b\u044c\u043d\u043e \u043f\u0456\u0434\u0445\u043e\u0434\u0438\u0442\u044c \u0434\u043b\u044f \u043f\u0440\u0438\u043c\u0456\u0449\u0435\u043d\u044c \u0437 \u0432\u0438\u0441\u043e\u043a\u0438\u043c \u0440\u0456\u0432\u043d\u0435\u043c \u0437\u0430\u043f\u0438\u043b\u0435\u043d\u043e\u0441\u0442\u0456, \u0442\u0430\u043a\u0438\u0445 \u044f\u043a \u0430\u0432\u0442\u043e\u043c\u0430\u0433\u0456\u0441\u0442\u0440\u0430\u043b\u0456 \u0442\u0430 \u0430\u0435\u0440\u043e\u043f\u043e\u0440\u0442\u0438. \u041b\u044e\u0434\u0438 \u0437 \u0430\u043b\u0435\u0440\u0433\u0456\u0454\u044e \u043d\u0430 \u043f\u043e\u0432\u0456\u0442\u0440\u044f\u043d\u0438\u0439 \u0430\u0431\u043e \u0434\u0440\u0456\u0431\u043d\u043e\u0434\u0438\u0441\u043f\u0435\u0440\u0441\u043d\u0438\u0439 \u043f\u0438\u043b \u043e\u0442\u0440\u0438\u043c\u0430\u044e\u0442\u044c \u0437\u043d\u0430\u0447\u043d\u0443 \u043a\u043e\u0440\u0438\u0441\u0442\u044c \u0432\u0456\u0434 \u0446\u0438\u0445 \u0444\u0456\u043b\u044c\u0442\u0440\u0456\u0432.<\/li>\n<li>\u0411\u0430\u0439\u043f\u0430\u0441 \u0432\u043a\u043b\u044e\u0447\u0430\u0454 \u043e\u043a\u0440\u0435\u043c\u0438\u0439 \u043e\u0441\u043d\u043e\u0432\u043d\u0438\u0439 \u0444\u0456\u043b\u044c\u0442\u0440 \u0434\u043b\u044f \u0437\u0430\u0431\u0435\u0437\u043f\u0435\u0447\u0435\u043d\u043d\u044f \u0447\u0438\u0441\u0442\u043e\u0442\u0438 \u043f\u043e\u0432\u0456\u0442\u0440\u044f, \u0449\u043e \u043d\u0430\u0434\u0445\u043e\u0434\u0438\u0442\u044c.<\/li>\n<\/ul>\n<div>\n<p>&nbsp;<\/p>\n<p class=\"Heading51\"><strong><span lang=\"ET\">EC-\u0444\u0456\u043b\u044c\u0442\u0440\u0438 \u0431\u0435\u0437\u043f\u0435\u0440\u0435\u0440\u0432\u043d\u043e\u0433\u043e \u043f\u043e\u0442\u043e\u043a\u0443 \u043f\u043e\u0432\u0456\u0442\u0440\u044f:<\/span><\/strong><\/p>\n<ul>\n<li>Ainulaadsete pideva \u00f5huvoolu ventilaatorite kasutamine tagab eelseadistatud \u00f5huvoolukiirused ning tasakaalu toite- ja heit\u00f5hu vahel. Tasakaalustatud ventilatsioon tagab alati suure t\u00f5hususe &#8211; olenemata kanalis\u00fcsteemi takistusest v\u00f5i m\u00e4\u00e4rdunud filtritest. Samuti s\u00e4\u00e4stab see aega s\u00fcsteemi kasutuselev\u00f5tul.<\/li>\n<\/ul>\n<p>&nbsp;<\/p>\n<p class=\"Heading51\"><strong><span lang=\"ET\">\u041c\u0438\u043d\u0443\u043b\u043e\u0433\u043e \u0442\u0438\u0436\u043d\u044f:<\/span><\/strong><\/p>\n<ul>\n<li>\u0412\u043b\u0456\u0442\u043a\u0443 \u0431\u0430\u0439\u043f\u0430\u0441 100% \u0441\u043f\u0440\u0438\u044f\u0454 \u043f\u0456\u0434\u0432\u0438\u0449\u0435\u043d\u043d\u044e \u043a\u043e\u043c\u0444\u043e\u0440\u0442\u0443 \u0456 \u0430\u0432\u0442\u043e\u043c\u0430\u0442\u0438\u0447\u043d\u043e \u0440\u0435\u0433\u0443\u043b\u044e\u0454\u0442\u044c\u0441\u044f \u043d\u0430 \u043e\u0441\u043d\u043e\u0432\u0456 \u0432\u0438\u043c\u0456\u0440\u044f\u043d\u0438\u0445 \u0437\u043e\u0432\u043d\u0456\u0448\u043d\u0456\u0445 \u0442\u0435\u043c\u043f\u0435\u0440\u0430\u0442\u0443\u0440.<\/li>\n<\/ul>\n<div>\n<p>&nbsp;<\/p>\n<p class=\"Heading51\"><strong><span lang=\"ET\">\u0413\u043d\u0443\u0447\u043a\u0430 \u0443\u0441\u0442\u0430\u043d\u043e\u0432\u043a\u0430:<\/span><\/strong><\/p>\n<ul>\n<li>\n<div><span lang=\"ET\">\u0406\u0441\u043d\u0443\u0454 \u043b\u0456\u0432\u043e\u0441\u0442\u043e\u0440\u043e\u043d\u043d\u0456\u0439 \u0430\u0431\u043e \u043f\u0440\u0430\u0432\u043e\u0441\u0442\u043e\u0440\u043e\u043d\u043d\u0456\u0439 \u0432\u0430\u0440\u0456\u0430\u043d\u0442. \u0412\u0430\u0440\u0456\u0430\u043d\u0442 \u0443\u0441\u0442\u0430\u043d\u043e\u0432\u043a\u0438 \u043c\u043e\u0436\u0435 \u0431\u0443\u0442\u0438 \u0430\u0434\u0430\u043f\u0442\u043e\u0432\u0430\u043d\u0438\u0439 \u043d\u0430 \u043c\u0456\u0441\u0446\u0456 \u0432\u0456\u0434\u043f\u043e\u0432\u0456\u0434\u043d\u043e \u0434\u043e \u0440\u0456\u0437\u043d\u0438\u0445 \u0432\u0438\u043c\u043e\u0433 \u0434\u043e \u043c\u043e\u043d\u0442\u0430\u0436\u0443.<\/span><\/div>\n<\/li>\n<\/ul>\n<\/div>\n<\/div>\n<p>&nbsp;<\/p>\n<p><strong>\u0422\u0435\u0445\u043d\u0456\u0447\u043d\u0430 \u0456\u043d\u0444\u043e\u0440\u043c\u0430\u0446\u0456\u044f:<\/strong><\/p>\n<ul>\n<li><span lang=\"ET\">\u041d\u0430\u043f\u0440\u0443\u0433\u0430 \u043e\u0431\u043b\u0430\u0434\u043d\u0430\u043d\u043d\u044f (\u0412\/50 (60) \u0413\u0446): 230<\/span><\/li>\n<li><span lang=\"ET\">\u041f\u043e\u0432\u0456\u0442\u0440\u044f\u043d\u0438\u0439 \u043f\u043e\u0442\u0456\u043a (\u043c\u00b3\/\u0433\u043e\u0434):\u00a0<em><strong>250-500<\/strong><\/em><\/span><\/li>\n<li>\n<div><span lang=\"ET\">\u0417\u043e\u0432\u043d\u0456\u0448\u043d\u0456\u0439 \u0441\u0442\u0430\u0442\u0438\u0447\u043d\u0438\u0439 \u0442\u0438\u0441\u043a (\u041f\u0430):\u00a0<em><strong>130-160<\/strong><\/em><\/span><\/div>\n<\/li>\n<li>\n<div>\u0415\u043d\u0435\u0440\u0433\u043e\u0435\u0444\u0435\u043a\u0442\u0438\u0432\u043d\u0456\u0441\u0442\u044c (%): 95<\/div>\n<\/li>\n<li>\n<div>\u041c\u0430\u043a\u0441\u0438\u043c\u0430\u043b\u044c\u043d\u0430 \u043f\u043e\u0442\u0443\u0436\u043d\u0456\u0441\u0442\u044c (\u0412\u0442):\u00a0<em><strong>137-412<\/strong><\/em><\/div>\n<\/li>\n<li>\n<div>\u0422\u0435\u043c\u043f\u0435\u0440\u0430\u0442\u0443\u0440\u0430 \u043f\u043e\u0432\u0456\u0442\u0440\u044f \u043f\u0456\u0434 \u0447\u0430\u0441 \u0442\u0440\u0430\u043d\u0441\u043f\u043e\u0440\u0442\u0443\u0432\u0430\u043d\u043d\u044f (\u00b0C): \u0432\u0456\u0434 -25 \u0434\u043e +40<\/div>\n<\/li>\n<li>\n<div>\u041c\u0430\u0442\u0435\u0440\u0456\u0430\u043b \u043a\u043e\u0440\u043f\u0443\u0441\u0443: \u043e\u0446\u0438\u043d\u043a\u043e\u0432\u0430\u043d\u0430 \u0441\u0442\u0430\u043b\u044c<\/div>\n<\/li>\n<li>\n<div>\u0406\u0437\u043e\u043b\u044f\u0446\u0456\u044f: EPP<\/div>\n<\/li>\n<li>\n<div>\u0414\u0456\u0430\u043c\u0435\u0442\u0440 \u043f\u0440\u0438\u0454\u0434\u043d\u0443\u0432\u0430\u043d\u043e\u0433\u043e \u043f\u043e\u0432\u0456\u0442\u0440\u043e\u043f\u0440\u043e\u0432\u043e\u0434\u0443 (\u043c\u043c):\u00a0<em><strong>144-196<\/strong><\/em><\/div>\n<\/li>\n<li>\n<div>\u0428\u0443\u043c (\u0434\u0411(A))*:\u00a0<em><strong>35-39<\/strong><\/em><\/div>\n<\/li>\n<li>\n<div>\u041a\u043b\u0430\u0441 \u0435\u043d\u0435\u0440\u0433\u043e\u0435\u0444\u0435\u043a\u0442\u0438\u0432\u043d\u043e\u0441\u0442\u0456: A+.<\/div>\n<\/li>\n<li>\n<div>\u0412\u0430\u0433\u0430 (\u043a\u0433):\u00a0<em><strong>40-50<\/strong><\/em><\/div>\n<div>\n<div>\n<div><\/div>\n<\/div>\n<div>*\u00a0<i><span lang=\"ET\">\u041f\u0440\u0438\u043c\u0456\u0442\u043a\u0430: \u0426\u0435\u0439 \u0440\u0456\u0432\u0435\u043d\u044c \u0448\u0443\u043c\u0443 \u0432\u0438\u043c\u0456\u0440\u044e\u0454\u0442\u044c\u0441\u044f \u043f\u0440\u0438 \u043c\u0430\u043a\u0441\u0438\u043c\u0430\u043b\u044c\u043d\u043e\u043c\u0443 \u043f\u043e\u0442\u043e\u0446\u0456 \u043f\u043e\u0432\u0456\u0442\u0440\u044f 70% \u0456 \u0441\u0442\u0430\u0442\u0438\u0447\u043d\u043e\u043c\u0443 \u0442\u0438\u0441\u043a\u0443 50 \u041f\u0430.<\/span><\/i><\/div>\n<\/div>\n<\/li>\n<\/ul>","protected":false},"excerpt":{"rendered":"<p style=\"font-weight: 400;\"><strong>\u0412\u0435\u0440\u0442\u0438\u043a\u0430\u043b\u044c\u043d\u0430 \u0432\u0435\u043d\u0442\u0438\u043b\u044f\u0446\u0456\u0439\u043d\u0430 \u0443\u0441\u0442\u0430\u043d\u043e\u0432\u043a\u0430 \u0437 \u0440\u0435\u043a\u0443\u043f\u0435\u0440\u0430\u0446\u0456\u0454\u044e \u0442\u0435\u043f\u043b\u0430 Weston Climate VCH-CVH<\/strong> \u043f\u043e\u0434\u0430\u0454 \u0441\u0432\u0456\u0436\u0435 \u043f\u043e\u0432\u0456\u0442\u0440\u044f \u0456 \u0441\u0442\u0432\u043e\u0440\u044e\u0454 \u0437\u0434\u043e\u0440\u043e\u0432\u0435 \u0441\u0435\u0440\u0435\u0434\u043e\u0432\u0438\u0449\u0435 \u0434\u043b\u044f \u0436\u0438\u0442\u0442\u044f \u0437 \u043a\u0438\u0441\u043d\u0435\u043c, \u043a\u043e\u043c\u0444\u043e\u0440\u0442\u043d\u043e\u044e \u0442\u0435\u043c\u043f\u0435\u0440\u0430\u0442\u0443\u0440\u043e\u044e \u0456 \u0432\u043e\u043b\u043e\u0433\u0456\u0441\u0442\u044e, \u0430 \u0442\u0430\u043a\u043e\u0436 \u043f\u043e\u0441\u0442\u0456\u0439\u043d\u0438\u043c \u0432\u0456\u0434\u0441\u0443\u0442\u043d\u0456\u0441\u0442\u044e \u043f\u0438\u043b\u0443. \u041f\u0440\u0438\u043f\u043b\u0438\u0432 \u0441\u0432\u0456\u0436\u043e\u0433\u043e \u043f\u043e\u0432\u0456\u0442\u0440\u044f \u0456 \u0432\u0438\u0442\u044f\u0436\u043a\u0430 \u0437\u043d\u0430\u0445\u043e\u0434\u044f\u0442\u044c\u0441\u044f \u0432 \u043f\u0440\u0430\u0432\u0438\u043b\u044c\u043d\u043e\u043c\u0443 \u0431\u0430\u043b\u0430\u043d\u0441\u0456. \u041f\u043e\u0432\u0456\u0442\u0440\u044f\u043d\u0456 \u043f\u043e\u0442\u043e\u043a\u0438 \u043d\u0435 \u0437\u043c\u0456\u0448\u0443\u044e\u0442\u044c\u0441\u044f, \u0430 \u0437\u0430\u043b\u0438\u0448\u0430\u044e\u0442\u044c\u0441\u044f \u043e\u043a\u0440\u0435\u043c\u0438\u043c\u0438. \u0412\u0456\u0434\u0431\u0443\u0432\u0430\u0454\u0442\u044c\u0441\u044f \u043f\u0435\u0440\u0435\u0434\u0430\u0447\u0430 \u0442\u0435\u043f\u043b\u0430 \u0432\u0456\u0434 \u0432\u0438\u0442\u044f\u0436\u043d\u043e\u0433\u043e \u043f\u043e\u0432\u0456\u0442\u0440\u044f \u0434\u043e \u0445\u043e\u043b\u043e\u0434\u043d\u043e\u0433\u043e \u043f\u0440\u0438\u043f\u043b\u0438\u0432\u043d\u043e\u0433\u043e. \u0426\u0435 \u043e\u0437\u043d\u0430\u0447\u0430\u0454, \u0449\u043e \u0445\u043e\u043b\u043e\u0434\u043d\u0435 \u0437\u043e\u0432\u043d\u0456\u0448\u043d\u0454 \u043f\u043e\u0432\u0456\u0442\u0440\u044f \u043d\u0430\u0433\u0440\u0456\u0432\u0430\u0454\u0442\u044c\u0441\u044f \"\u0431\u0435\u0437\u043a\u043e\u0448\u0442\u043e\u0432\u043d\u043e\", \u0442\u043e\u0431\u0442\u043e \u0435\u043d\u0435\u0440\u0433\u0456\u044f \u043d\u0435 \u0432\u0438\u0442\u0440\u0430\u0447\u0430\u0454\u0442\u044c\u0441\u044f \u0434\u0430\u0440\u0435\u043c\u043d\u043e.<\/p>\n<p style=\"font-weight: 400;\"><strong>\u0415\u043d\u0435\u0440\u0433\u043e\u0435\u0444\u0435\u043a\u0442\u0438\u0432\u043d\u0456\u0441\u0442\u044c \u0434\u043e 95%.<\/strong> \u0412\u0438\u0441\u043e\u043a\u043e\u0435\u0444\u0435\u043a\u0442\u0438\u0432\u043d\u0430 \u0442\u0435\u043f\u043b\u043e\u0456\u0437\u043e\u043b\u044f\u0446\u0456\u044f \u0443\u0442\u0440\u0438\u043c\u0443\u0454 \u0442\u0435\u043c\u043f\u0435\u0440\u0430\u0442\u0443\u0440\u0443 \u0432\u0445\u0456\u0434\u043d\u043e\u0433\u043e \u0441\u0432\u0456\u0436\u043e\u0433\u043e \u043f\u043e\u0432\u0456\u0442\u0440\u044f \u043d\u0430 \u0440\u0456\u0432\u043d\u0456, \u0431\u043b\u0438\u0437\u044c\u043a\u043e\u043c\u0443 \u0434\u043e \u0442\u0435\u043c\u043f\u0435\u0440\u0430\u0442\u0443\u0440\u0438 \u0432 \u043f\u0440\u0438\u043c\u0456\u0449\u0435\u043d\u043d\u0456, \u0449\u043e \u0437\u043d\u0430\u0447\u043d\u043e \u043f\u0456\u0434\u0432\u0438\u0449\u0443\u0454 \u043a\u043e\u043c\u0444\u043e\u0440\u0442 \u0443 \u043f\u0440\u0438\u043c\u0456\u0449\u0435\u043d\u043d\u0456. \u0426\u0435 \u0442\u0430\u043a\u043e\u0436 \u0434\u043e\u043f\u043e\u043c\u0430\u0433\u0430\u0454 \u0437\u043c\u0435\u043d\u0448\u0438\u0442\u0438 \u0440\u043e\u0437\u043c\u0456\u0440 \u043d\u0435\u043e\u0431\u0445\u0456\u0434\u043d\u043e\u0433\u043e \u043e\u0431\u043b\u0430\u0434\u043d\u0430\u043d\u043d\u044f \u0434\u043b\u044f \u043e\u043f\u0430\u043b\u0435\u043d\u043d\u044f, \u0432\u0435\u043d\u0442\u0438\u043b\u044f\u0446\u0456\u0457 \u0442\u0430 \u043a\u043e\u043d\u0434\u0438\u0446\u0456\u043e\u043d\u0443\u0432\u0430\u043d\u043d\u044f, \u043e\u0441\u043a\u0456\u043b\u044c\u043a\u0438 \u0439\u043e\u043c\u0443 \u043d\u0435 \u043f\u043e\u0442\u0440\u0456\u0431\u043d\u043e \u043f\u0440\u0430\u0446\u044e\u0432\u0430\u0442\u0438 \u0442\u0430\u043a \u0432\u0430\u0436\u043a\u043e \u0434\u043b\u044f \u043d\u0430\u0433\u0440\u0456\u0432\u0430\u043d\u043d\u044f \u0442\u0430 \u043e\u0445\u043e\u043b\u043e\u0434\u0436\u0435\u043d\u043d\u044f, \u043a\u043e\u043b\u0438 \u0432\u0445\u0456\u0434\u043d\u0435 \u043f\u043e\u0432\u0456\u0442\u0440\u044f \u043a\u043e\u043d\u0434\u0438\u0446\u0456\u043e\u043d\u0443\u0454\u0442\u044c\u0441\u044f \u0432\u0435\u043d\u0442\u0438\u043b\u044f\u0442\u043e\u0440\u043e\u043c \u0437 \u0432\u0438\u0441\u043e\u043a\u043e\u044e \u0442\u0435\u043f\u043b\u043e\u0432\u043e\u044e \u0435\u0444\u0435\u043a\u0442\u0438\u0432\u043d\u0456\u0441\u0442\u044e. \u0426\u0435 \u043f\u0440\u0438\u043d\u043e\u0441\u0438\u0442\u044c \u043a\u043e\u0440\u0438\u0441\u0442\u044c \u043a\u0456\u043d\u0446\u0435\u0432\u0438\u043c \u043a\u043e\u0440\u0438\u0441\u0442\u0443\u0432\u0430\u0447\u0430\u043c, \u043f\u0456\u0434\u0432\u0438\u0449\u0443\u044e\u0447\u0438 \u0457\u0445\u043d\u0456\u0439 \u043a\u043e\u043c\u0444\u043e\u0440\u0442 \u0442\u0430 \u0437\u043c\u0435\u043d\u0448\u0443\u044e\u0447\u0438 \u0440\u0430\u0445\u0443\u043d\u043a\u0438 \u0437\u0430 \u0435\u043b\u0435\u043a\u0442\u0440\u043e\u0435\u043d\u0435\u0440\u0433\u0456\u044e. \u0410 \u0437\u043c\u0435\u043d\u0448\u0435\u043d\u043d\u044f \u043f\u043e\u0442\u0440\u0435\u0431\u0438 \u0443 \u0432\u0438\u043a\u043e\u043f\u043d\u0438\u0445 \u0432\u0438\u0434\u0430\u0445 \u043f\u0430\u043b\u0438\u0432\u0430 \u0442\u0430\u043a\u043e\u0436 \u043f\u0440\u0438\u043d\u043e\u0441\u0438\u0442\u044c \u043a\u043e\u0440\u0438\u0441\u0442\u044c \u043d\u0430\u0432\u043a\u043e\u043b\u0438\u0448\u043d\u044c\u043e\u043c\u0443 \u0441\u0435\u0440\u0435\u0434\u043e\u0432\u0438\u0449\u0443.<\/p>\n<p><strong>\u0422\u0435\u0440\u043c\u0456\u043d \u0434\u043e\u0441\u0442\u0430\u0432\u043a\u0438 \u0434\u043e 45 \u0440\u043e\u0431\u043e\u0447\u0438\u0445 \u0434\u043d\u0456\u0432.<\/strong><\/p>","protected":false},"featured_media":7682,"template":"","meta":[],"product_brand":[],"product_cat":[122,35],"product_tag":[],"class_list":{"0":"post-3610","1":"product","2":"type-product","3":"status-publish","4":"has-post-thumbnail","6":"product_cat-vertikaalsed","7":"product_cat-ventilatsiooniseadmed","9":"first","10":"instock","11":"taxable","12":"shipping-taxable","13":"purchasable","14":"product-type-variable"},"_links":{"self":[{"href":"https:\/\/westonclimate.com\/uk\/wp-json\/wp\/v2\/product\/3610","targetHints":{"allow":["GET"]}}],"collection":[{"href":"https:\/\/westonclimate.com\/uk\/wp-json\/wp\/v2\/product"}],"about":[{"href":"https:\/\/westonclimate.com\/uk\/wp-json\/wp\/v2\/types\/product"}],"version-history":[{"count":8,"href":"https:\/\/westonclimate.com\/uk\/wp-json\/wp\/v2\/product\/3610\/revisions"}],"predecessor-version":[{"id":9304,"href":"https:\/\/westonclimate.com\/uk\/wp-json\/wp\/v2\/product\/3610\/revisions\/9304"}],"wp:featuredmedia":[{"embeddable":true,"href":"https:\/\/westonclimate.com\/uk\/wp-json\/wp\/v2\/media\/7682"}],"wp:attachment":[{"href":"https:\/\/westonclimate.com\/uk\/wp-json\/wp\/v2\/media?parent=3610"}],"wp:term":[{"taxonomy":"product_brand","embeddable":true,"href":"https:\/\/westonclimate.com\/uk\/wp-json\/wp\/v2\/product_brand?post=3610"},{"taxonomy":"product_cat","embeddable":true,"href":"https:\/\/westonclimate.com\/uk\/wp-json\/wp\/v2\/product_cat?post=3610"},{"taxonomy":"product_tag","embeddable":true,"href":"https:\/\/westonclimate.com\/uk\/wp-json\/wp\/v2\/product_tag?post=3610"}],"curies":[{"name":"wp","href":"https:\/\/api.w.org\/{rel}","templated":true}]}}