{"id":8751,"date":"2025-09-09T17:52:07","date_gmt":"2025-09-09T17:52:07","guid":{"rendered":"https:\/\/staging.westonclimate.ee\/?post_type=product&#038;p=8751"},"modified":"2026-04-29T11:53:23","modified_gmt":"2026-04-29T11:53:23","slug":"r290-monoblock-top-blow-soojuspump","status":"publish","type":"product","link":"https:\/\/westonclimate.com\/uk\/tooted\/\u043c\u043e\u043d\u043e\u0431\u043b\u043e\u0447\u043d\u0438\u0439-\u0442\u0435\u043f\u043b\u043e\u0432\u0438\u0439-\u043d\u0430\u0441\u043e\u0441-r290-\u0437-\u0432\u0435\u0440\u0445\u043d\u0456\/","title":{"rendered":"\u0406\u043d\u0432\u0435\u0440\u0442\u043e\u0440\u043d\u0438\u0439 \u043c\u043e\u043d\u043e\u0431\u043b\u043e\u0447\u043d\u0438\u0439 \u0442\u0435\u043f\u043b\u043e\u0432\u0438\u0439 \u043d\u0430\u0441\u043e\u0441 R290 \u0437 \u0432\u0435\u0440\u0445\u043d\u0456\u043c \u0432\u0438\u0434\u0443\u0432\u0430\u043d\u043d\u044f\u043c (\u0437\u0456 \u0437\u0432\u0443\u043a\u043e\u043c \u0456 \u043f\u043e\u0442\u043e\u043a\u043e\u043c \u043f\u043e\u0432\u0456\u0442\u0440\u044f \u0437\u0432\u0435\u0440\u0445\u0443)"},"content":{"rendered":"<ul>\n<li>\u041d\u043e\u043c\u0456\u043d\u0430\u043b\u044c\u043d\u0430 \u0442\u0435\u043f\u043b\u043e\u0432\u0430 \u043f\u043e\u0442\u0443\u0436\u043d\u0456\u0441\u0442\u044c:<strong> 5\u043a\u0412\u0442, 7\u043a\u0412\u0442, 9\u043a\u0412\u0442, 12\u043a\u0412\u0442, 15\u043a\u0412\u0442, 20\u043a\u0412\u0442<\/strong><\/li>\n<li>\u0414\u0456\u0430\u043f\u0430\u0437\u043e\u043d COP:<strong> \u0434\u043e 4,9 \u0432\/\u0433<\/strong><\/li>\n<li><strong>\u0413\u043e\u0442\u043e\u0432\u043d\u0456\u0441\u0442\u044c \u0441\u0438\u0441\u0442\u0435\u043c\u0438 \u043c\u043e\u043d\u0456\u0442\u043e\u0440\u0438\u043d\u0433\u0443 \u0446\u0456\u043d \u043d\u0430 \u0435\u043b\u0435\u043a\u0442\u0440\u043e\u0435\u043d\u0435\u0440\u0433\u0456\u044e \u0411\u0456\u0440\u0436\u0456 (\u0421\u0413)<\/strong><\/li>\n<li><strong>\u0421\u0443\u043c\u0456\u0441\u043d\u0456\u0441\u0442\u044c \u0441\u043e\u043d\u044f\u0447\u043d\u0438\u0445 \u0441\u0438\u0441\u0442\u0435\u043c (PV)<\/strong><\/li>\n<li><strong>\u041a\u0435\u0440\u0443\u0432\u0430\u043d\u043d\u044f WiFi<\/strong><\/li>\n<li><strong>\u0411\u043b\u043e\u043a \u0443\u043f\u0440\u0430\u0432\u043b\u0456\u043d\u043d\u044f \u0441\u0432\u0456\u0442\u043b\u043e\u0434\u0456\u043e\u0434\u0430\u043c\u0438<\/strong><\/li>\n<li>\u041d\u0430\u043f\u0440\u0443\u0433\u0430 \u0436\u0438\u0432\u043b\u0435\u043d\u043d\u044f:\u00a0<strong>230\u0412 (1F) \u0430\u0431\u043e<\/strong>\u00a0<strong>380\u0412 (3F)\u00a0<\/strong><\/li>\n<li>\u041a\u043e\u043c\u043f\u0440\u0435\u0441\u043e\u0440:\u00a0<strong>\u041f\u043e\u0432\u043d\u0438\u0439 \u0456\u043d\u0432\u0435\u0440\u0442\u043e\u0440 \u043f\u043e\u0441\u0442\u0456\u0439\u043d\u043e\u0433\u043e \u0441\u0442\u0440\u0443\u043c\u0443 + EVI<\/strong><\/li>\n<li>\u0414\u0432\u0438\u0433\u0443\u043d \u0432\u0435\u043d\u0442\u0438\u043b\u044f\u0442\u043e\u0440\u0430:\u00a0<strong>\u0406\u043d\u0432\u0435\u0440\u0442\u043e\u0440 \u043f\u043e\u0441\u0442\u0456\u0439\u043d\u043e\u0433\u043e \u0441\u0442\u0440\u0443\u043c\u0443<\/strong><\/li>\n<li>\u0412\u043e\u0434\u044f\u043d\u0438\u0439 \u043d\u0430\u0441\u043e\u0441:\u00a0<strong>\u0406\u043d\u0432\u0435\u0440\u0442\u043e\u0440 \u043f\u043e\u0441\u0442\u0456\u0439\u043d\u043e\u0433\u043e \u0441\u0442\u0440\u0443\u043c\u0443<\/strong><\/li>\n<li>\u0425\u043e\u043b\u043e\u0434\u043e\u0430\u0433\u0435\u043d\u0442: R290<\/li>\n<li>\u041a\u043b\u0430\u0441 \u0435\u043d\u0435\u0440\u0433\u043e\u0441\u043f\u043e\u0436\u0438\u0432\u0430\u043d\u043d\u044f (35\u2103):\u00a0<strong>A+++<\/strong><\/li>\n<li>\u041a\u043b\u0430\u0441 \u0435\u043d\u0435\u0440\u0433\u043e\u0441\u043f\u043e\u0436\u0438\u0432\u0430\u043d\u043d\u044f (55\u2103):\u00a0<strong>A++<\/strong><\/li>\n<li>\u0420\u043e\u0431\u043e\u0447\u0438\u0439 \u0434\u0456\u0430\u043f\u0430\u0437\u043e\u043d:\u00a0<strong>\u0432\u0456\u0434 -35 \u0434\u043e 43\u00b0C<\/strong><\/li>\n<li>\u041f\u043e\u0442\u0456\u043a \u0432\u043e\u0434\u0438:\u00a0<strong>1,03 \u0434\u043e 2,06 \u043c\u00b3\/\u0433\u043e\u0434<\/strong><\/li>\n<li>\u0417\u043d\u0438\u0436\u0435\u043d\u043d\u044f \u0442\u0438\u0441\u043a\u0443 \u0432\u043e\u0434\u0438:\u00a0<strong>\u0432\u0456\u0434 12 \u0434\u043e 15 \u043a\u041f\u0430<\/strong><\/li>\n<li>\u041c\u0456\u043d\u0456\u043c\u0430\u043b\u044c\u043d\u0438\u0439 \u0456 \u043c\u0430\u043a\u0441\u0438\u043c\u0430\u043b\u044c\u043d\u0438\u0439 \u0442\u0438\u0441\u043a \u0432\u043e\u0434\u0438:\u00a0<strong>2,0 \/ 10,0 \u0431\u0430\u0440<\/strong><\/li>\n<li>\u0422\u0435\u043c\u043f\u0435\u0440\u0430\u0442\u0443\u0440\u0430 \u0432\u043e\u0434\u0438 \u043d\u0430 \u0432\u0438\u0445\u043e\u0434\u0456:\u00a0<strong>\u0434\u043e 75\u00b0C<\/strong><\/li>\n<li>\u0420\u0456\u0432\u0435\u043d\u044c \u0448\u0443\u043c\u0443:\u00a0<strong>\u0434\u043e 48<\/strong><strong>\u00a0\u0434\u0411(\u0410)<\/strong><\/li>\n<li>\u041e\u043f\u0446\u0456\u044f \u0434\u043e\u0434\u0430\u0442\u043a\u043e\u0432\u043e\u0433\u043e \u0431\u043b\u043e\u043a\u0443: \u043f\u0456\u0434\u043a\u043b\u044e\u0447\u0430\u0454 \u0437\u043e\u0432\u043d\u0456\u0448\u043d\u0456\u0439 \u0431\u043b\u043e\u043a \u0434\u043e \u0441\u0438\u0441\u0442\u0435\u043c\u0438 \u043e\u043f\u0430\u043b\u0435\u043d\u043d\u044f \u0431\u0443\u0434\u0456\u0432\u043b\u0456 \u0456 \u043a\u043e\u043d\u0442\u0440\u043e\u043b\u044e\u0454 \u0437\u0430\u0433\u0430\u043b\u044c\u043d\u0438\u0439 \u0442\u0435\u043f\u043b\u043e\u0432\u0438\u0439 \u043f\u043e\u0442\u0456\u043a \u0432 \u0431\u0443\u0434\u0438\u043d\u043a\u0443. \u041a\u043e\u043c\u043f\u0430\u043a\u0442\u043d\u0438\u0439 \u0456 \u0435\u0444\u0435\u043a\u0442\u0438\u0432\u043d\u0438\u0439 \u0431\u043b\u043e\u043a \u0432\u043a\u043b\u044e\u0447\u0430\u0454 \u0432 \u0441\u0435\u0431\u0435 \u0432\u0441\u0456 \u043e\u0441\u043d\u043e\u0432\u043d\u0456 \u043a\u043e\u043c\u043f\u043e\u043d\u0435\u043d\u0442\u0438 - \u0442\u0435\u043f\u043b\u043e\u043e\u0431\u043c\u0456\u043d\u043d\u0438\u043a, \u0446\u0438\u0440\u043a\u0443\u043b\u044f\u0446\u0456\u0439\u043d\u0438\u0439 \u043d\u0430\u0441\u043e\u0441, \u0440\u043e\u0437\u0448\u0438\u0440\u044e\u0432\u0430\u043b\u044c\u043d\u0438\u0439 \u0431\u0430\u043a, \u0437\u0430\u043f\u043e\u0431\u0456\u0436\u043d\u0438\u0439 \u043a\u043b\u0430\u043f\u0430\u043d \u0456 \u0431\u043b\u043e\u043a \u0443\u043f\u0440\u0430\u0432\u043b\u0456\u043d\u043d\u044f - \u0437\u0430\u0431\u0435\u0437\u043f\u0435\u0447\u0443\u044e\u0447\u0438 \u043d\u0430\u0434\u0456\u0439\u043d\u0456\u0441\u0442\u044c \u0456 \u0432\u0438\u0441\u043e\u043a\u0443 \u0435\u043d\u0435\u0440\u0433\u043e\u0435\u0444\u0435\u043a\u0442\u0438\u0432\u043d\u0456\u0441\u0442\u044c \u0441\u0438\u0441\u0442\u0435\u043c\u0438 \u043e\u043f\u0430\u043b\u0435\u043d\u043d\u044f. \u0427\u0438\u0442\u0430\u0442\u0438 \u0434\u0430\u043b\u0456<span style=\"text-decoration: underline;\"> <a href=\"https:\/\/westonclimate.com\/uk\/tooted\/\u0432\u043d\u0443\u0442\u0440\u0456\u0448\u043d\u0456\u0439-\u0431\u043b\u043e\u043a-\u043e\u0445\u043e\u043b\u043e\u0434\u0436\u0435\u043d\u043d\u044f-\u043a\u0430\u0441\u0435\u0442\u043d\u0438\/\" target=\"_blank\" rel=\"noopener\">\u041e\u0421\u042c.<\/a><\/span><\/li>\n<\/ul>\n<p>&nbsp;<\/p>\n<p><strong>M\u00f5\u00f5dud (pikkus\/laius\/k\u00f5rgus) (kg):<\/strong><\/p>\n<ul>\n<li><strong>5kW: <\/strong>neto 700*685*908mm, kaal 106,5kg, pakendiga 791*757*1061, kaal 138kg<\/li>\n<li><strong>7kW: <\/strong>neto 700*685*908mm, kaal 113kg, pakendiga 791*757*1061, kaal 144kg<\/li>\n<li><strong>9 kW:<\/strong> neto 700*685*908mm, kaal 116kg; pakendiga 791*757*1061, kaal 147kg<\/li>\n<li><strong>12kW: <\/strong>neto 1130*630*935mm, kaal 142,5; pakendiga 1220*730*1095, kaal 211kg<\/li>\n<li><strong>15kW:<\/strong> neto 1130*630*935mm, kaal 166; pakendiga 1220*730*1095, kaal 211kg<\/li>\n<li><strong>20kW:<\/strong> 1300*710*935mm, kaal 195kg, pakendiga 1390*770*1095, kaal 245kg<\/li>\n<\/ul>\n<p>&nbsp;<\/p>\n<p><strong>H\u00fcdroboksi <\/strong>m\u00f5\u00f5dud: 710\u00d7 410\u00d71005mm ja kaal 47kg<\/p>","protected":false},"excerpt":{"rendered":"<p>\u0420\u0435\u0454\u0441\u0442\u0440 EPREL:<br \/>\n<a href=\"https:\/\/eprel.ec.europa.eu\/screen\/product\/spaceheaters\/2466941\" target=\"_blank\" rel=\"noopener\">WC-JMU50HC<\/a><a href=\"https:\/\/eprel.ec.europa.eu\/screen\/product\/spaceheaters\/2466941\" target=\"_blank\" rel=\"noopener\"> | <\/a><a href=\"https:\/\/eprel.ec.europa.eu\/screen\/product\/spaceheaters\/2466945\" target=\"_blank\" rel=\"noopener\">WC-JMU50HC 3F<\/a><a href=\"https:\/\/eprel.ec.europa.eu\/screen\/product\/spaceheaters\/2466941\" target=\"_blank\" rel=\"noopener\"> | <\/a><a href=\"https:\/\/eprel.ec.europa.eu\/screen\/product\/spaceheaters\/2466946\" target=\"_blank\" rel=\"noopener\">WC-JMU70HC<\/a><a href=\"https:\/\/eprel.ec.europa.eu\/screen\/product\/spaceheaters\/2466941\" target=\"_blank\" rel=\"noopener\"> | <\/a><a href=\"https:\/\/eprel.ec.europa.eu\/screen\/product\/spaceheaters\/2466949\" target=\"_blank\" rel=\"noopener\">WC-JMU70HC 3F<\/a><a href=\"https:\/\/eprel.ec.europa.eu\/screen\/product\/spaceheaters\/2466941\" target=\"_blank\" rel=\"noopener\"> | <\/a><a href=\"https:\/\/eprel.ec.europa.eu\/screen\/product\/spaceheaters\/2466950\" target=\"_blank\" rel=\"noopener\">WC-JMU90HC<\/a><a href=\"https:\/\/eprel.ec.europa.eu\/screen\/product\/spaceheaters\/2466941\" target=\"_blank\" rel=\"noopener\"> | <\/a><a href=\"https:\/\/eprel.ec.europa.eu\/screen\/product\/spaceheaters\/2466951\" target=\"_blank\" rel=\"noopener\">WC-JMU90CH 3F<\/a><a href=\"https:\/\/eprel.ec.europa.eu\/screen\/product\/spaceheaters\/2466941\" target=\"_blank\" rel=\"noopener\"> | <\/a><a href=\"https:\/\/eprel.ec.europa.eu\/screen\/product\/spaceheaters\/2466952\" target=\"_blank\" rel=\"noopener\">WC-JMU120HC<\/a><a href=\"https:\/\/eprel.ec.europa.eu\/screen\/product\/spaceheaters\/2466941\" target=\"_blank\" rel=\"noopener\"> | <\/a><a href=\"https:\/\/eprel.ec.europa.eu\/screen\/product\/spaceheaters\/2466953\" target=\"_blank\" rel=\"noopener\">WC-JMU120HC 3F<\/a><a href=\"https:\/\/eprel.ec.europa.eu\/screen\/product\/spaceheaters\/2466941\" target=\"_blank\" rel=\"noopener\"> | <\/a><a href=\"https:\/\/eprel.ec.europa.eu\/screen\/product\/spaceheaters\/2466941\" target=\"_blank\" rel=\"noopener\">WC-JMU50HC<\/a><a href=\"https:\/\/eprel.ec.europa.eu\/screen\/product\/spaceheaters\/2466941\" target=\"_blank\" rel=\"noopener\"> | <\/a><a href=\"https:\/\/eprel.ec.europa.eu\/screen\/product\/spaceheaters\/2466945\" target=\"_blank\" rel=\"noopener\">WC-JMU150HC 3F<\/a><\/p>\n<p><b>\u041d\u043e\u0432\u0438\u0439 \u043f\u0440\u043e\u0434\u0443\u043a\u0442 \u0434\u043b\u044f \u0404\u0432\u0440\u043e\u043f\u0438 - \u0442\u0435\u043f\u043b\u043e\u0432\u0438\u0439 \u043d\u0430\u0441\u043e\u0441 Top-Blow - \u043d\u0430\u0439\u043a\u0440\u0430\u0449\u0435 \u0440\u0456\u0448\u0435\u043d\u043d\u044f \u0434\u043b\u044f \u043e\u043f\u0430\u043b\u0435\u043d\u043d\u044f, \u043e\u0445\u043e\u043b\u043e\u0434\u0436\u0435\u043d\u043d\u044f \u0442\u0430 \u0433\u0430\u0440\u044f\u0447\u043e\u0433\u043e \u0432\u043e\u0434\u043e\u043f\u043e\u0441\u0442\u0430\u0447\u0430\u043d\u043d\u044f.<\/b><\/p>\n<ul>\n<li><strong>\u041e\u0441\u043e\u0431\u043b\u0438\u0432\u043e \u0442\u0438\u0445\u043e:<\/strong>\u00a048 \u0434\u0411<\/li>\n<li><strong>\u0414\u0443\u0436\u0435 \u0435\u0444\u0435\u043a\u0442\u0438\u0432\u043d\u043e:<\/strong>\u00a0A+++<\/li>\n<li><strong>\u0417\u0430\u043e\u0449\u0430\u0434\u0436\u0443\u0454 \u043c\u0456\u0441\u0446\u0435:\u00a0<\/strong>\u041d\u0430\u043f\u0440\u0438\u043a\u043b\u0430\u0434, \u0442\u0435\u043f\u043b\u043e\u0432\u0438\u0439 \u043d\u0430\u0441\u043e\u0441 \u043f\u043e\u0442\u0443\u0436\u043d\u0456\u0441\u0442\u044e 5 \u043a\u0412\u0442 \u043c\u043e\u0436\u043d\u0430 \u0432\u0441\u0442\u0430\u043d\u043e\u0432\u0438\u0442\u0438 \u043d\u0430 \u043f\u043b\u043e\u0449\u0456 \u0432\u0441\u044c\u043e\u0433\u043e 0,5 \u043c2.<\/li>\n<li><strong>\u0414\u043e\u0431\u0440\u043e\u0437\u0438\u0447\u043b\u0438\u0432\u0438\u0439 \u0434\u043e \u0441\u0443\u0441\u0456\u0434\u0456\u0432:\u00a0<\/strong>\u043f\u043e\u0442\u0456\u043a \u043f\u043e\u0432\u0456\u0442\u0440\u044f \u0432\u0456\u0434 \u0442\u0435\u043f\u043b\u043e\u0432\u043e\u0433\u043e \u043d\u0430\u0441\u043e\u0441\u0430 \u0441\u043f\u0440\u044f\u043c\u043e\u0432\u0443\u0454\u0442\u044c\u0441\u044f \u0432\u0433\u043e\u0440\u0443, \u0430 \u0442\u0430\u043a\u043e\u0436 \u0437\u0432\u0443\u043a.<\/li>\n<\/ul>\n<p>&nbsp;<\/p>\n<p>\u0417 \u0448\u0438\u0440\u043e\u043a\u0438\u043c \u0441\u043f\u0435\u043a\u0442\u0440\u043e\u043c \u043c\u043e\u0436\u043b\u0438\u0432\u043e\u0441\u0442\u0435\u0439:\u00a0<strong>\u043f\u0456\u0434\u043a\u043b\u044e\u0447\u0430\u0454\u0442\u044c\u0441\u044f \u0434\u043e \u0441\u0438\u0441\u0442\u0435\u043c \u0442\u0435\u043f\u043b\u043e\u0457 \u043f\u0456\u0434\u043b\u043e\u0433\u0438, \u0444\u0430\u043d\u043a\u043e\u0439\u043b\u0456\u0432 \u0442\u0430 \u0433\u0430\u0440\u044f\u0447\u043e\u0433\u043e \u0432\u043e\u0434\u043e\u043f\u043e\u0441\u0442\u0430\u0447\u0430\u043d\u043d\u044f, \u0446\u0435\u043d\u0442\u0440\u0430\u043b\u044c\u043d\u043e\u0433\u043e \u0431\u043b\u043e\u043a\u0443 \u0443\u043f\u0440\u0430\u0432\u043b\u0456\u043d\u043d\u044f<\/strong>\u00a0\u0437\u0430\u0431\u0435\u0437\u043f\u0435\u0447\u0443\u0454 \u0440\u0456\u0432\u043d\u043e\u043c\u0456\u0440\u043d\u0443 \u0442\u0435\u043c\u043f\u0435\u0440\u0430\u0442\u0443\u0440\u0443 \u0442\u0430 \u0435\u043d\u0435\u0440\u0433\u043e\u0435\u0444\u0435\u043a\u0442\u0438\u0432\u043d\u0456\u0441\u0442\u044c \u0443 \u0432\u0441\u0456\u0439 \u0431\u0443\u0434\u0456\u0432\u043b\u0456.<\/p>\n<ul>\n<li><b>\u0417\u0432\u0443\u043a \u0456 \u043f\u043e\u0442\u0456\u043a \u043f\u043e\u0432\u0456\u0442\u0440\u044f \u0437\u0432\u0435\u0440\u0445\u0443 (Top-Blow):<\/b>\u00a0\u0443\u043d\u0456\u043a\u0430\u043b\u044c\u043d\u0435 \u0440\u0456\u0448\u0435\u043d\u043d\u044f \u0432 \u0404\u0432\u0440\u043e\u043f\u0456. \u0422\u0438\u0445\u0435, \u0440\u043e\u0437\u0443\u043c\u043d\u0435 \u0442\u0430 \u0435\u043a\u043e\u043b\u043e\u0433\u0456\u0447\u043d\u0435 \u0440\u0456\u0448\u0435\u043d\u043d\u044f \u0434\u043b\u044f \u0432\u0441\u0456\u0445 \u0441\u0435\u0437\u043e\u043d\u0456\u0432.<\/li>\n<li><strong>\u041e\u043f\u0430\u043b\u044e\u0432\u0430\u043b\u044c\u043d\u0456 \u043f\u043e\u0442\u0443\u0436\u043d\u043e\u0441\u0442\u0456:<\/strong> 5\u043a\u0412\u0442, 7\u043a\u0412\u0442, 9\u043a\u0412\u0442, 12\u043a\u0412\u0442, 15\u043a\u0412\u0442, 20\u043a\u0412\u0442<\/li>\n<li><strong>\u0420\u043e\u0431\u043e\u0447\u0430 \u043d\u0430\u043f\u0440\u0443\u0433\u0430:<\/strong>\u00a0230\u0412 (1F) \u0430\u0431\u043e 380\u0412 (3F)<\/li>\n<li><b>\u0422\u0438\u0445\u0430 \u0440\u043e\u0431\u043e\u0442\u0430:\u00a0<\/b>\u043b\u0438\u0448\u0435 48 \u0434\u0411<\/li>\n<li><strong>\u0422\u0435\u043c\u043f\u0435\u0440\u0430\u0442\u0443\u0440\u0438\u00a0<\/strong><strong>\u0440\u043e\u0431\u043e\u0447\u0438\u0439 \u0434\u0456\u0430\u043f\u0430\u0437\u043e\u043d:\u00a0<\/strong>\u0432\u0456\u0434 -35\u00b0C \u0434\u043e +43\u00b0C (\u043a\u043e\u0436\u0435\u043d \u0431\u043b\u043e\u043a \u0442\u0435\u0441\u0442\u0443\u0432\u0430\u0432\u0441\u044f \u043f\u0440\u0438 -42\u00b0C \u043f\u0440\u043e\u0442\u044f\u0433\u043e\u043c 64 \u0433\u043e\u0434\u0438\u043d)<\/li>\n<li><b>\u041d\u0430\u0442\u0443\u0440\u0430\u043b\u044c\u043d\u0438\u0439 \u0445\u043e\u043b\u043e\u0434\u043e\u0430\u0433\u0435\u043d\u0442 R290:\u00a0<\/b>\u043d\u0438\u0437\u044c\u043a\u0438\u0439 \u0432\u043f\u043b\u0438\u0432 \u043d\u0430 \u043d\u0430\u0432\u043a\u043e\u043b\u0438\u0448\u043d\u0454 \u0441\u0435\u0440\u0435\u0434\u043e\u0432\u0438\u0449\u0435 \u0442\u0430 \u0435\u043d\u0435\u0440\u0433\u043e\u0435\u0444\u0435\u043a\u0442\u0438\u0432\u043d\u0456\u0441\u0442\u044c \u0410+++<\/li>\n<li><b>\u0417\u0430\u043f\u0430\u0442\u0435\u043d\u0442\u043e\u0432\u0430\u043d\u0438\u0439 \u0434\u0438\u0437\u0430\u0439\u043d:\u00a0<\/b>\u043a\u043e\u0440\u043f\u0443\u0441 \u0437 \u0435\u0444\u0435\u043a\u0442\u0438\u0432\u043d\u043e\u044e \u0437\u0432\u0443\u043a\u043e\u0456\u0437\u043e\u043b\u044f\u0446\u0456\u0454\u044e, \u0434\u043e\u0449\u043e\u0437\u0430\u0445\u0438\u0449\u0435\u043d\u0438\u043c \u0434\u0432\u0438\u0433\u0443\u043d\u043e\u043c \u0432\u0435\u043d\u0442\u0438\u043b\u044f\u0442\u043e\u0440\u0430 \u0456 \u043a\u043e\u043c\u043f\u0440\u0435\u0441\u043e\u0440\u043e\u043c \u0437 \u0448\u0443\u043c\u043e\u043f\u043e\u0433\u043b\u0438\u043d\u0430\u043d\u043d\u044f\u043c.<\/li>\n<li><b>\u0420\u043e\u0437\u0443\u043c\u043d\u0435 \u043a\u0435\u0440\u0456\u0432\u043d\u0438\u0446\u0442\u0432\u043e:\u00a0<\/b>\u041a\u0435\u0440\u0443\u0432\u0430\u043d\u043d\u044f \u043f\u043e WiFi, \u043f\u0456\u0434\u043a\u043b\u044e\u0447\u0435\u043d\u043d\u044f \u0434\u043e \"\u0440\u043e\u0437\u0443\u043c\u043d\u043e\u0433\u043e \u0431\u0443\u0434\u0438\u043d\u043a\u0443\" (IOS), \u0456\u043d\u0442\u0435\u0440\u0444\u0435\u0439\u0441 RS485 \u0456 \u043a\u043e\u043b\u044c\u043e\u0440\u043e\u0432\u0438\u0439 \u0441\u0435\u043d\u0441\u043e\u0440\u043d\u0438\u0439 \u0434\u0438\u0441\u043f\u043b\u0435\u0439.<\/li>\n<li><b>\u0413\u043e\u0442\u043e\u0432\u043d\u0456\u0441\u0442\u044c \u0434\u043e \u0441\u0443\u043c\u0456\u0441\u043d\u043e\u0441\u0442\u0456 SMART GRID (SG) \u0442\u0430 \u0441\u043e\u043d\u044f\u0447\u043d\u0438\u0445 \u043f\u0430\u043d\u0435\u043b\u0435\u0439 (PV):<\/b> \u0421\u0443\u043c\u0456\u0441\u043d\u0456\u0441\u0442\u044c \u0456\u0437 \u0441\u043e\u043d\u044f\u0447\u043d\u0438\u043c\u0438 \u043f\u0430\u043d\u0435\u043b\u044f\u043c\u0438 \u0442\u0430 \"\u0440\u043e\u0437\u0443\u043c\u043d\u043e\u044e\" \u043c\u0435\u0440\u0435\u0436\u0435\u044e; \u0433\u043e\u0442\u043e\u0432\u043d\u0456\u0441\u0442\u044c \u0434\u043e \u0431\u0456\u0440\u0436\u043e\u0432\u043e\u0457 \u0441\u0438\u0441\u0442\u0435\u043c\u0438 \u043c\u043e\u043d\u0456\u0442\u043e\u0440\u0438\u043d\u0433\u0443 \u0446\u0456\u043d \u043d\u0430 \u0435\u043b\u0435\u043a\u0442\u0440\u043e\u0435\u043d\u0435\u0440\u0433\u0456\u044e (SG).<\/li>\n<\/ul>\n<table style=\"border-collapse: collapse; width: 144pt;\" border=\"0\" width=\"192\" cellspacing=\"0\" cellpadding=\"0\">\n<tbody>\n<tr style=\"height: 15.0pt;\">\n<td style=\"height: 15.0pt; width: 48pt;\" width=\"64\" height=\"20\"><a href=\"https:\/\/westonclimate.pl\/wp-content\/uploads\/2025\/09\/Sert_R290-Inverter-Monoblock-Top-Blow_JMU50HC.png\" target=\"_blank\" rel=\"noopener\"><img decoding=\"async\" class=\"alignnone wp-image-10014 alignleft\" src=\"https:\/\/westonclimate.pl\/wp-content\/uploads\/2025\/09\/Sert_R290-Inverter-Monoblock-Top-Blow_JMU50HC-210x300.png\" alt=\"\" width=\"66\" height=\"95\" \/><\/a><\/td>\n<td style=\"width: 48pt;\" width=\"64\"><a href=\"https:\/\/westonclimate.pl\/wp-content\/uploads\/2025\/09\/Sert_R290-Inverter-Monoblock-Top-Blow_JMU70HC.png\" target=\"_blank\" rel=\"noopener\"><img decoding=\"async\" class=\"alignnone wp-image-10015\" src=\"https:\/\/westonclimate.pl\/wp-content\/uploads\/2025\/09\/Sert_R290-Inverter-Monoblock-Top-Blow_JMU70HC-212x300.png\" alt=\"\" width=\"67\" height=\"95\" \/><\/a><\/td>\n<td style=\"width: 48pt;\" width=\"64\"><a href=\"https:\/\/westonclimate.pl\/wp-content\/uploads\/2025\/09\/Sert_R290-Inverter-Monoblock-Top-Blow_JMU90HC.png\" target=\"_blank\" rel=\"noopener\"><img decoding=\"async\" class=\"alignnone wp-image-10016\" src=\"https:\/\/westonclimate.pl\/wp-content\/uploads\/2025\/09\/Sert_R290-Inverter-Monoblock-Top-Blow_JMU90HC-213x300.png\" alt=\"\" width=\"68\" height=\"96\" \/><\/a><\/td>\n<\/tr>\n<tr style=\"height: 15.0pt;\">\n<td style=\"height: 15.0pt;\" height=\"20\"><a href=\"https:\/\/westonclimate.pl\/wp-content\/uploads\/2025\/09\/Sert_R290-Inverter-Monoblock-Top-Blow_JMU120HC.png\" target=\"_blank\" rel=\"noopener\"><img loading=\"lazy\" decoding=\"async\" class=\"alignnone wp-image-10017\" src=\"https:\/\/westonclimate.pl\/wp-content\/uploads\/2025\/09\/Sert_R290-Inverter-Monoblock-Top-Blow_JMU120HC-212x300.png\" alt=\"\" width=\"66\" height=\"93\" \/><\/a><\/td>\n<td><a href=\"https:\/\/westonclimate.pl\/wp-content\/uploads\/2025\/09\/Sert_R290-Inverter-Monoblock-Top-Blow_JMU150HCJMU150HC3N.png\" target=\"_blank\" rel=\"noopener\"><img loading=\"lazy\" decoding=\"async\" class=\"alignnone wp-image-10018\" src=\"https:\/\/westonclimate.pl\/wp-content\/uploads\/2025\/09\/Sert_R290-Inverter-Monoblock-Top-Blow_JMU150HCJMU150HC3N-210x300.png\" alt=\"\" width=\"72\" height=\"103\" \/><\/a><\/td>\n<td><\/td>\n<\/tr>\n<tr style=\"height: 15.0pt;\">\n<td style=\"height: 15.0pt;\" height=\"20\"><a href=\"https:\/\/westonclimate.com\/wp-content\/uploads\/2026\/02\/ERP-report-of-sky-heat-pump-5kw-JMU50HC.pdf\" target=\"_blank\" rel=\"noopener\"><img loading=\"lazy\" decoding=\"async\" class=\"alignnone size-medium wp-image-11195\" src=\"https:\/\/westonclimate.com\/wp-content\/uploads\/2026\/02\/ERP_Sky_1-205x300.png\" alt=\"\" width=\"205\" height=\"300\" srcset=\"https:\/\/westonclimate.com\/wp-content\/uploads\/2026\/02\/ERP_Sky_1-205x300.png 205w, https:\/\/westonclimate.com\/wp-content\/uploads\/2026\/02\/ERP_Sky_1-8x12.png 8w, https:\/\/westonclimate.com\/wp-content\/uploads\/2026\/02\/ERP_Sky_1-600x876.png 600w, https:\/\/westonclimate.com\/wp-content\/uploads\/2026\/02\/ERP_Sky_1.png 660w\" sizes=\"(max-width: 205px) 100vw, 205px\" \/><\/a><\/td>\n<td><a href=\"https:\/\/westonclimate.com\/wp-content\/uploads\/2026\/02\/ERP-report-of-sky-heat-pump-7kw-JMU70HC.pdf\" target=\"_blank\" rel=\"noopener\"><img loading=\"lazy\" decoding=\"async\" class=\"alignnone size-medium wp-image-11196\" src=\"https:\/\/westonclimate.com\/wp-content\/uploads\/2026\/02\/ERP_Sky_2-210x300.png\" alt=\"\" width=\"210\" height=\"300\" srcset=\"https:\/\/westonclimate.com\/wp-content\/uploads\/2026\/02\/ERP_Sky_2-210x300.png 210w, https:\/\/westonclimate.com\/wp-content\/uploads\/2026\/02\/ERP_Sky_2-716x1024.png 716w, https:\/\/westonclimate.com\/wp-content\/uploads\/2026\/02\/ERP_Sky_2-768x1098.png 768w, https:\/\/westonclimate.com\/wp-content\/uploads\/2026\/02\/ERP_Sky_2-8x12.png 8w, https:\/\/westonclimate.com\/wp-content\/uploads\/2026\/02\/ERP_Sky_2-600x858.png 600w, https:\/\/westonclimate.com\/wp-content\/uploads\/2026\/02\/ERP_Sky_2.png 827w\" sizes=\"(max-width: 210px) 100vw, 210px\" \/><\/a><\/td>\n<td><a href=\"https:\/\/westonclimate.com\/wp-content\/uploads\/2026\/02\/ERP-report-of-sky-heat-pump-9kw-JMU90HC.pdf\" target=\"_blank\" rel=\"noopener\"><img loading=\"lazy\" decoding=\"async\" class=\"alignnone size-medium wp-image-11197\" src=\"https:\/\/westonclimate.com\/wp-content\/uploads\/2026\/02\/ERP_Sky_3-208x300.png\" alt=\"\" width=\"208\" height=\"300\" srcset=\"https:\/\/westonclimate.com\/wp-content\/uploads\/2026\/02\/ERP_Sky_3-208x300.png 208w, https:\/\/westonclimate.com\/wp-content\/uploads\/2026\/02\/ERP_Sky_3-710x1024.png 710w, https:\/\/westonclimate.com\/wp-content\/uploads\/2026\/02\/ERP_Sky_3-768x1108.png 768w, https:\/\/westonclimate.com\/wp-content\/uploads\/2026\/02\/ERP_Sky_3-8x12.png 8w, https:\/\/westonclimate.com\/wp-content\/uploads\/2026\/02\/ERP_Sky_3-600x866.png 600w, https:\/\/westonclimate.com\/wp-content\/uploads\/2026\/02\/ERP_Sky_3.png 818w\" sizes=\"(max-width: 208px) 100vw, 208px\" \/><\/a><\/td>\n<\/tr>\n<tr style=\"height: 15.0pt;\">\n<td style=\"height: 15.0pt;\" height=\"20\"><a href=\"https:\/\/westonclimate.com\/wp-content\/uploads\/2026\/02\/ERP-report-of-sky-heat-pump-12kw-JMU120HC.pdf\" target=\"_blank\" rel=\"noopener\"><img loading=\"lazy\" decoding=\"async\" class=\"alignnone size-medium wp-image-11198\" src=\"https:\/\/westonclimate.com\/wp-content\/uploads\/2026\/02\/ERP_Sky_4-210x300.png\" alt=\"\" width=\"210\" height=\"300\" srcset=\"https:\/\/westonclimate.com\/wp-content\/uploads\/2026\/02\/ERP_Sky_4-210x300.png 210w, https:\/\/westonclimate.com\/wp-content\/uploads\/2026\/02\/ERP_Sky_4-716x1024.png 716w, https:\/\/westonclimate.com\/wp-content\/uploads\/2026\/02\/ERP_Sky_4-768x1098.png 768w, https:\/\/westonclimate.com\/wp-content\/uploads\/2026\/02\/ERP_Sky_4-8x12.png 8w, https:\/\/westonclimate.com\/wp-content\/uploads\/2026\/02\/ERP_Sky_4-600x858.png 600w, https:\/\/westonclimate.com\/wp-content\/uploads\/2026\/02\/ERP_Sky_4.png 825w\" sizes=\"(max-width: 210px) 100vw, 210px\" \/><\/a><\/td>\n<td><a href=\"https:\/\/westonclimate.com\/wp-content\/uploads\/2026\/02\/ERP-report-of-sky-heat-pump-15kw-JMU150HC.pdf\" target=\"_blank\" rel=\"noopener\"><img loading=\"lazy\" decoding=\"async\" class=\"alignnone size-medium wp-image-11199\" src=\"https:\/\/westonclimate.com\/wp-content\/uploads\/2026\/02\/ERP_Sky_5-211x300.png\" alt=\"\" width=\"211\" height=\"300\" srcset=\"https:\/\/westonclimate.com\/wp-content\/uploads\/2026\/02\/ERP_Sky_5-211x300.png 211w, https:\/\/westonclimate.com\/wp-content\/uploads\/2026\/02\/ERP_Sky_5-720x1024.png 720w, https:\/\/westonclimate.com\/wp-content\/uploads\/2026\/02\/ERP_Sky_5-768x1092.png 768w, https:\/\/westonclimate.com\/wp-content\/uploads\/2026\/02\/ERP_Sky_5-8x12.png 8w, https:\/\/westonclimate.com\/wp-content\/uploads\/2026\/02\/ERP_Sky_5-600x853.png 600w, https:\/\/westonclimate.com\/wp-content\/uploads\/2026\/02\/ERP_Sky_5.png 835w\" sizes=\"(max-width: 211px) 100vw, 211px\" \/><\/a><\/td>\n<td><\/td>\n<\/tr>\n<\/tbody>\n<\/table>\n<p>&nbsp;<\/p>","protected":false},"featured_media":8764,"template":"","meta":[],"product_brand":[],"product_cat":[115,63,65,88],"product_tag":[],"class_list":{"0":"post-8751","1":"product","2":"type-product","3":"status-publish","4":"has-post-thumbnail","6":"product_cat-monobloc-weston-r290","7":"product_cat-soojuspumbad","8":"product_cat-soojuspump-monobloc","9":"product_cat-allahindlus","11":"first","12":"instock","13":"taxable","14":"shipping-taxable","15":"purchasable","16":"product-type-variable","17":"has-default-attributes"},"_links":{"self":[{"href":"https:\/\/westonclimate.com\/uk\/wp-json\/wp\/v2\/product\/8751","targetHints":{"allow":["GET"]}}],"collection":[{"href":"https:\/\/westonclimate.com\/uk\/wp-json\/wp\/v2\/product"}],"about":[{"href":"https:\/\/westonclimate.com\/uk\/wp-json\/wp\/v2\/types\/product"}],"version-history":[{"count":29,"href":"https:\/\/westonclimate.com\/uk\/wp-json\/wp\/v2\/product\/8751\/revisions"}],"predecessor-version":[{"id":11605,"href":"https:\/\/westonclimate.com\/uk\/wp-json\/wp\/v2\/product\/8751\/revisions\/11605"}],"wp:featuredmedia":[{"embeddable":true,"href":"https:\/\/westonclimate.com\/uk\/wp-json\/wp\/v2\/media\/8764"}],"wp:attachment":[{"href":"https:\/\/westonclimate.com\/uk\/wp-json\/wp\/v2\/media?parent=8751"}],"wp:term":[{"taxonomy":"product_brand","embeddable":true,"href":"https:\/\/westonclimate.com\/uk\/wp-json\/wp\/v2\/product_brand?post=8751"},{"taxonomy":"product_cat","embeddable":true,"href":"https:\/\/westonclimate.com\/uk\/wp-json\/wp\/v2\/product_cat?post=8751"},{"taxonomy":"product_tag","embeddable":true,"href":"https:\/\/westonclimate.com\/uk\/wp-json\/wp\/v2\/product_tag?post=8751"}],"curies":[{"name":"wp","href":"https:\/\/api.w.org\/{rel}","templated":true}]}}